{"id":99609,"date":"2020-05-28T12:50:03","date_gmt":"2020-05-28T09:50:03","guid":{"rendered":"http:\/\/www.looduspere.ee\/product\/purasana-toor-kanepi-proteiinipulber-oko-200g-2\/"},"modified":"2026-02-22T18:09:46","modified_gmt":"2026-02-22T16:09:46","slug":"purasana-toor-kanepi-proteiinipulber-oko-200g-2","status":"publish","type":"product","link":"https:\/\/www.looduspere.ee\/ru\/\u0441\u0442\u0430\u0442\u044c\u044f\/purasana-toor-kanepi-proteiinipulber-oko-200g-2\/","title":{"rendered":"Purasana toor-kanepi proteiinipulber 200g"},"content":{"rendered":"<p>Mahep\u00f5llundusest p\u00e4rit toor-kanepipulber. Sisaldab rikkalikult proteiine, kiudaineid, rauda, magneesiumi, fosforit, oomega-3 rasvhappeid, kaltsiumi ja B-vitamiine. Kanepipulber sobib h\u00e4sti sportliku eluviisiga inimestele. Samuti on see kasulik kasvavatele noortele.<\/p>\n<p>Toor-kanepipulber on valmistatud kanepitaime seemnetest, mis on tuntud oma k\u00f5rge toitev\u00e4\u00e4rtuse ja kasulike omaduste poolest.<\/p>\n<h5>V\u00e4ga toitainerikas, sisaldades mitmeid olulisi vitamiine, mineraale, valke ja rasvhappeid.<\/h5>\n<ul>\n<li>Rikkalik valguallikas: Toor-kanepipulber sisaldab k\u00f5iki \u00fcheksat asendamatut aminohapet, mis teeb sellest t\u00e4iusliku taimse valguallika. See on eriti kasulik taimetoitlastele ja veganitele, kuna kanepipulber v\u00f5ib aidata t\u00e4ita valguvajaduse.<\/li>\n<li>Tervislikud rasvhapped: Kanepipulber sisaldab k\u00f5rge kvaliteediga omega-3 ja omega-6 rasvhappeid, mis on olulised s\u00fcdame- ja aju tervisele. Need rasvhapped aitavad v\u00e4hendada p\u00f5letikku, toetavad s\u00fcdame-veresoonkonna tervist ja parandavad naha seisundit.<\/li>\n<li>Kiudainete sisaldus: Kanepipulber on suurep\u00e4rane kiudainete allikas, mis aitab toetada seedimist, parandada soolestiku liikumist ja v\u00e4ltida k\u00f5hukinnisust. Kiudained aitavad ka tasakaalustada veresuhkru taset ja annavad pikaajalise t\u00e4isk\u00f5hutunde.<\/li>\n<li>V\u00f5ib aidata kaalulangetusel: T\u00e4nu oma kiudainesisaldusele ja t\u00e4isk\u00f5hutunde andmisele v\u00f5ib toor-kanepipulber aidata kaalulangetamisel. Samuti soodustab see tervislikku ainevahetust, mis aitab keha rasva p\u00f5letada.<\/li>\n<li>Rikkalik mineraalide allikas: Kanepipulber sisaldab mitmeid olulisi mineraale, nagu magneesium, raud, tsink ja fosfor, mis toetavad keha erinevaid funktsioone. Magneesium aitab lihaste ja n\u00e4rvide talitlust, raud on oluline vere punaste vereliblede tootmiseks ja tsink toetab immuuns\u00fcsteemi.<\/li>\n<li>Toetab s\u00fcdame tervist: Omega-3 ja omega-6 rasvhapete tasakaalustatud suhe kanepipulbris v\u00f5ib aidata alandada kolesterooli taset, parandada s\u00fcdame-veresoonkonna tervist ja v\u00e4hendada s\u00fcdamehaiguste riski. Samuti aitavad need rasvhapped reguleerida verer\u00f5hku.<\/li>\n<li>Antioks\u00fcdandid ja p\u00f5letikuvastased omadused: Kanepipulber sisaldab erinevaid antioks\u00fcdante, mis aitavad kaitsta keha vabade radikaalide kahjustuste eest ja v\u00e4hendavad p\u00f5letikku. P\u00f5letikuvastased omadused v\u00f5ivad aidata leevendada krooniliste p\u00f5letikuliste haiguste s\u00fcmptomeid, nagu artriit ja s\u00fcdamehaigused.<\/li>\n<li>Veresuhkru taseme reguleerimine: Kiudained ja tervislikud rasvhapped kanepipulbris aitavad tasakaalustada veresuhkru taset, mis v\u00f5ib olla kasulik diabeedi ennetamisel ja juhtimisel.<\/li>\n<li>Nahk ja juuksed: Kanepipulbris leiduvad rasvhapped ja antioks\u00fcdandid aitavad s\u00e4ilitada naha niiskust, elastsust ja \u00fcldist tervist. Samuti v\u00f5ivad need aidata parandada juuste seisundit, andes neile tervema ja l\u00e4ikivama v\u00e4limuse.<\/li>\n<\/ul>\n<p>Toor-kanepipulbrit saab lisada smuutidesse, jogurtisse, k\u00fcpsetistesse v\u00f5i kasutada toidu valmistamisel.<\/p>\n<p>Kuna see on looduslik ja t\u00e4isv\u00e4\u00e4rtuslik toidulisand, on see suurep\u00e4rane t\u00e4iendus igap\u00e4evasesse toitumisse, et toetada tervislikku eluviisi.<\/p>\n<p>Koostisained:<\/p>\n<p>100% toores ja orgaaniline kanepivalgupulber (Cannabis sativa, 50% valk) Euroopast.<\/p>\n<h5>Toitev\u00e4\u00e4rtus \/100 g<\/h5>\n<p>Energiat 1420 kJ \/ 340 kcal<br \/>\nRasv 8 g<br \/>\nK\u00fcllastunud 1 g<br \/>\nS\u00fcsivesikud 2 g<br \/>\nSuhkur 1,9 g<br \/>\nKiudained 18 g<br \/>\nValgud 50 g<br \/>\nSool 0,08 g<\/p>\n<p>Mineraalid<br \/>\n\/100 g<br \/>\n% RDA*<br \/>\nKaalium 1436 mg 41%<br \/>\nKaltsium 238 mg 30%<br \/>\nFosfor 1730 mg 216%<br \/>\nMagneesium 851 mg 284%<br \/>\nRaud 21,5 mg 154%<br \/>\nTsink 13,5 mg 90%<br \/>\nVask 2187 \u03bcg 218%<br \/>\nMangaan 16,2 mg 810%<\/p>\n<p>Vitamiinid<br \/>\n\/100 g<br \/>\n% RDA*<br \/>\nE-vitamiin 8,2 mg 68,3%<br \/>\nB1-vitamiin &#8211; tiamiin 1,3 mg 118,2%<br \/>\nB2-vitamiin \u2013 riboflaviin 0,4 mg 28,6%<br \/>\nB3-vitamiin &#8211; niatsiin 6,0 mg 37,5%<br \/>\nB6-vitamiin 1,5 mg 107,1%<br \/>\nvitamiin B9 220 \u03bcg 110%<br \/>\n*Soovitatav p\u00e4evaraha<\/p>\n<p>Omega-3: 6,9 g<\/p>\n<p>Omega-6: 2,2 g<\/p>\n<p>Toidulisand ei asenda tervislikku toitumist. Hoida lastele k\u00e4ttesaamatus kohas. P\u00e4rast avamist sulgeda pakend tihedalt, hoida kuivas ja jahedas.<\/p>\n<p>Gluteeni-, laktoosi- ja sojavaba. Vegan.<\/p>\n<p>\u00dchikuhind: 65.85 EUR\/kg<\/p>\n","protected":false},"excerpt":{"rendered":"<p>Mahep\u00f5llundusest p\u00e4rit toor-kanepipulber. Sisaldab rikkalikult proteiine, kiudaineid, rauda, magneesiumi, fosforit, oomega-3 rasvhappeid, kaltsiumi ja B-vitamiine. Kanepipulber sobib h\u00e4sti sportliku eluviisiga inimestele. Samuti on see kasulik kasvavatele noortele. Toor-kanepipulber on valmistatud kanepitaime seemnetest, mis on tuntud oma k\u00f5rge toitev\u00e4\u00e4rtuse ja kasulike omaduste poolest. V\u00e4ga toitainerikas, sisaldades mitmeid olulisi vitamiine, mineraale, valke ja rasvhappeid. Rikkalik valguallikas: Toor-kanepipulber sisaldab k\u00f5iki \u00fcheksat asendamatut aminohapet,&hellip;<\/p>\n","protected":false},"featured_media":65606,"comment_status":"open","ping_status":"closed","template":"","meta":[],"product_cat":[2162,1855,1905,2904,1985,1861,1987,2163,1863,2362,1898,2435],"product_tag":[2908,2785],"class_list":{"0":"post-99609","1":"product","2":"type-product","3":"status-publish","4":"has-post-thumbnail","6":"product_cat-vegan-ru","7":"product_cat-dlja-kozhi-nogtej-volos","8":"product_cat-zhirnye-kisloty-i-vitaminy","9":"product_cat-omega-3-ru","10":"product_cat-pitanie-dlja-syroedov","11":"product_cat-pichevye-dobavki","12":"product_cat-pichevye-dobavki-dlja-syroedov","13":"product_cat-produkty-ru-2","14":"product_cat-produkty","15":"product_cat-superfood-ru","16":"product_cat-tovary-dlja-zdorovja","17":"product_cat-tervisetooted-meestele-ru","18":"product_tag-omega-3-ru","19":"product_tag-toor-kanepi-proteiinipulber-ru","20":"product_shipping_class-1-ru-2","21":"pa_brand-purasana","23":"first","24":"instock","25":"purchasable","26":"product-type-simple","27":"col-xs-6 col-sm-4","28":"col-md-3 col-lg-3","29":"un-4-cols"},"yoast_head":"<!-- This site is optimized with the Yoast SEO plugin v27.4 - https:\/\/yoast.com\/product\/yoast-seo-wordpress\/ -->\n<title>Purasana toor-kanepi proteiinipulber 200g - \u041e\u0440\u0433\u0430\u043d\u0438\u0447\u0435\u0441\u043a\u0438\u0439 \u043c\u0430\u0433\u0430\u0437\u0438\u043d Looduspere<\/title>\n<meta name=\"description\" content=\"Mahep\u00f5llundusest p\u00e4rit toor-kanepipulber. Sisaldab rikkalikult proteiine, kiudaineid, rauda, magneesiumi, fosforit, oomega-3 rasvhappeid, kaltsiumi ja B-vitamiine. Kanepipulber sobib h\u00e4sti sportliku eluviisiga inimestele. Samuti on see kasulik kasvavatele noortele.\" \/>\n<meta name=\"robots\" content=\"index, follow, max-snippet:-1, max-image-preview:large, max-video-preview:-1\" \/>\n<link rel=\"canonical\" href=\"https:\/\/www.looduspere.ee\/ru\/\u0441\u0442\u0430\u0442\u044c\u044f\/purasana-toor-kanepi-proteiinipulber-oko-200g-2\/\" \/>\n<meta property=\"og:locale\" content=\"ru_RU\" \/>\n<meta property=\"og:type\" content=\"article\" \/>\n<meta property=\"og:title\" content=\"Purasana toor-kanepi proteiinipulber 200g - \u041e\u0440\u0433\u0430\u043d\u0438\u0447\u0435\u0441\u043a\u0438\u0439 \u043c\u0430\u0433\u0430\u0437\u0438\u043d Looduspere\" \/>\n<meta property=\"og:description\" content=\"Mahep\u00f5llundusest p\u00e4rit toor-kanepipulber. Sisaldab rikkalikult proteiine, kiudaineid, rauda, magneesiumi, fosforit, oomega-3 rasvhappeid, kaltsiumi ja B-vitamiine. Kanepipulber sobib h\u00e4sti sportliku eluviisiga inimestele. Samuti on see kasulik kasvavatele noortele.\" \/>\n<meta property=\"og:url\" content=\"https:\/\/www.looduspere.ee\/ru\/\u0441\u0442\u0430\u0442\u044c\u044f\/purasana-toor-kanepi-proteiinipulber-oko-200g-2\/\" \/>\n<meta property=\"og:site_name\" content=\"\u041e\u0440\u0433\u0430\u043d\u0438\u0447\u0435\u0441\u043a\u0438\u0439 \u043c\u0430\u0433\u0430\u0437\u0438\u043d Looduspere\" \/>\n<meta property=\"article:publisher\" content=\"https:\/\/www.facebook.com\/loodusperepood\" \/>\n<meta property=\"article:modified_time\" content=\"2026-02-22T16:09:46+00:00\" \/>\n<meta property=\"og:image\" content=\"https:\/\/www.looduspere.ee\/wp-content\/uploads\/2014\/05\/purasana-kanepipulber.jpg\" \/>\n\t<meta property=\"og:image:width\" content=\"600\" \/>\n\t<meta property=\"og:image:height\" content=\"600\" \/>\n\t<meta property=\"og:image:type\" content=\"image\/jpeg\" \/>\n<meta name=\"twitter:card\" content=\"summary_large_image\" \/>\n<meta name=\"twitter:label1\" content=\"Est. reading time\" \/>\n\t<meta name=\"twitter:data1\" content=\"2 minutes\" \/>\n<script type=\"application\/ld+json\" class=\"yoast-schema-graph\">{\"@context\":\"https:\\\/\\\/schema.org\",\"@graph\":[{\"@type\":\"WebPage\",\"@id\":\"https:\\\/\\\/www.looduspere.ee\\\/ru\\\/\u0441\u0442\u0430\u0442\u044c\u044f\\\/purasana-toor-kanepi-proteiinipulber-oko-200g-2\\\/\",\"url\":\"https:\\\/\\\/www.looduspere.ee\\\/ru\\\/\u0441\u0442\u0430\u0442\u044c\u044f\\\/purasana-toor-kanepi-proteiinipulber-oko-200g-2\\\/\",\"name\":\"Purasana toor-kanepi proteiinipulber 200g - \u041e\u0440\u0433\u0430\u043d\u0438\u0447\u0435\u0441\u043a\u0438\u0439 \u043c\u0430\u0433\u0430\u0437\u0438\u043d Looduspere\",\"isPartOf\":{\"@id\":\"https:\\\/\\\/www.looduspere.ee\\\/#website\"},\"primaryImageOfPage\":{\"@id\":\"https:\\\/\\\/www.looduspere.ee\\\/ru\\\/\u0441\u0442\u0430\u0442\u044c\u044f\\\/purasana-toor-kanepi-proteiinipulber-oko-200g-2\\\/#primaryimage\"},\"image\":{\"@id\":\"https:\\\/\\\/www.looduspere.ee\\\/ru\\\/\u0441\u0442\u0430\u0442\u044c\u044f\\\/purasana-toor-kanepi-proteiinipulber-oko-200g-2\\\/#primaryimage\"},\"thumbnailUrl\":\"https:\\\/\\\/www.looduspere.ee\\\/wp-content\\\/uploads\\\/2014\\\/05\\\/purasana-kanepipulber.jpg\",\"datePublished\":\"2020-05-28T09:50:03+00:00\",\"dateModified\":\"2026-02-22T16:09:46+00:00\",\"description\":\"Mahep\u00f5llundusest p\u00e4rit toor-kanepipulber. Sisaldab rikkalikult proteiine, kiudaineid, rauda, magneesiumi, fosforit, oomega-3 rasvhappeid, kaltsiumi ja B-vitamiine. Kanepipulber sobib h\u00e4sti sportliku eluviisiga inimestele. Samuti on see kasulik kasvavatele noortele.\",\"breadcrumb\":{\"@id\":\"https:\\\/\\\/www.looduspere.ee\\\/ru\\\/\u0441\u0442\u0430\u0442\u044c\u044f\\\/purasana-toor-kanepi-proteiinipulber-oko-200g-2\\\/#breadcrumb\"},\"inLanguage\":\"ru-EE\",\"potentialAction\":[{\"@type\":\"ReadAction\",\"target\":[\"https:\\\/\\\/www.looduspere.ee\\\/ru\\\/\u0441\u0442\u0430\u0442\u044c\u044f\\\/purasana-toor-kanepi-proteiinipulber-oko-200g-2\\\/\"]}]},{\"@type\":\"ImageObject\",\"inLanguage\":\"ru-EE\",\"@id\":\"https:\\\/\\\/www.looduspere.ee\\\/ru\\\/\u0441\u0442\u0430\u0442\u044c\u044f\\\/purasana-toor-kanepi-proteiinipulber-oko-200g-2\\\/#primaryimage\",\"url\":\"https:\\\/\\\/www.looduspere.ee\\\/wp-content\\\/uploads\\\/2014\\\/05\\\/purasana-kanepipulber.jpg\",\"contentUrl\":\"https:\\\/\\\/www.looduspere.ee\\\/wp-content\\\/uploads\\\/2014\\\/05\\\/purasana-kanepipulber.jpg\",\"width\":600,\"height\":600,\"caption\":\"\u041f\u043e\u0440\u043e\u0448\u043e\u043a \u0438\u0437 \u043a\u043e\u043d\u043e\u043f\u043b\u0438 Purasana\"},{\"@type\":\"BreadcrumbList\",\"@id\":\"https:\\\/\\\/www.looduspere.ee\\\/ru\\\/\u0441\u0442\u0430\u0442\u044c\u044f\\\/purasana-toor-kanepi-proteiinipulber-oko-200g-2\\\/#breadcrumb\",\"itemListElement\":[{\"@type\":\"ListItem\",\"position\":1,\"name\":\"\u0434\u043e\u043c\u0430\",\"item\":\"https:\\\/\\\/www.looduspere.ee\\\/ru\\\/\"},{\"@type\":\"ListItem\",\"position\":2,\"name\":\"\u0422\u043e\u0432\u0430\u0440\u044b\",\"item\":\"https:\\\/\\\/www.looduspere.ee\\\/ru\\\/%d1%82%d0%be%d0%b2%d0%b0%d1%80%d1%8b\\\/\"},{\"@type\":\"ListItem\",\"position\":3,\"name\":\"Purasana toor-kanepi proteiinipulber 200g\"}]},{\"@type\":\"WebSite\",\"@id\":\"https:\\\/\\\/www.looduspere.ee\\\/#website\",\"url\":\"https:\\\/\\\/www.looduspere.ee\\\/\",\"name\":\"Looduspere \u00f6kopood\",\"description\":\"\u0417\u0434\u043e\u0440\u043e\u0432\u044b\u0435 \u043e\u0440\u0433\u0430\u043d\u0438\u0447\u0435\u0441\u043a\u0438\u0435 \u0438 \u043d\u0430\u0442\u0443\u0440\u0430\u043b\u044c\u043d\u044b\u0435 \u043f\u0440\u043e\u0434\u0443\u043a\u0442\u044b\",\"publisher\":{\"@id\":\"https:\\\/\\\/www.looduspere.ee\\\/#organization\"},\"alternateName\":\"Looduspere\",\"potentialAction\":[{\"@type\":\"SearchAction\",\"target\":{\"@type\":\"EntryPoint\",\"urlTemplate\":\"https:\\\/\\\/www.looduspere.ee\\\/?s={search_term_string}\"},\"query-input\":{\"@type\":\"PropertyValueSpecification\",\"valueRequired\":true,\"valueName\":\"search_term_string\"}}],\"inLanguage\":\"ru-EE\"},{\"@type\":\"Organization\",\"@id\":\"https:\\\/\\\/www.looduspere.ee\\\/#organization\",\"name\":\"Looduspere \u00f6kopood\",\"url\":\"https:\\\/\\\/www.looduspere.ee\\\/\",\"logo\":{\"@type\":\"ImageObject\",\"inLanguage\":\"ru-EE\",\"@id\":\"https:\\\/\\\/www.looduspere.ee\\\/#\\\/schema\\\/logo\\\/image\\\/\",\"url\":\"https:\\\/\\\/www.looduspere.ee\\\/wp-content\\\/uploads\\\/2025\\\/01\\\/340768897_1025251132216623_8613010291235268142_n.jpg\",\"contentUrl\":\"https:\\\/\\\/www.looduspere.ee\\\/wp-content\\\/uploads\\\/2025\\\/01\\\/340768897_1025251132216623_8613010291235268142_n.jpg\",\"width\":1045,\"height\":1045,\"caption\":\"Looduspere \u00f6kopood\"},\"image\":{\"@id\":\"https:\\\/\\\/www.looduspere.ee\\\/#\\\/schema\\\/logo\\\/image\\\/\"},\"sameAs\":[\"https:\\\/\\\/www.facebook.com\\\/loodusperepood\",\"https:\\\/\\\/www.instagram.com\\\/looduspere\\\/\"]}]}<\/script>\n<!-- \/ Yoast SEO plugin. -->","yoast_head_json":{"title":"Purasana toor-kanepi proteiinipulber 200g - \u041e\u0440\u0433\u0430\u043d\u0438\u0447\u0435\u0441\u043a\u0438\u0439 \u043c\u0430\u0433\u0430\u0437\u0438\u043d Looduspere","description":"Mahep\u00f5llundusest p\u00e4rit toor-kanepipulber. Sisaldab rikkalikult proteiine, kiudaineid, rauda, magneesiumi, fosforit, oomega-3 rasvhappeid, kaltsiumi ja B-vitamiine. Kanepipulber sobib h\u00e4sti sportliku eluviisiga inimestele. Samuti on see kasulik kasvavatele noortele.","robots":{"index":"index","follow":"follow","max-snippet":"max-snippet:-1","max-image-preview":"max-image-preview:large","max-video-preview":"max-video-preview:-1"},"canonical":"https:\/\/www.looduspere.ee\/ru\/\u0441\u0442\u0430\u0442\u044c\u044f\/purasana-toor-kanepi-proteiinipulber-oko-200g-2\/","og_locale":"ru_RU","og_type":"article","og_title":"Purasana toor-kanepi proteiinipulber 200g - \u041e\u0440\u0433\u0430\u043d\u0438\u0447\u0435\u0441\u043a\u0438\u0439 \u043c\u0430\u0433\u0430\u0437\u0438\u043d Looduspere","og_description":"Mahep\u00f5llundusest p\u00e4rit toor-kanepipulber. Sisaldab rikkalikult proteiine, kiudaineid, rauda, magneesiumi, fosforit, oomega-3 rasvhappeid, kaltsiumi ja B-vitamiine. Kanepipulber sobib h\u00e4sti sportliku eluviisiga inimestele. Samuti on see kasulik kasvavatele noortele.","og_url":"https:\/\/www.looduspere.ee\/ru\/\u0441\u0442\u0430\u0442\u044c\u044f\/purasana-toor-kanepi-proteiinipulber-oko-200g-2\/","og_site_name":"\u041e\u0440\u0433\u0430\u043d\u0438\u0447\u0435\u0441\u043a\u0438\u0439 \u043c\u0430\u0433\u0430\u0437\u0438\u043d Looduspere","article_publisher":"https:\/\/www.facebook.com\/loodusperepood","article_modified_time":"2026-02-22T16:09:46+00:00","og_image":[{"width":600,"height":600,"url":"https:\/\/www.looduspere.ee\/wp-content\/uploads\/2014\/05\/purasana-kanepipulber.jpg","type":"image\/jpeg"}],"twitter_card":"summary_large_image","twitter_misc":{"Est. reading time":"2 minutes"},"schema":{"@context":"https:\/\/schema.org","@graph":[{"@type":"WebPage","@id":"https:\/\/www.looduspere.ee\/ru\/\u0441\u0442\u0430\u0442\u044c\u044f\/purasana-toor-kanepi-proteiinipulber-oko-200g-2\/","url":"https:\/\/www.looduspere.ee\/ru\/\u0441\u0442\u0430\u0442\u044c\u044f\/purasana-toor-kanepi-proteiinipulber-oko-200g-2\/","name":"Purasana toor-kanepi proteiinipulber 200g - \u041e\u0440\u0433\u0430\u043d\u0438\u0447\u0435\u0441\u043a\u0438\u0439 \u043c\u0430\u0433\u0430\u0437\u0438\u043d Looduspere","isPartOf":{"@id":"https:\/\/www.looduspere.ee\/#website"},"primaryImageOfPage":{"@id":"https:\/\/www.looduspere.ee\/ru\/\u0441\u0442\u0430\u0442\u044c\u044f\/purasana-toor-kanepi-proteiinipulber-oko-200g-2\/#primaryimage"},"image":{"@id":"https:\/\/www.looduspere.ee\/ru\/\u0441\u0442\u0430\u0442\u044c\u044f\/purasana-toor-kanepi-proteiinipulber-oko-200g-2\/#primaryimage"},"thumbnailUrl":"https:\/\/www.looduspere.ee\/wp-content\/uploads\/2014\/05\/purasana-kanepipulber.jpg","datePublished":"2020-05-28T09:50:03+00:00","dateModified":"2026-02-22T16:09:46+00:00","description":"Mahep\u00f5llundusest p\u00e4rit toor-kanepipulber. Sisaldab rikkalikult proteiine, kiudaineid, rauda, magneesiumi, fosforit, oomega-3 rasvhappeid, kaltsiumi ja B-vitamiine. Kanepipulber sobib h\u00e4sti sportliku eluviisiga inimestele. Samuti on see kasulik kasvavatele noortele.","breadcrumb":{"@id":"https:\/\/www.looduspere.ee\/ru\/\u0441\u0442\u0430\u0442\u044c\u044f\/purasana-toor-kanepi-proteiinipulber-oko-200g-2\/#breadcrumb"},"inLanguage":"ru-EE","potentialAction":[{"@type":"ReadAction","target":["https:\/\/www.looduspere.ee\/ru\/\u0441\u0442\u0430\u0442\u044c\u044f\/purasana-toor-kanepi-proteiinipulber-oko-200g-2\/"]}]},{"@type":"ImageObject","inLanguage":"ru-EE","@id":"https:\/\/www.looduspere.ee\/ru\/\u0441\u0442\u0430\u0442\u044c\u044f\/purasana-toor-kanepi-proteiinipulber-oko-200g-2\/#primaryimage","url":"https:\/\/www.looduspere.ee\/wp-content\/uploads\/2014\/05\/purasana-kanepipulber.jpg","contentUrl":"https:\/\/www.looduspere.ee\/wp-content\/uploads\/2014\/05\/purasana-kanepipulber.jpg","width":600,"height":600,"caption":"\u041f\u043e\u0440\u043e\u0448\u043e\u043a \u0438\u0437 \u043a\u043e\u043d\u043e\u043f\u043b\u0438 Purasana"},{"@type":"BreadcrumbList","@id":"https:\/\/www.looduspere.ee\/ru\/\u0441\u0442\u0430\u0442\u044c\u044f\/purasana-toor-kanepi-proteiinipulber-oko-200g-2\/#breadcrumb","itemListElement":[{"@type":"ListItem","position":1,"name":"\u0434\u043e\u043c\u0430","item":"https:\/\/www.looduspere.ee\/ru\/"},{"@type":"ListItem","position":2,"name":"\u0422\u043e\u0432\u0430\u0440\u044b","item":"https:\/\/www.looduspere.ee\/ru\/%d1%82%d0%be%d0%b2%d0%b0%d1%80%d1%8b\/"},{"@type":"ListItem","position":3,"name":"Purasana toor-kanepi proteiinipulber 200g"}]},{"@type":"WebSite","@id":"https:\/\/www.looduspere.ee\/#website","url":"https:\/\/www.looduspere.ee\/","name":"Looduspere \u00f6kopood","description":"\u0417\u0434\u043e\u0440\u043e\u0432\u044b\u0435 \u043e\u0440\u0433\u0430\u043d\u0438\u0447\u0435\u0441\u043a\u0438\u0435 \u0438 \u043d\u0430\u0442\u0443\u0440\u0430\u043b\u044c\u043d\u044b\u0435 \u043f\u0440\u043e\u0434\u0443\u043a\u0442\u044b","publisher":{"@id":"https:\/\/www.looduspere.ee\/#organization"},"alternateName":"Looduspere","potentialAction":[{"@type":"SearchAction","target":{"@type":"EntryPoint","urlTemplate":"https:\/\/www.looduspere.ee\/?s={search_term_string}"},"query-input":{"@type":"PropertyValueSpecification","valueRequired":true,"valueName":"search_term_string"}}],"inLanguage":"ru-EE"},{"@type":"Organization","@id":"https:\/\/www.looduspere.ee\/#organization","name":"Looduspere \u00f6kopood","url":"https:\/\/www.looduspere.ee\/","logo":{"@type":"ImageObject","inLanguage":"ru-EE","@id":"https:\/\/www.looduspere.ee\/#\/schema\/logo\/image\/","url":"https:\/\/www.looduspere.ee\/wp-content\/uploads\/2025\/01\/340768897_1025251132216623_8613010291235268142_n.jpg","contentUrl":"https:\/\/www.looduspere.ee\/wp-content\/uploads\/2025\/01\/340768897_1025251132216623_8613010291235268142_n.jpg","width":1045,"height":1045,"caption":"Looduspere \u00f6kopood"},"image":{"@id":"https:\/\/www.looduspere.ee\/#\/schema\/logo\/image\/"},"sameAs":["https:\/\/www.facebook.com\/loodusperepood","https:\/\/www.instagram.com\/looduspere\/"]}]}},"_links":{"self":[{"href":"https:\/\/www.looduspere.ee\/ru\/wp-json\/wp\/v2\/product\/99609","targetHints":{"allow":["GET"]}}],"collection":[{"href":"https:\/\/www.looduspere.ee\/ru\/wp-json\/wp\/v2\/product"}],"about":[{"href":"https:\/\/www.looduspere.ee\/ru\/wp-json\/wp\/v2\/types\/product"}],"replies":[{"embeddable":true,"href":"https:\/\/www.looduspere.ee\/ru\/wp-json\/wp\/v2\/comments?post=99609"}],"wp:featuredmedia":[{"embeddable":true,"href":"https:\/\/www.looduspere.ee\/ru\/wp-json\/wp\/v2\/media\/65606"}],"wp:attachment":[{"href":"https:\/\/www.looduspere.ee\/ru\/wp-json\/wp\/v2\/media?parent=99609"}],"wp:term":[{"taxonomy":"product_cat","embeddable":true,"href":"https:\/\/www.looduspere.ee\/ru\/wp-json\/wp\/v2\/product_cat?post=99609"},{"taxonomy":"product_tag","embeddable":true,"href":"https:\/\/www.looduspere.ee\/ru\/wp-json\/wp\/v2\/product_tag?post=99609"}],"curies":[{"name":"wp","href":"https:\/\/api.w.org\/{rel}","templated":true}]}}