{"id":199869,"date":"2025-11-09T11:50:08","date_gmt":"2025-11-09T09:50:08","guid":{"rendered":"https:\/\/www.looduspere.ee\/toode\/sinepiplaastrid-n10\/"},"modified":"2025-11-09T11:50:08","modified_gmt":"2025-11-09T09:50:08","slug":"sinepiplaastrid-n10","status":"publish","type":"product","link":"https:\/\/www.looduspere.ee\/ru\/\u0441\u0442\u0430\u0442\u044c\u044f\/sinepiplaastrid-n10\/","title":{"rendered":"Sinepiplaastrid N10"},"content":{"rendered":"<p>Sinepiplaastrite kasutamine on Eestis ja paljudes teistes maades traditsiooniline meetod, mis on tuntud oma soojendavate ja \u00e4rritavate omaduste poolest.<\/p>\n<p>Plaastrid koosnevad 4 lahtriga pakikesest, mis on t\u00e4idetud loodusliku sinepipulbriga, ning sobivad t\u00e4pseks kasutamiseks kodus. Komplektis on 10 t\u00fckki, mis on mugav koduse apteegi jaoks.<\/p>\n<h5>Kasutusjuhend:<\/h5>\n<p>Raputage pakikest, et pulber jaotuks \u00fchtlaselt 4 lahtri vahel. Kastke sooja vette 3-4 sekundiks, asetage poorne pool nahale vajaliku piirkonna peale ja katke kuiva r\u00e4tikuga. Tugeva k\u00f5rvetustunde tekkimisel eemaldage plaaster 3-10 minuti jooksul.<\/p>\n<p>Soovituslik kasutus: samale piirkonnale &#8211; \u00fclep\u00e4eviti.<\/p>\n<h5>Kasulikud omadused:<\/h5>\n<ol>\n<li><strong>Valu leevendamine<\/strong>: Sinepiplaastrid aitavad leevendada lihaspingeid ja -valu. Sinep sisaldab aineid, mis stimuleerivad verevarustust ja soodustavad lokaalse verevoolu, aidates seega valu leevendada.<\/li>\n<li><strong>Hingamisteede probleemid<\/strong>: Sinepiplaastrit kasutatakse ka hingamisteede haiguste nagu k\u00fclmetuse, bronhiidi ja k\u00f6ha leevendamiseks. Sinepikiht stimuleerib vereringet ja aitab limaskestadel eritada rohkem vedelikku, mis v\u00f5ib aidata hingamisteede puhastamist.<\/li>\n<li><strong>Lihaspingete ja venitusvigastuste ravi<\/strong>: Sinepiplaastrid v\u00f5ivad aidata ka lihaspingete ja venitusvigastuste korral, kuna nende soojendav efekt aitab lihaseid l\u00f5dvestada.<\/li>\n<li><strong>Vereringe parandamine<\/strong>: Sinepiplaastrid stimuleerivad nahka ja veresooni, soodustades vereringet, mis v\u00f5ib aidata v\u00e4simuse ja jalgade turse korral.<\/li>\n<\/ol>\n<h5>Eelised:<\/h5>\n<ul>\n<li><strong>Looduslik koostis<\/strong>: Sinepiplaastrid on valmistatud looduslikest koostisosadest, mis on paljudele inimestele meeldiv alternatiiv keemilistele ravimitele.<\/li>\n<li><strong>Lihtne kasutada<\/strong>: Need on kergesti kergesti kergesti saadaval ja kasutatavad.<\/li>\n<\/ul>\n<h5>Ettevaatust:<\/h5>\n<ul>\n<li><strong>Nahareaktsioonid<\/strong>: Sinepiplaastrid v\u00f5ivad m\u00f5ningatel inimestel p\u00f5hjustada naha\u00e4rritust, punetust v\u00f5i isegi p\u00f5letustunne, eriti tundlikul nahal. Soovitav on alustada l\u00fchemate ajavahemikega, et j\u00e4lgida nahareaktsioone.<\/li>\n<li><strong>Rasedus ja imetamine<\/strong>: Kui oled rase v\u00f5i imetad, peaksid sinepiplaastreid kasutama ettevaatlikult ja eelistatavalt arstiga n\u00f5u pidades.<\/li>\n<li><strong>Mitte kasutada avatud haavade v\u00f5i p\u00f5letiku korral<\/strong>: Sinepiplaastreid ei tohi panna haavadele ega p\u00f5letikulistele piirkondadele, kuna see v\u00f5ib halvendada seisundit.<\/li>\n<\/ul>\n<p>&nbsp;<\/p>\n","protected":false},"excerpt":{"rendered":"<p>Sinepiplaastrite kasutamine on Eestis ja paljudes teistes maades traditsiooniline meetod, mis on tuntud oma soojendavate ja \u00e4rritavate omaduste poolest. Plaastrid koosnevad 4 lahtriga pakikesest, mis on t\u00e4idetud loodusliku sinepipulbriga, ning sobivad t\u00e4pseks kasutamiseks kodus. Komplektis on 10 t\u00fckki, mis on mugav koduse apteegi jaoks. Kasutusjuhend: Raputage pakikest, et pulber jaotuks \u00fchtlaselt 4 lahtri vahel. Kastke sooja vette 3-4 sekundiks, asetage&hellip;<\/p>\n","protected":false},"featured_media":199451,"comment_status":"open","ping_status":"closed","template":"","meta":[],"product_cat":[1902,1898],"product_tag":[],"class_list":{"0":"post-199869","1":"product","2":"type-product","3":"status-publish","4":"has-post-thumbnail","6":"product_cat-pri-prostude-med","7":"product_cat-tovary-dlja-zdorovja","9":"first","10":"instock","11":"shipping-taxable","12":"purchasable","13":"product-type-simple","14":"col-xs-6 col-sm-4","15":"col-md-3 col-lg-3","16":"un-4-cols"},"yoast_head":"<!-- This site is optimized with the Yoast SEO plugin v27.5 - https:\/\/yoast.com\/product\/yoast-seo-wordpress\/ -->\n<title>Sinepiplaastrid N10 - \u041e\u0440\u0433\u0430\u043d\u0438\u0447\u0435\u0441\u043a\u0438\u0439 \u043c\u0430\u0433\u0430\u0437\u0438\u043d Looduspere<\/title>\n<meta name=\"robots\" content=\"index, follow, max-snippet:-1, max-image-preview:large, max-video-preview:-1\" \/>\n<link rel=\"canonical\" href=\"https:\/\/www.looduspere.ee\/ru\/\u0441\u0442\u0430\u0442\u044c\u044f\/sinepiplaastrid-n10\/\" \/>\n<meta property=\"og:locale\" content=\"ru_RU\" \/>\n<meta property=\"og:type\" content=\"article\" \/>\n<meta property=\"og:title\" content=\"Sinepiplaastrid N10 - \u041e\u0440\u0433\u0430\u043d\u0438\u0447\u0435\u0441\u043a\u0438\u0439 \u043c\u0430\u0433\u0430\u0437\u0438\u043d Looduspere\" \/>\n<meta property=\"og:description\" content=\"Sinepiplaastrite kasutamine on Eestis ja paljudes teistes maades traditsiooniline meetod, mis on tuntud oma soojendavate ja \u00e4rritavate omaduste poolest. Plaastrid koosnevad 4 lahtriga pakikesest, mis on t\u00e4idetud loodusliku sinepipulbriga, ning sobivad t\u00e4pseks kasutamiseks kodus. Komplektis on 10 t\u00fckki, mis on mugav koduse apteegi jaoks. Kasutusjuhend: Raputage pakikest, et pulber jaotuks \u00fchtlaselt 4 lahtri vahel. Kastke sooja vette 3-4 sekundiks, asetage&hellip;\" \/>\n<meta property=\"og:url\" content=\"https:\/\/www.looduspere.ee\/ru\/\u0441\u0442\u0430\u0442\u044c\u044f\/sinepiplaastrid-n10\/\" \/>\n<meta property=\"og:site_name\" content=\"\u041e\u0440\u0433\u0430\u043d\u0438\u0447\u0435\u0441\u043a\u0438\u0439 \u043c\u0430\u0433\u0430\u0437\u0438\u043d Looduspere\" \/>\n<meta property=\"article:publisher\" content=\"https:\/\/www.facebook.com\/loodusperepood\" \/>\n<meta property=\"og:image\" content=\"https:\/\/www.looduspere.ee\/wp-content\/uploads\/2016\/03\/LoodusPereLogo300.jpg\" \/>\n\t<meta property=\"og:image:width\" content=\"300\" \/>\n\t<meta property=\"og:image:height\" content=\"114\" \/>\n\t<meta property=\"og:image:type\" content=\"image\/jpeg\" \/>\n<meta name=\"twitter:card\" content=\"summary_large_image\" \/>\n<meta name=\"twitter:label1\" content=\"Est. reading time\" \/>\n\t<meta name=\"twitter:data1\" content=\"1 minute\" \/>\n<script type=\"application\/ld+json\" class=\"yoast-schema-graph\">{\"@context\":\"https:\\\/\\\/schema.org\",\"@graph\":[{\"@type\":\"WebPage\",\"@id\":\"https:\\\/\\\/www.looduspere.ee\\\/ru\\\/\u0441\u0442\u0430\u0442\u044c\u044f\\\/sinepiplaastrid-n10\\\/\",\"url\":\"https:\\\/\\\/www.looduspere.ee\\\/ru\\\/\u0441\u0442\u0430\u0442\u044c\u044f\\\/sinepiplaastrid-n10\\\/\",\"name\":\"Sinepiplaastrid N10 - \u041e\u0440\u0433\u0430\u043d\u0438\u0447\u0435\u0441\u043a\u0438\u0439 \u043c\u0430\u0433\u0430\u0437\u0438\u043d Looduspere\",\"isPartOf\":{\"@id\":\"https:\\\/\\\/www.looduspere.ee\\\/#website\"},\"primaryImageOfPage\":{\"@id\":\"https:\\\/\\\/www.looduspere.ee\\\/ru\\\/\u0441\u0442\u0430\u0442\u044c\u044f\\\/sinepiplaastrid-n10\\\/#primaryimage\"},\"image\":{\"@id\":\"https:\\\/\\\/www.looduspere.ee\\\/ru\\\/\u0441\u0442\u0430\u0442\u044c\u044f\\\/sinepiplaastrid-n10\\\/#primaryimage\"},\"thumbnailUrl\":\"https:\\\/\\\/www.looduspere.ee\\\/wp-content\\\/uploads\\\/2025\\\/12\\\/VIT49773-e1765273863733.jpg\",\"datePublished\":\"2025-11-09T09:50:08+00:00\",\"breadcrumb\":{\"@id\":\"https:\\\/\\\/www.looduspere.ee\\\/ru\\\/\u0441\u0442\u0430\u0442\u044c\u044f\\\/sinepiplaastrid-n10\\\/#breadcrumb\"},\"inLanguage\":\"ru-EE\",\"potentialAction\":[{\"@type\":\"ReadAction\",\"target\":[\"https:\\\/\\\/www.looduspere.ee\\\/ru\\\/\u0441\u0442\u0430\u0442\u044c\u044f\\\/sinepiplaastrid-n10\\\/\"]}]},{\"@type\":\"ImageObject\",\"inLanguage\":\"ru-EE\",\"@id\":\"https:\\\/\\\/www.looduspere.ee\\\/ru\\\/\u0441\u0442\u0430\u0442\u044c\u044f\\\/sinepiplaastrid-n10\\\/#primaryimage\",\"url\":\"https:\\\/\\\/www.looduspere.ee\\\/wp-content\\\/uploads\\\/2025\\\/12\\\/VIT49773-e1765273863733.jpg\",\"contentUrl\":\"https:\\\/\\\/www.looduspere.ee\\\/wp-content\\\/uploads\\\/2025\\\/12\\\/VIT49773-e1765273863733.jpg\",\"width\":650,\"height\":650},{\"@type\":\"BreadcrumbList\",\"@id\":\"https:\\\/\\\/www.looduspere.ee\\\/ru\\\/\u0441\u0442\u0430\u0442\u044c\u044f\\\/sinepiplaastrid-n10\\\/#breadcrumb\",\"itemListElement\":[{\"@type\":\"ListItem\",\"position\":1,\"name\":\"\u0434\u043e\u043c\u0430\",\"item\":\"https:\\\/\\\/www.looduspere.ee\\\/ru\\\/\"},{\"@type\":\"ListItem\",\"position\":2,\"name\":\"\u0422\u043e\u0432\u0430\u0440\u044b\",\"item\":\"https:\\\/\\\/www.looduspere.ee\\\/ru\\\/%d1%82%d0%be%d0%b2%d0%b0%d1%80%d1%8b\\\/\"},{\"@type\":\"ListItem\",\"position\":3,\"name\":\"Sinepiplaastrid N10\"}]},{\"@type\":\"WebSite\",\"@id\":\"https:\\\/\\\/www.looduspere.ee\\\/#website\",\"url\":\"https:\\\/\\\/www.looduspere.ee\\\/\",\"name\":\"Looduspere \u00f6kopood\",\"description\":\"\u0417\u0434\u043e\u0440\u043e\u0432\u044b\u0435 \u043e\u0440\u0433\u0430\u043d\u0438\u0447\u0435\u0441\u043a\u0438\u0435 \u0438 \u043d\u0430\u0442\u0443\u0440\u0430\u043b\u044c\u043d\u044b\u0435 \u043f\u0440\u043e\u0434\u0443\u043a\u0442\u044b\",\"publisher\":{\"@id\":\"https:\\\/\\\/www.looduspere.ee\\\/#organization\"},\"alternateName\":\"Looduspere\",\"potentialAction\":[{\"@type\":\"SearchAction\",\"target\":{\"@type\":\"EntryPoint\",\"urlTemplate\":\"https:\\\/\\\/www.looduspere.ee\\\/?s={search_term_string}\"},\"query-input\":{\"@type\":\"PropertyValueSpecification\",\"valueRequired\":true,\"valueName\":\"search_term_string\"}}],\"inLanguage\":\"ru-EE\"},{\"@type\":\"Organization\",\"@id\":\"https:\\\/\\\/www.looduspere.ee\\\/#organization\",\"name\":\"Looduspere \u00f6kopood\",\"url\":\"https:\\\/\\\/www.looduspere.ee\\\/\",\"logo\":{\"@type\":\"ImageObject\",\"inLanguage\":\"ru-EE\",\"@id\":\"https:\\\/\\\/www.looduspere.ee\\\/#\\\/schema\\\/logo\\\/image\\\/\",\"url\":\"https:\\\/\\\/www.looduspere.ee\\\/wp-content\\\/uploads\\\/2025\\\/01\\\/340768897_1025251132216623_8613010291235268142_n.jpg\",\"contentUrl\":\"https:\\\/\\\/www.looduspere.ee\\\/wp-content\\\/uploads\\\/2025\\\/01\\\/340768897_1025251132216623_8613010291235268142_n.jpg\",\"width\":1045,\"height\":1045,\"caption\":\"Looduspere \u00f6kopood\"},\"image\":{\"@id\":\"https:\\\/\\\/www.looduspere.ee\\\/#\\\/schema\\\/logo\\\/image\\\/\"},\"sameAs\":[\"https:\\\/\\\/www.facebook.com\\\/loodusperepood\",\"https:\\\/\\\/www.instagram.com\\\/looduspere\\\/\"]}]}<\/script>\n<!-- \/ Yoast SEO plugin. -->","yoast_head_json":{"title":"Sinepiplaastrid N10 - \u041e\u0440\u0433\u0430\u043d\u0438\u0447\u0435\u0441\u043a\u0438\u0439 \u043c\u0430\u0433\u0430\u0437\u0438\u043d Looduspere","robots":{"index":"index","follow":"follow","max-snippet":"max-snippet:-1","max-image-preview":"max-image-preview:large","max-video-preview":"max-video-preview:-1"},"canonical":"https:\/\/www.looduspere.ee\/ru\/\u0441\u0442\u0430\u0442\u044c\u044f\/sinepiplaastrid-n10\/","og_locale":"ru_RU","og_type":"article","og_title":"Sinepiplaastrid N10 - \u041e\u0440\u0433\u0430\u043d\u0438\u0447\u0435\u0441\u043a\u0438\u0439 \u043c\u0430\u0433\u0430\u0437\u0438\u043d Looduspere","og_description":"Sinepiplaastrite kasutamine on Eestis ja paljudes teistes maades traditsiooniline meetod, mis on tuntud oma soojendavate ja \u00e4rritavate omaduste poolest. Plaastrid koosnevad 4 lahtriga pakikesest, mis on t\u00e4idetud loodusliku sinepipulbriga, ning sobivad t\u00e4pseks kasutamiseks kodus. Komplektis on 10 t\u00fckki, mis on mugav koduse apteegi jaoks. Kasutusjuhend: Raputage pakikest, et pulber jaotuks \u00fchtlaselt 4 lahtri vahel. Kastke sooja vette 3-4 sekundiks, asetage&hellip;","og_url":"https:\/\/www.looduspere.ee\/ru\/\u0441\u0442\u0430\u0442\u044c\u044f\/sinepiplaastrid-n10\/","og_site_name":"\u041e\u0440\u0433\u0430\u043d\u0438\u0447\u0435\u0441\u043a\u0438\u0439 \u043c\u0430\u0433\u0430\u0437\u0438\u043d Looduspere","article_publisher":"https:\/\/www.facebook.com\/loodusperepood","og_image":[{"width":300,"height":114,"url":"https:\/\/www.looduspere.ee\/wp-content\/uploads\/2016\/03\/LoodusPereLogo300.jpg","type":"image\/jpeg"}],"twitter_card":"summary_large_image","twitter_misc":{"Est. reading time":"1 minute"},"schema":{"@context":"https:\/\/schema.org","@graph":[{"@type":"WebPage","@id":"https:\/\/www.looduspere.ee\/ru\/\u0441\u0442\u0430\u0442\u044c\u044f\/sinepiplaastrid-n10\/","url":"https:\/\/www.looduspere.ee\/ru\/\u0441\u0442\u0430\u0442\u044c\u044f\/sinepiplaastrid-n10\/","name":"Sinepiplaastrid N10 - \u041e\u0440\u0433\u0430\u043d\u0438\u0447\u0435\u0441\u043a\u0438\u0439 \u043c\u0430\u0433\u0430\u0437\u0438\u043d Looduspere","isPartOf":{"@id":"https:\/\/www.looduspere.ee\/#website"},"primaryImageOfPage":{"@id":"https:\/\/www.looduspere.ee\/ru\/\u0441\u0442\u0430\u0442\u044c\u044f\/sinepiplaastrid-n10\/#primaryimage"},"image":{"@id":"https:\/\/www.looduspere.ee\/ru\/\u0441\u0442\u0430\u0442\u044c\u044f\/sinepiplaastrid-n10\/#primaryimage"},"thumbnailUrl":"https:\/\/www.looduspere.ee\/wp-content\/uploads\/2025\/12\/VIT49773-e1765273863733.jpg","datePublished":"2025-11-09T09:50:08+00:00","breadcrumb":{"@id":"https:\/\/www.looduspere.ee\/ru\/\u0441\u0442\u0430\u0442\u044c\u044f\/sinepiplaastrid-n10\/#breadcrumb"},"inLanguage":"ru-EE","potentialAction":[{"@type":"ReadAction","target":["https:\/\/www.looduspere.ee\/ru\/\u0441\u0442\u0430\u0442\u044c\u044f\/sinepiplaastrid-n10\/"]}]},{"@type":"ImageObject","inLanguage":"ru-EE","@id":"https:\/\/www.looduspere.ee\/ru\/\u0441\u0442\u0430\u0442\u044c\u044f\/sinepiplaastrid-n10\/#primaryimage","url":"https:\/\/www.looduspere.ee\/wp-content\/uploads\/2025\/12\/VIT49773-e1765273863733.jpg","contentUrl":"https:\/\/www.looduspere.ee\/wp-content\/uploads\/2025\/12\/VIT49773-e1765273863733.jpg","width":650,"height":650},{"@type":"BreadcrumbList","@id":"https:\/\/www.looduspere.ee\/ru\/\u0441\u0442\u0430\u0442\u044c\u044f\/sinepiplaastrid-n10\/#breadcrumb","itemListElement":[{"@type":"ListItem","position":1,"name":"\u0434\u043e\u043c\u0430","item":"https:\/\/www.looduspere.ee\/ru\/"},{"@type":"ListItem","position":2,"name":"\u0422\u043e\u0432\u0430\u0440\u044b","item":"https:\/\/www.looduspere.ee\/ru\/%d1%82%d0%be%d0%b2%d0%b0%d1%80%d1%8b\/"},{"@type":"ListItem","position":3,"name":"Sinepiplaastrid N10"}]},{"@type":"WebSite","@id":"https:\/\/www.looduspere.ee\/#website","url":"https:\/\/www.looduspere.ee\/","name":"Looduspere \u00f6kopood","description":"\u0417\u0434\u043e\u0440\u043e\u0432\u044b\u0435 \u043e\u0440\u0433\u0430\u043d\u0438\u0447\u0435\u0441\u043a\u0438\u0435 \u0438 \u043d\u0430\u0442\u0443\u0440\u0430\u043b\u044c\u043d\u044b\u0435 \u043f\u0440\u043e\u0434\u0443\u043a\u0442\u044b","publisher":{"@id":"https:\/\/www.looduspere.ee\/#organization"},"alternateName":"Looduspere","potentialAction":[{"@type":"SearchAction","target":{"@type":"EntryPoint","urlTemplate":"https:\/\/www.looduspere.ee\/?s={search_term_string}"},"query-input":{"@type":"PropertyValueSpecification","valueRequired":true,"valueName":"search_term_string"}}],"inLanguage":"ru-EE"},{"@type":"Organization","@id":"https:\/\/www.looduspere.ee\/#organization","name":"Looduspere \u00f6kopood","url":"https:\/\/www.looduspere.ee\/","logo":{"@type":"ImageObject","inLanguage":"ru-EE","@id":"https:\/\/www.looduspere.ee\/#\/schema\/logo\/image\/","url":"https:\/\/www.looduspere.ee\/wp-content\/uploads\/2025\/01\/340768897_1025251132216623_8613010291235268142_n.jpg","contentUrl":"https:\/\/www.looduspere.ee\/wp-content\/uploads\/2025\/01\/340768897_1025251132216623_8613010291235268142_n.jpg","width":1045,"height":1045,"caption":"Looduspere \u00f6kopood"},"image":{"@id":"https:\/\/www.looduspere.ee\/#\/schema\/logo\/image\/"},"sameAs":["https:\/\/www.facebook.com\/loodusperepood","https:\/\/www.instagram.com\/looduspere\/"]}]}},"_links":{"self":[{"href":"https:\/\/www.looduspere.ee\/ru\/wp-json\/wp\/v2\/product\/199869","targetHints":{"allow":["GET"]}}],"collection":[{"href":"https:\/\/www.looduspere.ee\/ru\/wp-json\/wp\/v2\/product"}],"about":[{"href":"https:\/\/www.looduspere.ee\/ru\/wp-json\/wp\/v2\/types\/product"}],"replies":[{"embeddable":true,"href":"https:\/\/www.looduspere.ee\/ru\/wp-json\/wp\/v2\/comments?post=199869"}],"wp:featuredmedia":[{"embeddable":true,"href":"https:\/\/www.looduspere.ee\/ru\/wp-json\/wp\/v2\/media\/199451"}],"wp:attachment":[{"href":"https:\/\/www.looduspere.ee\/ru\/wp-json\/wp\/v2\/media?parent=199869"}],"wp:term":[{"taxonomy":"product_cat","embeddable":true,"href":"https:\/\/www.looduspere.ee\/ru\/wp-json\/wp\/v2\/product_cat?post=199869"},{"taxonomy":"product_tag","embeddable":true,"href":"https:\/\/www.looduspere.ee\/ru\/wp-json\/wp\/v2\/product_tag?post=199869"}],"curies":[{"name":"wp","href":"https:\/\/api.w.org\/{rel}","templated":true}]}}