{"id":199341,"date":"2025-11-05T09:30:42","date_gmt":"2025-11-05T07:30:42","guid":{"rendered":"https:\/\/www.looduspere.ee\/toode\/unetabletid-15mg-melatoniiniga-3in1-n30\/"},"modified":"2026-01-25T15:54:23","modified_gmt":"2026-01-25T13:54:23","slug":"unetabletid-15mg-melatoniiniga-3in1-n30","status":"publish","type":"product","link":"https:\/\/www.looduspere.ee\/ru\/\u0441\u0442\u0430\u0442\u044c\u044f\/unetabletid-15mg-melatoniiniga-3in1-n30\/","title":{"rendered":"\u0421\u043d\u043e\u0442\u0432\u043e\u0440\u043d\u043e\u0435 \u0441 1,5 \u043c\u0433 \u043c\u0435\u043b\u0430\u0442\u043e\u043d\u0438\u043d\u0430 3 \u0432 1 N30"},"content":{"rendered":"<p>Toidulisand, millel on kerge rahustav ja uinutav toime ning mis parandab une kvaliteeti.<\/p>\n<p>Sleep Boost kapslid m\u00f5jutavad n\u00e4rvis\u00fcsteemi terviklikult, l\u00f5dvestades seda ja aidates teil magama j\u00e4\u00e4da.<\/p>\n<p>Kapslid v\u00e4hendavad tunduvalt emotsionaalse kurnatuse taset ning hoiavad \u00e4ra igasuguse \u00e4geda reaktsiooni stressile.<\/p>\n<p>V\u00e4hendavad m\u00e4rkimisv\u00e4\u00e4rselt \u00e4revust ja aitavad vabaneda ka obsessiivsetest m\u00f5tetest, mida paljud inimesed kogevad enne magamaminekut. Need kapslid on samuti v\u00f5imelised aeglustama organismis toimuvaid vananemisprotsesse. <\/p>\n<h5>Koostisosad:<\/h5>\n<h5>Melatoniin<\/h5>\n<p>Seda valku sisaldavat kemikaali s\u00fcnteesib peamiselt k\u00e4bin\u00e4\u00e4re, endokriins\u00fcsteemi organ, mis asub ajus. See m\u00f5jutab otseselt k\u00f5iki k\u00f5rgema n\u00e4rvis\u00fcsteemi struktuure, soodustades uinumist ja magamist nii kaua, kui keha vajab. Lisaks aeglustab melatoniin organismis toimuvaid vananemisprotsesse.  <\/p>\n<h5>Palderjaniekstrakt<\/h5>\n<p>Palderjan aitab meeleolu m\u00e4rkimisv\u00e4\u00e4rselt stabiliseerida, annab rahuliku tunde ning m\u00f5jub enne magamaminekut l\u00f5\u00f5gastavalt.<\/p>\n<p>Samuti aitab stabiliseerida inimkeha reaktsiooni stressile.<\/p>\n<h5>Inuliin.<\/h5>\n<p>Inuliini kasutatakse enamasti unetableti kahe teise p\u00f5hikomponendi imendumise suurendamiseks. Struktuurselt sarnaneb see v\u00e4ga kiudainetega ja v\u00f5ib h\u00f5lbustada palderjani ja melatoniini imendumist seedetrakti k\u00f5ikidesse osadesse. <\/p>\n<h5>Kes peaks v\u00f5tma Sleep Boost kapsleid?<\/h5>\n<p>Need, kellel on uneh\u00e4ired;<br \/>\nNeed, kes j\u00e4rgivad tervislikku eluviisi;<br \/>\nVanemad inimesed;<br \/>\nNeed, kes kogevad sageli meeleolumuutusi;<br \/>\nNeed, kes on altid stressi ebanormaalsele reaktsioonile.<\/p>\n<h5>Kuidas v\u00f5tta Sleep Boost kapsleid?<\/h5>\n<p>Soovitatav on v\u00f5tta \u00fcks kapsel pool tundi enne magamaminekut.<\/p>\n<h5>\nToitumisalane teave<\/h5>\n<p>Portsjon: 1 kapsel<br \/>\nPortsjonid konteineri kohta: 30<br \/>\nKogus \u00fche portsjoni kohta %NRV*<br \/>\nMelatoniin 1.5 mg *<br \/>\nPalderjani juureekstrakt 50 mg *<br \/>\nInuliin 340 mg *<br \/>\n*protsent p\u00e4evasest v\u00f5rdluskogusest<br \/>\nKoostisosad: Inuliin, \u017eelatiin, Palderjani (Valeriana Officinalise) juureekstrakt, melatoniin.<\/p>\n","protected":false},"excerpt":{"rendered":"<p>Toidulisand, millel on kerge rahustav ja uinutav toime ning mis parandab une kvaliteeti. Sleep Boost kapslid m\u00f5jutavad n\u00e4rvis\u00fcsteemi terviklikult, l\u00f5dvestades seda ja aidates teil magama j\u00e4\u00e4da. Kapslid v\u00e4hendavad tunduvalt emotsionaalse kurnatuse taset ning hoiavad \u00e4ra igasuguse \u00e4geda reaktsiooni stressile. V\u00e4hendavad m\u00e4rkimisv\u00e4\u00e4rselt \u00e4revust ja aitavad vabaneda ka obsessiivsetest m\u00f5tetest, mida paljud inimesed kogevad enne magamaminekut. Need kapslid on samuti v\u00f5imelised aeglustama&hellip;<\/p>\n","protected":false},"featured_media":199339,"comment_status":"open","ping_status":"closed","template":"","meta":[],"product_cat":[1861,1908,1898],"product_tag":[],"class_list":{"0":"post-199341","1":"product","2":"type-product","3":"status-publish","4":"has-post-thumbnail","6":"product_cat-pichevye-dobavki","7":"product_cat-stress-trevoga-bessonnitsa","8":"product_cat-tovary-dlja-zdorovja","10":"first","11":"instock","12":"shipping-taxable","13":"purchasable","14":"product-type-simple","15":"col-xs-6 col-sm-4","16":"col-md-3 col-lg-3","17":"un-4-cols"},"yoast_head":"<!-- This site is optimized with the Yoast SEO plugin v27.4 - https:\/\/yoast.com\/product\/yoast-seo-wordpress\/ -->\n<title>\u0421\u043d\u043e\u0442\u0432\u043e\u0440\u043d\u043e\u0435 \u0441 1,5 \u043c\u0433 \u043c\u0435\u043b\u0430\u0442\u043e\u043d\u0438\u043d\u0430 3 \u0432 1 N30 - \u041e\u0440\u0433\u0430\u043d\u0438\u0447\u0435\u0441\u043a\u0438\u0439 \u043c\u0430\u0433\u0430\u0437\u0438\u043d Looduspere<\/title>\n<meta name=\"description\" content=\"Toidulisand, millel on kerge rahustav ja uinutav toime ning mis parandab une kvaliteeti.\" \/>\n<meta name=\"robots\" content=\"index, follow, max-snippet:-1, max-image-preview:large, max-video-preview:-1\" \/>\n<link rel=\"canonical\" href=\"https:\/\/www.looduspere.ee\/ru\/\u0441\u0442\u0430\u0442\u044c\u044f\/unetabletid-15mg-melatoniiniga-3in1-n30\/\" \/>\n<meta property=\"og:locale\" content=\"ru_RU\" \/>\n<meta property=\"og:type\" content=\"article\" \/>\n<meta property=\"og:title\" content=\"\u0421\u043d\u043e\u0442\u0432\u043e\u0440\u043d\u043e\u0435 \u0441 1,5 \u043c\u0433 \u043c\u0435\u043b\u0430\u0442\u043e\u043d\u0438\u043d\u0430 3 \u0432 1 N30 - \u041e\u0440\u0433\u0430\u043d\u0438\u0447\u0435\u0441\u043a\u0438\u0439 \u043c\u0430\u0433\u0430\u0437\u0438\u043d Looduspere\" \/>\n<meta property=\"og:description\" content=\"Toidulisand, millel on kerge rahustav ja uinutav toime ning mis parandab une kvaliteeti.\" \/>\n<meta property=\"og:url\" content=\"https:\/\/www.looduspere.ee\/ru\/\u0441\u0442\u0430\u0442\u044c\u044f\/unetabletid-15mg-melatoniiniga-3in1-n30\/\" \/>\n<meta property=\"og:site_name\" content=\"\u041e\u0440\u0433\u0430\u043d\u0438\u0447\u0435\u0441\u043a\u0438\u0439 \u043c\u0430\u0433\u0430\u0437\u0438\u043d Looduspere\" \/>\n<meta property=\"article:publisher\" content=\"https:\/\/www.facebook.com\/loodusperepood\" \/>\n<meta property=\"article:modified_time\" content=\"2026-01-25T13:54:23+00:00\" \/>\n<meta property=\"og:image\" content=\"https:\/\/www.looduspere.ee\/wp-content\/uploads\/2025\/12\/FITSF0191-e1764919996670.webp\" \/>\n\t<meta property=\"og:image:width\" content=\"1000\" \/>\n\t<meta property=\"og:image:height\" content=\"850\" \/>\n\t<meta property=\"og:image:type\" content=\"image\/webp\" \/>\n<meta name=\"twitter:card\" content=\"summary_large_image\" \/>\n<meta name=\"twitter:label1\" content=\"Est. reading time\" \/>\n\t<meta name=\"twitter:data1\" content=\"2 minutes\" \/>\n<script type=\"application\/ld+json\" class=\"yoast-schema-graph\">{\"@context\":\"https:\\\/\\\/schema.org\",\"@graph\":[{\"@type\":\"WebPage\",\"@id\":\"https:\\\/\\\/www.looduspere.ee\\\/ru\\\/\u0441\u0442\u0430\u0442\u044c\u044f\\\/unetabletid-15mg-melatoniiniga-3in1-n30\\\/\",\"url\":\"https:\\\/\\\/www.looduspere.ee\\\/ru\\\/\u0441\u0442\u0430\u0442\u044c\u044f\\\/unetabletid-15mg-melatoniiniga-3in1-n30\\\/\",\"name\":\"\u0421\u043d\u043e\u0442\u0432\u043e\u0440\u043d\u043e\u0435 \u0441 1,5 \u043c\u0433 \u043c\u0435\u043b\u0430\u0442\u043e\u043d\u0438\u043d\u0430 3 \u0432 1 N30 - \u041e\u0440\u0433\u0430\u043d\u0438\u0447\u0435\u0441\u043a\u0438\u0439 \u043c\u0430\u0433\u0430\u0437\u0438\u043d Looduspere\",\"isPartOf\":{\"@id\":\"https:\\\/\\\/www.looduspere.ee\\\/#website\"},\"primaryImageOfPage\":{\"@id\":\"https:\\\/\\\/www.looduspere.ee\\\/ru\\\/\u0441\u0442\u0430\u0442\u044c\u044f\\\/unetabletid-15mg-melatoniiniga-3in1-n30\\\/#primaryimage\"},\"image\":{\"@id\":\"https:\\\/\\\/www.looduspere.ee\\\/ru\\\/\u0441\u0442\u0430\u0442\u044c\u044f\\\/unetabletid-15mg-melatoniiniga-3in1-n30\\\/#primaryimage\"},\"thumbnailUrl\":\"https:\\\/\\\/www.looduspere.ee\\\/wp-content\\\/uploads\\\/2025\\\/12\\\/FITSF0191-e1764919996670.webp\",\"datePublished\":\"2025-11-05T07:30:42+00:00\",\"dateModified\":\"2026-01-25T13:54:23+00:00\",\"description\":\"Toidulisand, millel on kerge rahustav ja uinutav toime ning mis parandab une kvaliteeti.\",\"breadcrumb\":{\"@id\":\"https:\\\/\\\/www.looduspere.ee\\\/ru\\\/\u0441\u0442\u0430\u0442\u044c\u044f\\\/unetabletid-15mg-melatoniiniga-3in1-n30\\\/#breadcrumb\"},\"inLanguage\":\"ru-EE\",\"potentialAction\":[{\"@type\":\"ReadAction\",\"target\":[\"https:\\\/\\\/www.looduspere.ee\\\/ru\\\/\u0441\u0442\u0430\u0442\u044c\u044f\\\/unetabletid-15mg-melatoniiniga-3in1-n30\\\/\"]}]},{\"@type\":\"ImageObject\",\"inLanguage\":\"ru-EE\",\"@id\":\"https:\\\/\\\/www.looduspere.ee\\\/ru\\\/\u0441\u0442\u0430\u0442\u044c\u044f\\\/unetabletid-15mg-melatoniiniga-3in1-n30\\\/#primaryimage\",\"url\":\"https:\\\/\\\/www.looduspere.ee\\\/wp-content\\\/uploads\\\/2025\\\/12\\\/FITSF0191-e1764919996670.webp\",\"contentUrl\":\"https:\\\/\\\/www.looduspere.ee\\\/wp-content\\\/uploads\\\/2025\\\/12\\\/FITSF0191-e1764919996670.webp\",\"width\":1000,\"height\":850},{\"@type\":\"BreadcrumbList\",\"@id\":\"https:\\\/\\\/www.looduspere.ee\\\/ru\\\/\u0441\u0442\u0430\u0442\u044c\u044f\\\/unetabletid-15mg-melatoniiniga-3in1-n30\\\/#breadcrumb\",\"itemListElement\":[{\"@type\":\"ListItem\",\"position\":1,\"name\":\"\u0434\u043e\u043c\u0430\",\"item\":\"https:\\\/\\\/www.looduspere.ee\\\/ru\\\/\"},{\"@type\":\"ListItem\",\"position\":2,\"name\":\"\u0422\u043e\u0432\u0430\u0440\u044b\",\"item\":\"https:\\\/\\\/www.looduspere.ee\\\/ru\\\/%d1%82%d0%be%d0%b2%d0%b0%d1%80%d1%8b\\\/\"},{\"@type\":\"ListItem\",\"position\":3,\"name\":\"\u0421\u043d\u043e\u0442\u0432\u043e\u0440\u043d\u043e\u0435 \u0441 1,5 \u043c\u0433 \u043c\u0435\u043b\u0430\u0442\u043e\u043d\u0438\u043d\u0430 3 \u0432 1 N30\"}]},{\"@type\":\"WebSite\",\"@id\":\"https:\\\/\\\/www.looduspere.ee\\\/#website\",\"url\":\"https:\\\/\\\/www.looduspere.ee\\\/\",\"name\":\"Looduspere \u00f6kopood\",\"description\":\"\u0417\u0434\u043e\u0440\u043e\u0432\u044b\u0435 \u043e\u0440\u0433\u0430\u043d\u0438\u0447\u0435\u0441\u043a\u0438\u0435 \u0438 \u043d\u0430\u0442\u0443\u0440\u0430\u043b\u044c\u043d\u044b\u0435 \u043f\u0440\u043e\u0434\u0443\u043a\u0442\u044b\",\"publisher\":{\"@id\":\"https:\\\/\\\/www.looduspere.ee\\\/#organization\"},\"alternateName\":\"Looduspere\",\"potentialAction\":[{\"@type\":\"SearchAction\",\"target\":{\"@type\":\"EntryPoint\",\"urlTemplate\":\"https:\\\/\\\/www.looduspere.ee\\\/?s={search_term_string}\"},\"query-input\":{\"@type\":\"PropertyValueSpecification\",\"valueRequired\":true,\"valueName\":\"search_term_string\"}}],\"inLanguage\":\"ru-EE\"},{\"@type\":\"Organization\",\"@id\":\"https:\\\/\\\/www.looduspere.ee\\\/#organization\",\"name\":\"Looduspere \u00f6kopood\",\"url\":\"https:\\\/\\\/www.looduspere.ee\\\/\",\"logo\":{\"@type\":\"ImageObject\",\"inLanguage\":\"ru-EE\",\"@id\":\"https:\\\/\\\/www.looduspere.ee\\\/#\\\/schema\\\/logo\\\/image\\\/\",\"url\":\"https:\\\/\\\/www.looduspere.ee\\\/wp-content\\\/uploads\\\/2025\\\/01\\\/340768897_1025251132216623_8613010291235268142_n.jpg\",\"contentUrl\":\"https:\\\/\\\/www.looduspere.ee\\\/wp-content\\\/uploads\\\/2025\\\/01\\\/340768897_1025251132216623_8613010291235268142_n.jpg\",\"width\":1045,\"height\":1045,\"caption\":\"Looduspere \u00f6kopood\"},\"image\":{\"@id\":\"https:\\\/\\\/www.looduspere.ee\\\/#\\\/schema\\\/logo\\\/image\\\/\"},\"sameAs\":[\"https:\\\/\\\/www.facebook.com\\\/loodusperepood\",\"https:\\\/\\\/www.instagram.com\\\/looduspere\\\/\"]}]}<\/script>\n<!-- \/ Yoast SEO plugin. -->","yoast_head_json":{"title":"\u0421\u043d\u043e\u0442\u0432\u043e\u0440\u043d\u043e\u0435 \u0441 1,5 \u043c\u0433 \u043c\u0435\u043b\u0430\u0442\u043e\u043d\u0438\u043d\u0430 3 \u0432 1 N30 - \u041e\u0440\u0433\u0430\u043d\u0438\u0447\u0435\u0441\u043a\u0438\u0439 \u043c\u0430\u0433\u0430\u0437\u0438\u043d Looduspere","description":"Toidulisand, millel on kerge rahustav ja uinutav toime ning mis parandab une kvaliteeti.","robots":{"index":"index","follow":"follow","max-snippet":"max-snippet:-1","max-image-preview":"max-image-preview:large","max-video-preview":"max-video-preview:-1"},"canonical":"https:\/\/www.looduspere.ee\/ru\/\u0441\u0442\u0430\u0442\u044c\u044f\/unetabletid-15mg-melatoniiniga-3in1-n30\/","og_locale":"ru_RU","og_type":"article","og_title":"\u0421\u043d\u043e\u0442\u0432\u043e\u0440\u043d\u043e\u0435 \u0441 1,5 \u043c\u0433 \u043c\u0435\u043b\u0430\u0442\u043e\u043d\u0438\u043d\u0430 3 \u0432 1 N30 - \u041e\u0440\u0433\u0430\u043d\u0438\u0447\u0435\u0441\u043a\u0438\u0439 \u043c\u0430\u0433\u0430\u0437\u0438\u043d Looduspere","og_description":"Toidulisand, millel on kerge rahustav ja uinutav toime ning mis parandab une kvaliteeti.","og_url":"https:\/\/www.looduspere.ee\/ru\/\u0441\u0442\u0430\u0442\u044c\u044f\/unetabletid-15mg-melatoniiniga-3in1-n30\/","og_site_name":"\u041e\u0440\u0433\u0430\u043d\u0438\u0447\u0435\u0441\u043a\u0438\u0439 \u043c\u0430\u0433\u0430\u0437\u0438\u043d Looduspere","article_publisher":"https:\/\/www.facebook.com\/loodusperepood","article_modified_time":"2026-01-25T13:54:23+00:00","og_image":[{"width":1000,"height":850,"url":"https:\/\/www.looduspere.ee\/wp-content\/uploads\/2025\/12\/FITSF0191-e1764919996670.webp","type":"image\/webp"}],"twitter_card":"summary_large_image","twitter_misc":{"Est. reading time":"2 minutes"},"schema":{"@context":"https:\/\/schema.org","@graph":[{"@type":"WebPage","@id":"https:\/\/www.looduspere.ee\/ru\/\u0441\u0442\u0430\u0442\u044c\u044f\/unetabletid-15mg-melatoniiniga-3in1-n30\/","url":"https:\/\/www.looduspere.ee\/ru\/\u0441\u0442\u0430\u0442\u044c\u044f\/unetabletid-15mg-melatoniiniga-3in1-n30\/","name":"\u0421\u043d\u043e\u0442\u0432\u043e\u0440\u043d\u043e\u0435 \u0441 1,5 \u043c\u0433 \u043c\u0435\u043b\u0430\u0442\u043e\u043d\u0438\u043d\u0430 3 \u0432 1 N30 - \u041e\u0440\u0433\u0430\u043d\u0438\u0447\u0435\u0441\u043a\u0438\u0439 \u043c\u0430\u0433\u0430\u0437\u0438\u043d Looduspere","isPartOf":{"@id":"https:\/\/www.looduspere.ee\/#website"},"primaryImageOfPage":{"@id":"https:\/\/www.looduspere.ee\/ru\/\u0441\u0442\u0430\u0442\u044c\u044f\/unetabletid-15mg-melatoniiniga-3in1-n30\/#primaryimage"},"image":{"@id":"https:\/\/www.looduspere.ee\/ru\/\u0441\u0442\u0430\u0442\u044c\u044f\/unetabletid-15mg-melatoniiniga-3in1-n30\/#primaryimage"},"thumbnailUrl":"https:\/\/www.looduspere.ee\/wp-content\/uploads\/2025\/12\/FITSF0191-e1764919996670.webp","datePublished":"2025-11-05T07:30:42+00:00","dateModified":"2026-01-25T13:54:23+00:00","description":"Toidulisand, millel on kerge rahustav ja uinutav toime ning mis parandab une kvaliteeti.","breadcrumb":{"@id":"https:\/\/www.looduspere.ee\/ru\/\u0441\u0442\u0430\u0442\u044c\u044f\/unetabletid-15mg-melatoniiniga-3in1-n30\/#breadcrumb"},"inLanguage":"ru-EE","potentialAction":[{"@type":"ReadAction","target":["https:\/\/www.looduspere.ee\/ru\/\u0441\u0442\u0430\u0442\u044c\u044f\/unetabletid-15mg-melatoniiniga-3in1-n30\/"]}]},{"@type":"ImageObject","inLanguage":"ru-EE","@id":"https:\/\/www.looduspere.ee\/ru\/\u0441\u0442\u0430\u0442\u044c\u044f\/unetabletid-15mg-melatoniiniga-3in1-n30\/#primaryimage","url":"https:\/\/www.looduspere.ee\/wp-content\/uploads\/2025\/12\/FITSF0191-e1764919996670.webp","contentUrl":"https:\/\/www.looduspere.ee\/wp-content\/uploads\/2025\/12\/FITSF0191-e1764919996670.webp","width":1000,"height":850},{"@type":"BreadcrumbList","@id":"https:\/\/www.looduspere.ee\/ru\/\u0441\u0442\u0430\u0442\u044c\u044f\/unetabletid-15mg-melatoniiniga-3in1-n30\/#breadcrumb","itemListElement":[{"@type":"ListItem","position":1,"name":"\u0434\u043e\u043c\u0430","item":"https:\/\/www.looduspere.ee\/ru\/"},{"@type":"ListItem","position":2,"name":"\u0422\u043e\u0432\u0430\u0440\u044b","item":"https:\/\/www.looduspere.ee\/ru\/%d1%82%d0%be%d0%b2%d0%b0%d1%80%d1%8b\/"},{"@type":"ListItem","position":3,"name":"\u0421\u043d\u043e\u0442\u0432\u043e\u0440\u043d\u043e\u0435 \u0441 1,5 \u043c\u0433 \u043c\u0435\u043b\u0430\u0442\u043e\u043d\u0438\u043d\u0430 3 \u0432 1 N30"}]},{"@type":"WebSite","@id":"https:\/\/www.looduspere.ee\/#website","url":"https:\/\/www.looduspere.ee\/","name":"Looduspere \u00f6kopood","description":"\u0417\u0434\u043e\u0440\u043e\u0432\u044b\u0435 \u043e\u0440\u0433\u0430\u043d\u0438\u0447\u0435\u0441\u043a\u0438\u0435 \u0438 \u043d\u0430\u0442\u0443\u0440\u0430\u043b\u044c\u043d\u044b\u0435 \u043f\u0440\u043e\u0434\u0443\u043a\u0442\u044b","publisher":{"@id":"https:\/\/www.looduspere.ee\/#organization"},"alternateName":"Looduspere","potentialAction":[{"@type":"SearchAction","target":{"@type":"EntryPoint","urlTemplate":"https:\/\/www.looduspere.ee\/?s={search_term_string}"},"query-input":{"@type":"PropertyValueSpecification","valueRequired":true,"valueName":"search_term_string"}}],"inLanguage":"ru-EE"},{"@type":"Organization","@id":"https:\/\/www.looduspere.ee\/#organization","name":"Looduspere \u00f6kopood","url":"https:\/\/www.looduspere.ee\/","logo":{"@type":"ImageObject","inLanguage":"ru-EE","@id":"https:\/\/www.looduspere.ee\/#\/schema\/logo\/image\/","url":"https:\/\/www.looduspere.ee\/wp-content\/uploads\/2025\/01\/340768897_1025251132216623_8613010291235268142_n.jpg","contentUrl":"https:\/\/www.looduspere.ee\/wp-content\/uploads\/2025\/01\/340768897_1025251132216623_8613010291235268142_n.jpg","width":1045,"height":1045,"caption":"Looduspere \u00f6kopood"},"image":{"@id":"https:\/\/www.looduspere.ee\/#\/schema\/logo\/image\/"},"sameAs":["https:\/\/www.facebook.com\/loodusperepood","https:\/\/www.instagram.com\/looduspere\/"]}]}},"_links":{"self":[{"href":"https:\/\/www.looduspere.ee\/ru\/wp-json\/wp\/v2\/product\/199341","targetHints":{"allow":["GET"]}}],"collection":[{"href":"https:\/\/www.looduspere.ee\/ru\/wp-json\/wp\/v2\/product"}],"about":[{"href":"https:\/\/www.looduspere.ee\/ru\/wp-json\/wp\/v2\/types\/product"}],"replies":[{"embeddable":true,"href":"https:\/\/www.looduspere.ee\/ru\/wp-json\/wp\/v2\/comments?post=199341"}],"wp:featuredmedia":[{"embeddable":true,"href":"https:\/\/www.looduspere.ee\/ru\/wp-json\/wp\/v2\/media\/199339"}],"wp:attachment":[{"href":"https:\/\/www.looduspere.ee\/ru\/wp-json\/wp\/v2\/media?parent=199341"}],"wp:term":[{"taxonomy":"product_cat","embeddable":true,"href":"https:\/\/www.looduspere.ee\/ru\/wp-json\/wp\/v2\/product_cat?post=199341"},{"taxonomy":"product_tag","embeddable":true,"href":"https:\/\/www.looduspere.ee\/ru\/wp-json\/wp\/v2\/product_tag?post=199341"}],"curies":[{"name":"wp","href":"https:\/\/api.w.org\/{rel}","templated":true}]}}