{"id":199325,"date":"2025-11-04T15:52:10","date_gmt":"2025-11-04T13:52:10","guid":{"rendered":"https:\/\/www.looduspere.ee\/toode\/%d0%bc%d0%b0%d1%81%d0%bb%d0%be-%d0%be%d1%80%d0%b5%d0%b3%d0%b0%d0%bd%d0%be-25-%d0%bc%d0%b3-n60\/"},"modified":"2025-12-04T16:20:31","modified_gmt":"2025-12-04T14:20:31","slug":"%d0%bc%d0%b0%d1%81%d0%bb%d0%be-%d0%be%d1%80%d0%b5%d0%b3%d0%b0%d0%bd%d0%be-25-%d0%bc%d0%b3-n60","status":"publish","type":"product","link":"https:\/\/www.looduspere.ee\/ru\/\u0441\u0442\u0430\u0442\u044c\u044f\/%d0%bc%d0%b0%d1%81%d0%bb%d0%be-%d0%be%d1%80%d0%b5%d0%b3%d0%b0%d0%bd%d0%be-25-%d0%bc%d0%b3-n60\/","title":{"rendered":"\u041c\u0430\u0441\u043b\u043e \u043e\u0440\u0435\u0433\u0430\u043d\u043e 25 \u043c\u0433 N60"},"content":{"rendered":"<p>\u043e\u0431\u043b\u0430\u0434\u0430\u044e\u0449\u0438\u0439 \u0430\u043d\u0442\u0438\u0431\u0430\u043a\u0442\u0435\u0440\u0438\u0430\u043b\u044c\u043d\u044b\u043c\u0438, \u043f\u0440\u043e\u0442\u0438\u0432\u043e\u0433\u0440\u0438\u0431\u043a\u043e\u0432\u044b\u043c\u0438 \u0438 \u043f\u0440\u043e\u0442\u0438\u0432\u043e\u0432\u043e\u0441\u043f\u0430\u043b\u0438\u0442\u0435\u043b\u044c\u043d\u044b\u043c\u0438 \u0441\u0432\u043e\u0439\u0441\u0442\u0432\u0430\u043c\u0438.<\/p>\n<p>1. Antibakteriaalne toime<\/p>\n<p>Oregano \u00f5li on tuntud oma antibakteriaalsete omaduste poolest. See v\u00f5ib aidata v\u00f5idelda erinevate bakteriaalsete infektsioonidega, sealhulgas hingamisteede infektsioonide, nagu k\u00fclmetus ja bronhiit. Oregano \u00f5li aitab v\u00e4hendada patogeensete mikroobide kasvu.  <\/p>\n<p>2. Seentevastane toime<\/p>\n<p>Oregano \u00f5li on t\u00f5hus seenet\u00f5rjevahend, mis v\u00f5ib aidata v\u00f5idelda seeninfektsioonidega, nagu n\u00e4iteks p\u00e4rmseente infektsioonid (nt Candida). See v\u00f5ib aidata tasakaalustada soole mikrofloorat ja v\u00e4hendada liigset p\u00e4rmi kasvu, mis on sageli seotud seenteinfektsioonidega. <\/p>\n<p>3. P\u00f5letikuvastane toime<\/p>\n<p>Oregano \u00f5li on tuntud oma p\u00f5letikuvastaste omaduste poolest. See v\u00f5ib aidata leevendada p\u00f5letikku, mis on seotud selliste seisunditega nagu liigesevalu, p\u00f5letikuline soolehaigus v\u00f5i muud p\u00f5letikulised haigused. <\/p>\n<p>4. Immuuns\u00fcsteemi tugevdamine<\/p>\n<p>Oregano \u00f5li v\u00f5ib toetada immuuns\u00fcsteemi, aidates keha kaitsta viirus- ja bakteriaalsete infektsioonide eest. See sisaldab antioks\u00fcdante, mis kaitsevad rakke vabade radikaalide kahjustuste eest. <\/p>\n<p>5. Seedeprobleemide leevendamine<\/p>\n<p>Oregano \u00f5li v\u00f5ib aidata leevendada seedeprobleeme, nagu k\u00f5hupuhitus, gaasid v\u00f5i mao\u00e4rritus. Sellel on ka antimikroobsed omadused, mis aitavad hoida soolestiku tervist. <\/p>\n<p>6. K\u00f6ha ja hingamisteede probleemid<\/p>\n<p>Oregano \u00f5li on traditsiooniliselt kasutatud hingamisteede probleemide, n\u00e4iteks k\u00f6ha ja k\u00fclmetuse raviks. Sellel on lahjendav ja rahustav toime, mis v\u00f5ib aidata eemaldada lima ja kergendada hingamist. <\/p>\n<p>7. P\u00f5letiku v\u00e4hendamine nahal<\/p>\n<p>Oregano \u00f5lil on ka nahale kasulikud omadused. Seda v\u00f5ib kasutada v\u00e4ikeste nahainfektsioonide v\u00f5i \u00e4rrituste, nagu akne v\u00f5i seeninfektsioonide puhul. Sellel on antibakteriaalsed ja seentevastased omadused, mis aitavad nahal taastuda.  <\/p>\n<h5>Kuidas Oregano \u00f5li kapsleid v\u00f5tta?<\/h5>\n<p>V\u00f5tke \u00fcks kapsel v\u00e4hemalt kaks korda p\u00e4evas, eelistatult klaasi veega.<\/p>\n<h5>Toitumisalane teave<\/h5>\n<p>Portsjon:2 kapslit<br \/>\nPortsjonid konteineri kohta: 30<br \/>\nKogus \u00fche portsjoni kohta %NRV*<br \/>\nOregano eeterlik \u00f5li 50 mg *<br \/>\n*protsent p\u00e4evasest v\u00f5rdluskogusest<br \/>\nKoostisosad: Oregano eeterlik \u00f5li, t\u00e4iteaine: (p\u00e4evalille\u00f5li), \u017eelatiin, niiskuses\u00e4ilitajad: (gl\u00fctseriin, vesi).<\/p>\n<p>Allergeenid: Allergeenid puuduvad.<\/p>\n","protected":false},"excerpt":{"rendered":"<p>\u043e\u0431\u043b\u0430\u0434\u0430\u044e\u0449\u0438\u0439 \u0430\u043d\u0442\u0438\u0431\u0430\u043a\u0442\u0435\u0440\u0438\u0430\u043b\u044c\u043d\u044b\u043c\u0438, \u043f\u0440\u043e\u0442\u0438\u0432\u043e\u0433\u0440\u0438\u0431\u043a\u043e\u0432\u044b\u043c\u0438 \u0438 \u043f\u0440\u043e\u0442\u0438\u0432\u043e\u0432\u043e\u0441\u043f\u0430\u043b\u0438\u0442\u0435\u043b\u044c\u043d\u044b\u043c\u0438 \u0441\u0432\u043e\u0439\u0441\u0442\u0432\u0430\u043c\u0438. 1. Antibakteriaalne toime Oregano \u00f5li on tuntud oma antibakteriaalsete omaduste poolest. See v\u00f5ib aidata v\u00f5idelda erinevate bakteriaalsete infektsioonidega, sealhulgas hingamisteede infektsioonide, nagu k\u00fclmetus ja bronhiit. Oregano \u00f5li aitab v\u00e4hendada patogeensete mikroobide kasvu. 2. Seentevastane toime Oregano \u00f5li on t\u00f5hus seenet\u00f5rjevahend, mis v\u00f5ib aidata v\u00f5idelda seeninfektsioonidega, nagu n\u00e4iteks p\u00e4rmseente infektsioonid (nt Candida). See v\u00f5ib aidata&hellip;<\/p>\n","protected":false},"featured_media":199323,"comment_status":"open","ping_status":"closed","template":"","meta":[],"product_cat":[1853,1855,1859,1907,1909,1861,2372,1902,1898],"product_tag":[],"class_list":{"0":"post-199325","1":"product","2":"type-product","3":"status-publish","4":"has-post-thumbnail","6":"product_cat-dlja-immunnoj-sistemy","7":"product_cat-dlja-kozhi-nogtej-volos","8":"product_cat-dlja-pichevarenija","9":"product_cat-dlja-sportsmenov-i-fizicheski-aktivnyx","10":"product_cat-obcheukrepljajuchee","11":"product_cat-pichevye-dobavki","12":"product_cat-pichevye-dobavki-dlja-pichevarenija","13":"product_cat-pri-prostude-med","14":"product_cat-tovary-dlja-zdorovja","16":"first","17":"instock","18":"shipping-taxable","19":"purchasable","20":"product-type-simple","21":"col-xs-6 col-sm-4","22":"col-md-3 col-lg-3","23":"un-4-cols"},"yoast_head":"<!-- This site is optimized with the Yoast SEO plugin v27.4 - https:\/\/yoast.com\/product\/yoast-seo-wordpress\/ -->\n<title>\u041c\u0430\u0441\u043b\u043e \u043e\u0440\u0435\u0433\u0430\u043d\u043e 25 \u043c\u0433 N60 - \u041e\u0440\u0433\u0430\u043d\u0438\u0447\u0435\u0441\u043a\u0438\u0439 \u043c\u0430\u0433\u0430\u0437\u0438\u043d Looduspere<\/title>\n<meta name=\"description\" content=\"Oregano \u00f5li on antibakteriaalsete, seentevastaste ja p\u00f5letikuvastaste omadustega.\" \/>\n<meta name=\"robots\" content=\"index, follow, max-snippet:-1, max-image-preview:large, max-video-preview:-1\" \/>\n<link rel=\"canonical\" href=\"https:\/\/www.looduspere.ee\/ru\/\u0441\u0442\u0430\u0442\u044c\u044f\/\u043c\u0430\u0441\u043b\u043e-\u043e\u0440\u0435\u0433\u0430\u043d\u043e-25-\u043c\u0433-n60\/\" \/>\n<meta property=\"og:locale\" content=\"ru_RU\" \/>\n<meta property=\"og:type\" content=\"article\" \/>\n<meta property=\"og:title\" content=\"\u041c\u0430\u0441\u043b\u043e \u043e\u0440\u0435\u0433\u0430\u043d\u043e 25 \u043c\u0433 N60 - \u041e\u0440\u0433\u0430\u043d\u0438\u0447\u0435\u0441\u043a\u0438\u0439 \u043c\u0430\u0433\u0430\u0437\u0438\u043d Looduspere\" \/>\n<meta property=\"og:description\" content=\"Oregano \u00f5li on antibakteriaalsete, seentevastaste ja p\u00f5letikuvastaste omadustega.\" \/>\n<meta property=\"og:url\" content=\"https:\/\/www.looduspere.ee\/ru\/\u0441\u0442\u0430\u0442\u044c\u044f\/\u043c\u0430\u0441\u043b\u043e-\u043e\u0440\u0435\u0433\u0430\u043d\u043e-25-\u043c\u0433-n60\/\" \/>\n<meta property=\"og:site_name\" content=\"\u041e\u0440\u0433\u0430\u043d\u0438\u0447\u0435\u0441\u043a\u0438\u0439 \u043c\u0430\u0433\u0430\u0437\u0438\u043d Looduspere\" \/>\n<meta property=\"article:publisher\" content=\"https:\/\/www.facebook.com\/loodusperepood\" \/>\n<meta property=\"article:modified_time\" content=\"2025-12-04T14:20:31+00:00\" \/>\n<meta property=\"og:image\" content=\"https:\/\/www.looduspere.ee\/wp-content\/uploads\/2025\/12\/FITSF0091-e1764856473383.webp\" \/>\n\t<meta property=\"og:image:width\" content=\"588\" \/>\n\t<meta property=\"og:image:height\" content=\"500\" \/>\n\t<meta property=\"og:image:type\" content=\"image\/webp\" \/>\n<meta name=\"twitter:card\" content=\"summary_large_image\" \/>\n<meta name=\"twitter:label1\" content=\"Est. reading time\" \/>\n\t<meta name=\"twitter:data1\" content=\"2 minutes\" \/>\n<script type=\"application\/ld+json\" class=\"yoast-schema-graph\">{\"@context\":\"https:\\\/\\\/schema.org\",\"@graph\":[{\"@type\":\"WebPage\",\"@id\":\"https:\\\/\\\/www.looduspere.ee\\\/ru\\\/\u0441\u0442\u0430\u0442\u044c\u044f\\\/%d0%bc%d0%b0%d1%81%d0%bb%d0%be-%d0%be%d1%80%d0%b5%d0%b3%d0%b0%d0%bd%d0%be-25-%d0%bc%d0%b3-n60\\\/\",\"url\":\"https:\\\/\\\/www.looduspere.ee\\\/ru\\\/\u0441\u0442\u0430\u0442\u044c\u044f\\\/%d0%bc%d0%b0%d1%81%d0%bb%d0%be-%d0%be%d1%80%d0%b5%d0%b3%d0%b0%d0%bd%d0%be-25-%d0%bc%d0%b3-n60\\\/\",\"name\":\"\u041c\u0430\u0441\u043b\u043e \u043e\u0440\u0435\u0433\u0430\u043d\u043e 25 \u043c\u0433 N60 - \u041e\u0440\u0433\u0430\u043d\u0438\u0447\u0435\u0441\u043a\u0438\u0439 \u043c\u0430\u0433\u0430\u0437\u0438\u043d Looduspere\",\"isPartOf\":{\"@id\":\"https:\\\/\\\/www.looduspere.ee\\\/#website\"},\"primaryImageOfPage\":{\"@id\":\"https:\\\/\\\/www.looduspere.ee\\\/ru\\\/\u0441\u0442\u0430\u0442\u044c\u044f\\\/%d0%bc%d0%b0%d1%81%d0%bb%d0%be-%d0%be%d1%80%d0%b5%d0%b3%d0%b0%d0%bd%d0%be-25-%d0%bc%d0%b3-n60\\\/#primaryimage\"},\"image\":{\"@id\":\"https:\\\/\\\/www.looduspere.ee\\\/ru\\\/\u0441\u0442\u0430\u0442\u044c\u044f\\\/%d0%bc%d0%b0%d1%81%d0%bb%d0%be-%d0%be%d1%80%d0%b5%d0%b3%d0%b0%d0%bd%d0%be-25-%d0%bc%d0%b3-n60\\\/#primaryimage\"},\"thumbnailUrl\":\"https:\\\/\\\/www.looduspere.ee\\\/wp-content\\\/uploads\\\/2025\\\/12\\\/FITSF0091-e1764856473383.webp\",\"datePublished\":\"2025-11-04T13:52:10+00:00\",\"dateModified\":\"2025-12-04T14:20:31+00:00\",\"description\":\"Oregano \u00f5li on antibakteriaalsete, seentevastaste ja p\u00f5letikuvastaste omadustega.\",\"breadcrumb\":{\"@id\":\"https:\\\/\\\/www.looduspere.ee\\\/ru\\\/\u0441\u0442\u0430\u0442\u044c\u044f\\\/%d0%bc%d0%b0%d1%81%d0%bb%d0%be-%d0%be%d1%80%d0%b5%d0%b3%d0%b0%d0%bd%d0%be-25-%d0%bc%d0%b3-n60\\\/#breadcrumb\"},\"inLanguage\":\"ru-EE\",\"potentialAction\":[{\"@type\":\"ReadAction\",\"target\":[\"https:\\\/\\\/www.looduspere.ee\\\/ru\\\/\u0441\u0442\u0430\u0442\u044c\u044f\\\/%d0%bc%d0%b0%d1%81%d0%bb%d0%be-%d0%be%d1%80%d0%b5%d0%b3%d0%b0%d0%bd%d0%be-25-%d0%bc%d0%b3-n60\\\/\"]}]},{\"@type\":\"ImageObject\",\"inLanguage\":\"ru-EE\",\"@id\":\"https:\\\/\\\/www.looduspere.ee\\\/ru\\\/\u0441\u0442\u0430\u0442\u044c\u044f\\\/%d0%bc%d0%b0%d1%81%d0%bb%d0%be-%d0%be%d1%80%d0%b5%d0%b3%d0%b0%d0%bd%d0%be-25-%d0%bc%d0%b3-n60\\\/#primaryimage\",\"url\":\"https:\\\/\\\/www.looduspere.ee\\\/wp-content\\\/uploads\\\/2025\\\/12\\\/FITSF0091-e1764856473383.webp\",\"contentUrl\":\"https:\\\/\\\/www.looduspere.ee\\\/wp-content\\\/uploads\\\/2025\\\/12\\\/FITSF0091-e1764856473383.webp\",\"width\":1000,\"height\":850},{\"@type\":\"BreadcrumbList\",\"@id\":\"https:\\\/\\\/www.looduspere.ee\\\/ru\\\/\u0441\u0442\u0430\u0442\u044c\u044f\\\/%d0%bc%d0%b0%d1%81%d0%bb%d0%be-%d0%be%d1%80%d0%b5%d0%b3%d0%b0%d0%bd%d0%be-25-%d0%bc%d0%b3-n60\\\/#breadcrumb\",\"itemListElement\":[{\"@type\":\"ListItem\",\"position\":1,\"name\":\"\u0434\u043e\u043c\u0430\",\"item\":\"https:\\\/\\\/www.looduspere.ee\\\/ru\\\/\"},{\"@type\":\"ListItem\",\"position\":2,\"name\":\"\u0422\u043e\u0432\u0430\u0440\u044b\",\"item\":\"https:\\\/\\\/www.looduspere.ee\\\/ru\\\/%d1%82%d0%be%d0%b2%d0%b0%d1%80%d1%8b\\\/\"},{\"@type\":\"ListItem\",\"position\":3,\"name\":\"\u041c\u0430\u0441\u043b\u043e \u043e\u0440\u0435\u0433\u0430\u043d\u043e 25 \u043c\u0433 N60\"}]},{\"@type\":\"WebSite\",\"@id\":\"https:\\\/\\\/www.looduspere.ee\\\/#website\",\"url\":\"https:\\\/\\\/www.looduspere.ee\\\/\",\"name\":\"Looduspere \u00f6kopood\",\"description\":\"\u0417\u0434\u043e\u0440\u043e\u0432\u044b\u0435 \u043e\u0440\u0433\u0430\u043d\u0438\u0447\u0435\u0441\u043a\u0438\u0435 \u0438 \u043d\u0430\u0442\u0443\u0440\u0430\u043b\u044c\u043d\u044b\u0435 \u043f\u0440\u043e\u0434\u0443\u043a\u0442\u044b\",\"publisher\":{\"@id\":\"https:\\\/\\\/www.looduspere.ee\\\/#organization\"},\"alternateName\":\"Looduspere\",\"potentialAction\":[{\"@type\":\"SearchAction\",\"target\":{\"@type\":\"EntryPoint\",\"urlTemplate\":\"https:\\\/\\\/www.looduspere.ee\\\/?s={search_term_string}\"},\"query-input\":{\"@type\":\"PropertyValueSpecification\",\"valueRequired\":true,\"valueName\":\"search_term_string\"}}],\"inLanguage\":\"ru-EE\"},{\"@type\":\"Organization\",\"@id\":\"https:\\\/\\\/www.looduspere.ee\\\/#organization\",\"name\":\"Looduspere \u00f6kopood\",\"url\":\"https:\\\/\\\/www.looduspere.ee\\\/\",\"logo\":{\"@type\":\"ImageObject\",\"inLanguage\":\"ru-EE\",\"@id\":\"https:\\\/\\\/www.looduspere.ee\\\/#\\\/schema\\\/logo\\\/image\\\/\",\"url\":\"https:\\\/\\\/www.looduspere.ee\\\/wp-content\\\/uploads\\\/2025\\\/01\\\/340768897_1025251132216623_8613010291235268142_n.jpg\",\"contentUrl\":\"https:\\\/\\\/www.looduspere.ee\\\/wp-content\\\/uploads\\\/2025\\\/01\\\/340768897_1025251132216623_8613010291235268142_n.jpg\",\"width\":1045,\"height\":1045,\"caption\":\"Looduspere \u00f6kopood\"},\"image\":{\"@id\":\"https:\\\/\\\/www.looduspere.ee\\\/#\\\/schema\\\/logo\\\/image\\\/\"},\"sameAs\":[\"https:\\\/\\\/www.facebook.com\\\/loodusperepood\",\"https:\\\/\\\/www.instagram.com\\\/looduspere\\\/\"]}]}<\/script>\n<!-- \/ Yoast SEO plugin. -->","yoast_head_json":{"title":"\u041c\u0430\u0441\u043b\u043e \u043e\u0440\u0435\u0433\u0430\u043d\u043e 25 \u043c\u0433 N60 - \u041e\u0440\u0433\u0430\u043d\u0438\u0447\u0435\u0441\u043a\u0438\u0439 \u043c\u0430\u0433\u0430\u0437\u0438\u043d Looduspere","description":"Oregano \u00f5li on antibakteriaalsete, seentevastaste ja p\u00f5letikuvastaste omadustega.","robots":{"index":"index","follow":"follow","max-snippet":"max-snippet:-1","max-image-preview":"max-image-preview:large","max-video-preview":"max-video-preview:-1"},"canonical":"https:\/\/www.looduspere.ee\/ru\/\u0441\u0442\u0430\u0442\u044c\u044f\/\u043c\u0430\u0441\u043b\u043e-\u043e\u0440\u0435\u0433\u0430\u043d\u043e-25-\u043c\u0433-n60\/","og_locale":"ru_RU","og_type":"article","og_title":"\u041c\u0430\u0441\u043b\u043e \u043e\u0440\u0435\u0433\u0430\u043d\u043e 25 \u043c\u0433 N60 - \u041e\u0440\u0433\u0430\u043d\u0438\u0447\u0435\u0441\u043a\u0438\u0439 \u043c\u0430\u0433\u0430\u0437\u0438\u043d Looduspere","og_description":"Oregano \u00f5li on antibakteriaalsete, seentevastaste ja p\u00f5letikuvastaste omadustega.","og_url":"https:\/\/www.looduspere.ee\/ru\/\u0441\u0442\u0430\u0442\u044c\u044f\/\u043c\u0430\u0441\u043b\u043e-\u043e\u0440\u0435\u0433\u0430\u043d\u043e-25-\u043c\u0433-n60\/","og_site_name":"\u041e\u0440\u0433\u0430\u043d\u0438\u0447\u0435\u0441\u043a\u0438\u0439 \u043c\u0430\u0433\u0430\u0437\u0438\u043d Looduspere","article_publisher":"https:\/\/www.facebook.com\/loodusperepood","article_modified_time":"2025-12-04T14:20:31+00:00","og_image":[{"width":588,"height":500,"url":"https:\/\/www.looduspere.ee\/wp-content\/uploads\/2025\/12\/FITSF0091-e1764856473383.webp","type":"image\/webp"}],"twitter_card":"summary_large_image","twitter_misc":{"Est. reading time":"2 minutes"},"schema":{"@context":"https:\/\/schema.org","@graph":[{"@type":"WebPage","@id":"https:\/\/www.looduspere.ee\/ru\/\u0441\u0442\u0430\u0442\u044c\u044f\/%d0%bc%d0%b0%d1%81%d0%bb%d0%be-%d0%be%d1%80%d0%b5%d0%b3%d0%b0%d0%bd%d0%be-25-%d0%bc%d0%b3-n60\/","url":"https:\/\/www.looduspere.ee\/ru\/\u0441\u0442\u0430\u0442\u044c\u044f\/%d0%bc%d0%b0%d1%81%d0%bb%d0%be-%d0%be%d1%80%d0%b5%d0%b3%d0%b0%d0%bd%d0%be-25-%d0%bc%d0%b3-n60\/","name":"\u041c\u0430\u0441\u043b\u043e \u043e\u0440\u0435\u0433\u0430\u043d\u043e 25 \u043c\u0433 N60 - \u041e\u0440\u0433\u0430\u043d\u0438\u0447\u0435\u0441\u043a\u0438\u0439 \u043c\u0430\u0433\u0430\u0437\u0438\u043d Looduspere","isPartOf":{"@id":"https:\/\/www.looduspere.ee\/#website"},"primaryImageOfPage":{"@id":"https:\/\/www.looduspere.ee\/ru\/\u0441\u0442\u0430\u0442\u044c\u044f\/%d0%bc%d0%b0%d1%81%d0%bb%d0%be-%d0%be%d1%80%d0%b5%d0%b3%d0%b0%d0%bd%d0%be-25-%d0%bc%d0%b3-n60\/#primaryimage"},"image":{"@id":"https:\/\/www.looduspere.ee\/ru\/\u0441\u0442\u0430\u0442\u044c\u044f\/%d0%bc%d0%b0%d1%81%d0%bb%d0%be-%d0%be%d1%80%d0%b5%d0%b3%d0%b0%d0%bd%d0%be-25-%d0%bc%d0%b3-n60\/#primaryimage"},"thumbnailUrl":"https:\/\/www.looduspere.ee\/wp-content\/uploads\/2025\/12\/FITSF0091-e1764856473383.webp","datePublished":"2025-11-04T13:52:10+00:00","dateModified":"2025-12-04T14:20:31+00:00","description":"Oregano \u00f5li on antibakteriaalsete, seentevastaste ja p\u00f5letikuvastaste omadustega.","breadcrumb":{"@id":"https:\/\/www.looduspere.ee\/ru\/\u0441\u0442\u0430\u0442\u044c\u044f\/%d0%bc%d0%b0%d1%81%d0%bb%d0%be-%d0%be%d1%80%d0%b5%d0%b3%d0%b0%d0%bd%d0%be-25-%d0%bc%d0%b3-n60\/#breadcrumb"},"inLanguage":"ru-EE","potentialAction":[{"@type":"ReadAction","target":["https:\/\/www.looduspere.ee\/ru\/\u0441\u0442\u0430\u0442\u044c\u044f\/%d0%bc%d0%b0%d1%81%d0%bb%d0%be-%d0%be%d1%80%d0%b5%d0%b3%d0%b0%d0%bd%d0%be-25-%d0%bc%d0%b3-n60\/"]}]},{"@type":"ImageObject","inLanguage":"ru-EE","@id":"https:\/\/www.looduspere.ee\/ru\/\u0441\u0442\u0430\u0442\u044c\u044f\/%d0%bc%d0%b0%d1%81%d0%bb%d0%be-%d0%be%d1%80%d0%b5%d0%b3%d0%b0%d0%bd%d0%be-25-%d0%bc%d0%b3-n60\/#primaryimage","url":"https:\/\/www.looduspere.ee\/wp-content\/uploads\/2025\/12\/FITSF0091-e1764856473383.webp","contentUrl":"https:\/\/www.looduspere.ee\/wp-content\/uploads\/2025\/12\/FITSF0091-e1764856473383.webp","width":1000,"height":850},{"@type":"BreadcrumbList","@id":"https:\/\/www.looduspere.ee\/ru\/\u0441\u0442\u0430\u0442\u044c\u044f\/%d0%bc%d0%b0%d1%81%d0%bb%d0%be-%d0%be%d1%80%d0%b5%d0%b3%d0%b0%d0%bd%d0%be-25-%d0%bc%d0%b3-n60\/#breadcrumb","itemListElement":[{"@type":"ListItem","position":1,"name":"\u0434\u043e\u043c\u0430","item":"https:\/\/www.looduspere.ee\/ru\/"},{"@type":"ListItem","position":2,"name":"\u0422\u043e\u0432\u0430\u0440\u044b","item":"https:\/\/www.looduspere.ee\/ru\/%d1%82%d0%be%d0%b2%d0%b0%d1%80%d1%8b\/"},{"@type":"ListItem","position":3,"name":"\u041c\u0430\u0441\u043b\u043e \u043e\u0440\u0435\u0433\u0430\u043d\u043e 25 \u043c\u0433 N60"}]},{"@type":"WebSite","@id":"https:\/\/www.looduspere.ee\/#website","url":"https:\/\/www.looduspere.ee\/","name":"Looduspere \u00f6kopood","description":"\u0417\u0434\u043e\u0440\u043e\u0432\u044b\u0435 \u043e\u0440\u0433\u0430\u043d\u0438\u0447\u0435\u0441\u043a\u0438\u0435 \u0438 \u043d\u0430\u0442\u0443\u0440\u0430\u043b\u044c\u043d\u044b\u0435 \u043f\u0440\u043e\u0434\u0443\u043a\u0442\u044b","publisher":{"@id":"https:\/\/www.looduspere.ee\/#organization"},"alternateName":"Looduspere","potentialAction":[{"@type":"SearchAction","target":{"@type":"EntryPoint","urlTemplate":"https:\/\/www.looduspere.ee\/?s={search_term_string}"},"query-input":{"@type":"PropertyValueSpecification","valueRequired":true,"valueName":"search_term_string"}}],"inLanguage":"ru-EE"},{"@type":"Organization","@id":"https:\/\/www.looduspere.ee\/#organization","name":"Looduspere \u00f6kopood","url":"https:\/\/www.looduspere.ee\/","logo":{"@type":"ImageObject","inLanguage":"ru-EE","@id":"https:\/\/www.looduspere.ee\/#\/schema\/logo\/image\/","url":"https:\/\/www.looduspere.ee\/wp-content\/uploads\/2025\/01\/340768897_1025251132216623_8613010291235268142_n.jpg","contentUrl":"https:\/\/www.looduspere.ee\/wp-content\/uploads\/2025\/01\/340768897_1025251132216623_8613010291235268142_n.jpg","width":1045,"height":1045,"caption":"Looduspere \u00f6kopood"},"image":{"@id":"https:\/\/www.looduspere.ee\/#\/schema\/logo\/image\/"},"sameAs":["https:\/\/www.facebook.com\/loodusperepood","https:\/\/www.instagram.com\/looduspere\/"]}]}},"_links":{"self":[{"href":"https:\/\/www.looduspere.ee\/ru\/wp-json\/wp\/v2\/product\/199325","targetHints":{"allow":["GET"]}}],"collection":[{"href":"https:\/\/www.looduspere.ee\/ru\/wp-json\/wp\/v2\/product"}],"about":[{"href":"https:\/\/www.looduspere.ee\/ru\/wp-json\/wp\/v2\/types\/product"}],"replies":[{"embeddable":true,"href":"https:\/\/www.looduspere.ee\/ru\/wp-json\/wp\/v2\/comments?post=199325"}],"wp:featuredmedia":[{"embeddable":true,"href":"https:\/\/www.looduspere.ee\/ru\/wp-json\/wp\/v2\/media\/199323"}],"wp:attachment":[{"href":"https:\/\/www.looduspere.ee\/ru\/wp-json\/wp\/v2\/media?parent=199325"}],"wp:term":[{"taxonomy":"product_cat","embeddable":true,"href":"https:\/\/www.looduspere.ee\/ru\/wp-json\/wp\/v2\/product_cat?post=199325"},{"taxonomy":"product_tag","embeddable":true,"href":"https:\/\/www.looduspere.ee\/ru\/wp-json\/wp\/v2\/product_tag?post=199325"}],"curies":[{"name":"wp","href":"https:\/\/api.w.org\/{rel}","templated":true}]}}