{"id":197560,"date":"2025-05-29T12:57:21","date_gmt":"2025-05-29T09:57:21","guid":{"rendered":"https:\/\/www.looduspere.ee\/toode\/%d0%b1%d0%be%d0%bc%d0%b1%d0%b0-%d0%b4%d0%bb%d1%8f-%d0%b2%d0%b0%d0%bd%d0%bd%d1%8b-%d0%bb%d0%b0%d0%b2%d0%b0%d0%bd%d0%b4%d0%b0-125-%d0%b3\/"},"modified":"2026-04-18T22:05:43","modified_gmt":"2026-04-18T19:05:43","slug":"%d0%b1%d0%be%d0%bc%d0%b1%d0%b0-%d0%b4%d0%bb%d1%8f-%d0%b2%d0%b0%d0%bd%d0%bd%d1%8b-%d0%bb%d0%b0%d0%b2%d0%b0%d0%bd%d0%b4%d0%b0-125-%d0%b3","status":"publish","type":"product","link":"https:\/\/www.looduspere.ee\/ru\/\u0441\u0442\u0430\u0442\u044c\u044f\/%d0%b1%d0%be%d0%bc%d0%b1%d0%b0-%d0%b4%d0%bb%d1%8f-%d0%b2%d0%b0%d0%bd%d0%bd%d1%8b-%d0%bb%d0%b0%d0%b2%d0%b0%d0%bd%d0%b4%d0%b0-125-%d0%b3\/","title":{"rendered":"\u0411\u043e\u043c\u0431\u0430 \u0434\u043b\u044f \u0432\u0430\u043d\u043d\u044b \u041b\u0430\u0432\u0430\u043d\u0434\u0430 125 \u0433"},"content":{"rendered":"<p>L\u00f5hnav ja intensiivselt vahutav lavendli vannipomm, mis t\u00e4idab teie vanni imelise aroomiga.<\/p>\n<ul>\n<li>Lavendli omadused aitavad normaliseerida und ja leevendada n\u00e4rvipinget.<\/li>\n<li>Meresool \u2013 k\u00fcllastab keha kasulike mikro- ja makroelementidega.<\/li>\n<li>Naatriumvesinikkarbonaat (s\u00f6\u00f6gisooda) \u2013 Aitab eemaldada surnud nahaosakesed, \u00fchtlustades seel\u00e4bi loomulikku nahatooni.<\/li>\n<li>Sidrunhape \u2013 eemaldab kehast j\u00e4\u00e4kaineid ja toksiine, pehmendab kareda vett.<\/li>\n<li>Mandli\u00f5li \u2013 toidab, niisutab ja pehmendab nahka.<\/li>\n<li>Maisit\u00e4rklis \u2013 ahendab poore, kaitseb ja normaliseerib rasun\u00e4\u00e4rmete t\u00f6\u00f6d ning on matistava toimega.<\/li>\n<li>E-vitamiin \u2013 parandab naha regeneratiivseid omadusi, selle vereringet ja niisutust, soodustab kahjustuste kiiret paranemist, on rahustava toimega.<\/li>\n<\/ul>\n<p>Kui see vette p\u00f5rkab, hakkab pomm aktiivselt vahutama ja susisema, t\u00e4ites teie vanni meeldiva aroomi ja erksa v\u00e4rviga.<\/p>\n<p>Ei j\u00e4ta plekke kehale ega vanni.<\/p>\n<p>Kasutamine: T\u00e4ida vann sooja veega ja lahusta pomm. V\u00f5ite end vanni lasta p\u00e4rast seda, kui pall on t\u00e4ielikult lahustunud ja susisenud. Vannis veedetud aeg kokku ei tohiks \u00fcletada 20 minutit. P\u00e4rast vanni loputage end puhta veega.   <\/p>\n<p>&nbsp;<\/p>\n","protected":false},"excerpt":{"rendered":"<p>L\u00f5hnav ja intensiivselt vahutav lavendli vannipomm, mis t\u00e4idab teie vanni imelise aroomiga. Lavendli omadused aitavad normaliseerida und ja leevendada n\u00e4rvipinget. Meresool \u2013 k\u00fcllastab keha kasulike mikro- ja makroelementidega. Naatriumvesinikkarbonaat (s\u00f6\u00f6gisooda) \u2013 Aitab eemaldada surnud nahaosakesed, \u00fchtlustades seel\u00e4bi loomulikku nahatooni. Sidrunhape \u2013 eemaldab kehast j\u00e4\u00e4kaineid ja toksiine, pehmendab kareda vett. Mandli\u00f5li \u2013 toidab, niisutab ja pehmendab nahka. Maisit\u00e4rklis \u2013 ahendab poore,&hellip;<\/p>\n","protected":false},"featured_media":197559,"comment_status":"open","ping_status":"closed","template":"","meta":[],"product_cat":[1887,1820],"product_tag":[],"class_list":{"0":"post-197560","1":"product","2":"type-product","3":"status-publish","4":"has-post-thumbnail","6":"product_cat-masla-dlja-vanny-i-tela","7":"product_cat-uxod-za-telom","9":"first","10":"instock","11":"shipping-taxable","12":"purchasable","13":"product-type-simple","14":"col-xs-6 col-sm-4","15":"col-md-3 col-lg-3","16":"un-4-cols"},"yoast_head":"<!-- This site is optimized with the Yoast SEO plugin v27.4 - https:\/\/yoast.com\/product\/yoast-seo-wordpress\/ -->\n<title>\u0411\u043e\u043c\u0431\u0430 \u0434\u043b\u044f \u0432\u0430\u043d\u043d\u044b \u041b\u0430\u0432\u0430\u043d\u0434\u0430 125 \u0433 - \u041e\u0440\u0433\u0430\u043d\u0438\u0447\u0435\u0441\u043a\u0438\u0439 \u043c\u0430\u0433\u0430\u0437\u0438\u043d Looduspere<\/title>\n<meta name=\"description\" content=\"L\u00f5hnav ja intensiivselt vahutav lavendli vannipomm, mis t\u00e4idab teie vanni imelise aroomiga.\" \/>\n<meta name=\"robots\" content=\"index, follow, max-snippet:-1, max-image-preview:large, max-video-preview:-1\" \/>\n<link rel=\"canonical\" href=\"https:\/\/www.looduspere.ee\/ru\/\u0441\u0442\u0430\u0442\u044c\u044f\/\u0431\u043e\u043c\u0431\u0430-\u0434\u043b\u044f-\u0432\u0430\u043d\u043d\u044b-\u043b\u0430\u0432\u0430\u043d\u0434\u0430-125-\u0433\/\" \/>\n<meta property=\"og:locale\" content=\"ru_RU\" \/>\n<meta property=\"og:type\" content=\"article\" \/>\n<meta property=\"og:title\" content=\"\u0411\u043e\u043c\u0431\u0430 \u0434\u043b\u044f \u0432\u0430\u043d\u043d\u044b \u041b\u0430\u0432\u0430\u043d\u0434\u0430 125 \u0433 - \u041e\u0440\u0433\u0430\u043d\u0438\u0447\u0435\u0441\u043a\u0438\u0439 \u043c\u0430\u0433\u0430\u0437\u0438\u043d Looduspere\" \/>\n<meta property=\"og:description\" content=\"L\u00f5hnav ja intensiivselt vahutav lavendli vannipomm, mis t\u00e4idab teie vanni imelise aroomiga.\" \/>\n<meta property=\"og:url\" content=\"https:\/\/www.looduspere.ee\/ru\/\u0441\u0442\u0430\u0442\u044c\u044f\/\u0431\u043e\u043c\u0431\u0430-\u0434\u043b\u044f-\u0432\u0430\u043d\u043d\u044b-\u043b\u0430\u0432\u0430\u043d\u0434\u0430-125-\u0433\/\" \/>\n<meta property=\"og:site_name\" content=\"\u041e\u0440\u0433\u0430\u043d\u0438\u0447\u0435\u0441\u043a\u0438\u0439 \u043c\u0430\u0433\u0430\u0437\u0438\u043d Looduspere\" \/>\n<meta property=\"article:publisher\" content=\"https:\/\/www.facebook.com\/loodusperepood\" \/>\n<meta property=\"article:modified_time\" content=\"2026-04-18T19:05:43+00:00\" \/>\n<meta property=\"og:image\" content=\"https:\/\/www.looduspere.ee\/wp-content\/uploads\/2025\/09\/VIT13469-e1759139763330.jpg\" \/>\n\t<meta property=\"og:image:width\" content=\"500\" \/>\n\t<meta property=\"og:image:height\" content=\"500\" \/>\n\t<meta property=\"og:image:type\" content=\"image\/jpeg\" \/>\n<meta name=\"twitter:card\" content=\"summary_large_image\" \/>\n<meta name=\"twitter:label1\" content=\"Est. reading time\" \/>\n\t<meta name=\"twitter:data1\" content=\"1 minute\" \/>\n<script type=\"application\/ld+json\" class=\"yoast-schema-graph\">{\"@context\":\"https:\\\/\\\/schema.org\",\"@graph\":[{\"@type\":\"WebPage\",\"@id\":\"https:\\\/\\\/www.looduspere.ee\\\/ru\\\/\u0441\u0442\u0430\u0442\u044c\u044f\\\/%d0%b1%d0%be%d0%bc%d0%b1%d0%b0-%d0%b4%d0%bb%d1%8f-%d0%b2%d0%b0%d0%bd%d0%bd%d1%8b-%d0%bb%d0%b0%d0%b2%d0%b0%d0%bd%d0%b4%d0%b0-125-%d0%b3\\\/\",\"url\":\"https:\\\/\\\/www.looduspere.ee\\\/ru\\\/\u0441\u0442\u0430\u0442\u044c\u044f\\\/%d0%b1%d0%be%d0%bc%d0%b1%d0%b0-%d0%b4%d0%bb%d1%8f-%d0%b2%d0%b0%d0%bd%d0%bd%d1%8b-%d0%bb%d0%b0%d0%b2%d0%b0%d0%bd%d0%b4%d0%b0-125-%d0%b3\\\/\",\"name\":\"\u0411\u043e\u043c\u0431\u0430 \u0434\u043b\u044f \u0432\u0430\u043d\u043d\u044b \u041b\u0430\u0432\u0430\u043d\u0434\u0430 125 \u0433 - \u041e\u0440\u0433\u0430\u043d\u0438\u0447\u0435\u0441\u043a\u0438\u0439 \u043c\u0430\u0433\u0430\u0437\u0438\u043d Looduspere\",\"isPartOf\":{\"@id\":\"https:\\\/\\\/www.looduspere.ee\\\/#website\"},\"primaryImageOfPage\":{\"@id\":\"https:\\\/\\\/www.looduspere.ee\\\/ru\\\/\u0441\u0442\u0430\u0442\u044c\u044f\\\/%d0%b1%d0%be%d0%bc%d0%b1%d0%b0-%d0%b4%d0%bb%d1%8f-%d0%b2%d0%b0%d0%bd%d0%bd%d1%8b-%d0%bb%d0%b0%d0%b2%d0%b0%d0%bd%d0%b4%d0%b0-125-%d0%b3\\\/#primaryimage\"},\"image\":{\"@id\":\"https:\\\/\\\/www.looduspere.ee\\\/ru\\\/\u0441\u0442\u0430\u0442\u044c\u044f\\\/%d0%b1%d0%be%d0%bc%d0%b1%d0%b0-%d0%b4%d0%bb%d1%8f-%d0%b2%d0%b0%d0%bd%d0%bd%d1%8b-%d0%bb%d0%b0%d0%b2%d0%b0%d0%bd%d0%b4%d0%b0-125-%d0%b3\\\/#primaryimage\"},\"thumbnailUrl\":\"https:\\\/\\\/www.looduspere.ee\\\/wp-content\\\/uploads\\\/2025\\\/09\\\/VIT13469-e1759139763330.jpg\",\"datePublished\":\"2025-05-29T09:57:21+00:00\",\"dateModified\":\"2026-04-18T19:05:43+00:00\",\"description\":\"L\u00f5hnav ja intensiivselt vahutav lavendli vannipomm, mis t\u00e4idab teie vanni imelise aroomiga.\",\"breadcrumb\":{\"@id\":\"https:\\\/\\\/www.looduspere.ee\\\/ru\\\/\u0441\u0442\u0430\u0442\u044c\u044f\\\/%d0%b1%d0%be%d0%bc%d0%b1%d0%b0-%d0%b4%d0%bb%d1%8f-%d0%b2%d0%b0%d0%bd%d0%bd%d1%8b-%d0%bb%d0%b0%d0%b2%d0%b0%d0%bd%d0%b4%d0%b0-125-%d0%b3\\\/#breadcrumb\"},\"inLanguage\":\"ru-EE\",\"potentialAction\":[{\"@type\":\"ReadAction\",\"target\":[\"https:\\\/\\\/www.looduspere.ee\\\/ru\\\/\u0441\u0442\u0430\u0442\u044c\u044f\\\/%d0%b1%d0%be%d0%bc%d0%b1%d0%b0-%d0%b4%d0%bb%d1%8f-%d0%b2%d0%b0%d0%bd%d0%bd%d1%8b-%d0%bb%d0%b0%d0%b2%d0%b0%d0%bd%d0%b4%d0%b0-125-%d0%b3\\\/\"]}]},{\"@type\":\"ImageObject\",\"inLanguage\":\"ru-EE\",\"@id\":\"https:\\\/\\\/www.looduspere.ee\\\/ru\\\/\u0441\u0442\u0430\u0442\u044c\u044f\\\/%d0%b1%d0%be%d0%bc%d0%b1%d0%b0-%d0%b4%d0%bb%d1%8f-%d0%b2%d0%b0%d0%bd%d0%bd%d1%8b-%d0%bb%d0%b0%d0%b2%d0%b0%d0%bd%d0%b4%d0%b0-125-%d0%b3\\\/#primaryimage\",\"url\":\"https:\\\/\\\/www.looduspere.ee\\\/wp-content\\\/uploads\\\/2025\\\/09\\\/VIT13469-e1759139763330.jpg\",\"contentUrl\":\"https:\\\/\\\/www.looduspere.ee\\\/wp-content\\\/uploads\\\/2025\\\/09\\\/VIT13469-e1759139763330.jpg\",\"width\":650,\"height\":650},{\"@type\":\"BreadcrumbList\",\"@id\":\"https:\\\/\\\/www.looduspere.ee\\\/ru\\\/\u0441\u0442\u0430\u0442\u044c\u044f\\\/%d0%b1%d0%be%d0%bc%d0%b1%d0%b0-%d0%b4%d0%bb%d1%8f-%d0%b2%d0%b0%d0%bd%d0%bd%d1%8b-%d0%bb%d0%b0%d0%b2%d0%b0%d0%bd%d0%b4%d0%b0-125-%d0%b3\\\/#breadcrumb\",\"itemListElement\":[{\"@type\":\"ListItem\",\"position\":1,\"name\":\"\u0434\u043e\u043c\u0430\",\"item\":\"https:\\\/\\\/www.looduspere.ee\\\/ru\\\/\"},{\"@type\":\"ListItem\",\"position\":2,\"name\":\"\u0422\u043e\u0432\u0430\u0440\u044b\",\"item\":\"https:\\\/\\\/www.looduspere.ee\\\/ru\\\/%d1%82%d0%be%d0%b2%d0%b0%d1%80%d1%8b\\\/\"},{\"@type\":\"ListItem\",\"position\":3,\"name\":\"\u0411\u043e\u043c\u0431\u0430 \u0434\u043b\u044f \u0432\u0430\u043d\u043d\u044b \u041b\u0430\u0432\u0430\u043d\u0434\u0430 125 \u0433\"}]},{\"@type\":\"WebSite\",\"@id\":\"https:\\\/\\\/www.looduspere.ee\\\/#website\",\"url\":\"https:\\\/\\\/www.looduspere.ee\\\/\",\"name\":\"Looduspere \u00f6kopood\",\"description\":\"\u0417\u0434\u043e\u0440\u043e\u0432\u044b\u0435 \u043e\u0440\u0433\u0430\u043d\u0438\u0447\u0435\u0441\u043a\u0438\u0435 \u0438 \u043d\u0430\u0442\u0443\u0440\u0430\u043b\u044c\u043d\u044b\u0435 \u043f\u0440\u043e\u0434\u0443\u043a\u0442\u044b\",\"publisher\":{\"@id\":\"https:\\\/\\\/www.looduspere.ee\\\/#organization\"},\"alternateName\":\"Looduspere\",\"potentialAction\":[{\"@type\":\"SearchAction\",\"target\":{\"@type\":\"EntryPoint\",\"urlTemplate\":\"https:\\\/\\\/www.looduspere.ee\\\/?s={search_term_string}\"},\"query-input\":{\"@type\":\"PropertyValueSpecification\",\"valueRequired\":true,\"valueName\":\"search_term_string\"}}],\"inLanguage\":\"ru-EE\"},{\"@type\":\"Organization\",\"@id\":\"https:\\\/\\\/www.looduspere.ee\\\/#organization\",\"name\":\"Looduspere \u00f6kopood\",\"url\":\"https:\\\/\\\/www.looduspere.ee\\\/\",\"logo\":{\"@type\":\"ImageObject\",\"inLanguage\":\"ru-EE\",\"@id\":\"https:\\\/\\\/www.looduspere.ee\\\/#\\\/schema\\\/logo\\\/image\\\/\",\"url\":\"https:\\\/\\\/www.looduspere.ee\\\/wp-content\\\/uploads\\\/2025\\\/01\\\/340768897_1025251132216623_8613010291235268142_n.jpg\",\"contentUrl\":\"https:\\\/\\\/www.looduspere.ee\\\/wp-content\\\/uploads\\\/2025\\\/01\\\/340768897_1025251132216623_8613010291235268142_n.jpg\",\"width\":1045,\"height\":1045,\"caption\":\"Looduspere \u00f6kopood\"},\"image\":{\"@id\":\"https:\\\/\\\/www.looduspere.ee\\\/#\\\/schema\\\/logo\\\/image\\\/\"},\"sameAs\":[\"https:\\\/\\\/www.facebook.com\\\/loodusperepood\",\"https:\\\/\\\/www.instagram.com\\\/looduspere\\\/\"]}]}<\/script>\n<!-- \/ Yoast SEO plugin. -->","yoast_head_json":{"title":"\u0411\u043e\u043c\u0431\u0430 \u0434\u043b\u044f \u0432\u0430\u043d\u043d\u044b \u041b\u0430\u0432\u0430\u043d\u0434\u0430 125 \u0433 - \u041e\u0440\u0433\u0430\u043d\u0438\u0447\u0435\u0441\u043a\u0438\u0439 \u043c\u0430\u0433\u0430\u0437\u0438\u043d Looduspere","description":"L\u00f5hnav ja intensiivselt vahutav lavendli vannipomm, mis t\u00e4idab teie vanni imelise aroomiga.","robots":{"index":"index","follow":"follow","max-snippet":"max-snippet:-1","max-image-preview":"max-image-preview:large","max-video-preview":"max-video-preview:-1"},"canonical":"https:\/\/www.looduspere.ee\/ru\/\u0441\u0442\u0430\u0442\u044c\u044f\/\u0431\u043e\u043c\u0431\u0430-\u0434\u043b\u044f-\u0432\u0430\u043d\u043d\u044b-\u043b\u0430\u0432\u0430\u043d\u0434\u0430-125-\u0433\/","og_locale":"ru_RU","og_type":"article","og_title":"\u0411\u043e\u043c\u0431\u0430 \u0434\u043b\u044f \u0432\u0430\u043d\u043d\u044b \u041b\u0430\u0432\u0430\u043d\u0434\u0430 125 \u0433 - \u041e\u0440\u0433\u0430\u043d\u0438\u0447\u0435\u0441\u043a\u0438\u0439 \u043c\u0430\u0433\u0430\u0437\u0438\u043d Looduspere","og_description":"L\u00f5hnav ja intensiivselt vahutav lavendli vannipomm, mis t\u00e4idab teie vanni imelise aroomiga.","og_url":"https:\/\/www.looduspere.ee\/ru\/\u0441\u0442\u0430\u0442\u044c\u044f\/\u0431\u043e\u043c\u0431\u0430-\u0434\u043b\u044f-\u0432\u0430\u043d\u043d\u044b-\u043b\u0430\u0432\u0430\u043d\u0434\u0430-125-\u0433\/","og_site_name":"\u041e\u0440\u0433\u0430\u043d\u0438\u0447\u0435\u0441\u043a\u0438\u0439 \u043c\u0430\u0433\u0430\u0437\u0438\u043d Looduspere","article_publisher":"https:\/\/www.facebook.com\/loodusperepood","article_modified_time":"2026-04-18T19:05:43+00:00","og_image":[{"width":500,"height":500,"url":"https:\/\/www.looduspere.ee\/wp-content\/uploads\/2025\/09\/VIT13469-e1759139763330.jpg","type":"image\/jpeg"}],"twitter_card":"summary_large_image","twitter_misc":{"Est. reading time":"1 minute"},"schema":{"@context":"https:\/\/schema.org","@graph":[{"@type":"WebPage","@id":"https:\/\/www.looduspere.ee\/ru\/\u0441\u0442\u0430\u0442\u044c\u044f\/%d0%b1%d0%be%d0%bc%d0%b1%d0%b0-%d0%b4%d0%bb%d1%8f-%d0%b2%d0%b0%d0%bd%d0%bd%d1%8b-%d0%bb%d0%b0%d0%b2%d0%b0%d0%bd%d0%b4%d0%b0-125-%d0%b3\/","url":"https:\/\/www.looduspere.ee\/ru\/\u0441\u0442\u0430\u0442\u044c\u044f\/%d0%b1%d0%be%d0%bc%d0%b1%d0%b0-%d0%b4%d0%bb%d1%8f-%d0%b2%d0%b0%d0%bd%d0%bd%d1%8b-%d0%bb%d0%b0%d0%b2%d0%b0%d0%bd%d0%b4%d0%b0-125-%d0%b3\/","name":"\u0411\u043e\u043c\u0431\u0430 \u0434\u043b\u044f \u0432\u0430\u043d\u043d\u044b \u041b\u0430\u0432\u0430\u043d\u0434\u0430 125 \u0433 - \u041e\u0440\u0433\u0430\u043d\u0438\u0447\u0435\u0441\u043a\u0438\u0439 \u043c\u0430\u0433\u0430\u0437\u0438\u043d Looduspere","isPartOf":{"@id":"https:\/\/www.looduspere.ee\/#website"},"primaryImageOfPage":{"@id":"https:\/\/www.looduspere.ee\/ru\/\u0441\u0442\u0430\u0442\u044c\u044f\/%d0%b1%d0%be%d0%bc%d0%b1%d0%b0-%d0%b4%d0%bb%d1%8f-%d0%b2%d0%b0%d0%bd%d0%bd%d1%8b-%d0%bb%d0%b0%d0%b2%d0%b0%d0%bd%d0%b4%d0%b0-125-%d0%b3\/#primaryimage"},"image":{"@id":"https:\/\/www.looduspere.ee\/ru\/\u0441\u0442\u0430\u0442\u044c\u044f\/%d0%b1%d0%be%d0%bc%d0%b1%d0%b0-%d0%b4%d0%bb%d1%8f-%d0%b2%d0%b0%d0%bd%d0%bd%d1%8b-%d0%bb%d0%b0%d0%b2%d0%b0%d0%bd%d0%b4%d0%b0-125-%d0%b3\/#primaryimage"},"thumbnailUrl":"https:\/\/www.looduspere.ee\/wp-content\/uploads\/2025\/09\/VIT13469-e1759139763330.jpg","datePublished":"2025-05-29T09:57:21+00:00","dateModified":"2026-04-18T19:05:43+00:00","description":"L\u00f5hnav ja intensiivselt vahutav lavendli vannipomm, mis t\u00e4idab teie vanni imelise aroomiga.","breadcrumb":{"@id":"https:\/\/www.looduspere.ee\/ru\/\u0441\u0442\u0430\u0442\u044c\u044f\/%d0%b1%d0%be%d0%bc%d0%b1%d0%b0-%d0%b4%d0%bb%d1%8f-%d0%b2%d0%b0%d0%bd%d0%bd%d1%8b-%d0%bb%d0%b0%d0%b2%d0%b0%d0%bd%d0%b4%d0%b0-125-%d0%b3\/#breadcrumb"},"inLanguage":"ru-EE","potentialAction":[{"@type":"ReadAction","target":["https:\/\/www.looduspere.ee\/ru\/\u0441\u0442\u0430\u0442\u044c\u044f\/%d0%b1%d0%be%d0%bc%d0%b1%d0%b0-%d0%b4%d0%bb%d1%8f-%d0%b2%d0%b0%d0%bd%d0%bd%d1%8b-%d0%bb%d0%b0%d0%b2%d0%b0%d0%bd%d0%b4%d0%b0-125-%d0%b3\/"]}]},{"@type":"ImageObject","inLanguage":"ru-EE","@id":"https:\/\/www.looduspere.ee\/ru\/\u0441\u0442\u0430\u0442\u044c\u044f\/%d0%b1%d0%be%d0%bc%d0%b1%d0%b0-%d0%b4%d0%bb%d1%8f-%d0%b2%d0%b0%d0%bd%d0%bd%d1%8b-%d0%bb%d0%b0%d0%b2%d0%b0%d0%bd%d0%b4%d0%b0-125-%d0%b3\/#primaryimage","url":"https:\/\/www.looduspere.ee\/wp-content\/uploads\/2025\/09\/VIT13469-e1759139763330.jpg","contentUrl":"https:\/\/www.looduspere.ee\/wp-content\/uploads\/2025\/09\/VIT13469-e1759139763330.jpg","width":650,"height":650},{"@type":"BreadcrumbList","@id":"https:\/\/www.looduspere.ee\/ru\/\u0441\u0442\u0430\u0442\u044c\u044f\/%d0%b1%d0%be%d0%bc%d0%b1%d0%b0-%d0%b4%d0%bb%d1%8f-%d0%b2%d0%b0%d0%bd%d0%bd%d1%8b-%d0%bb%d0%b0%d0%b2%d0%b0%d0%bd%d0%b4%d0%b0-125-%d0%b3\/#breadcrumb","itemListElement":[{"@type":"ListItem","position":1,"name":"\u0434\u043e\u043c\u0430","item":"https:\/\/www.looduspere.ee\/ru\/"},{"@type":"ListItem","position":2,"name":"\u0422\u043e\u0432\u0430\u0440\u044b","item":"https:\/\/www.looduspere.ee\/ru\/%d1%82%d0%be%d0%b2%d0%b0%d1%80%d1%8b\/"},{"@type":"ListItem","position":3,"name":"\u0411\u043e\u043c\u0431\u0430 \u0434\u043b\u044f \u0432\u0430\u043d\u043d\u044b \u041b\u0430\u0432\u0430\u043d\u0434\u0430 125 \u0433"}]},{"@type":"WebSite","@id":"https:\/\/www.looduspere.ee\/#website","url":"https:\/\/www.looduspere.ee\/","name":"Looduspere \u00f6kopood","description":"\u0417\u0434\u043e\u0440\u043e\u0432\u044b\u0435 \u043e\u0440\u0433\u0430\u043d\u0438\u0447\u0435\u0441\u043a\u0438\u0435 \u0438 \u043d\u0430\u0442\u0443\u0440\u0430\u043b\u044c\u043d\u044b\u0435 \u043f\u0440\u043e\u0434\u0443\u043a\u0442\u044b","publisher":{"@id":"https:\/\/www.looduspere.ee\/#organization"},"alternateName":"Looduspere","potentialAction":[{"@type":"SearchAction","target":{"@type":"EntryPoint","urlTemplate":"https:\/\/www.looduspere.ee\/?s={search_term_string}"},"query-input":{"@type":"PropertyValueSpecification","valueRequired":true,"valueName":"search_term_string"}}],"inLanguage":"ru-EE"},{"@type":"Organization","@id":"https:\/\/www.looduspere.ee\/#organization","name":"Looduspere \u00f6kopood","url":"https:\/\/www.looduspere.ee\/","logo":{"@type":"ImageObject","inLanguage":"ru-EE","@id":"https:\/\/www.looduspere.ee\/#\/schema\/logo\/image\/","url":"https:\/\/www.looduspere.ee\/wp-content\/uploads\/2025\/01\/340768897_1025251132216623_8613010291235268142_n.jpg","contentUrl":"https:\/\/www.looduspere.ee\/wp-content\/uploads\/2025\/01\/340768897_1025251132216623_8613010291235268142_n.jpg","width":1045,"height":1045,"caption":"Looduspere \u00f6kopood"},"image":{"@id":"https:\/\/www.looduspere.ee\/#\/schema\/logo\/image\/"},"sameAs":["https:\/\/www.facebook.com\/loodusperepood","https:\/\/www.instagram.com\/looduspere\/"]}]}},"_links":{"self":[{"href":"https:\/\/www.looduspere.ee\/ru\/wp-json\/wp\/v2\/product\/197560","targetHints":{"allow":["GET"]}}],"collection":[{"href":"https:\/\/www.looduspere.ee\/ru\/wp-json\/wp\/v2\/product"}],"about":[{"href":"https:\/\/www.looduspere.ee\/ru\/wp-json\/wp\/v2\/types\/product"}],"replies":[{"embeddable":true,"href":"https:\/\/www.looduspere.ee\/ru\/wp-json\/wp\/v2\/comments?post=197560"}],"wp:featuredmedia":[{"embeddable":true,"href":"https:\/\/www.looduspere.ee\/ru\/wp-json\/wp\/v2\/media\/197559"}],"wp:attachment":[{"href":"https:\/\/www.looduspere.ee\/ru\/wp-json\/wp\/v2\/media?parent=197560"}],"wp:term":[{"taxonomy":"product_cat","embeddable":true,"href":"https:\/\/www.looduspere.ee\/ru\/wp-json\/wp\/v2\/product_cat?post=197560"},{"taxonomy":"product_tag","embeddable":true,"href":"https:\/\/www.looduspere.ee\/ru\/wp-json\/wp\/v2\/product_tag?post=197560"}],"curies":[{"name":"wp","href":"https:\/\/api.w.org\/{rel}","templated":true}]}}