{"id":187580,"date":"2024-09-06T11:14:22","date_gmt":"2024-09-06T08:14:22","guid":{"rendered":"https:\/\/www.looduspere.ee\/?post_type=product&#038;p=187580"},"modified":"2024-09-06T11:22:44","modified_gmt":"2024-09-06T08:22:44","slug":"%d0%b6%d0%b8%d0%b4%d0%ba%d0%be%d1%81%d1%82%d1%8c-%d0%b4%d0%bb%d1%8f-%d1%81%d1%82%d0%b8%d1%80%d0%ba%d0%b8-%d0%ba%d0%be%d0%bd%d1%86%d0%b5%d0%bd%d1%82%d1%80%d0%b0%d1%82-%d1%8f%d0%b1%d0%bb%d0%be%d0%ba","status":"publish","type":"product","link":"https:\/\/www.looduspere.ee\/ru\/\u0441\u0442\u0430\u0442\u044c\u044f\/%d0%b6%d0%b8%d0%b4%d0%ba%d0%be%d1%81%d1%82%d1%8c-%d0%b4%d0%bb%d1%8f-%d1%81%d1%82%d0%b8%d1%80%d0%ba%d0%b8-%d0%ba%d0%be%d0%bd%d1%86%d0%b5%d0%bd%d1%82%d1%80%d0%b0%d1%82-%d1%8f%d0%b1%d0%bb%d0%be%d0%ba\/","title":{"rendered":"\u0416\u0438\u0434\u043a\u043e\u0441\u0442\u044c \u0434\u043b\u044f \u0441\u0442\u0438\u0440\u043a\u0438 \u043a\u043e\u043d\u0446\u0435\u043d\u0442\u0440\u0430\u0442 Sonett 2L"},"content":{"rendered":"<p>Pesupesemise mooduls\u00fcsteem toimib 30\u00b0-95\u00b0 C juures eest- ja pealtlaetavatele pesumasinatele. Sobib k\u00f5ikide v\u00e4rviliste ja valgete puuvillasest, linasest, kanepist ja segakiududest riiete pesemiseks. Suhkru baasil valmistatud pindaktiivsed ained ja kookos\u00f5li alkoholisulfaat lagunevad sama kergesti kui seep, on \u00f5rnad nahale ning pesevad h\u00e4sti \u00fcksk\u00f5ik kui karedas vees. Seep\u00e4rast on SONETTi vedel pesemisvahend ise\u00e4ranis sobiv kareda vee puhul. Ka v\u00f5ib seda kasutada k\u00fclma vee pesuprogrammides ja tumedate r\u00f5ivaste pesemiseks.<\/p>\n<p>Koostisosad:\u00a0 Rapsi\u00f5liseep*, suhkrutensiidid, kookosrasva alkoholisulfaat, etanool (taimse tooraine k\u00e4\u00e4ritamisel), lavendli eeterlik \u00f5li*, palsamlikud lisandid*, energiseeritud vesi (*kontrollitud mahep\u00f5llundusest, kogutud looduses vabalt kasvanud taimedelt).<\/p>\n<p>4,5kg pesule 1\/2-1 korgit\u00e4it (50-100ml) kui vee karedus on 0-14dH ja 100ml kui karedus on 15-28dH. Temperatuuril \u00fcle 50\u00b0C kasutada valgete ja v\u00e4rvikindlate kangaste pesemisel SONETT pesuvalgendajat.<\/p>\n","protected":false},"excerpt":{"rendered":"<p>Pesupesemise mooduls\u00fcsteem toimib 30\u00b0-95\u00b0 C juures eest- ja pealtlaetavatele pesumasinatele. Sobib k\u00f5ikide v\u00e4rviliste ja valgete puuvillasest, linasest, kanepist ja segakiududest riiete pesemiseks. Suhkru baasil valmistatud pindaktiivsed ained ja kookos\u00f5li alkoholisulfaat lagunevad sama kergesti kui seep, on \u00f5rnad nahale ning pesevad h\u00e4sti \u00fcksk\u00f5ik kui karedas vees. Seep\u00e4rast on SONETTi vedel pesemisvahend ise\u00e4ranis sobiv kareda vee puhul. Ka v\u00f5ib seda kasutada k\u00fclma&hellip;<\/p>\n","protected":false},"featured_media":187583,"comment_status":"open","ping_status":"closed","template":"","meta":[],"product_cat":[2164,2162,1737,1733],"product_tag":[],"class_list":{"0":"post-187580","1":"product","2":"type-product","3":"status-publish","4":"has-post-thumbnail","6":"product_cat-bytovaja-ximija","7":"product_cat-vegan-ru","8":"product_cat-sredstva-dlja-stirki","9":"product_cat-sredstva-po-uxodu-za-domom","10":"product_shipping_class-1-ru-2","12":"first","13":"instock","14":"purchasable","15":"product-type-simple","16":"col-xs-6 col-sm-4","17":"col-md-3 col-lg-3","18":"un-4-cols"},"yoast_head":"<!-- This site is optimized with the Yoast SEO plugin v27.5 - https:\/\/yoast.com\/product\/yoast-seo-wordpress\/ -->\n<title>\u0416\u0438\u0434\u043a\u043e\u0441\u0442\u044c \u0434\u043b\u044f \u0441\u0442\u0438\u0440\u043a\u0438 \u043a\u043e\u043d\u0446\u0435\u043d\u0442\u0440\u0430\u0442 Sonett 2L - \u041e\u0440\u0433\u0430\u043d\u0438\u0447\u0435\u0441\u043a\u0438\u0439 \u043c\u0430\u0433\u0430\u0437\u0438\u043d Looduspere<\/title>\n<meta name=\"robots\" content=\"index, follow, max-snippet:-1, max-image-preview:large, max-video-preview:-1\" \/>\n<link rel=\"canonical\" href=\"https:\/\/www.looduspere.ee\/ru\/\u0441\u0442\u0430\u0442\u044c\u044f\/\u0436\u0438\u0434\u043a\u043e\u0441\u0442\u044c-\u0434\u043b\u044f-\u0441\u0442\u0438\u0440\u043a\u0438-\u043a\u043e\u043d\u0446\u0435\u043d\u0442\u0440\u0430\u0442-\u044f\u0431\u043b\u043e\u043a\/\" \/>\n<meta property=\"og:locale\" content=\"ru_RU\" \/>\n<meta property=\"og:type\" content=\"article\" \/>\n<meta property=\"og:title\" content=\"\u0416\u0438\u0434\u043a\u043e\u0441\u0442\u044c \u0434\u043b\u044f \u0441\u0442\u0438\u0440\u043a\u0438 \u043a\u043e\u043d\u0446\u0435\u043d\u0442\u0440\u0430\u0442 Sonett 2L - \u041e\u0440\u0433\u0430\u043d\u0438\u0447\u0435\u0441\u043a\u0438\u0439 \u043c\u0430\u0433\u0430\u0437\u0438\u043d Looduspere\" \/>\n<meta property=\"og:description\" content=\"Pesupesemise mooduls\u00fcsteem toimib 30\u00b0-95\u00b0 C juures eest- ja pealtlaetavatele pesumasinatele. Sobib k\u00f5ikide v\u00e4rviliste ja valgete puuvillasest, linasest, kanepist ja segakiududest riiete pesemiseks. Suhkru baasil valmistatud pindaktiivsed ained ja kookos\u00f5li alkoholisulfaat lagunevad sama kergesti kui seep, on \u00f5rnad nahale ning pesevad h\u00e4sti \u00fcksk\u00f5ik kui karedas vees. Seep\u00e4rast on SONETTi vedel pesemisvahend ise\u00e4ranis sobiv kareda vee puhul. Ka v\u00f5ib seda kasutada k\u00fclma&hellip;\" \/>\n<meta property=\"og:url\" content=\"https:\/\/www.looduspere.ee\/ru\/\u0441\u0442\u0430\u0442\u044c\u044f\/\u0436\u0438\u0434\u043a\u043e\u0441\u0442\u044c-\u0434\u043b\u044f-\u0441\u0442\u0438\u0440\u043a\u0438-\u043a\u043e\u043d\u0446\u0435\u043d\u0442\u0440\u0430\u0442-\u044f\u0431\u043b\u043e\u043a\/\" \/>\n<meta property=\"og:site_name\" content=\"\u041e\u0440\u0433\u0430\u043d\u0438\u0447\u0435\u0441\u043a\u0438\u0439 \u043c\u0430\u0433\u0430\u0437\u0438\u043d Looduspere\" \/>\n<meta property=\"article:publisher\" content=\"https:\/\/www.facebook.com\/loodusperepood\" \/>\n<meta property=\"article:modified_time\" content=\"2024-09-06T08:22:44+00:00\" \/>\n<meta property=\"og:image\" content=\"https:\/\/www.looduspere.ee\/wp-content\/uploads\/2024\/09\/sonett_produkte_600x613_waschmittel_lavendel_eve_leserliebling.jpg\" \/>\n\t<meta property=\"og:image:width\" content=\"600\" \/>\n\t<meta property=\"og:image:height\" content=\"713\" \/>\n\t<meta property=\"og:image:type\" content=\"image\/jpeg\" \/>\n<meta name=\"twitter:card\" content=\"summary_large_image\" \/>\n<meta name=\"twitter:label1\" content=\"Est. reading time\" \/>\n\t<meta name=\"twitter:data1\" content=\"1 minute\" \/>\n<script type=\"application\/ld+json\" class=\"yoast-schema-graph\">{\"@context\":\"https:\\\/\\\/schema.org\",\"@graph\":[{\"@type\":\"WebPage\",\"@id\":\"https:\\\/\\\/www.looduspere.ee\\\/ru\\\/\u0441\u0442\u0430\u0442\u044c\u044f\\\/%d0%b6%d0%b8%d0%b4%d0%ba%d0%be%d1%81%d1%82%d1%8c-%d0%b4%d0%bb%d1%8f-%d1%81%d1%82%d0%b8%d1%80%d0%ba%d0%b8-%d0%ba%d0%be%d0%bd%d1%86%d0%b5%d0%bd%d1%82%d1%80%d0%b0%d1%82-%d1%8f%d0%b1%d0%bb%d0%be%d0%ba\\\/\",\"url\":\"https:\\\/\\\/www.looduspere.ee\\\/ru\\\/\u0441\u0442\u0430\u0442\u044c\u044f\\\/%d0%b6%d0%b8%d0%b4%d0%ba%d0%be%d1%81%d1%82%d1%8c-%d0%b4%d0%bb%d1%8f-%d1%81%d1%82%d0%b8%d1%80%d0%ba%d0%b8-%d0%ba%d0%be%d0%bd%d1%86%d0%b5%d0%bd%d1%82%d1%80%d0%b0%d1%82-%d1%8f%d0%b1%d0%bb%d0%be%d0%ba\\\/\",\"name\":\"\u0416\u0438\u0434\u043a\u043e\u0441\u0442\u044c \u0434\u043b\u044f \u0441\u0442\u0438\u0440\u043a\u0438 \u043a\u043e\u043d\u0446\u0435\u043d\u0442\u0440\u0430\u0442 Sonett 2L - \u041e\u0440\u0433\u0430\u043d\u0438\u0447\u0435\u0441\u043a\u0438\u0439 \u043c\u0430\u0433\u0430\u0437\u0438\u043d Looduspere\",\"isPartOf\":{\"@id\":\"https:\\\/\\\/www.looduspere.ee\\\/#website\"},\"primaryImageOfPage\":{\"@id\":\"https:\\\/\\\/www.looduspere.ee\\\/ru\\\/\u0441\u0442\u0430\u0442\u044c\u044f\\\/%d0%b6%d0%b8%d0%b4%d0%ba%d0%be%d1%81%d1%82%d1%8c-%d0%b4%d0%bb%d1%8f-%d1%81%d1%82%d0%b8%d1%80%d0%ba%d0%b8-%d0%ba%d0%be%d0%bd%d1%86%d0%b5%d0%bd%d1%82%d1%80%d0%b0%d1%82-%d1%8f%d0%b1%d0%bb%d0%be%d0%ba\\\/#primaryimage\"},\"image\":{\"@id\":\"https:\\\/\\\/www.looduspere.ee\\\/ru\\\/\u0441\u0442\u0430\u0442\u044c\u044f\\\/%d0%b6%d0%b8%d0%b4%d0%ba%d0%be%d1%81%d1%82%d1%8c-%d0%b4%d0%bb%d1%8f-%d1%81%d1%82%d0%b8%d1%80%d0%ba%d0%b8-%d0%ba%d0%be%d0%bd%d1%86%d0%b5%d0%bd%d1%82%d1%80%d0%b0%d1%82-%d1%8f%d0%b1%d0%bb%d0%be%d0%ba\\\/#primaryimage\"},\"thumbnailUrl\":\"https:\\\/\\\/www.looduspere.ee\\\/wp-content\\\/uploads\\\/2024\\\/09\\\/sonett_produkte_600x613_waschmittel_lavendel_eve_leserliebling.jpg\",\"datePublished\":\"2024-09-06T08:14:22+00:00\",\"dateModified\":\"2024-09-06T08:22:44+00:00\",\"breadcrumb\":{\"@id\":\"https:\\\/\\\/www.looduspere.ee\\\/ru\\\/\u0441\u0442\u0430\u0442\u044c\u044f\\\/%d0%b6%d0%b8%d0%b4%d0%ba%d0%be%d1%81%d1%82%d1%8c-%d0%b4%d0%bb%d1%8f-%d1%81%d1%82%d0%b8%d1%80%d0%ba%d0%b8-%d0%ba%d0%be%d0%bd%d1%86%d0%b5%d0%bd%d1%82%d1%80%d0%b0%d1%82-%d1%8f%d0%b1%d0%bb%d0%be%d0%ba\\\/#breadcrumb\"},\"inLanguage\":\"ru-EE\",\"potentialAction\":[{\"@type\":\"ReadAction\",\"target\":[\"https:\\\/\\\/www.looduspere.ee\\\/ru\\\/\u0441\u0442\u0430\u0442\u044c\u044f\\\/%d0%b6%d0%b8%d0%b4%d0%ba%d0%be%d1%81%d1%82%d1%8c-%d0%b4%d0%bb%d1%8f-%d1%81%d1%82%d0%b8%d1%80%d0%ba%d0%b8-%d0%ba%d0%be%d0%bd%d1%86%d0%b5%d0%bd%d1%82%d1%80%d0%b0%d1%82-%d1%8f%d0%b1%d0%bb%d0%be%d0%ba\\\/\"]}]},{\"@type\":\"ImageObject\",\"inLanguage\":\"ru-EE\",\"@id\":\"https:\\\/\\\/www.looduspere.ee\\\/ru\\\/\u0441\u0442\u0430\u0442\u044c\u044f\\\/%d0%b6%d0%b8%d0%b4%d0%ba%d0%be%d1%81%d1%82%d1%8c-%d0%b4%d0%bb%d1%8f-%d1%81%d1%82%d0%b8%d1%80%d0%ba%d0%b8-%d0%ba%d0%be%d0%bd%d1%86%d0%b5%d0%bd%d1%82%d1%80%d0%b0%d1%82-%d1%8f%d0%b1%d0%bb%d0%be%d0%ba\\\/#primaryimage\",\"url\":\"https:\\\/\\\/www.looduspere.ee\\\/wp-content\\\/uploads\\\/2024\\\/09\\\/sonett_produkte_600x613_waschmittel_lavendel_eve_leserliebling.jpg\",\"contentUrl\":\"https:\\\/\\\/www.looduspere.ee\\\/wp-content\\\/uploads\\\/2024\\\/09\\\/sonett_produkte_600x613_waschmittel_lavendel_eve_leserliebling.jpg\",\"width\":600,\"height\":713},{\"@type\":\"BreadcrumbList\",\"@id\":\"https:\\\/\\\/www.looduspere.ee\\\/ru\\\/\u0441\u0442\u0430\u0442\u044c\u044f\\\/%d0%b6%d0%b8%d0%b4%d0%ba%d0%be%d1%81%d1%82%d1%8c-%d0%b4%d0%bb%d1%8f-%d1%81%d1%82%d0%b8%d1%80%d0%ba%d0%b8-%d0%ba%d0%be%d0%bd%d1%86%d0%b5%d0%bd%d1%82%d1%80%d0%b0%d1%82-%d1%8f%d0%b1%d0%bb%d0%be%d0%ba\\\/#breadcrumb\",\"itemListElement\":[{\"@type\":\"ListItem\",\"position\":1,\"name\":\"\u0434\u043e\u043c\u0430\",\"item\":\"https:\\\/\\\/www.looduspere.ee\\\/ru\\\/\"},{\"@type\":\"ListItem\",\"position\":2,\"name\":\"\u0422\u043e\u0432\u0430\u0440\u044b\",\"item\":\"https:\\\/\\\/www.looduspere.ee\\\/ru\\\/%d1%82%d0%be%d0%b2%d0%b0%d1%80%d1%8b\\\/\"},{\"@type\":\"ListItem\",\"position\":3,\"name\":\"\u0416\u0438\u0434\u043a\u043e\u0441\u0442\u044c \u0434\u043b\u044f \u0441\u0442\u0438\u0440\u043a\u0438 \u043a\u043e\u043d\u0446\u0435\u043d\u0442\u0440\u0430\u0442 Sonett 2L\"}]},{\"@type\":\"WebSite\",\"@id\":\"https:\\\/\\\/www.looduspere.ee\\\/#website\",\"url\":\"https:\\\/\\\/www.looduspere.ee\\\/\",\"name\":\"Looduspere \u00f6kopood\",\"description\":\"\u0417\u0434\u043e\u0440\u043e\u0432\u044b\u0435 \u043e\u0440\u0433\u0430\u043d\u0438\u0447\u0435\u0441\u043a\u0438\u0435 \u0438 \u043d\u0430\u0442\u0443\u0440\u0430\u043b\u044c\u043d\u044b\u0435 \u043f\u0440\u043e\u0434\u0443\u043a\u0442\u044b\",\"publisher\":{\"@id\":\"https:\\\/\\\/www.looduspere.ee\\\/#organization\"},\"alternateName\":\"Looduspere\",\"potentialAction\":[{\"@type\":\"SearchAction\",\"target\":{\"@type\":\"EntryPoint\",\"urlTemplate\":\"https:\\\/\\\/www.looduspere.ee\\\/?s={search_term_string}\"},\"query-input\":{\"@type\":\"PropertyValueSpecification\",\"valueRequired\":true,\"valueName\":\"search_term_string\"}}],\"inLanguage\":\"ru-EE\"},{\"@type\":\"Organization\",\"@id\":\"https:\\\/\\\/www.looduspere.ee\\\/#organization\",\"name\":\"Looduspere \u00f6kopood\",\"url\":\"https:\\\/\\\/www.looduspere.ee\\\/\",\"logo\":{\"@type\":\"ImageObject\",\"inLanguage\":\"ru-EE\",\"@id\":\"https:\\\/\\\/www.looduspere.ee\\\/#\\\/schema\\\/logo\\\/image\\\/\",\"url\":\"https:\\\/\\\/www.looduspere.ee\\\/wp-content\\\/uploads\\\/2025\\\/01\\\/340768897_1025251132216623_8613010291235268142_n.jpg\",\"contentUrl\":\"https:\\\/\\\/www.looduspere.ee\\\/wp-content\\\/uploads\\\/2025\\\/01\\\/340768897_1025251132216623_8613010291235268142_n.jpg\",\"width\":1045,\"height\":1045,\"caption\":\"Looduspere \u00f6kopood\"},\"image\":{\"@id\":\"https:\\\/\\\/www.looduspere.ee\\\/#\\\/schema\\\/logo\\\/image\\\/\"},\"sameAs\":[\"https:\\\/\\\/www.facebook.com\\\/loodusperepood\",\"https:\\\/\\\/www.instagram.com\\\/looduspere\\\/\"]}]}<\/script>\n<!-- \/ Yoast SEO plugin. -->","yoast_head_json":{"title":"\u0416\u0438\u0434\u043a\u043e\u0441\u0442\u044c \u0434\u043b\u044f \u0441\u0442\u0438\u0440\u043a\u0438 \u043a\u043e\u043d\u0446\u0435\u043d\u0442\u0440\u0430\u0442 Sonett 2L - \u041e\u0440\u0433\u0430\u043d\u0438\u0447\u0435\u0441\u043a\u0438\u0439 \u043c\u0430\u0433\u0430\u0437\u0438\u043d Looduspere","robots":{"index":"index","follow":"follow","max-snippet":"max-snippet:-1","max-image-preview":"max-image-preview:large","max-video-preview":"max-video-preview:-1"},"canonical":"https:\/\/www.looduspere.ee\/ru\/\u0441\u0442\u0430\u0442\u044c\u044f\/\u0436\u0438\u0434\u043a\u043e\u0441\u0442\u044c-\u0434\u043b\u044f-\u0441\u0442\u0438\u0440\u043a\u0438-\u043a\u043e\u043d\u0446\u0435\u043d\u0442\u0440\u0430\u0442-\u044f\u0431\u043b\u043e\u043a\/","og_locale":"ru_RU","og_type":"article","og_title":"\u0416\u0438\u0434\u043a\u043e\u0441\u0442\u044c \u0434\u043b\u044f \u0441\u0442\u0438\u0440\u043a\u0438 \u043a\u043e\u043d\u0446\u0435\u043d\u0442\u0440\u0430\u0442 Sonett 2L - \u041e\u0440\u0433\u0430\u043d\u0438\u0447\u0435\u0441\u043a\u0438\u0439 \u043c\u0430\u0433\u0430\u0437\u0438\u043d Looduspere","og_description":"Pesupesemise mooduls\u00fcsteem toimib 30\u00b0-95\u00b0 C juures eest- ja pealtlaetavatele pesumasinatele. Sobib k\u00f5ikide v\u00e4rviliste ja valgete puuvillasest, linasest, kanepist ja segakiududest riiete pesemiseks. Suhkru baasil valmistatud pindaktiivsed ained ja kookos\u00f5li alkoholisulfaat lagunevad sama kergesti kui seep, on \u00f5rnad nahale ning pesevad h\u00e4sti \u00fcksk\u00f5ik kui karedas vees. Seep\u00e4rast on SONETTi vedel pesemisvahend ise\u00e4ranis sobiv kareda vee puhul. Ka v\u00f5ib seda kasutada k\u00fclma&hellip;","og_url":"https:\/\/www.looduspere.ee\/ru\/\u0441\u0442\u0430\u0442\u044c\u044f\/\u0436\u0438\u0434\u043a\u043e\u0441\u0442\u044c-\u0434\u043b\u044f-\u0441\u0442\u0438\u0440\u043a\u0438-\u043a\u043e\u043d\u0446\u0435\u043d\u0442\u0440\u0430\u0442-\u044f\u0431\u043b\u043e\u043a\/","og_site_name":"\u041e\u0440\u0433\u0430\u043d\u0438\u0447\u0435\u0441\u043a\u0438\u0439 \u043c\u0430\u0433\u0430\u0437\u0438\u043d Looduspere","article_publisher":"https:\/\/www.facebook.com\/loodusperepood","article_modified_time":"2024-09-06T08:22:44+00:00","og_image":[{"width":600,"height":713,"url":"https:\/\/www.looduspere.ee\/wp-content\/uploads\/2024\/09\/sonett_produkte_600x613_waschmittel_lavendel_eve_leserliebling.jpg","type":"image\/jpeg"}],"twitter_card":"summary_large_image","twitter_misc":{"Est. reading time":"1 minute"},"schema":{"@context":"https:\/\/schema.org","@graph":[{"@type":"WebPage","@id":"https:\/\/www.looduspere.ee\/ru\/\u0441\u0442\u0430\u0442\u044c\u044f\/%d0%b6%d0%b8%d0%b4%d0%ba%d0%be%d1%81%d1%82%d1%8c-%d0%b4%d0%bb%d1%8f-%d1%81%d1%82%d0%b8%d1%80%d0%ba%d0%b8-%d0%ba%d0%be%d0%bd%d1%86%d0%b5%d0%bd%d1%82%d1%80%d0%b0%d1%82-%d1%8f%d0%b1%d0%bb%d0%be%d0%ba\/","url":"https:\/\/www.looduspere.ee\/ru\/\u0441\u0442\u0430\u0442\u044c\u044f\/%d0%b6%d0%b8%d0%b4%d0%ba%d0%be%d1%81%d1%82%d1%8c-%d0%b4%d0%bb%d1%8f-%d1%81%d1%82%d0%b8%d1%80%d0%ba%d0%b8-%d0%ba%d0%be%d0%bd%d1%86%d0%b5%d0%bd%d1%82%d1%80%d0%b0%d1%82-%d1%8f%d0%b1%d0%bb%d0%be%d0%ba\/","name":"\u0416\u0438\u0434\u043a\u043e\u0441\u0442\u044c \u0434\u043b\u044f \u0441\u0442\u0438\u0440\u043a\u0438 \u043a\u043e\u043d\u0446\u0435\u043d\u0442\u0440\u0430\u0442 Sonett 2L - \u041e\u0440\u0433\u0430\u043d\u0438\u0447\u0435\u0441\u043a\u0438\u0439 \u043c\u0430\u0433\u0430\u0437\u0438\u043d Looduspere","isPartOf":{"@id":"https:\/\/www.looduspere.ee\/#website"},"primaryImageOfPage":{"@id":"https:\/\/www.looduspere.ee\/ru\/\u0441\u0442\u0430\u0442\u044c\u044f\/%d0%b6%d0%b8%d0%b4%d0%ba%d0%be%d1%81%d1%82%d1%8c-%d0%b4%d0%bb%d1%8f-%d1%81%d1%82%d0%b8%d1%80%d0%ba%d0%b8-%d0%ba%d0%be%d0%bd%d1%86%d0%b5%d0%bd%d1%82%d1%80%d0%b0%d1%82-%d1%8f%d0%b1%d0%bb%d0%be%d0%ba\/#primaryimage"},"image":{"@id":"https:\/\/www.looduspere.ee\/ru\/\u0441\u0442\u0430\u0442\u044c\u044f\/%d0%b6%d0%b8%d0%b4%d0%ba%d0%be%d1%81%d1%82%d1%8c-%d0%b4%d0%bb%d1%8f-%d1%81%d1%82%d0%b8%d1%80%d0%ba%d0%b8-%d0%ba%d0%be%d0%bd%d1%86%d0%b5%d0%bd%d1%82%d1%80%d0%b0%d1%82-%d1%8f%d0%b1%d0%bb%d0%be%d0%ba\/#primaryimage"},"thumbnailUrl":"https:\/\/www.looduspere.ee\/wp-content\/uploads\/2024\/09\/sonett_produkte_600x613_waschmittel_lavendel_eve_leserliebling.jpg","datePublished":"2024-09-06T08:14:22+00:00","dateModified":"2024-09-06T08:22:44+00:00","breadcrumb":{"@id":"https:\/\/www.looduspere.ee\/ru\/\u0441\u0442\u0430\u0442\u044c\u044f\/%d0%b6%d0%b8%d0%b4%d0%ba%d0%be%d1%81%d1%82%d1%8c-%d0%b4%d0%bb%d1%8f-%d1%81%d1%82%d0%b8%d1%80%d0%ba%d0%b8-%d0%ba%d0%be%d0%bd%d1%86%d0%b5%d0%bd%d1%82%d1%80%d0%b0%d1%82-%d1%8f%d0%b1%d0%bb%d0%be%d0%ba\/#breadcrumb"},"inLanguage":"ru-EE","potentialAction":[{"@type":"ReadAction","target":["https:\/\/www.looduspere.ee\/ru\/\u0441\u0442\u0430\u0442\u044c\u044f\/%d0%b6%d0%b8%d0%b4%d0%ba%d0%be%d1%81%d1%82%d1%8c-%d0%b4%d0%bb%d1%8f-%d1%81%d1%82%d0%b8%d1%80%d0%ba%d0%b8-%d0%ba%d0%be%d0%bd%d1%86%d0%b5%d0%bd%d1%82%d1%80%d0%b0%d1%82-%d1%8f%d0%b1%d0%bb%d0%be%d0%ba\/"]}]},{"@type":"ImageObject","inLanguage":"ru-EE","@id":"https:\/\/www.looduspere.ee\/ru\/\u0441\u0442\u0430\u0442\u044c\u044f\/%d0%b6%d0%b8%d0%b4%d0%ba%d0%be%d1%81%d1%82%d1%8c-%d0%b4%d0%bb%d1%8f-%d1%81%d1%82%d0%b8%d1%80%d0%ba%d0%b8-%d0%ba%d0%be%d0%bd%d1%86%d0%b5%d0%bd%d1%82%d1%80%d0%b0%d1%82-%d1%8f%d0%b1%d0%bb%d0%be%d0%ba\/#primaryimage","url":"https:\/\/www.looduspere.ee\/wp-content\/uploads\/2024\/09\/sonett_produkte_600x613_waschmittel_lavendel_eve_leserliebling.jpg","contentUrl":"https:\/\/www.looduspere.ee\/wp-content\/uploads\/2024\/09\/sonett_produkte_600x613_waschmittel_lavendel_eve_leserliebling.jpg","width":600,"height":713},{"@type":"BreadcrumbList","@id":"https:\/\/www.looduspere.ee\/ru\/\u0441\u0442\u0430\u0442\u044c\u044f\/%d0%b6%d0%b8%d0%b4%d0%ba%d0%be%d1%81%d1%82%d1%8c-%d0%b4%d0%bb%d1%8f-%d1%81%d1%82%d0%b8%d1%80%d0%ba%d0%b8-%d0%ba%d0%be%d0%bd%d1%86%d0%b5%d0%bd%d1%82%d1%80%d0%b0%d1%82-%d1%8f%d0%b1%d0%bb%d0%be%d0%ba\/#breadcrumb","itemListElement":[{"@type":"ListItem","position":1,"name":"\u0434\u043e\u043c\u0430","item":"https:\/\/www.looduspere.ee\/ru\/"},{"@type":"ListItem","position":2,"name":"\u0422\u043e\u0432\u0430\u0440\u044b","item":"https:\/\/www.looduspere.ee\/ru\/%d1%82%d0%be%d0%b2%d0%b0%d1%80%d1%8b\/"},{"@type":"ListItem","position":3,"name":"\u0416\u0438\u0434\u043a\u043e\u0441\u0442\u044c \u0434\u043b\u044f \u0441\u0442\u0438\u0440\u043a\u0438 \u043a\u043e\u043d\u0446\u0435\u043d\u0442\u0440\u0430\u0442 Sonett 2L"}]},{"@type":"WebSite","@id":"https:\/\/www.looduspere.ee\/#website","url":"https:\/\/www.looduspere.ee\/","name":"Looduspere \u00f6kopood","description":"\u0417\u0434\u043e\u0440\u043e\u0432\u044b\u0435 \u043e\u0440\u0433\u0430\u043d\u0438\u0447\u0435\u0441\u043a\u0438\u0435 \u0438 \u043d\u0430\u0442\u0443\u0440\u0430\u043b\u044c\u043d\u044b\u0435 \u043f\u0440\u043e\u0434\u0443\u043a\u0442\u044b","publisher":{"@id":"https:\/\/www.looduspere.ee\/#organization"},"alternateName":"Looduspere","potentialAction":[{"@type":"SearchAction","target":{"@type":"EntryPoint","urlTemplate":"https:\/\/www.looduspere.ee\/?s={search_term_string}"},"query-input":{"@type":"PropertyValueSpecification","valueRequired":true,"valueName":"search_term_string"}}],"inLanguage":"ru-EE"},{"@type":"Organization","@id":"https:\/\/www.looduspere.ee\/#organization","name":"Looduspere \u00f6kopood","url":"https:\/\/www.looduspere.ee\/","logo":{"@type":"ImageObject","inLanguage":"ru-EE","@id":"https:\/\/www.looduspere.ee\/#\/schema\/logo\/image\/","url":"https:\/\/www.looduspere.ee\/wp-content\/uploads\/2025\/01\/340768897_1025251132216623_8613010291235268142_n.jpg","contentUrl":"https:\/\/www.looduspere.ee\/wp-content\/uploads\/2025\/01\/340768897_1025251132216623_8613010291235268142_n.jpg","width":1045,"height":1045,"caption":"Looduspere \u00f6kopood"},"image":{"@id":"https:\/\/www.looduspere.ee\/#\/schema\/logo\/image\/"},"sameAs":["https:\/\/www.facebook.com\/loodusperepood","https:\/\/www.instagram.com\/looduspere\/"]}]}},"_links":{"self":[{"href":"https:\/\/www.looduspere.ee\/ru\/wp-json\/wp\/v2\/product\/187580","targetHints":{"allow":["GET"]}}],"collection":[{"href":"https:\/\/www.looduspere.ee\/ru\/wp-json\/wp\/v2\/product"}],"about":[{"href":"https:\/\/www.looduspere.ee\/ru\/wp-json\/wp\/v2\/types\/product"}],"replies":[{"embeddable":true,"href":"https:\/\/www.looduspere.ee\/ru\/wp-json\/wp\/v2\/comments?post=187580"}],"wp:featuredmedia":[{"embeddable":true,"href":"https:\/\/www.looduspere.ee\/ru\/wp-json\/wp\/v2\/media\/187583"}],"wp:attachment":[{"href":"https:\/\/www.looduspere.ee\/ru\/wp-json\/wp\/v2\/media?parent=187580"}],"wp:term":[{"taxonomy":"product_cat","embeddable":true,"href":"https:\/\/www.looduspere.ee\/ru\/wp-json\/wp\/v2\/product_cat?post=187580"},{"taxonomy":"product_tag","embeddable":true,"href":"https:\/\/www.looduspere.ee\/ru\/wp-json\/wp\/v2\/product_tag?post=187580"}],"curies":[{"name":"wp","href":"https:\/\/api.w.org\/{rel}","templated":true}]}}