{"id":187332,"date":"2023-09-03T15:39:50","date_gmt":"2024-09-03T12:39:50","guid":{"rendered":"https:\/\/www.looduspere.ee\/?post_type=product&#038;p=187332"},"modified":"2024-09-03T15:50:45","modified_gmt":"2024-09-03T12:50:45","slug":"%d0%bc%d0%b0%d1%81%d1%81%d0%b0%d0%b6%d0%bd%d0%be%d0%b5-%d0%bc%d0%b0%d1%81%d0%bb%d0%be-weleda-%d1%81-%d0%b0%d1%80%d0%bd%d0%b8%d0%ba%d0%be%d0%b9-100%d0%bc%d0%bb-kopeeri-2","status":"publish","type":"product","link":"https:\/\/www.looduspere.ee\/ru\/\u0441\u0442\u0430\u0442\u044c\u044f\/%d0%bc%d0%b0%d1%81%d1%81%d0%b0%d0%b6%d0%bd%d0%be%d0%b5-%d0%bc%d0%b0%d1%81%d0%bb%d0%be-weleda-%d1%81-%d0%b0%d1%80%d0%bd%d0%b8%d0%ba%d0%be%d0%b9-100%d0%bc%d0%bb-kopeeri-2\/","title":{"rendered":"WELEDA \u0412\u043e\u0441\u0441\u0442\u0430\u043d\u0430\u0432\u043b\u0438\u0432\u0430\u044e\u0449\u0435\u0435 \u043c\u0430\u0441\u043b\u043e \u0434\u043b\u044f \u0442\u0435\u043b\u0430 \u00ab\u0413\u0440\u0430\u043d\u0430\u0442\u00bb 100\u043c\u043b"},"content":{"rendered":"<div class=\"text col-xs-12 col-mm-10 offset-xs-0 offset-mm-1 mt-4\">\n<div class=\"description\">\n<div class=\"product-info js-product-info\">\n<div>\n<div class=\"product-info js-product-info\">\n<div class=\"product-summary p2\">\n<div class=\"anchor-block\">\n<div class=\"product-description\">\n<div id=\"productDescription\" class=\"collapse\">\n<div class=\"text col-xs-12 col-mm-10 offset-xs-0 offset-mm-1 mt-4\">\n<div class=\"text col-xs-12 col-mm-10 offset-xs-0 offset-mm-1 mt-4\">\n<div class=\"description p1\">WELEDA Granaat\u00f5una taastav keha\u00f5li hooldab nahka luksuslikult. See rikkalik \u00f5li sisaldab granaat\u00f5una seemne\u00f5li, mis on tuntud oma antioks\u00fcdantsete ja naha uuenemist soodustavate omaduste poolest. Makadaamia- ja jojoba\u00f5li aitavad tugevdada naha loomulikku kaitsebarj\u00e4\u00e4ri ja parandavad naha elastsust. India puju puuviljane v\u00e4rskus, magusa apelsini ja vanilje magus aroom m\u00f5juvad meeltele sensuaalselt ja harmoniseerivalt. Aitab \u00e4ra hoida enneaegset vananemist ning taastab sileda ja pingul naha loomuliku ilu.<\/div>\n<div class=\"description p1\">Kunstlike l\u00f5hna-, v\u00e4rvi- ja s\u00e4ilitusainete vaba.<\/div>\n<div class=\"description p1\">Dermatoloogiliselt testitud.<\/div>\n<div class=\"description p1\">VEGAN ja julmusevaba toode.<\/div>\n<div class=\"description p1\">100% mahe ja looduskosmeetika<\/div>\n<div><\/div>\n<\/div>\n<\/div>\n<\/div>\n<\/div>\n<\/div>\n<\/div>\n<\/div>\n<\/div>\n<\/div>\n<\/div>\n<div class=\"product-info js-product-info\">\n<div class=\"product-summary\">\n<div class=\"text-item\">\n<div class=\"rich-text\">\n<p>INCI:<\/p>\n<\/div>\n<\/div>\n<\/div>\n<\/div>\n<\/div>\n<div class=\"product-info-main\">\n<div class=\"characteristics\">\n<div id=\"tab-short-description\" class=\"characteristics__tab-content\" role=\"tabpanel\" data-role=\"content\" aria-hidden=\"true\">\n<div class=\"simple-koostis\">\n<div class=\"product-info-main\">\n<div class=\"characteristics\">\n<div id=\"tab-short-description\" class=\"characteristics__tab-content\" role=\"tabpanel\" data-role=\"content\" aria-hidden=\"true\">\n<div class=\"simple-koostis\">\n<p>INCI:<\/p>\n<div class=\"product-info-main\">\n<div class=\"characteristics\">\n<div id=\"tab-short-description\" class=\"characteristics__tab-content\" role=\"tabpanel\" data-role=\"content\" aria-hidden=\"true\">\n<div class=\"simple-koostis\">Simmondsia Chinensis (Jojoba) Seed Oil, Sesamum Indicum (Sesame) Seed Oil, Helianthus Annuus (Sunflower) Seed Oil, Triticum Vulgare (Wheat) Germ Oil, Macadamia Ternifolia Seed Oil, Panicum Miliaceum (Millet) Seed Extract, Fragrance (Parfum)*, Punica Granatum Seed Oil, Helianthus Annuus (Sunflower) Petal Extract, Olea Europaea (Olive) Oil Unsaponifiables, Limonene*, Linalool*, Citronellol*, Geraniol*, Citral*, Eugenol*, Coumarin*, Farnesol*, *from natural essential oils<\/div>\n<\/div>\n<\/div>\n<\/div>\n<div class=\"product media\">\n<div class=\"gallery-placeholder\" data-gallery-role=\"gallery-placeholder\">\n<div class=\"fotorama--hidden\"><\/div>\n<\/div>\n<\/div>\n<p>\u00dchikuhind 1L kohta: 297,9 eur<\/p>\n<\/div>\n<\/div>\n<\/div>\n<\/div>\n<\/div>\n<\/div>\n<\/div>\n<\/div>\n","protected":false},"excerpt":{"rendered":"<p>WELEDA Granaat\u00f5una taastav keha\u00f5li hooldab nahka luksuslikult. See rikkalik \u00f5li sisaldab granaat\u00f5una seemne\u00f5li, mis on tuntud oma antioks\u00fcdantsete ja naha uuenemist soodustavate omaduste poolest. Makadaamia- ja jojoba\u00f5li aitavad tugevdada naha loomulikku kaitsebarj\u00e4\u00e4ri ja parandavad naha elastsust. India puju puuviljane v\u00e4rskus, magusa apelsini ja vanilje magus aroom m\u00f5juvad meeltele sensuaalselt ja harmoniseerivalt. Aitab \u00e4ra hoida enneaegset vananemist ning taastab sileda ja&hellip;<\/p>\n","protected":false},"featured_media":187335,"comment_status":"open","ping_status":"closed","template":"","meta":[],"product_cat":[1803,1820],"product_tag":[],"class_list":{"0":"post-187332","1":"product","2":"type-product","3":"status-publish","4":"has-post-thumbnail","6":"product_cat-prirodnaja-kosmetika","7":"product_cat-uxod-za-telom","9":"first","10":"instock","11":"shipping-taxable","12":"purchasable","13":"product-type-simple","14":"col-xs-6 col-sm-4","15":"col-md-3 col-lg-3","16":"un-4-cols"},"yoast_head":"<!-- This site is optimized with the Yoast SEO plugin v27.4 - https:\/\/yoast.com\/product\/yoast-seo-wordpress\/ -->\n<title>WELEDA \u0412\u043e\u0441\u0441\u0442\u0430\u043d\u0430\u0432\u043b\u0438\u0432\u0430\u044e\u0449\u0435\u0435 \u043c\u0430\u0441\u043b\u043e \u0434\u043b\u044f \u0442\u0435\u043b\u0430 \u00ab\u0413\u0440\u0430\u043d\u0430\u0442\u00bb 100\u043c\u043b - \u041e\u0440\u0433\u0430\u043d\u0438\u0447\u0435\u0441\u043a\u0438\u0439 \u043c\u0430\u0433\u0430\u0437\u0438\u043d Looduspere<\/title>\n<meta name=\"robots\" content=\"index, follow, max-snippet:-1, max-image-preview:large, max-video-preview:-1\" \/>\n<link rel=\"canonical\" href=\"https:\/\/www.looduspere.ee\/ru\/\u0441\u0442\u0430\u0442\u044c\u044f\/\u043c\u0430\u0441\u0441\u0430\u0436\u043d\u043e\u0435-\u043c\u0430\u0441\u043b\u043e-weleda-\u0441-\u0430\u0440\u043d\u0438\u043a\u043e\u0439-100\u043c\u043b-kopeeri-2\/\" \/>\n<meta property=\"og:locale\" content=\"ru_RU\" \/>\n<meta property=\"og:type\" content=\"article\" \/>\n<meta property=\"og:title\" content=\"WELEDA \u0412\u043e\u0441\u0441\u0442\u0430\u043d\u0430\u0432\u043b\u0438\u0432\u0430\u044e\u0449\u0435\u0435 \u043c\u0430\u0441\u043b\u043e \u0434\u043b\u044f \u0442\u0435\u043b\u0430 \u00ab\u0413\u0440\u0430\u043d\u0430\u0442\u00bb 100\u043c\u043b - \u041e\u0440\u0433\u0430\u043d\u0438\u0447\u0435\u0441\u043a\u0438\u0439 \u043c\u0430\u0433\u0430\u0437\u0438\u043d Looduspere\" \/>\n<meta property=\"og:description\" content=\"WELEDA Granaat\u00f5una taastav keha\u00f5li hooldab nahka luksuslikult. See rikkalik \u00f5li sisaldab granaat\u00f5una seemne\u00f5li, mis on tuntud oma antioks\u00fcdantsete ja naha uuenemist soodustavate omaduste poolest. Makadaamia- ja jojoba\u00f5li aitavad tugevdada naha loomulikku kaitsebarj\u00e4\u00e4ri ja parandavad naha elastsust. India puju puuviljane v\u00e4rskus, magusa apelsini ja vanilje magus aroom m\u00f5juvad meeltele sensuaalselt ja harmoniseerivalt. Aitab \u00e4ra hoida enneaegset vananemist ning taastab sileda ja&hellip;\" \/>\n<meta property=\"og:url\" content=\"https:\/\/www.looduspere.ee\/ru\/\u0441\u0442\u0430\u0442\u044c\u044f\/\u043c\u0430\u0441\u0441\u0430\u0436\u043d\u043e\u0435-\u043c\u0430\u0441\u043b\u043e-weleda-\u0441-\u0430\u0440\u043d\u0438\u043a\u043e\u0439-100\u043c\u043b-kopeeri-2\/\" \/>\n<meta property=\"og:site_name\" content=\"\u041e\u0440\u0433\u0430\u043d\u0438\u0447\u0435\u0441\u043a\u0438\u0439 \u043c\u0430\u0433\u0430\u0437\u0438\u043d Looduspere\" \/>\n<meta property=\"article:publisher\" content=\"https:\/\/www.facebook.com\/loodusperepood\" \/>\n<meta property=\"article:modified_time\" content=\"2024-09-03T12:50:45+00:00\" \/>\n<meta property=\"og:image\" content=\"https:\/\/www.looduspere.ee\/wp-content\/uploads\/2024\/09\/weleda-pomegranate-regenerating-body-oil-100ml-.webp\" \/>\n\t<meta property=\"og:image:width\" content=\"694\" \/>\n\t<meta property=\"og:image:height\" content=\"694\" \/>\n\t<meta property=\"og:image:type\" content=\"image\/webp\" \/>\n<meta name=\"twitter:card\" content=\"summary_large_image\" \/>\n<meta name=\"twitter:label1\" content=\"Est. reading time\" \/>\n\t<meta name=\"twitter:data1\" content=\"1 minute\" \/>\n<script type=\"application\/ld+json\" class=\"yoast-schema-graph\">{\"@context\":\"https:\\\/\\\/schema.org\",\"@graph\":[{\"@type\":\"WebPage\",\"@id\":\"https:\\\/\\\/www.looduspere.ee\\\/ru\\\/\u0441\u0442\u0430\u0442\u044c\u044f\\\/%d0%bc%d0%b0%d1%81%d1%81%d0%b0%d0%b6%d0%bd%d0%be%d0%b5-%d0%bc%d0%b0%d1%81%d0%bb%d0%be-weleda-%d1%81-%d0%b0%d1%80%d0%bd%d0%b8%d0%ba%d0%be%d0%b9-100%d0%bc%d0%bb-kopeeri-2\\\/\",\"url\":\"https:\\\/\\\/www.looduspere.ee\\\/ru\\\/\u0441\u0442\u0430\u0442\u044c\u044f\\\/%d0%bc%d0%b0%d1%81%d1%81%d0%b0%d0%b6%d0%bd%d0%be%d0%b5-%d0%bc%d0%b0%d1%81%d0%bb%d0%be-weleda-%d1%81-%d0%b0%d1%80%d0%bd%d0%b8%d0%ba%d0%be%d0%b9-100%d0%bc%d0%bb-kopeeri-2\\\/\",\"name\":\"WELEDA \u0412\u043e\u0441\u0441\u0442\u0430\u043d\u0430\u0432\u043b\u0438\u0432\u0430\u044e\u0449\u0435\u0435 \u043c\u0430\u0441\u043b\u043e \u0434\u043b\u044f \u0442\u0435\u043b\u0430 \u00ab\u0413\u0440\u0430\u043d\u0430\u0442\u00bb 100\u043c\u043b - \u041e\u0440\u0433\u0430\u043d\u0438\u0447\u0435\u0441\u043a\u0438\u0439 \u043c\u0430\u0433\u0430\u0437\u0438\u043d Looduspere\",\"isPartOf\":{\"@id\":\"https:\\\/\\\/www.looduspere.ee\\\/#website\"},\"primaryImageOfPage\":{\"@id\":\"https:\\\/\\\/www.looduspere.ee\\\/ru\\\/\u0441\u0442\u0430\u0442\u044c\u044f\\\/%d0%bc%d0%b0%d1%81%d1%81%d0%b0%d0%b6%d0%bd%d0%be%d0%b5-%d0%bc%d0%b0%d1%81%d0%bb%d0%be-weleda-%d1%81-%d0%b0%d1%80%d0%bd%d0%b8%d0%ba%d0%be%d0%b9-100%d0%bc%d0%bb-kopeeri-2\\\/#primaryimage\"},\"image\":{\"@id\":\"https:\\\/\\\/www.looduspere.ee\\\/ru\\\/\u0441\u0442\u0430\u0442\u044c\u044f\\\/%d0%bc%d0%b0%d1%81%d1%81%d0%b0%d0%b6%d0%bd%d0%be%d0%b5-%d0%bc%d0%b0%d1%81%d0%bb%d0%be-weleda-%d1%81-%d0%b0%d1%80%d0%bd%d0%b8%d0%ba%d0%be%d0%b9-100%d0%bc%d0%bb-kopeeri-2\\\/#primaryimage\"},\"thumbnailUrl\":\"https:\\\/\\\/www.looduspere.ee\\\/wp-content\\\/uploads\\\/2024\\\/09\\\/weleda-pomegranate-regenerating-body-oil-100ml-.webp\",\"datePublished\":\"2024-09-03T12:39:50+00:00\",\"dateModified\":\"2024-09-03T12:50:45+00:00\",\"breadcrumb\":{\"@id\":\"https:\\\/\\\/www.looduspere.ee\\\/ru\\\/\u0441\u0442\u0430\u0442\u044c\u044f\\\/%d0%bc%d0%b0%d1%81%d1%81%d0%b0%d0%b6%d0%bd%d0%be%d0%b5-%d0%bc%d0%b0%d1%81%d0%bb%d0%be-weleda-%d1%81-%d0%b0%d1%80%d0%bd%d0%b8%d0%ba%d0%be%d0%b9-100%d0%bc%d0%bb-kopeeri-2\\\/#breadcrumb\"},\"inLanguage\":\"ru-EE\",\"potentialAction\":[{\"@type\":\"ReadAction\",\"target\":[\"https:\\\/\\\/www.looduspere.ee\\\/ru\\\/\u0441\u0442\u0430\u0442\u044c\u044f\\\/%d0%bc%d0%b0%d1%81%d1%81%d0%b0%d0%b6%d0%bd%d0%be%d0%b5-%d0%bc%d0%b0%d1%81%d0%bb%d0%be-weleda-%d1%81-%d0%b0%d1%80%d0%bd%d0%b8%d0%ba%d0%be%d0%b9-100%d0%bc%d0%bb-kopeeri-2\\\/\"]}]},{\"@type\":\"ImageObject\",\"inLanguage\":\"ru-EE\",\"@id\":\"https:\\\/\\\/www.looduspere.ee\\\/ru\\\/\u0441\u0442\u0430\u0442\u044c\u044f\\\/%d0%bc%d0%b0%d1%81%d1%81%d0%b0%d0%b6%d0%bd%d0%be%d0%b5-%d0%bc%d0%b0%d1%81%d0%bb%d0%be-weleda-%d1%81-%d0%b0%d1%80%d0%bd%d0%b8%d0%ba%d0%be%d0%b9-100%d0%bc%d0%bb-kopeeri-2\\\/#primaryimage\",\"url\":\"https:\\\/\\\/www.looduspere.ee\\\/wp-content\\\/uploads\\\/2024\\\/09\\\/weleda-pomegranate-regenerating-body-oil-100ml-.webp\",\"contentUrl\":\"https:\\\/\\\/www.looduspere.ee\\\/wp-content\\\/uploads\\\/2024\\\/09\\\/weleda-pomegranate-regenerating-body-oil-100ml-.webp\",\"width\":694,\"height\":694},{\"@type\":\"BreadcrumbList\",\"@id\":\"https:\\\/\\\/www.looduspere.ee\\\/ru\\\/\u0441\u0442\u0430\u0442\u044c\u044f\\\/%d0%bc%d0%b0%d1%81%d1%81%d0%b0%d0%b6%d0%bd%d0%be%d0%b5-%d0%bc%d0%b0%d1%81%d0%bb%d0%be-weleda-%d1%81-%d0%b0%d1%80%d0%bd%d0%b8%d0%ba%d0%be%d0%b9-100%d0%bc%d0%bb-kopeeri-2\\\/#breadcrumb\",\"itemListElement\":[{\"@type\":\"ListItem\",\"position\":1,\"name\":\"\u0434\u043e\u043c\u0430\",\"item\":\"https:\\\/\\\/www.looduspere.ee\\\/ru\\\/\"},{\"@type\":\"ListItem\",\"position\":2,\"name\":\"\u0422\u043e\u0432\u0430\u0440\u044b\",\"item\":\"https:\\\/\\\/www.looduspere.ee\\\/ru\\\/%d1%82%d0%be%d0%b2%d0%b0%d1%80%d1%8b\\\/\"},{\"@type\":\"ListItem\",\"position\":3,\"name\":\"WELEDA \u0412\u043e\u0441\u0441\u0442\u0430\u043d\u0430\u0432\u043b\u0438\u0432\u0430\u044e\u0449\u0435\u0435 \u043c\u0430\u0441\u043b\u043e \u0434\u043b\u044f \u0442\u0435\u043b\u0430 \u00ab\u0413\u0440\u0430\u043d\u0430\u0442\u00bb 100\u043c\u043b\"}]},{\"@type\":\"WebSite\",\"@id\":\"https:\\\/\\\/www.looduspere.ee\\\/#website\",\"url\":\"https:\\\/\\\/www.looduspere.ee\\\/\",\"name\":\"Looduspere \u00f6kopood\",\"description\":\"\u0417\u0434\u043e\u0440\u043e\u0432\u044b\u0435 \u043e\u0440\u0433\u0430\u043d\u0438\u0447\u0435\u0441\u043a\u0438\u0435 \u0438 \u043d\u0430\u0442\u0443\u0440\u0430\u043b\u044c\u043d\u044b\u0435 \u043f\u0440\u043e\u0434\u0443\u043a\u0442\u044b\",\"publisher\":{\"@id\":\"https:\\\/\\\/www.looduspere.ee\\\/#organization\"},\"alternateName\":\"Looduspere\",\"potentialAction\":[{\"@type\":\"SearchAction\",\"target\":{\"@type\":\"EntryPoint\",\"urlTemplate\":\"https:\\\/\\\/www.looduspere.ee\\\/?s={search_term_string}\"},\"query-input\":{\"@type\":\"PropertyValueSpecification\",\"valueRequired\":true,\"valueName\":\"search_term_string\"}}],\"inLanguage\":\"ru-EE\"},{\"@type\":\"Organization\",\"@id\":\"https:\\\/\\\/www.looduspere.ee\\\/#organization\",\"name\":\"Looduspere \u00f6kopood\",\"url\":\"https:\\\/\\\/www.looduspere.ee\\\/\",\"logo\":{\"@type\":\"ImageObject\",\"inLanguage\":\"ru-EE\",\"@id\":\"https:\\\/\\\/www.looduspere.ee\\\/#\\\/schema\\\/logo\\\/image\\\/\",\"url\":\"https:\\\/\\\/www.looduspere.ee\\\/wp-content\\\/uploads\\\/2025\\\/01\\\/340768897_1025251132216623_8613010291235268142_n.jpg\",\"contentUrl\":\"https:\\\/\\\/www.looduspere.ee\\\/wp-content\\\/uploads\\\/2025\\\/01\\\/340768897_1025251132216623_8613010291235268142_n.jpg\",\"width\":1045,\"height\":1045,\"caption\":\"Looduspere \u00f6kopood\"},\"image\":{\"@id\":\"https:\\\/\\\/www.looduspere.ee\\\/#\\\/schema\\\/logo\\\/image\\\/\"},\"sameAs\":[\"https:\\\/\\\/www.facebook.com\\\/loodusperepood\",\"https:\\\/\\\/www.instagram.com\\\/looduspere\\\/\"]}]}<\/script>\n<!-- \/ Yoast SEO plugin. -->","yoast_head_json":{"title":"WELEDA \u0412\u043e\u0441\u0441\u0442\u0430\u043d\u0430\u0432\u043b\u0438\u0432\u0430\u044e\u0449\u0435\u0435 \u043c\u0430\u0441\u043b\u043e \u0434\u043b\u044f \u0442\u0435\u043b\u0430 \u00ab\u0413\u0440\u0430\u043d\u0430\u0442\u00bb 100\u043c\u043b - \u041e\u0440\u0433\u0430\u043d\u0438\u0447\u0435\u0441\u043a\u0438\u0439 \u043c\u0430\u0433\u0430\u0437\u0438\u043d Looduspere","robots":{"index":"index","follow":"follow","max-snippet":"max-snippet:-1","max-image-preview":"max-image-preview:large","max-video-preview":"max-video-preview:-1"},"canonical":"https:\/\/www.looduspere.ee\/ru\/\u0441\u0442\u0430\u0442\u044c\u044f\/\u043c\u0430\u0441\u0441\u0430\u0436\u043d\u043e\u0435-\u043c\u0430\u0441\u043b\u043e-weleda-\u0441-\u0430\u0440\u043d\u0438\u043a\u043e\u0439-100\u043c\u043b-kopeeri-2\/","og_locale":"ru_RU","og_type":"article","og_title":"WELEDA \u0412\u043e\u0441\u0441\u0442\u0430\u043d\u0430\u0432\u043b\u0438\u0432\u0430\u044e\u0449\u0435\u0435 \u043c\u0430\u0441\u043b\u043e \u0434\u043b\u044f \u0442\u0435\u043b\u0430 \u00ab\u0413\u0440\u0430\u043d\u0430\u0442\u00bb 100\u043c\u043b - \u041e\u0440\u0433\u0430\u043d\u0438\u0447\u0435\u0441\u043a\u0438\u0439 \u043c\u0430\u0433\u0430\u0437\u0438\u043d Looduspere","og_description":"WELEDA Granaat\u00f5una taastav keha\u00f5li hooldab nahka luksuslikult. See rikkalik \u00f5li sisaldab granaat\u00f5una seemne\u00f5li, mis on tuntud oma antioks\u00fcdantsete ja naha uuenemist soodustavate omaduste poolest. Makadaamia- ja jojoba\u00f5li aitavad tugevdada naha loomulikku kaitsebarj\u00e4\u00e4ri ja parandavad naha elastsust. India puju puuviljane v\u00e4rskus, magusa apelsini ja vanilje magus aroom m\u00f5juvad meeltele sensuaalselt ja harmoniseerivalt. Aitab \u00e4ra hoida enneaegset vananemist ning taastab sileda ja&hellip;","og_url":"https:\/\/www.looduspere.ee\/ru\/\u0441\u0442\u0430\u0442\u044c\u044f\/\u043c\u0430\u0441\u0441\u0430\u0436\u043d\u043e\u0435-\u043c\u0430\u0441\u043b\u043e-weleda-\u0441-\u0430\u0440\u043d\u0438\u043a\u043e\u0439-100\u043c\u043b-kopeeri-2\/","og_site_name":"\u041e\u0440\u0433\u0430\u043d\u0438\u0447\u0435\u0441\u043a\u0438\u0439 \u043c\u0430\u0433\u0430\u0437\u0438\u043d Looduspere","article_publisher":"https:\/\/www.facebook.com\/loodusperepood","article_modified_time":"2024-09-03T12:50:45+00:00","og_image":[{"width":694,"height":694,"url":"https:\/\/www.looduspere.ee\/wp-content\/uploads\/2024\/09\/weleda-pomegranate-regenerating-body-oil-100ml-.webp","type":"image\/webp"}],"twitter_card":"summary_large_image","twitter_misc":{"Est. reading time":"1 minute"},"schema":{"@context":"https:\/\/schema.org","@graph":[{"@type":"WebPage","@id":"https:\/\/www.looduspere.ee\/ru\/\u0441\u0442\u0430\u0442\u044c\u044f\/%d0%bc%d0%b0%d1%81%d1%81%d0%b0%d0%b6%d0%bd%d0%be%d0%b5-%d0%bc%d0%b0%d1%81%d0%bb%d0%be-weleda-%d1%81-%d0%b0%d1%80%d0%bd%d0%b8%d0%ba%d0%be%d0%b9-100%d0%bc%d0%bb-kopeeri-2\/","url":"https:\/\/www.looduspere.ee\/ru\/\u0441\u0442\u0430\u0442\u044c\u044f\/%d0%bc%d0%b0%d1%81%d1%81%d0%b0%d0%b6%d0%bd%d0%be%d0%b5-%d0%bc%d0%b0%d1%81%d0%bb%d0%be-weleda-%d1%81-%d0%b0%d1%80%d0%bd%d0%b8%d0%ba%d0%be%d0%b9-100%d0%bc%d0%bb-kopeeri-2\/","name":"WELEDA \u0412\u043e\u0441\u0441\u0442\u0430\u043d\u0430\u0432\u043b\u0438\u0432\u0430\u044e\u0449\u0435\u0435 \u043c\u0430\u0441\u043b\u043e \u0434\u043b\u044f \u0442\u0435\u043b\u0430 \u00ab\u0413\u0440\u0430\u043d\u0430\u0442\u00bb 100\u043c\u043b - \u041e\u0440\u0433\u0430\u043d\u0438\u0447\u0435\u0441\u043a\u0438\u0439 \u043c\u0430\u0433\u0430\u0437\u0438\u043d Looduspere","isPartOf":{"@id":"https:\/\/www.looduspere.ee\/#website"},"primaryImageOfPage":{"@id":"https:\/\/www.looduspere.ee\/ru\/\u0441\u0442\u0430\u0442\u044c\u044f\/%d0%bc%d0%b0%d1%81%d1%81%d0%b0%d0%b6%d0%bd%d0%be%d0%b5-%d0%bc%d0%b0%d1%81%d0%bb%d0%be-weleda-%d1%81-%d0%b0%d1%80%d0%bd%d0%b8%d0%ba%d0%be%d0%b9-100%d0%bc%d0%bb-kopeeri-2\/#primaryimage"},"image":{"@id":"https:\/\/www.looduspere.ee\/ru\/\u0441\u0442\u0430\u0442\u044c\u044f\/%d0%bc%d0%b0%d1%81%d1%81%d0%b0%d0%b6%d0%bd%d0%be%d0%b5-%d0%bc%d0%b0%d1%81%d0%bb%d0%be-weleda-%d1%81-%d0%b0%d1%80%d0%bd%d0%b8%d0%ba%d0%be%d0%b9-100%d0%bc%d0%bb-kopeeri-2\/#primaryimage"},"thumbnailUrl":"https:\/\/www.looduspere.ee\/wp-content\/uploads\/2024\/09\/weleda-pomegranate-regenerating-body-oil-100ml-.webp","datePublished":"2024-09-03T12:39:50+00:00","dateModified":"2024-09-03T12:50:45+00:00","breadcrumb":{"@id":"https:\/\/www.looduspere.ee\/ru\/\u0441\u0442\u0430\u0442\u044c\u044f\/%d0%bc%d0%b0%d1%81%d1%81%d0%b0%d0%b6%d0%bd%d0%be%d0%b5-%d0%bc%d0%b0%d1%81%d0%bb%d0%be-weleda-%d1%81-%d0%b0%d1%80%d0%bd%d0%b8%d0%ba%d0%be%d0%b9-100%d0%bc%d0%bb-kopeeri-2\/#breadcrumb"},"inLanguage":"ru-EE","potentialAction":[{"@type":"ReadAction","target":["https:\/\/www.looduspere.ee\/ru\/\u0441\u0442\u0430\u0442\u044c\u044f\/%d0%bc%d0%b0%d1%81%d1%81%d0%b0%d0%b6%d0%bd%d0%be%d0%b5-%d0%bc%d0%b0%d1%81%d0%bb%d0%be-weleda-%d1%81-%d0%b0%d1%80%d0%bd%d0%b8%d0%ba%d0%be%d0%b9-100%d0%bc%d0%bb-kopeeri-2\/"]}]},{"@type":"ImageObject","inLanguage":"ru-EE","@id":"https:\/\/www.looduspere.ee\/ru\/\u0441\u0442\u0430\u0442\u044c\u044f\/%d0%bc%d0%b0%d1%81%d1%81%d0%b0%d0%b6%d0%bd%d0%be%d0%b5-%d0%bc%d0%b0%d1%81%d0%bb%d0%be-weleda-%d1%81-%d0%b0%d1%80%d0%bd%d0%b8%d0%ba%d0%be%d0%b9-100%d0%bc%d0%bb-kopeeri-2\/#primaryimage","url":"https:\/\/www.looduspere.ee\/wp-content\/uploads\/2024\/09\/weleda-pomegranate-regenerating-body-oil-100ml-.webp","contentUrl":"https:\/\/www.looduspere.ee\/wp-content\/uploads\/2024\/09\/weleda-pomegranate-regenerating-body-oil-100ml-.webp","width":694,"height":694},{"@type":"BreadcrumbList","@id":"https:\/\/www.looduspere.ee\/ru\/\u0441\u0442\u0430\u0442\u044c\u044f\/%d0%bc%d0%b0%d1%81%d1%81%d0%b0%d0%b6%d0%bd%d0%be%d0%b5-%d0%bc%d0%b0%d1%81%d0%bb%d0%be-weleda-%d1%81-%d0%b0%d1%80%d0%bd%d0%b8%d0%ba%d0%be%d0%b9-100%d0%bc%d0%bb-kopeeri-2\/#breadcrumb","itemListElement":[{"@type":"ListItem","position":1,"name":"\u0434\u043e\u043c\u0430","item":"https:\/\/www.looduspere.ee\/ru\/"},{"@type":"ListItem","position":2,"name":"\u0422\u043e\u0432\u0430\u0440\u044b","item":"https:\/\/www.looduspere.ee\/ru\/%d1%82%d0%be%d0%b2%d0%b0%d1%80%d1%8b\/"},{"@type":"ListItem","position":3,"name":"WELEDA \u0412\u043e\u0441\u0441\u0442\u0430\u043d\u0430\u0432\u043b\u0438\u0432\u0430\u044e\u0449\u0435\u0435 \u043c\u0430\u0441\u043b\u043e \u0434\u043b\u044f \u0442\u0435\u043b\u0430 \u00ab\u0413\u0440\u0430\u043d\u0430\u0442\u00bb 100\u043c\u043b"}]},{"@type":"WebSite","@id":"https:\/\/www.looduspere.ee\/#website","url":"https:\/\/www.looduspere.ee\/","name":"Looduspere \u00f6kopood","description":"\u0417\u0434\u043e\u0440\u043e\u0432\u044b\u0435 \u043e\u0440\u0433\u0430\u043d\u0438\u0447\u0435\u0441\u043a\u0438\u0435 \u0438 \u043d\u0430\u0442\u0443\u0440\u0430\u043b\u044c\u043d\u044b\u0435 \u043f\u0440\u043e\u0434\u0443\u043a\u0442\u044b","publisher":{"@id":"https:\/\/www.looduspere.ee\/#organization"},"alternateName":"Looduspere","potentialAction":[{"@type":"SearchAction","target":{"@type":"EntryPoint","urlTemplate":"https:\/\/www.looduspere.ee\/?s={search_term_string}"},"query-input":{"@type":"PropertyValueSpecification","valueRequired":true,"valueName":"search_term_string"}}],"inLanguage":"ru-EE"},{"@type":"Organization","@id":"https:\/\/www.looduspere.ee\/#organization","name":"Looduspere \u00f6kopood","url":"https:\/\/www.looduspere.ee\/","logo":{"@type":"ImageObject","inLanguage":"ru-EE","@id":"https:\/\/www.looduspere.ee\/#\/schema\/logo\/image\/","url":"https:\/\/www.looduspere.ee\/wp-content\/uploads\/2025\/01\/340768897_1025251132216623_8613010291235268142_n.jpg","contentUrl":"https:\/\/www.looduspere.ee\/wp-content\/uploads\/2025\/01\/340768897_1025251132216623_8613010291235268142_n.jpg","width":1045,"height":1045,"caption":"Looduspere \u00f6kopood"},"image":{"@id":"https:\/\/www.looduspere.ee\/#\/schema\/logo\/image\/"},"sameAs":["https:\/\/www.facebook.com\/loodusperepood","https:\/\/www.instagram.com\/looduspere\/"]}]}},"_links":{"self":[{"href":"https:\/\/www.looduspere.ee\/ru\/wp-json\/wp\/v2\/product\/187332","targetHints":{"allow":["GET"]}}],"collection":[{"href":"https:\/\/www.looduspere.ee\/ru\/wp-json\/wp\/v2\/product"}],"about":[{"href":"https:\/\/www.looduspere.ee\/ru\/wp-json\/wp\/v2\/types\/product"}],"replies":[{"embeddable":true,"href":"https:\/\/www.looduspere.ee\/ru\/wp-json\/wp\/v2\/comments?post=187332"}],"wp:featuredmedia":[{"embeddable":true,"href":"https:\/\/www.looduspere.ee\/ru\/wp-json\/wp\/v2\/media\/187335"}],"wp:attachment":[{"href":"https:\/\/www.looduspere.ee\/ru\/wp-json\/wp\/v2\/media?parent=187332"}],"wp:term":[{"taxonomy":"product_cat","embeddable":true,"href":"https:\/\/www.looduspere.ee\/ru\/wp-json\/wp\/v2\/product_cat?post=187332"},{"taxonomy":"product_tag","embeddable":true,"href":"https:\/\/www.looduspere.ee\/ru\/wp-json\/wp\/v2\/product_tag?post=187332"}],"curies":[{"name":"wp","href":"https:\/\/api.w.org\/{rel}","templated":true}]}}