{"id":187274,"date":"2023-09-02T15:38:52","date_gmt":"2024-09-02T12:38:52","guid":{"rendered":"https:\/\/www.looduspere.ee\/?post_type=product&#038;p=187274"},"modified":"2024-09-02T15:44:58","modified_gmt":"2024-09-02T12:44:58","slug":"weleda-%d0%bc%d0%b0%d1%81%d0%bb%d0%be-%d0%b4%d0%bb%d1%8f-%d1%82%d0%b5%d0%bb%d0%b0-%d0%be%d1%82-%d1%80%d0%b0%d1%81%d1%82%d1%8f%d0%b6%d0%b5%d0%ba-150-%d0%bc%d0%bb-kopeeri","status":"publish","type":"product","link":"https:\/\/www.looduspere.ee\/ru\/\u0441\u0442\u0430\u0442\u044c\u044f\/weleda-%d0%bc%d0%b0%d1%81%d0%bb%d0%be-%d0%b4%d0%bb%d1%8f-%d1%82%d0%b5%d0%bb%d0%b0-%d0%be%d1%82-%d1%80%d0%b0%d1%81%d1%82%d1%8f%d0%b6%d0%b5%d0%ba-150-%d0%bc%d0%bb-kopeeri\/","title":{"rendered":"Weleda \u041e\u0447\u0438\u0449\u0430\u044e\u0449\u0438\u0439 \u0433\u0435\u043b\u044c \u0434\u043b\u044f \u0443\u043c\u044b\u0432\u0430\u043d\u0438\u044f \u0441 \u043a\u043e\u0440\u043e\u0439 \u0438\u0432\u044b 100 \u043c\u043b"},"content":{"rendered":"<div class=\"description p1\">S\u00fcgavpuhastav n\u00e4opesugeel probleemsele nahale<\/div>\n<div class=\"product-info js-product-info\">\n<div class=\"product-summary p2\">Puhastab poore s\u00fcgavuti, eemaldab mustuse ja muudab su naha taas s\u00e4ravaks.<\/div>\n<div>\n<p>See imeliselt kerge ja puhastav n\u00e4opesugeel sisaldab looduslikke koostisosi nagu pajukoore antibakteriaalset ekstrakti ja rahustavat lagritsaekstrakti.<\/p>\n<p>See on ideaalne kombinatsioon probleemsele nahale. V\u00e4hendab rasu ja aitab takistada vistrike teket.<\/p>\n<p>Geel v\u00e4hendab komedoonide teket, eemaldab igap\u00e4evase mustuse ja \u00fcleliigse rasu. Muudab naha s\u00e4ravaks ja puhtaks.<\/p>\n<p>Kliiniliselt testitud:<br \/>\nV\u00e4hendab vistrikke ja komedoone<br \/>\nV\u00e4hendab \u00fcleliigset rasu, l\u00e4iget ja punetust<br \/>\nRahustab nahka ja ei kuivata seda<\/p>\n<p>Kasuta hommikuti ja \u00f5htuti. Niisuta oma k\u00e4si sooja veega, v\u00f5ta v\u00e4ike kogus geeli k\u00e4tele ja masseeri seda ringjate liigutustega n\u00e4ole ja kaelale. V\u00e4ldi silma sattumist. Loputa hoolikalt sooja veega<\/p>\n<div class=\"description\">\n<div class=\"product-info js-product-info\">\n<div>\n<div class=\"product-info js-product-info\">\n<div class=\"product-summary p2\">\n<div class=\"product-info js-product-info\">\n<div class=\"buy\">\n<div class=\"size-info\">\n<div class=\"single-sku\"><span class=\"wl-c1 ng-binding\">100 ml<\/span><\/div>\n<\/div>\n<\/div>\n<\/div>\n<\/div>\n<div><\/div>\n<\/div>\n<\/div>\n<div class=\"buy\">\n<div class=\"size-info\">\n<div><\/div>\n<\/div>\n<\/div>\n<\/div>\n<\/div>\n<div class=\"product-info js-product-info\">\n<div class=\"product-summary\">\n<div class=\"text-item\">\n<div class=\"rich-text\">\n<p>INCI:<\/p>\n<div class=\"product-info-main\">\n<div class=\"characteristics\">\n<div id=\"tab-short-description\" class=\"characteristics__tab-content\" role=\"tabpanel\" data-role=\"content\" aria-hidden=\"true\">\n<div class=\"simple-koostis\">Water (Aqua), Glycerin, Alcohol, Disodium Cocoyl Glutamate, Coco-Glucoside, Fragrance (Parfum)*, Xanthan Gum, Sodium Cocoyl Glutamate, Salix Alba\/Daphnoides\/Fragilis\/Purpurea Bark Extract, Glycyrrhiza Glabra (Licorice) Root Extract, Hamamelis Virginiana (Witch Hazel) Water, Carrageenan, Tocopherol, Lecithin, Citric Acid, Glyceryl Oleate, Hydrogenated Palm Glycerides Citrate, Ascorbyl Palmitate, Limonene*, Linalool*, Citral*. *Sisaldub looduslikes eeterlikes \u00f5lides<\/div>\n<\/div>\n<\/div>\n<\/div>\n<div class=\"product media\">\n<div class=\"gallery-placeholder\" data-gallery-role=\"gallery-placeholder\">\n<div class=\"fotorama--hidden\"><\/div>\n<\/div>\n<\/div>\n<p>\u00dchikuhind 1L kohta: 144,50 eur<\/p>\n<\/div>\n<\/div>\n<\/div>\n<\/div>\n<\/div>\n<\/div>\n","protected":false},"excerpt":{"rendered":"<p>S\u00fcgavpuhastav n\u00e4opesugeel probleemsele nahale Puhastab poore s\u00fcgavuti, eemaldab mustuse ja muudab su naha taas s\u00e4ravaks. See imeliselt kerge ja puhastav n\u00e4opesugeel sisaldab looduslikke koostisosi nagu pajukoore antibakteriaalset ekstrakti ja rahustavat lagritsaekstrakti. See on ideaalne kombinatsioon probleemsele nahale. V\u00e4hendab rasu ja aitab takistada vistrike teket. Geel v\u00e4hendab komedoonide teket, eemaldab igap\u00e4evase mustuse ja \u00fcleliigse rasu. Muudab naha s\u00e4ravaks ja puhtaks. Kliiniliselt&hellip;<\/p>\n","protected":false},"featured_media":187277,"comment_status":"open","ping_status":"closed","template":"","meta":[],"product_cat":[1828,1829,1803,1872],"product_tag":[],"class_list":{"0":"post-187274","1":"product","2":"type-product","3":"status-publish","4":"has-post-thumbnail","6":"product_cat-akne-i-zhirnaja-kozha","7":"product_cat-ochichenie-kozhi","8":"product_cat-prirodnaja-kosmetika","9":"product_cat-uxod-za-licom","11":"first","12":"onbackorder","13":"shipping-taxable","14":"purchasable","15":"product-type-simple","16":"col-xs-6 col-sm-4","17":"col-md-3 col-lg-3","18":"un-4-cols"},"yoast_head":"<!-- This site is optimized with the Yoast SEO plugin v27.4 - https:\/\/yoast.com\/product\/yoast-seo-wordpress\/ -->\n<title>Weleda \u041e\u0447\u0438\u0449\u0430\u044e\u0449\u0438\u0439 \u0433\u0435\u043b\u044c \u0434\u043b\u044f \u0443\u043c\u044b\u0432\u0430\u043d\u0438\u044f \u0441 \u043a\u043e\u0440\u043e\u0439 \u0438\u0432\u044b 100 \u043c\u043b - \u041e\u0440\u0433\u0430\u043d\u0438\u0447\u0435\u0441\u043a\u0438\u0439 \u043c\u0430\u0433\u0430\u0437\u0438\u043d Looduspere<\/title>\n<meta name=\"robots\" content=\"index, follow, max-snippet:-1, max-image-preview:large, max-video-preview:-1\" \/>\n<link rel=\"canonical\" href=\"https:\/\/www.looduspere.ee\/ru\/\u0441\u0442\u0430\u0442\u044c\u044f\/weleda-\u043c\u0430\u0441\u043b\u043e-\u0434\u043b\u044f-\u0442\u0435\u043b\u0430-\u043e\u0442-\u0440\u0430\u0441\u0442\u044f\u0436\u0435\u043a-150-\u043c\u043b-kopeeri\/\" \/>\n<meta property=\"og:locale\" content=\"ru_RU\" \/>\n<meta property=\"og:type\" content=\"article\" \/>\n<meta property=\"og:title\" content=\"Weleda \u041e\u0447\u0438\u0449\u0430\u044e\u0449\u0438\u0439 \u0433\u0435\u043b\u044c \u0434\u043b\u044f \u0443\u043c\u044b\u0432\u0430\u043d\u0438\u044f \u0441 \u043a\u043e\u0440\u043e\u0439 \u0438\u0432\u044b 100 \u043c\u043b - \u041e\u0440\u0433\u0430\u043d\u0438\u0447\u0435\u0441\u043a\u0438\u0439 \u043c\u0430\u0433\u0430\u0437\u0438\u043d Looduspere\" \/>\n<meta property=\"og:description\" content=\"S\u00fcgavpuhastav n\u00e4opesugeel probleemsele nahale Puhastab poore s\u00fcgavuti, eemaldab mustuse ja muudab su naha taas s\u00e4ravaks. See imeliselt kerge ja puhastav n\u00e4opesugeel sisaldab looduslikke koostisosi nagu pajukoore antibakteriaalset ekstrakti ja rahustavat lagritsaekstrakti. See on ideaalne kombinatsioon probleemsele nahale. V\u00e4hendab rasu ja aitab takistada vistrike teket. Geel v\u00e4hendab komedoonide teket, eemaldab igap\u00e4evase mustuse ja \u00fcleliigse rasu. Muudab naha s\u00e4ravaks ja puhtaks. Kliiniliselt&hellip;\" \/>\n<meta property=\"og:url\" content=\"https:\/\/www.looduspere.ee\/ru\/\u0441\u0442\u0430\u0442\u044c\u044f\/weleda-\u043c\u0430\u0441\u043b\u043e-\u0434\u043b\u044f-\u0442\u0435\u043b\u0430-\u043e\u0442-\u0440\u0430\u0441\u0442\u044f\u0436\u0435\u043a-150-\u043c\u043b-kopeeri\/\" \/>\n<meta property=\"og:site_name\" content=\"\u041e\u0440\u0433\u0430\u043d\u0438\u0447\u0435\u0441\u043a\u0438\u0439 \u043c\u0430\u0433\u0430\u0437\u0438\u043d Looduspere\" \/>\n<meta property=\"article:publisher\" content=\"https:\/\/www.facebook.com\/loodusperepood\" \/>\n<meta property=\"article:modified_time\" content=\"2024-09-02T12:44:58+00:00\" \/>\n<meta property=\"og:image\" content=\"https:\/\/www.looduspere.ee\/wp-content\/uploads\/2016\/03\/LoodusPereLogo300.jpg\" \/>\n\t<meta property=\"og:image:width\" content=\"300\" \/>\n\t<meta property=\"og:image:height\" content=\"114\" \/>\n\t<meta property=\"og:image:type\" content=\"image\/jpeg\" \/>\n<meta name=\"twitter:card\" content=\"summary_large_image\" \/>\n<meta name=\"twitter:label1\" content=\"Est. reading time\" \/>\n\t<meta name=\"twitter:data1\" content=\"1 minute\" \/>\n<script type=\"application\/ld+json\" class=\"yoast-schema-graph\">{\"@context\":\"https:\\\/\\\/schema.org\",\"@graph\":[{\"@type\":\"WebPage\",\"@id\":\"https:\\\/\\\/www.looduspere.ee\\\/ru\\\/\u0441\u0442\u0430\u0442\u044c\u044f\\\/weleda-%d0%bc%d0%b0%d1%81%d0%bb%d0%be-%d0%b4%d0%bb%d1%8f-%d1%82%d0%b5%d0%bb%d0%b0-%d0%be%d1%82-%d1%80%d0%b0%d1%81%d1%82%d1%8f%d0%b6%d0%b5%d0%ba-150-%d0%bc%d0%bb-kopeeri\\\/\",\"url\":\"https:\\\/\\\/www.looduspere.ee\\\/ru\\\/\u0441\u0442\u0430\u0442\u044c\u044f\\\/weleda-%d0%bc%d0%b0%d1%81%d0%bb%d0%be-%d0%b4%d0%bb%d1%8f-%d1%82%d0%b5%d0%bb%d0%b0-%d0%be%d1%82-%d1%80%d0%b0%d1%81%d1%82%d1%8f%d0%b6%d0%b5%d0%ba-150-%d0%bc%d0%bb-kopeeri\\\/\",\"name\":\"Weleda \u041e\u0447\u0438\u0449\u0430\u044e\u0449\u0438\u0439 \u0433\u0435\u043b\u044c \u0434\u043b\u044f \u0443\u043c\u044b\u0432\u0430\u043d\u0438\u044f \u0441 \u043a\u043e\u0440\u043e\u0439 \u0438\u0432\u044b 100 \u043c\u043b - \u041e\u0440\u0433\u0430\u043d\u0438\u0447\u0435\u0441\u043a\u0438\u0439 \u043c\u0430\u0433\u0430\u0437\u0438\u043d Looduspere\",\"isPartOf\":{\"@id\":\"https:\\\/\\\/www.looduspere.ee\\\/#website\"},\"primaryImageOfPage\":{\"@id\":\"https:\\\/\\\/www.looduspere.ee\\\/ru\\\/\u0441\u0442\u0430\u0442\u044c\u044f\\\/weleda-%d0%bc%d0%b0%d1%81%d0%bb%d0%be-%d0%b4%d0%bb%d1%8f-%d1%82%d0%b5%d0%bb%d0%b0-%d0%be%d1%82-%d1%80%d0%b0%d1%81%d1%82%d1%8f%d0%b6%d0%b5%d0%ba-150-%d0%bc%d0%bb-kopeeri\\\/#primaryimage\"},\"image\":{\"@id\":\"https:\\\/\\\/www.looduspere.ee\\\/ru\\\/\u0441\u0442\u0430\u0442\u044c\u044f\\\/weleda-%d0%bc%d0%b0%d1%81%d0%bb%d0%be-%d0%b4%d0%bb%d1%8f-%d1%82%d0%b5%d0%bb%d0%b0-%d0%be%d1%82-%d1%80%d0%b0%d1%81%d1%82%d1%8f%d0%b6%d0%b5%d0%ba-150-%d0%bc%d0%bb-kopeeri\\\/#primaryimage\"},\"thumbnailUrl\":\"https:\\\/\\\/www.looduspere.ee\\\/wp-content\\\/uploads\\\/2024\\\/09\\\/weleda_productFourBySeven-7.avif\",\"datePublished\":\"2024-09-02T12:38:52+00:00\",\"dateModified\":\"2024-09-02T12:44:58+00:00\",\"breadcrumb\":{\"@id\":\"https:\\\/\\\/www.looduspere.ee\\\/ru\\\/\u0441\u0442\u0430\u0442\u044c\u044f\\\/weleda-%d0%bc%d0%b0%d1%81%d0%bb%d0%be-%d0%b4%d0%bb%d1%8f-%d1%82%d0%b5%d0%bb%d0%b0-%d0%be%d1%82-%d1%80%d0%b0%d1%81%d1%82%d1%8f%d0%b6%d0%b5%d0%ba-150-%d0%bc%d0%bb-kopeeri\\\/#breadcrumb\"},\"inLanguage\":\"ru-EE\",\"potentialAction\":[{\"@type\":\"ReadAction\",\"target\":[\"https:\\\/\\\/www.looduspere.ee\\\/ru\\\/\u0441\u0442\u0430\u0442\u044c\u044f\\\/weleda-%d0%bc%d0%b0%d1%81%d0%bb%d0%be-%d0%b4%d0%bb%d1%8f-%d1%82%d0%b5%d0%bb%d0%b0-%d0%be%d1%82-%d1%80%d0%b0%d1%81%d1%82%d1%8f%d0%b6%d0%b5%d0%ba-150-%d0%bc%d0%bb-kopeeri\\\/\"]}]},{\"@type\":\"ImageObject\",\"inLanguage\":\"ru-EE\",\"@id\":\"https:\\\/\\\/www.looduspere.ee\\\/ru\\\/\u0441\u0442\u0430\u0442\u044c\u044f\\\/weleda-%d0%bc%d0%b0%d1%81%d0%bb%d0%be-%d0%b4%d0%bb%d1%8f-%d1%82%d0%b5%d0%bb%d0%b0-%d0%be%d1%82-%d1%80%d0%b0%d1%81%d1%82%d1%8f%d0%b6%d0%b5%d0%ba-150-%d0%bc%d0%bb-kopeeri\\\/#primaryimage\",\"url\":\"https:\\\/\\\/www.looduspere.ee\\\/wp-content\\\/uploads\\\/2024\\\/09\\\/weleda_productFourBySeven-7.avif\",\"contentUrl\":\"https:\\\/\\\/www.looduspere.ee\\\/wp-content\\\/uploads\\\/2024\\\/09\\\/weleda_productFourBySeven-7.avif\",\"width\":384,\"height\":672},{\"@type\":\"BreadcrumbList\",\"@id\":\"https:\\\/\\\/www.looduspere.ee\\\/ru\\\/\u0441\u0442\u0430\u0442\u044c\u044f\\\/weleda-%d0%bc%d0%b0%d1%81%d0%bb%d0%be-%d0%b4%d0%bb%d1%8f-%d1%82%d0%b5%d0%bb%d0%b0-%d0%be%d1%82-%d1%80%d0%b0%d1%81%d1%82%d1%8f%d0%b6%d0%b5%d0%ba-150-%d0%bc%d0%bb-kopeeri\\\/#breadcrumb\",\"itemListElement\":[{\"@type\":\"ListItem\",\"position\":1,\"name\":\"\u0434\u043e\u043c\u0430\",\"item\":\"https:\\\/\\\/www.looduspere.ee\\\/ru\\\/\"},{\"@type\":\"ListItem\",\"position\":2,\"name\":\"\u0422\u043e\u0432\u0430\u0440\u044b\",\"item\":\"https:\\\/\\\/www.looduspere.ee\\\/ru\\\/%d1%82%d0%be%d0%b2%d0%b0%d1%80%d1%8b\\\/\"},{\"@type\":\"ListItem\",\"position\":3,\"name\":\"Weleda \u041e\u0447\u0438\u0449\u0430\u044e\u0449\u0438\u0439 \u0433\u0435\u043b\u044c \u0434\u043b\u044f \u0443\u043c\u044b\u0432\u0430\u043d\u0438\u044f \u0441 \u043a\u043e\u0440\u043e\u0439 \u0438\u0432\u044b 100 \u043c\u043b\"}]},{\"@type\":\"WebSite\",\"@id\":\"https:\\\/\\\/www.looduspere.ee\\\/#website\",\"url\":\"https:\\\/\\\/www.looduspere.ee\\\/\",\"name\":\"Looduspere \u00f6kopood\",\"description\":\"\u0417\u0434\u043e\u0440\u043e\u0432\u044b\u0435 \u043e\u0440\u0433\u0430\u043d\u0438\u0447\u0435\u0441\u043a\u0438\u0435 \u0438 \u043d\u0430\u0442\u0443\u0440\u0430\u043b\u044c\u043d\u044b\u0435 \u043f\u0440\u043e\u0434\u0443\u043a\u0442\u044b\",\"publisher\":{\"@id\":\"https:\\\/\\\/www.looduspere.ee\\\/#organization\"},\"alternateName\":\"Looduspere\",\"potentialAction\":[{\"@type\":\"SearchAction\",\"target\":{\"@type\":\"EntryPoint\",\"urlTemplate\":\"https:\\\/\\\/www.looduspere.ee\\\/?s={search_term_string}\"},\"query-input\":{\"@type\":\"PropertyValueSpecification\",\"valueRequired\":true,\"valueName\":\"search_term_string\"}}],\"inLanguage\":\"ru-EE\"},{\"@type\":\"Organization\",\"@id\":\"https:\\\/\\\/www.looduspere.ee\\\/#organization\",\"name\":\"Looduspere \u00f6kopood\",\"url\":\"https:\\\/\\\/www.looduspere.ee\\\/\",\"logo\":{\"@type\":\"ImageObject\",\"inLanguage\":\"ru-EE\",\"@id\":\"https:\\\/\\\/www.looduspere.ee\\\/#\\\/schema\\\/logo\\\/image\\\/\",\"url\":\"https:\\\/\\\/www.looduspere.ee\\\/wp-content\\\/uploads\\\/2025\\\/01\\\/340768897_1025251132216623_8613010291235268142_n.jpg\",\"contentUrl\":\"https:\\\/\\\/www.looduspere.ee\\\/wp-content\\\/uploads\\\/2025\\\/01\\\/340768897_1025251132216623_8613010291235268142_n.jpg\",\"width\":1045,\"height\":1045,\"caption\":\"Looduspere \u00f6kopood\"},\"image\":{\"@id\":\"https:\\\/\\\/www.looduspere.ee\\\/#\\\/schema\\\/logo\\\/image\\\/\"},\"sameAs\":[\"https:\\\/\\\/www.facebook.com\\\/loodusperepood\",\"https:\\\/\\\/www.instagram.com\\\/looduspere\\\/\"]}]}<\/script>\n<!-- \/ Yoast SEO plugin. -->","yoast_head_json":{"title":"Weleda \u041e\u0447\u0438\u0449\u0430\u044e\u0449\u0438\u0439 \u0433\u0435\u043b\u044c \u0434\u043b\u044f \u0443\u043c\u044b\u0432\u0430\u043d\u0438\u044f \u0441 \u043a\u043e\u0440\u043e\u0439 \u0438\u0432\u044b 100 \u043c\u043b - \u041e\u0440\u0433\u0430\u043d\u0438\u0447\u0435\u0441\u043a\u0438\u0439 \u043c\u0430\u0433\u0430\u0437\u0438\u043d Looduspere","robots":{"index":"index","follow":"follow","max-snippet":"max-snippet:-1","max-image-preview":"max-image-preview:large","max-video-preview":"max-video-preview:-1"},"canonical":"https:\/\/www.looduspere.ee\/ru\/\u0441\u0442\u0430\u0442\u044c\u044f\/weleda-\u043c\u0430\u0441\u043b\u043e-\u0434\u043b\u044f-\u0442\u0435\u043b\u0430-\u043e\u0442-\u0440\u0430\u0441\u0442\u044f\u0436\u0435\u043a-150-\u043c\u043b-kopeeri\/","og_locale":"ru_RU","og_type":"article","og_title":"Weleda \u041e\u0447\u0438\u0449\u0430\u044e\u0449\u0438\u0439 \u0433\u0435\u043b\u044c \u0434\u043b\u044f \u0443\u043c\u044b\u0432\u0430\u043d\u0438\u044f \u0441 \u043a\u043e\u0440\u043e\u0439 \u0438\u0432\u044b 100 \u043c\u043b - \u041e\u0440\u0433\u0430\u043d\u0438\u0447\u0435\u0441\u043a\u0438\u0439 \u043c\u0430\u0433\u0430\u0437\u0438\u043d Looduspere","og_description":"S\u00fcgavpuhastav n\u00e4opesugeel probleemsele nahale Puhastab poore s\u00fcgavuti, eemaldab mustuse ja muudab su naha taas s\u00e4ravaks. See imeliselt kerge ja puhastav n\u00e4opesugeel sisaldab looduslikke koostisosi nagu pajukoore antibakteriaalset ekstrakti ja rahustavat lagritsaekstrakti. See on ideaalne kombinatsioon probleemsele nahale. V\u00e4hendab rasu ja aitab takistada vistrike teket. Geel v\u00e4hendab komedoonide teket, eemaldab igap\u00e4evase mustuse ja \u00fcleliigse rasu. Muudab naha s\u00e4ravaks ja puhtaks. Kliiniliselt&hellip;","og_url":"https:\/\/www.looduspere.ee\/ru\/\u0441\u0442\u0430\u0442\u044c\u044f\/weleda-\u043c\u0430\u0441\u043b\u043e-\u0434\u043b\u044f-\u0442\u0435\u043b\u0430-\u043e\u0442-\u0440\u0430\u0441\u0442\u044f\u0436\u0435\u043a-150-\u043c\u043b-kopeeri\/","og_site_name":"\u041e\u0440\u0433\u0430\u043d\u0438\u0447\u0435\u0441\u043a\u0438\u0439 \u043c\u0430\u0433\u0430\u0437\u0438\u043d Looduspere","article_publisher":"https:\/\/www.facebook.com\/loodusperepood","article_modified_time":"2024-09-02T12:44:58+00:00","og_image":[{"width":300,"height":114,"url":"https:\/\/www.looduspere.ee\/wp-content\/uploads\/2016\/03\/LoodusPereLogo300.jpg","type":"image\/jpeg"}],"twitter_card":"summary_large_image","twitter_misc":{"Est. reading time":"1 minute"},"schema":{"@context":"https:\/\/schema.org","@graph":[{"@type":"WebPage","@id":"https:\/\/www.looduspere.ee\/ru\/\u0441\u0442\u0430\u0442\u044c\u044f\/weleda-%d0%bc%d0%b0%d1%81%d0%bb%d0%be-%d0%b4%d0%bb%d1%8f-%d1%82%d0%b5%d0%bb%d0%b0-%d0%be%d1%82-%d1%80%d0%b0%d1%81%d1%82%d1%8f%d0%b6%d0%b5%d0%ba-150-%d0%bc%d0%bb-kopeeri\/","url":"https:\/\/www.looduspere.ee\/ru\/\u0441\u0442\u0430\u0442\u044c\u044f\/weleda-%d0%bc%d0%b0%d1%81%d0%bb%d0%be-%d0%b4%d0%bb%d1%8f-%d1%82%d0%b5%d0%bb%d0%b0-%d0%be%d1%82-%d1%80%d0%b0%d1%81%d1%82%d1%8f%d0%b6%d0%b5%d0%ba-150-%d0%bc%d0%bb-kopeeri\/","name":"Weleda \u041e\u0447\u0438\u0449\u0430\u044e\u0449\u0438\u0439 \u0433\u0435\u043b\u044c \u0434\u043b\u044f \u0443\u043c\u044b\u0432\u0430\u043d\u0438\u044f \u0441 \u043a\u043e\u0440\u043e\u0439 \u0438\u0432\u044b 100 \u043c\u043b - \u041e\u0440\u0433\u0430\u043d\u0438\u0447\u0435\u0441\u043a\u0438\u0439 \u043c\u0430\u0433\u0430\u0437\u0438\u043d Looduspere","isPartOf":{"@id":"https:\/\/www.looduspere.ee\/#website"},"primaryImageOfPage":{"@id":"https:\/\/www.looduspere.ee\/ru\/\u0441\u0442\u0430\u0442\u044c\u044f\/weleda-%d0%bc%d0%b0%d1%81%d0%bb%d0%be-%d0%b4%d0%bb%d1%8f-%d1%82%d0%b5%d0%bb%d0%b0-%d0%be%d1%82-%d1%80%d0%b0%d1%81%d1%82%d1%8f%d0%b6%d0%b5%d0%ba-150-%d0%bc%d0%bb-kopeeri\/#primaryimage"},"image":{"@id":"https:\/\/www.looduspere.ee\/ru\/\u0441\u0442\u0430\u0442\u044c\u044f\/weleda-%d0%bc%d0%b0%d1%81%d0%bb%d0%be-%d0%b4%d0%bb%d1%8f-%d1%82%d0%b5%d0%bb%d0%b0-%d0%be%d1%82-%d1%80%d0%b0%d1%81%d1%82%d1%8f%d0%b6%d0%b5%d0%ba-150-%d0%bc%d0%bb-kopeeri\/#primaryimage"},"thumbnailUrl":"https:\/\/www.looduspere.ee\/wp-content\/uploads\/2024\/09\/weleda_productFourBySeven-7.avif","datePublished":"2024-09-02T12:38:52+00:00","dateModified":"2024-09-02T12:44:58+00:00","breadcrumb":{"@id":"https:\/\/www.looduspere.ee\/ru\/\u0441\u0442\u0430\u0442\u044c\u044f\/weleda-%d0%bc%d0%b0%d1%81%d0%bb%d0%be-%d0%b4%d0%bb%d1%8f-%d1%82%d0%b5%d0%bb%d0%b0-%d0%be%d1%82-%d1%80%d0%b0%d1%81%d1%82%d1%8f%d0%b6%d0%b5%d0%ba-150-%d0%bc%d0%bb-kopeeri\/#breadcrumb"},"inLanguage":"ru-EE","potentialAction":[{"@type":"ReadAction","target":["https:\/\/www.looduspere.ee\/ru\/\u0441\u0442\u0430\u0442\u044c\u044f\/weleda-%d0%bc%d0%b0%d1%81%d0%bb%d0%be-%d0%b4%d0%bb%d1%8f-%d1%82%d0%b5%d0%bb%d0%b0-%d0%be%d1%82-%d1%80%d0%b0%d1%81%d1%82%d1%8f%d0%b6%d0%b5%d0%ba-150-%d0%bc%d0%bb-kopeeri\/"]}]},{"@type":"ImageObject","inLanguage":"ru-EE","@id":"https:\/\/www.looduspere.ee\/ru\/\u0441\u0442\u0430\u0442\u044c\u044f\/weleda-%d0%bc%d0%b0%d1%81%d0%bb%d0%be-%d0%b4%d0%bb%d1%8f-%d1%82%d0%b5%d0%bb%d0%b0-%d0%be%d1%82-%d1%80%d0%b0%d1%81%d1%82%d1%8f%d0%b6%d0%b5%d0%ba-150-%d0%bc%d0%bb-kopeeri\/#primaryimage","url":"https:\/\/www.looduspere.ee\/wp-content\/uploads\/2024\/09\/weleda_productFourBySeven-7.avif","contentUrl":"https:\/\/www.looduspere.ee\/wp-content\/uploads\/2024\/09\/weleda_productFourBySeven-7.avif","width":384,"height":672},{"@type":"BreadcrumbList","@id":"https:\/\/www.looduspere.ee\/ru\/\u0441\u0442\u0430\u0442\u044c\u044f\/weleda-%d0%bc%d0%b0%d1%81%d0%bb%d0%be-%d0%b4%d0%bb%d1%8f-%d1%82%d0%b5%d0%bb%d0%b0-%d0%be%d1%82-%d1%80%d0%b0%d1%81%d1%82%d1%8f%d0%b6%d0%b5%d0%ba-150-%d0%bc%d0%bb-kopeeri\/#breadcrumb","itemListElement":[{"@type":"ListItem","position":1,"name":"\u0434\u043e\u043c\u0430","item":"https:\/\/www.looduspere.ee\/ru\/"},{"@type":"ListItem","position":2,"name":"\u0422\u043e\u0432\u0430\u0440\u044b","item":"https:\/\/www.looduspere.ee\/ru\/%d1%82%d0%be%d0%b2%d0%b0%d1%80%d1%8b\/"},{"@type":"ListItem","position":3,"name":"Weleda \u041e\u0447\u0438\u0449\u0430\u044e\u0449\u0438\u0439 \u0433\u0435\u043b\u044c \u0434\u043b\u044f \u0443\u043c\u044b\u0432\u0430\u043d\u0438\u044f \u0441 \u043a\u043e\u0440\u043e\u0439 \u0438\u0432\u044b 100 \u043c\u043b"}]},{"@type":"WebSite","@id":"https:\/\/www.looduspere.ee\/#website","url":"https:\/\/www.looduspere.ee\/","name":"Looduspere \u00f6kopood","description":"\u0417\u0434\u043e\u0440\u043e\u0432\u044b\u0435 \u043e\u0440\u0433\u0430\u043d\u0438\u0447\u0435\u0441\u043a\u0438\u0435 \u0438 \u043d\u0430\u0442\u0443\u0440\u0430\u043b\u044c\u043d\u044b\u0435 \u043f\u0440\u043e\u0434\u0443\u043a\u0442\u044b","publisher":{"@id":"https:\/\/www.looduspere.ee\/#organization"},"alternateName":"Looduspere","potentialAction":[{"@type":"SearchAction","target":{"@type":"EntryPoint","urlTemplate":"https:\/\/www.looduspere.ee\/?s={search_term_string}"},"query-input":{"@type":"PropertyValueSpecification","valueRequired":true,"valueName":"search_term_string"}}],"inLanguage":"ru-EE"},{"@type":"Organization","@id":"https:\/\/www.looduspere.ee\/#organization","name":"Looduspere \u00f6kopood","url":"https:\/\/www.looduspere.ee\/","logo":{"@type":"ImageObject","inLanguage":"ru-EE","@id":"https:\/\/www.looduspere.ee\/#\/schema\/logo\/image\/","url":"https:\/\/www.looduspere.ee\/wp-content\/uploads\/2025\/01\/340768897_1025251132216623_8613010291235268142_n.jpg","contentUrl":"https:\/\/www.looduspere.ee\/wp-content\/uploads\/2025\/01\/340768897_1025251132216623_8613010291235268142_n.jpg","width":1045,"height":1045,"caption":"Looduspere \u00f6kopood"},"image":{"@id":"https:\/\/www.looduspere.ee\/#\/schema\/logo\/image\/"},"sameAs":["https:\/\/www.facebook.com\/loodusperepood","https:\/\/www.instagram.com\/looduspere\/"]}]}},"_links":{"self":[{"href":"https:\/\/www.looduspere.ee\/ru\/wp-json\/wp\/v2\/product\/187274","targetHints":{"allow":["GET"]}}],"collection":[{"href":"https:\/\/www.looduspere.ee\/ru\/wp-json\/wp\/v2\/product"}],"about":[{"href":"https:\/\/www.looduspere.ee\/ru\/wp-json\/wp\/v2\/types\/product"}],"replies":[{"embeddable":true,"href":"https:\/\/www.looduspere.ee\/ru\/wp-json\/wp\/v2\/comments?post=187274"}],"wp:featuredmedia":[{"embeddable":true,"href":"https:\/\/www.looduspere.ee\/ru\/wp-json\/wp\/v2\/media\/187277"}],"wp:attachment":[{"href":"https:\/\/www.looduspere.ee\/ru\/wp-json\/wp\/v2\/media?parent=187274"}],"wp:term":[{"taxonomy":"product_cat","embeddable":true,"href":"https:\/\/www.looduspere.ee\/ru\/wp-json\/wp\/v2\/product_cat?post=187274"},{"taxonomy":"product_tag","embeddable":true,"href":"https:\/\/www.looduspere.ee\/ru\/wp-json\/wp\/v2\/product_tag?post=187274"}],"curies":[{"name":"wp","href":"https:\/\/api.w.org\/{rel}","templated":true}]}}