{"id":187262,"date":"2022-09-02T15:16:14","date_gmt":"2024-09-02T12:16:15","guid":{"rendered":"https:\/\/www.looduspere.ee\/?post_type=product&#038;p=187262"},"modified":"2024-09-02T15:24:52","modified_gmt":"2024-09-02T12:24:52","slug":"weleda-%d0%ba%d1%80%d0%b5%d0%bc-%d0%b4%d0%bb%d1%8f-%d1%80%d1%83%d0%ba-%d0%b4%d0%bb%d1%8f-%d1%87%d1%83%d0%b2%d1%81%d1%82%d0%b2%d0%b8%d1%82%d0%b5%d0%bb%d1%8c%d0%bd%d0%be%d0%b9-%d0%ba%d0%be%d0%b6%d0%b8","status":"publish","type":"product","link":"https:\/\/www.looduspere.ee\/ru\/\u0441\u0442\u0430\u0442\u044c\u044f\/weleda-%d0%ba%d1%80%d0%b5%d0%bc-%d0%b4%d0%bb%d1%8f-%d1%80%d1%83%d0%ba-%d0%b4%d0%bb%d1%8f-%d1%87%d1%83%d0%b2%d1%81%d1%82%d0%b2%d0%b8%d1%82%d0%b5%d0%bb%d1%8c%d0%bd%d0%be%d0%b9-%d0%ba%d0%be%d0%b6%d0%b8\/","title":{"rendered":"Weleda \u041a\u0440\u0435\u043c \u0434\u043b\u044f \u0440\u0443\u043a \u043e\u0431\u043b\u0435\u043f\u0438\u0445\u0430 50\u043c\u043b"},"content":{"rendered":"<div>\n<div class=\"description p1\">Kerge ja kiiresti imenduv k\u00e4tekreem kuivale nahale<\/div>\n<div class=\"product-info js-product-info\">\n<div class=\"product-summary p2\">Kaitseb ja niisutab k\u00e4si ning muudab need siidiselt siledaks.<\/div>\n<div>\n<p>Astelpaju\u00f5li sisaldav k\u00e4tekreem, mis imendub kiiresti nahka, kaitseb kuivi ning karedaid k\u00e4si niiskuse kaotuse ja l\u00f5henemise eest.<\/p>\n<p>K\u00e4ed muutuvad pehmeks ja \u00fchtlaseks, kuid ei tundu rasvastena. Astelpajukreem sisaldab puhast seesami\u00f5li ja v\u00e4\u00e4rtuslikku, vitamiini- ja oluliste rasvhapeterikast astelpaju\u00f5li. Puhtad taime\u00f5lid toetavad naha loomulikku ainevahetust ning aitavad nahal \u00fcles ehitada kaitsefunktsioone. K\u00e4tekreem on v\u00e4rske puuviljal\u00f5hnaga, mis on saadud v\u00e4rskendavast greipfruudist, magusast madariinist ja hinnalisest sandlipuu eeterlikust \u00f5list.<br \/>\nDermatoloogiliselt testitud.<\/p>\n<\/div>\n<div class=\"buy\">\n<div class=\"size-info\">\n<div class=\"single-sku\"><\/div>\n<\/div>\n<\/div>\n<\/div>\n<\/div>\n<div class=\"buy\">\n<div class=\"size-info\">\n<div class=\"single-sku\"><span class=\"wl-c1 ng-binding\">50 ml<\/span><\/div>\n<\/div>\n<\/div>\n<p>INCI: Water (Aqua), Sesamum Indicum (Sesame) Seed Oil, Alcohol, Hydrolyzed Beeswax, Tapioca Starch, Lysolecithin, Beeswax (Cera Flava), Glyceryl Stearate SE, Hippophae Rhamnoides Oil, Xanthan Gum, Fragrance (Parfum)*, Limonene*, Linalool*, Benzyl Benzoate*, Benzyl Salicylate*, Geraniol*, Citral*, *from natural essential oils<\/p>\n<p>\u00dchikuhind 1L kohta: 219 eur<\/p>\n","protected":false},"excerpt":{"rendered":"<p>Kerge ja kiiresti imenduv k\u00e4tekreem kuivale nahale Kaitseb ja niisutab k\u00e4si ning muudab need siidiselt siledaks. Astelpaju\u00f5li sisaldav k\u00e4tekreem, mis imendub kiiresti nahka, kaitseb kuivi ning karedaid k\u00e4si niiskuse kaotuse ja l\u00f5henemise eest. K\u00e4ed muutuvad pehmeks ja \u00fchtlaseks, kuid ei tundu rasvastena. Astelpajukreem sisaldab puhast seesami\u00f5li ja v\u00e4\u00e4rtuslikku, vitamiini- ja oluliste rasvhapeterikast astelpaju\u00f5li. Puhtad taime\u00f5lid toetavad naha loomulikku ainevahetust ning&hellip;<\/p>\n","protected":false},"featured_media":187265,"comment_status":"open","ping_status":"closed","template":"","meta":[],"product_cat":[1803,1870],"product_tag":[],"class_list":{"0":"post-187262","1":"product","2":"type-product","3":"status-publish","4":"has-post-thumbnail","6":"product_cat-prirodnaja-kosmetika","7":"product_cat-uxod-za-rukami-i-nogami","9":"first","10":"onbackorder","11":"shipping-taxable","12":"purchasable","13":"product-type-simple","14":"col-xs-6 col-sm-4","15":"col-md-3 col-lg-3","16":"un-4-cols"},"yoast_head":"<!-- This site is optimized with the Yoast SEO plugin v27.4 - https:\/\/yoast.com\/product\/yoast-seo-wordpress\/ -->\n<title>Weleda \u041a\u0440\u0435\u043c \u0434\u043b\u044f \u0440\u0443\u043a \u043e\u0431\u043b\u0435\u043f\u0438\u0445\u0430 50\u043c\u043b - \u041e\u0440\u0433\u0430\u043d\u0438\u0447\u0435\u0441\u043a\u0438\u0439 \u043c\u0430\u0433\u0430\u0437\u0438\u043d Looduspere<\/title>\n<meta name=\"robots\" content=\"index, follow, max-snippet:-1, max-image-preview:large, max-video-preview:-1\" \/>\n<link rel=\"canonical\" href=\"https:\/\/www.looduspere.ee\/\u0441\u0442\u0430\u0442\u044c\u044f\/weleda-katekreem-astelpaju-50ml\/\" \/>\n<meta property=\"og:locale\" content=\"ru_RU\" \/>\n<meta property=\"og:type\" content=\"article\" \/>\n<meta property=\"og:title\" content=\"Weleda \u041a\u0440\u0435\u043c \u0434\u043b\u044f \u0440\u0443\u043a \u043e\u0431\u043b\u0435\u043f\u0438\u0445\u0430 50\u043c\u043b - \u041e\u0440\u0433\u0430\u043d\u0438\u0447\u0435\u0441\u043a\u0438\u0439 \u043c\u0430\u0433\u0430\u0437\u0438\u043d Looduspere\" \/>\n<meta property=\"og:description\" content=\"Kerge ja kiiresti imenduv k\u00e4tekreem kuivale nahale Kaitseb ja niisutab k\u00e4si ning muudab need siidiselt siledaks. Astelpaju\u00f5li sisaldav k\u00e4tekreem, mis imendub kiiresti nahka, kaitseb kuivi ning karedaid k\u00e4si niiskuse kaotuse ja l\u00f5henemise eest. K\u00e4ed muutuvad pehmeks ja \u00fchtlaseks, kuid ei tundu rasvastena. Astelpajukreem sisaldab puhast seesami\u00f5li ja v\u00e4\u00e4rtuslikku, vitamiini- ja oluliste rasvhapeterikast astelpaju\u00f5li. Puhtad taime\u00f5lid toetavad naha loomulikku ainevahetust ning&hellip;\" \/>\n<meta property=\"og:url\" content=\"https:\/\/www.looduspere.ee\/\u0441\u0442\u0430\u0442\u044c\u044f\/weleda-katekreem-astelpaju-50ml\/\" \/>\n<meta property=\"og:site_name\" content=\"\u041e\u0440\u0433\u0430\u043d\u0438\u0447\u0435\u0441\u043a\u0438\u0439 \u043c\u0430\u0433\u0430\u0437\u0438\u043d Looduspere\" \/>\n<meta property=\"article:publisher\" content=\"https:\/\/www.facebook.com\/loodusperepood\" \/>\n<meta property=\"article:modified_time\" content=\"2024-09-02T12:24:52+00:00\" \/>\n<meta property=\"og:image\" content=\"https:\/\/www.looduspere.ee\/wp-content\/uploads\/2016\/03\/LoodusPereLogo300.jpg\" \/>\n\t<meta property=\"og:image:width\" content=\"300\" \/>\n\t<meta property=\"og:image:height\" content=\"114\" \/>\n\t<meta property=\"og:image:type\" content=\"image\/jpeg\" \/>\n<meta name=\"twitter:card\" content=\"summary_large_image\" \/>\n<meta name=\"twitter:label1\" content=\"Est. reading time\" \/>\n\t<meta name=\"twitter:data1\" content=\"1 minute\" \/>\n<script type=\"application\/ld+json\" class=\"yoast-schema-graph\">{\"@context\":\"https:\\\/\\\/schema.org\",\"@graph\":[{\"@type\":\"WebPage\",\"@id\":\"https:\\\/\\\/www.looduspere.ee\\\/\u0441\u0442\u0430\u0442\u044c\u044f\\\/weleda-katekreem-astelpaju-50ml\\\/\",\"url\":\"https:\\\/\\\/www.looduspere.ee\\\/\u0441\u0442\u0430\u0442\u044c\u044f\\\/weleda-katekreem-astelpaju-50ml\\\/\",\"name\":\"Weleda \u041a\u0440\u0435\u043c \u0434\u043b\u044f \u0440\u0443\u043a \u043e\u0431\u043b\u0435\u043f\u0438\u0445\u0430 50\u043c\u043b - \u041e\u0440\u0433\u0430\u043d\u0438\u0447\u0435\u0441\u043a\u0438\u0439 \u043c\u0430\u0433\u0430\u0437\u0438\u043d Looduspere\",\"isPartOf\":{\"@id\":\"https:\\\/\\\/www.looduspere.ee\\\/#website\"},\"primaryImageOfPage\":{\"@id\":\"https:\\\/\\\/www.looduspere.ee\\\/\u0441\u0442\u0430\u0442\u044c\u044f\\\/weleda-katekreem-astelpaju-50ml\\\/#primaryimage\"},\"image\":{\"@id\":\"https:\\\/\\\/www.looduspere.ee\\\/\u0441\u0442\u0430\u0442\u044c\u044f\\\/weleda-katekreem-astelpaju-50ml\\\/#primaryimage\"},\"thumbnailUrl\":\"https:\\\/\\\/www.looduspere.ee\\\/wp-content\\\/uploads\\\/2024\\\/09\\\/weleda_productFourBySeven-5.avif\",\"datePublished\":\"2024-09-02T12:16:15+00:00\",\"dateModified\":\"2024-09-02T12:24:52+00:00\",\"breadcrumb\":{\"@id\":\"https:\\\/\\\/www.looduspere.ee\\\/\u0441\u0442\u0430\u0442\u044c\u044f\\\/weleda-katekreem-astelpaju-50ml\\\/#breadcrumb\"},\"inLanguage\":\"ru-EE\",\"potentialAction\":[{\"@type\":\"ReadAction\",\"target\":[\"https:\\\/\\\/www.looduspere.ee\\\/\u0441\u0442\u0430\u0442\u044c\u044f\\\/weleda-katekreem-astelpaju-50ml\\\/\"]}]},{\"@type\":\"ImageObject\",\"inLanguage\":\"ru-EE\",\"@id\":\"https:\\\/\\\/www.looduspere.ee\\\/\u0441\u0442\u0430\u0442\u044c\u044f\\\/weleda-katekreem-astelpaju-50ml\\\/#primaryimage\",\"url\":\"https:\\\/\\\/www.looduspere.ee\\\/wp-content\\\/uploads\\\/2024\\\/09\\\/weleda_productFourBySeven-5.avif\",\"contentUrl\":\"https:\\\/\\\/www.looduspere.ee\\\/wp-content\\\/uploads\\\/2024\\\/09\\\/weleda_productFourBySeven-5.avif\",\"width\":384,\"height\":672},{\"@type\":\"BreadcrumbList\",\"@id\":\"https:\\\/\\\/www.looduspere.ee\\\/\u0441\u0442\u0430\u0442\u044c\u044f\\\/weleda-katekreem-astelpaju-50ml\\\/#breadcrumb\",\"itemListElement\":[{\"@type\":\"ListItem\",\"position\":1,\"name\":\"\u0434\u043e\u043c\u0430\",\"item\":\"https:\\\/\\\/www.looduspere.ee\\\/ru\\\/\"},{\"@type\":\"ListItem\",\"position\":2,\"name\":\"\u0422\u043e\u0432\u0430\u0440\u044b\",\"item\":\"https:\\\/\\\/www.looduspere.ee\\\/ru\\\/%d1%82%d0%be%d0%b2%d0%b0%d1%80%d1%8b\\\/\"},{\"@type\":\"ListItem\",\"position\":3,\"name\":\"Weleda \u041a\u0440\u0435\u043c \u0434\u043b\u044f \u0440\u0443\u043a \u043e\u0431\u043b\u0435\u043f\u0438\u0445\u0430 50\u043c\u043b\"}]},{\"@type\":\"WebSite\",\"@id\":\"https:\\\/\\\/www.looduspere.ee\\\/#website\",\"url\":\"https:\\\/\\\/www.looduspere.ee\\\/\",\"name\":\"Looduspere \u00f6kopood\",\"description\":\"\u0417\u0434\u043e\u0440\u043e\u0432\u044b\u0435 \u043e\u0440\u0433\u0430\u043d\u0438\u0447\u0435\u0441\u043a\u0438\u0435 \u0438 \u043d\u0430\u0442\u0443\u0440\u0430\u043b\u044c\u043d\u044b\u0435 \u043f\u0440\u043e\u0434\u0443\u043a\u0442\u044b\",\"publisher\":{\"@id\":\"https:\\\/\\\/www.looduspere.ee\\\/#organization\"},\"alternateName\":\"Looduspere\",\"potentialAction\":[{\"@type\":\"SearchAction\",\"target\":{\"@type\":\"EntryPoint\",\"urlTemplate\":\"https:\\\/\\\/www.looduspere.ee\\\/?s={search_term_string}\"},\"query-input\":{\"@type\":\"PropertyValueSpecification\",\"valueRequired\":true,\"valueName\":\"search_term_string\"}}],\"inLanguage\":\"ru-EE\"},{\"@type\":\"Organization\",\"@id\":\"https:\\\/\\\/www.looduspere.ee\\\/#organization\",\"name\":\"Looduspere \u00f6kopood\",\"url\":\"https:\\\/\\\/www.looduspere.ee\\\/\",\"logo\":{\"@type\":\"ImageObject\",\"inLanguage\":\"ru-EE\",\"@id\":\"https:\\\/\\\/www.looduspere.ee\\\/#\\\/schema\\\/logo\\\/image\\\/\",\"url\":\"https:\\\/\\\/www.looduspere.ee\\\/wp-content\\\/uploads\\\/2025\\\/01\\\/340768897_1025251132216623_8613010291235268142_n.jpg\",\"contentUrl\":\"https:\\\/\\\/www.looduspere.ee\\\/wp-content\\\/uploads\\\/2025\\\/01\\\/340768897_1025251132216623_8613010291235268142_n.jpg\",\"width\":1045,\"height\":1045,\"caption\":\"Looduspere \u00f6kopood\"},\"image\":{\"@id\":\"https:\\\/\\\/www.looduspere.ee\\\/#\\\/schema\\\/logo\\\/image\\\/\"},\"sameAs\":[\"https:\\\/\\\/www.facebook.com\\\/loodusperepood\",\"https:\\\/\\\/www.instagram.com\\\/looduspere\\\/\"]}]}<\/script>\n<!-- \/ Yoast SEO plugin. -->","yoast_head_json":{"title":"Weleda \u041a\u0440\u0435\u043c \u0434\u043b\u044f \u0440\u0443\u043a \u043e\u0431\u043b\u0435\u043f\u0438\u0445\u0430 50\u043c\u043b - \u041e\u0440\u0433\u0430\u043d\u0438\u0447\u0435\u0441\u043a\u0438\u0439 \u043c\u0430\u0433\u0430\u0437\u0438\u043d Looduspere","robots":{"index":"index","follow":"follow","max-snippet":"max-snippet:-1","max-image-preview":"max-image-preview:large","max-video-preview":"max-video-preview:-1"},"canonical":"https:\/\/www.looduspere.ee\/\u0441\u0442\u0430\u0442\u044c\u044f\/weleda-katekreem-astelpaju-50ml\/","og_locale":"ru_RU","og_type":"article","og_title":"Weleda \u041a\u0440\u0435\u043c \u0434\u043b\u044f \u0440\u0443\u043a \u043e\u0431\u043b\u0435\u043f\u0438\u0445\u0430 50\u043c\u043b - \u041e\u0440\u0433\u0430\u043d\u0438\u0447\u0435\u0441\u043a\u0438\u0439 \u043c\u0430\u0433\u0430\u0437\u0438\u043d Looduspere","og_description":"Kerge ja kiiresti imenduv k\u00e4tekreem kuivale nahale Kaitseb ja niisutab k\u00e4si ning muudab need siidiselt siledaks. Astelpaju\u00f5li sisaldav k\u00e4tekreem, mis imendub kiiresti nahka, kaitseb kuivi ning karedaid k\u00e4si niiskuse kaotuse ja l\u00f5henemise eest. K\u00e4ed muutuvad pehmeks ja \u00fchtlaseks, kuid ei tundu rasvastena. Astelpajukreem sisaldab puhast seesami\u00f5li ja v\u00e4\u00e4rtuslikku, vitamiini- ja oluliste rasvhapeterikast astelpaju\u00f5li. Puhtad taime\u00f5lid toetavad naha loomulikku ainevahetust ning&hellip;","og_url":"https:\/\/www.looduspere.ee\/\u0441\u0442\u0430\u0442\u044c\u044f\/weleda-katekreem-astelpaju-50ml\/","og_site_name":"\u041e\u0440\u0433\u0430\u043d\u0438\u0447\u0435\u0441\u043a\u0438\u0439 \u043c\u0430\u0433\u0430\u0437\u0438\u043d Looduspere","article_publisher":"https:\/\/www.facebook.com\/loodusperepood","article_modified_time":"2024-09-02T12:24:52+00:00","og_image":[{"width":300,"height":114,"url":"https:\/\/www.looduspere.ee\/wp-content\/uploads\/2016\/03\/LoodusPereLogo300.jpg","type":"image\/jpeg"}],"twitter_card":"summary_large_image","twitter_misc":{"Est. reading time":"1 minute"},"schema":{"@context":"https:\/\/schema.org","@graph":[{"@type":"WebPage","@id":"https:\/\/www.looduspere.ee\/\u0441\u0442\u0430\u0442\u044c\u044f\/weleda-katekreem-astelpaju-50ml\/","url":"https:\/\/www.looduspere.ee\/\u0441\u0442\u0430\u0442\u044c\u044f\/weleda-katekreem-astelpaju-50ml\/","name":"Weleda \u041a\u0440\u0435\u043c \u0434\u043b\u044f \u0440\u0443\u043a \u043e\u0431\u043b\u0435\u043f\u0438\u0445\u0430 50\u043c\u043b - \u041e\u0440\u0433\u0430\u043d\u0438\u0447\u0435\u0441\u043a\u0438\u0439 \u043c\u0430\u0433\u0430\u0437\u0438\u043d Looduspere","isPartOf":{"@id":"https:\/\/www.looduspere.ee\/#website"},"primaryImageOfPage":{"@id":"https:\/\/www.looduspere.ee\/\u0441\u0442\u0430\u0442\u044c\u044f\/weleda-katekreem-astelpaju-50ml\/#primaryimage"},"image":{"@id":"https:\/\/www.looduspere.ee\/\u0441\u0442\u0430\u0442\u044c\u044f\/weleda-katekreem-astelpaju-50ml\/#primaryimage"},"thumbnailUrl":"https:\/\/www.looduspere.ee\/wp-content\/uploads\/2024\/09\/weleda_productFourBySeven-5.avif","datePublished":"2024-09-02T12:16:15+00:00","dateModified":"2024-09-02T12:24:52+00:00","breadcrumb":{"@id":"https:\/\/www.looduspere.ee\/\u0441\u0442\u0430\u0442\u044c\u044f\/weleda-katekreem-astelpaju-50ml\/#breadcrumb"},"inLanguage":"ru-EE","potentialAction":[{"@type":"ReadAction","target":["https:\/\/www.looduspere.ee\/\u0441\u0442\u0430\u0442\u044c\u044f\/weleda-katekreem-astelpaju-50ml\/"]}]},{"@type":"ImageObject","inLanguage":"ru-EE","@id":"https:\/\/www.looduspere.ee\/\u0441\u0442\u0430\u0442\u044c\u044f\/weleda-katekreem-astelpaju-50ml\/#primaryimage","url":"https:\/\/www.looduspere.ee\/wp-content\/uploads\/2024\/09\/weleda_productFourBySeven-5.avif","contentUrl":"https:\/\/www.looduspere.ee\/wp-content\/uploads\/2024\/09\/weleda_productFourBySeven-5.avif","width":384,"height":672},{"@type":"BreadcrumbList","@id":"https:\/\/www.looduspere.ee\/\u0441\u0442\u0430\u0442\u044c\u044f\/weleda-katekreem-astelpaju-50ml\/#breadcrumb","itemListElement":[{"@type":"ListItem","position":1,"name":"\u0434\u043e\u043c\u0430","item":"https:\/\/www.looduspere.ee\/ru\/"},{"@type":"ListItem","position":2,"name":"\u0422\u043e\u0432\u0430\u0440\u044b","item":"https:\/\/www.looduspere.ee\/ru\/%d1%82%d0%be%d0%b2%d0%b0%d1%80%d1%8b\/"},{"@type":"ListItem","position":3,"name":"Weleda \u041a\u0440\u0435\u043c \u0434\u043b\u044f \u0440\u0443\u043a \u043e\u0431\u043b\u0435\u043f\u0438\u0445\u0430 50\u043c\u043b"}]},{"@type":"WebSite","@id":"https:\/\/www.looduspere.ee\/#website","url":"https:\/\/www.looduspere.ee\/","name":"Looduspere \u00f6kopood","description":"\u0417\u0434\u043e\u0440\u043e\u0432\u044b\u0435 \u043e\u0440\u0433\u0430\u043d\u0438\u0447\u0435\u0441\u043a\u0438\u0435 \u0438 \u043d\u0430\u0442\u0443\u0440\u0430\u043b\u044c\u043d\u044b\u0435 \u043f\u0440\u043e\u0434\u0443\u043a\u0442\u044b","publisher":{"@id":"https:\/\/www.looduspere.ee\/#organization"},"alternateName":"Looduspere","potentialAction":[{"@type":"SearchAction","target":{"@type":"EntryPoint","urlTemplate":"https:\/\/www.looduspere.ee\/?s={search_term_string}"},"query-input":{"@type":"PropertyValueSpecification","valueRequired":true,"valueName":"search_term_string"}}],"inLanguage":"ru-EE"},{"@type":"Organization","@id":"https:\/\/www.looduspere.ee\/#organization","name":"Looduspere \u00f6kopood","url":"https:\/\/www.looduspere.ee\/","logo":{"@type":"ImageObject","inLanguage":"ru-EE","@id":"https:\/\/www.looduspere.ee\/#\/schema\/logo\/image\/","url":"https:\/\/www.looduspere.ee\/wp-content\/uploads\/2025\/01\/340768897_1025251132216623_8613010291235268142_n.jpg","contentUrl":"https:\/\/www.looduspere.ee\/wp-content\/uploads\/2025\/01\/340768897_1025251132216623_8613010291235268142_n.jpg","width":1045,"height":1045,"caption":"Looduspere \u00f6kopood"},"image":{"@id":"https:\/\/www.looduspere.ee\/#\/schema\/logo\/image\/"},"sameAs":["https:\/\/www.facebook.com\/loodusperepood","https:\/\/www.instagram.com\/looduspere\/"]}]}},"_links":{"self":[{"href":"https:\/\/www.looduspere.ee\/ru\/wp-json\/wp\/v2\/product\/187262","targetHints":{"allow":["GET"]}}],"collection":[{"href":"https:\/\/www.looduspere.ee\/ru\/wp-json\/wp\/v2\/product"}],"about":[{"href":"https:\/\/www.looduspere.ee\/ru\/wp-json\/wp\/v2\/types\/product"}],"replies":[{"embeddable":true,"href":"https:\/\/www.looduspere.ee\/ru\/wp-json\/wp\/v2\/comments?post=187262"}],"wp:featuredmedia":[{"embeddable":true,"href":"https:\/\/www.looduspere.ee\/ru\/wp-json\/wp\/v2\/media\/187265"}],"wp:attachment":[{"href":"https:\/\/www.looduspere.ee\/ru\/wp-json\/wp\/v2\/media?parent=187262"}],"wp:term":[{"taxonomy":"product_cat","embeddable":true,"href":"https:\/\/www.looduspere.ee\/ru\/wp-json\/wp\/v2\/product_cat?post=187262"},{"taxonomy":"product_tag","embeddable":true,"href":"https:\/\/www.looduspere.ee\/ru\/wp-json\/wp\/v2\/product_tag?post=187262"}],"curies":[{"name":"wp","href":"https:\/\/api.w.org\/{rel}","templated":true}]}}