{"id":100624,"date":"2023-01-04T13:30:29","date_gmt":"2017-01-04T11:30:29","guid":{"rendered":"http:\/\/www.looduspere.ee\/product\/biolatte-subtilis-kapslid-60sht\/"},"modified":"2023-08-30T20:39:34","modified_gmt":"2023-08-30T17:39:34","slug":"biolatte-subtilis-kapslid-60sht","status":"publish","type":"product","link":"https:\/\/www.looduspere.ee\/ru\/\u0441\u0442\u0430\u0442\u044c\u044f\/biolatte-subtilis-kapslid-60sht\/","title":{"rendered":"\u041a\u0430\u043f\u0441\u0443\u043b\u044b Biolatte Subtilis 60\u0448\u0442"},"content":{"rendered":"<p>\u041f\u0438\u0449\u0435\u0432\u0430\u044f \u0434\u043e\u0431\u0430\u0432\u043a\u0430 <strong>Biolatte Subtilis<\/strong> &#8211; \u043f\u0440\u043e\u0434\u0443\u043a\u0442, \u043f\u043e\u0432\u044b\u0448\u0430\u044e\u0449\u0438\u0439 \u0441\u043e\u043f\u0440\u043e\u0442\u0438\u0432\u043b\u044f\u0435\u043c\u043e\u0441\u0442\u044c \u043e\u0440\u0433\u0430\u043d\u0438\u0437\u043c\u0430, \u043a\u043e\u0442\u043e\u0440\u044b\u0439 \u0432\u043a\u043b\u044e\u0447\u0430\u0435\u0442 \u0437\u0430\u043f\u0430\u0442\u0435\u043d\u0442\u043e\u0432\u0430\u043d\u043d\u044b\u0439 Bacillus subtilis, \u0440\u043e\u0434 \u043a\u0438\u0448\u0435\u0447\u043d\u044b\u0445 \u0431\u0430\u043a\u0442\u0435\u0440\u0438\u0439 (\u043d\u0435 \u0431\u0430\u043a\u0442\u0435\u0440\u0438\u044f \u043c\u043e\u043b\u043e\u0447\u043d\u043e\u0439 \u043a\u0438\u0441\u043b\u043e\u0442\u044b), \u043a\u043e\u0442\u043e\u0440\u0430\u044f \u043f\u0440\u043e\u0438\u0437\u0432\u043e\u0434\u0438\u0442 \u0435\u0441\u0442\u0435\u0441\u0442\u0432\u0435\u043d\u043d\u044b\u0439 \u0430\u043d\u0442\u0438\u0431\u0438\u043e\u0442\u0438\u043a &#8211; \u0441\u0443\u0431\u0442\u0438\u043b\u0438\u043d. Bacillus subtilis \u0430\u043a\u0442\u0438\u0432\u0438\u0440\u0443\u0435\u0442 \u043f\u0440\u043e\u0434\u0443\u0446\u0438\u0440\u0443\u044e\u0449\u0438\u0435 \u0430\u043d\u0442\u0438\u0442\u0435\u043b\u0430 \u043a\u043b\u0435\u0442\u043a\u0438, \u0442\u0435\u043c \u0441\u0430\u043c\u044b\u043c \u043f\u0440\u0435\u0434\u043e\u0442\u0432\u0440\u0430\u0449\u0430\u044f \u043f\u043e\u044f\u0432\u043b\u0435\u043d\u0438\u0435 \u0432\u0438\u0440\u0443\u0441\u043e\u0432 \u0438 \u043f\u0430\u0442\u043e\u0433\u0435\u043d\u043d\u044b\u0445 \u0431\u0430\u043a\u0442\u0435\u0440\u0438\u0439. \u0426\u0438\u043d\u043a \u043f\u043e\u0434\u0434\u0435\u0440\u0436\u0438\u0432\u0430\u0435\u0442 \u043c\u0435\u0442\u0430\u0431\u043e\u043b\u0438\u0437\u043c \u0436\u0438\u0440\u043d\u044b\u0445 \u043a\u0438\u0441\u043b\u043e\u0442, \u0440\u041d-\u0431\u0430\u043b\u0430\u043d\u0441 \u0438 \u043d\u043e\u0440\u043c\u0430\u043b\u044c\u043d\u043e\u0435 \u0444\u0443\u043d\u043a\u0446\u0438\u043e\u043d\u0438\u0440\u043e\u0432\u0430\u043d\u0438\u0435 \u0438\u043c\u043c\u0443\u043d\u043d\u043e\u0439 \u0441\u0438\u0441\u0442\u0435\u043c\u044b. \u0411\u0435\u0437 \u043b\u0430\u043a\u0442\u043e\u0437\u044b \u0438 \u0433\u043b\u044e\u0442\u0435\u043d\u0430.<\/p>\n<p>\u041f\u0440\u0438\u043c\u0435\u043d\u0435\u043d\u0438\u0435: 2 \u043a\u0430\u043f\u0441\u0443\u043b\u044b \u0432 \u0434\u0435\u043d\u044c \u0441 \u0432\u043e\u0434\u043e\u0439 \u0432\u043e \u0432\u0440\u0435\u043c\u044f \u0435\u0434\u044b.<\/p>\n<p>\u0421\u043e\u0441\u0442\u0430\u0432: \u043d\u0430\u043f\u043e\u043b\u043d\u0438\u0442\u0435\u043b\u044c (\u043c\u0430\u043b\u044c\u0442\u043e\u0434\u0435\u043a\u0441\u0442\u0440\u0438\u043d \u0438\u0437 \u043a\u0430\u0440\u0442\u043e\u0444\u0435\u043b\u044f, \u043c\u0438\u043a\u0440\u043e\u043a\u0440\u0438\u0441\u0442\u0430\u043b\u043b\u0438\u0447\u0435\u0441\u043a\u0430\u044f \u0446\u0435\u043b\u043b\u044e\u043b\u043e\u0437\u0430), \u0436\u0435\u043b\u0430\u0442\u0438\u043d\u043e\u0432\u044b\u0435 \u043a\u0430\u043f\u0441\u0443\u043b\u044b (\u043d\u0430 \u043e\u0441\u043d\u043e\u0432\u0435 \u0433\u043e\u0432\u044f\u0434\u0438\u043d\u044b), \u0432\u0435\u0449\u0435\u0441\u0442\u0432\u043e, \u043f\u0440\u0435\u043f\u044f\u0442\u0441\u0442\u0432\u0443\u044e\u0449\u0435\u0435 \u0441\u043b\u0438\u043f\u0430\u043d\u0438\u044e (\u0434\u0438\u043e\u043a\u0441\u0438\u0434 \u043a\u0440\u0435\u043c\u043d\u0438\u044f, \u0441\u0442\u0435\u0430\u0440\u0430\u0442 \u043c\u0430\u0433\u043d\u0438\u044f), Bacillus subtilis 1 \u00d7 10E9 IU* (v\u00f5i 2 \u00d7 10E9 IU*), \u0446\u0438\u043d\u043a 7,3 \u043c\u0433 (73% \u043e\u0442 \u0434\u043d\u0435\u0432\u043d\u043e\u0439 \u043d\u043e\u0440\u043c\u044b), \u0438\u043b\u0438 14,6 \u043c\u0433 (146% \u043e\u0442 \u0434\u043d\u0435\u0432\u043d\u043e\u0439 \u043d\u043e\u0440\u043c\u044b).<br \/>\n*\u043c\u0435\u0436\u0434\u0443\u043d\u0430\u0440\u043e\u0434\u043d\u0430\u044f \u0435\u0434\u0438\u043d\u0438\u0446\u0430<br \/>\n\u0425\u0440\u0430\u043d\u0438\u0442\u044c \u0432 \u0441\u0443\u0445\u043e\u043c \u0438 \u0442\u0435\u043c\u043d\u043e\u043c \u043c\u0435\u0441\u0442\u0435. \u0425\u0440\u0430\u043d\u0438\u0442\u044c \u0432 \u043d\u0435\u0434\u043e\u0441\u0442\u0443\u043f\u043d\u043e\u043c \u0434\u043b\u044f \u0434\u0435\u0442\u0435\u0439 \u043c\u0435\u0441\u0442\u0435.\u00a0<span style=\"float: none;background-color: transparent;color: #333333;cursor: text;font-family: Georgia,'Times New Roman','Bitstream Charter',Times,serif;font-size: 16px;font-style: normal;font-variant: normal;font-weight: 400;letter-spacing: normal;text-align: left;text-decoration: none;text-indent: 0px\">\u041d\u0435 \u043f\u0440\u0435\u0432\u044b\u0448\u0430\u0439\u0442\u0435 \u0440\u0435\u043a\u043e\u043c\u0435\u043d\u0434\u0443\u0435\u043c\u0443\u044e \u0434\u043e\u0437\u0443. \u0414\u043e\u0431\u0430\u0432\u043a\u0430 \u043d\u0435 \u0437\u0430\u043c\u0435\u043d\u044f\u0435\u0442 \u0440\u0430\u0437\u043d\u043e\u043e\u0431\u0440\u0430\u0437\u043d\u043e\u0435 \u043f\u0438\u0442\u0430\u043d\u0438\u0435.<\/span><\/p>\n<p><span style=\"float: none;background-color: transparent;color: #333333;font-family: Georgia,'Times New Roman','Bitstream Charter',Times,serif;font-size: 16px;font-style: normal;font-variant: normal;font-weight: 400;letter-spacing: normal;line-height: 24px;text-align: left;text-decoration: none;text-indent: 0px\">\u0426\u0435\u043d\u0430: 0.45 EUR\/\u0448\u0442<\/span><\/p>\n","protected":false},"excerpt":{"rendered":"<p>\u041f\u0438\u0449\u0435\u0432\u0430\u044f \u0434\u043e\u0431\u0430\u0432\u043a\u0430 Biolatte Subtilis &#8211; \u043f\u0440\u043e\u0434\u0443\u043a\u0442, \u043f\u043e\u0432\u044b\u0448\u0430\u044e\u0449\u0438\u0439 \u0441\u043e\u043f\u0440\u043e\u0442\u0438\u0432\u043b\u044f\u0435\u043c\u043e\u0441\u0442\u044c \u043e\u0440\u0433\u0430\u043d\u0438\u0437\u043c\u0430, \u043a\u043e\u0442\u043e\u0440\u044b\u0439 \u0432\u043a\u043b\u044e\u0447\u0430\u0435\u0442 \u0437\u0430\u043f\u0430\u0442\u0435\u043d\u0442\u043e\u0432\u0430\u043d\u043d\u044b\u0439 Bacillus subtilis, \u0440\u043e\u0434 \u043a\u0438\u0448\u0435\u0447\u043d\u044b\u0445 \u0431\u0430\u043a\u0442\u0435\u0440\u0438\u0439 (\u043d\u0435 \u0431\u0430\u043a\u0442\u0435\u0440\u0438\u044f \u043c\u043e\u043b\u043e\u0447\u043d\u043e\u0439 \u043a\u0438\u0441\u043b\u043e\u0442\u044b), \u043a\u043e\u0442\u043e\u0440\u0430\u044f \u043f\u0440\u043e\u0438\u0437\u0432\u043e\u0434\u0438\u0442 \u0435\u0441\u0442\u0435\u0441\u0442\u0432\u0435\u043d\u043d\u044b\u0439 \u0430\u043d\u0442\u0438\u0431\u0438\u043e\u0442\u0438\u043a &#8211; \u0441\u0443\u0431\u0442\u0438\u043b\u0438\u043d. Bacillus subtilis \u0430\u043a\u0442\u0438\u0432\u0438\u0440\u0443\u0435\u0442 \u043f\u0440\u043e\u0434\u0443\u0446\u0438\u0440\u0443\u044e\u0449\u0438\u0435 \u0430\u043d\u0442\u0438\u0442\u0435\u043b\u0430 \u043a\u043b\u0435\u0442\u043a\u0438, \u0442\u0435\u043c \u0441\u0430\u043c\u044b\u043c \u043f\u0440\u0435\u0434\u043e\u0442\u0432\u0440\u0430\u0449\u0430\u044f \u043f\u043e\u044f\u0432\u043b\u0435\u043d\u0438\u0435 \u0432\u0438\u0440\u0443\u0441\u043e\u0432 \u0438 \u043f\u0430\u0442\u043e\u0433\u0435\u043d\u043d\u044b\u0445 \u0431\u0430\u043a\u0442\u0435\u0440\u0438\u0439. \u0426\u0438\u043d\u043a \u043f\u043e\u0434\u0434\u0435\u0440\u0436\u0438\u0432\u0430\u0435\u0442 \u043c\u0435\u0442\u0430\u0431\u043e\u043b\u0438\u0437\u043c \u0436\u0438\u0440\u043d\u044b\u0445 \u043a\u0438\u0441\u043b\u043e\u0442, \u0440\u041d-\u0431\u0430\u043b\u0430\u043d\u0441 \u0438 \u043d\u043e\u0440\u043c\u0430\u043b\u044c\u043d\u043e\u0435 \u0444\u0443\u043d\u043a\u0446\u0438\u043e\u043d\u0438\u0440\u043e\u0432\u0430\u043d\u0438\u0435 \u0438\u043c\u043c\u0443\u043d\u043d\u043e\u0439 \u0441\u0438\u0441\u0442\u0435\u043c\u044b. \u0411\u0435\u0437 \u043b\u0430\u043a\u0442\u043e\u0437\u044b \u0438 \u0433\u043b\u044e\u0442\u0435\u043d\u0430. \u041f\u0440\u0438\u043c\u0435\u043d\u0435\u043d\u0438\u0435: 2 \u043a\u0430\u043f\u0441\u0443\u043b\u044b \u0432&hellip;<\/p>\n","protected":false},"featured_media":119903,"comment_status":"open","ping_status":"closed","template":"","meta":[],"product_cat":[1853,1902,1857,1898],"product_tag":[],"class_list":{"0":"post-100624","1":"product","2":"type-product","3":"status-publish","4":"has-post-thumbnail","6":"product_cat-dlja-immunnoj-sistemy","7":"product_cat-pri-prostude-med","8":"product_cat-probiotiki","9":"product_cat-tovary-dlja-zdorovja","10":"product_shipping_class-1-ru-2","11":"pa_brand-biolatte","13":"first","14":"outofstock","15":"purchasable","16":"product-type-simple","17":"col-xs-6 col-sm-4","18":"col-md-3 col-lg-3","19":"un-4-cols"},"yoast_head":"<!-- This site is optimized with the Yoast SEO plugin v27.3 - https:\/\/yoast.com\/product\/yoast-seo-wordpress\/ -->\n<title>\u041a\u0430\u043f\u0441\u0443\u043b\u044b Biolatte Subtilis 60\u0448\u0442 - \u041e\u0440\u0433\u0430\u043d\u0438\u0447\u0435\u0441\u043a\u0438\u0439 \u043c\u0430\u0433\u0430\u0437\u0438\u043d Looduspere<\/title>\n<meta name=\"robots\" content=\"index, follow, max-snippet:-1, max-image-preview:large, max-video-preview:-1\" \/>\n<link rel=\"canonical\" href=\"https:\/\/www.looduspere.ee\/ru\/\u0441\u0442\u0430\u0442\u044c\u044f\/biolatte-subtilis-kapslid-60sht\/\" \/>\n<meta property=\"og:locale\" content=\"ru_RU\" \/>\n<meta property=\"og:type\" content=\"article\" \/>\n<meta property=\"og:title\" content=\"\u041a\u0430\u043f\u0441\u0443\u043b\u044b Biolatte Subtilis 60\u0448\u0442 - \u041e\u0440\u0433\u0430\u043d\u0438\u0447\u0435\u0441\u043a\u0438\u0439 \u043c\u0430\u0433\u0430\u0437\u0438\u043d Looduspere\" \/>\n<meta property=\"og:description\" content=\"\u041f\u0438\u0449\u0435\u0432\u0430\u044f \u0434\u043e\u0431\u0430\u0432\u043a\u0430 Biolatte Subtilis &#8211; \u043f\u0440\u043e\u0434\u0443\u043a\u0442, \u043f\u043e\u0432\u044b\u0448\u0430\u044e\u0449\u0438\u0439 \u0441\u043e\u043f\u0440\u043e\u0442\u0438\u0432\u043b\u044f\u0435\u043c\u043e\u0441\u0442\u044c \u043e\u0440\u0433\u0430\u043d\u0438\u0437\u043c\u0430, \u043a\u043e\u0442\u043e\u0440\u044b\u0439 \u0432\u043a\u043b\u044e\u0447\u0430\u0435\u0442 \u0437\u0430\u043f\u0430\u0442\u0435\u043d\u0442\u043e\u0432\u0430\u043d\u043d\u044b\u0439 Bacillus subtilis, \u0440\u043e\u0434 \u043a\u0438\u0448\u0435\u0447\u043d\u044b\u0445 \u0431\u0430\u043a\u0442\u0435\u0440\u0438\u0439 (\u043d\u0435 \u0431\u0430\u043a\u0442\u0435\u0440\u0438\u044f \u043c\u043e\u043b\u043e\u0447\u043d\u043e\u0439 \u043a\u0438\u0441\u043b\u043e\u0442\u044b), \u043a\u043e\u0442\u043e\u0440\u0430\u044f \u043f\u0440\u043e\u0438\u0437\u0432\u043e\u0434\u0438\u0442 \u0435\u0441\u0442\u0435\u0441\u0442\u0432\u0435\u043d\u043d\u044b\u0439 \u0430\u043d\u0442\u0438\u0431\u0438\u043e\u0442\u0438\u043a &#8211; \u0441\u0443\u0431\u0442\u0438\u043b\u0438\u043d. Bacillus subtilis \u0430\u043a\u0442\u0438\u0432\u0438\u0440\u0443\u0435\u0442 \u043f\u0440\u043e\u0434\u0443\u0446\u0438\u0440\u0443\u044e\u0449\u0438\u0435 \u0430\u043d\u0442\u0438\u0442\u0435\u043b\u0430 \u043a\u043b\u0435\u0442\u043a\u0438, \u0442\u0435\u043c \u0441\u0430\u043c\u044b\u043c \u043f\u0440\u0435\u0434\u043e\u0442\u0432\u0440\u0430\u0449\u0430\u044f \u043f\u043e\u044f\u0432\u043b\u0435\u043d\u0438\u0435 \u0432\u0438\u0440\u0443\u0441\u043e\u0432 \u0438 \u043f\u0430\u0442\u043e\u0433\u0435\u043d\u043d\u044b\u0445 \u0431\u0430\u043a\u0442\u0435\u0440\u0438\u0439. \u0426\u0438\u043d\u043a \u043f\u043e\u0434\u0434\u0435\u0440\u0436\u0438\u0432\u0430\u0435\u0442 \u043c\u0435\u0442\u0430\u0431\u043e\u043b\u0438\u0437\u043c \u0436\u0438\u0440\u043d\u044b\u0445 \u043a\u0438\u0441\u043b\u043e\u0442, \u0440\u041d-\u0431\u0430\u043b\u0430\u043d\u0441 \u0438 \u043d\u043e\u0440\u043c\u0430\u043b\u044c\u043d\u043e\u0435 \u0444\u0443\u043d\u043a\u0446\u0438\u043e\u043d\u0438\u0440\u043e\u0432\u0430\u043d\u0438\u0435 \u0438\u043c\u043c\u0443\u043d\u043d\u043e\u0439 \u0441\u0438\u0441\u0442\u0435\u043c\u044b. \u0411\u0435\u0437 \u043b\u0430\u043a\u0442\u043e\u0437\u044b \u0438 \u0433\u043b\u044e\u0442\u0435\u043d\u0430. \u041f\u0440\u0438\u043c\u0435\u043d\u0435\u043d\u0438\u0435: 2 \u043a\u0430\u043f\u0441\u0443\u043b\u044b \u0432&hellip;\" \/>\n<meta property=\"og:url\" content=\"https:\/\/www.looduspere.ee\/ru\/\u0441\u0442\u0430\u0442\u044c\u044f\/biolatte-subtilis-kapslid-60sht\/\" \/>\n<meta property=\"og:site_name\" content=\"\u041e\u0440\u0433\u0430\u043d\u0438\u0447\u0435\u0441\u043a\u0438\u0439 \u043c\u0430\u0433\u0430\u0437\u0438\u043d Looduspere\" \/>\n<meta property=\"article:publisher\" content=\"https:\/\/www.facebook.com\/loodusperepood\" \/>\n<meta property=\"article:modified_time\" content=\"2023-08-30T17:39:34+00:00\" \/>\n<meta property=\"og:image\" content=\"https:\/\/www.looduspere.ee\/wp-content\/uploads\/2017\/01\/Biolatte_2020_Subtilis60_VALGE.jpg\" \/>\n\t<meta property=\"og:image:width\" content=\"400\" \/>\n\t<meta property=\"og:image:height\" content=\"342\" \/>\n\t<meta property=\"og:image:type\" content=\"image\/jpeg\" \/>\n<meta name=\"twitter:card\" content=\"summary_large_image\" \/>\n<script type=\"application\/ld+json\" class=\"yoast-schema-graph\">{\"@context\":\"https:\\\/\\\/schema.org\",\"@graph\":[{\"@type\":\"WebPage\",\"@id\":\"https:\\\/\\\/www.looduspere.ee\\\/ru\\\/\u0441\u0442\u0430\u0442\u044c\u044f\\\/biolatte-subtilis-kapslid-60sht\\\/\",\"url\":\"https:\\\/\\\/www.looduspere.ee\\\/ru\\\/\u0441\u0442\u0430\u0442\u044c\u044f\\\/biolatte-subtilis-kapslid-60sht\\\/\",\"name\":\"\u041a\u0430\u043f\u0441\u0443\u043b\u044b Biolatte Subtilis 60\u0448\u0442 - \u041e\u0440\u0433\u0430\u043d\u0438\u0447\u0435\u0441\u043a\u0438\u0439 \u043c\u0430\u0433\u0430\u0437\u0438\u043d Looduspere\",\"isPartOf\":{\"@id\":\"https:\\\/\\\/www.looduspere.ee\\\/#website\"},\"primaryImageOfPage\":{\"@id\":\"https:\\\/\\\/www.looduspere.ee\\\/ru\\\/\u0441\u0442\u0430\u0442\u044c\u044f\\\/biolatte-subtilis-kapslid-60sht\\\/#primaryimage\"},\"image\":{\"@id\":\"https:\\\/\\\/www.looduspere.ee\\\/ru\\\/\u0441\u0442\u0430\u0442\u044c\u044f\\\/biolatte-subtilis-kapslid-60sht\\\/#primaryimage\"},\"thumbnailUrl\":\"https:\\\/\\\/www.looduspere.ee\\\/wp-content\\\/uploads\\\/2017\\\/01\\\/Biolatte_2020_Subtilis60_VALGE.jpg\",\"datePublished\":\"2017-01-04T11:30:29+00:00\",\"dateModified\":\"2023-08-30T17:39:34+00:00\",\"breadcrumb\":{\"@id\":\"https:\\\/\\\/www.looduspere.ee\\\/ru\\\/\u0441\u0442\u0430\u0442\u044c\u044f\\\/biolatte-subtilis-kapslid-60sht\\\/#breadcrumb\"},\"inLanguage\":\"ru-EE\",\"potentialAction\":[{\"@type\":\"ReadAction\",\"target\":[\"https:\\\/\\\/www.looduspere.ee\\\/ru\\\/\u0441\u0442\u0430\u0442\u044c\u044f\\\/biolatte-subtilis-kapslid-60sht\\\/\"]}]},{\"@type\":\"ImageObject\",\"inLanguage\":\"ru-EE\",\"@id\":\"https:\\\/\\\/www.looduspere.ee\\\/ru\\\/\u0441\u0442\u0430\u0442\u044c\u044f\\\/biolatte-subtilis-kapslid-60sht\\\/#primaryimage\",\"url\":\"https:\\\/\\\/www.looduspere.ee\\\/wp-content\\\/uploads\\\/2017\\\/01\\\/Biolatte_2020_Subtilis60_VALGE.jpg\",\"contentUrl\":\"https:\\\/\\\/www.looduspere.ee\\\/wp-content\\\/uploads\\\/2017\\\/01\\\/Biolatte_2020_Subtilis60_VALGE.jpg\",\"width\":400,\"height\":342},{\"@type\":\"BreadcrumbList\",\"@id\":\"https:\\\/\\\/www.looduspere.ee\\\/ru\\\/\u0441\u0442\u0430\u0442\u044c\u044f\\\/biolatte-subtilis-kapslid-60sht\\\/#breadcrumb\",\"itemListElement\":[{\"@type\":\"ListItem\",\"position\":1,\"name\":\"\u0434\u043e\u043c\u0430\",\"item\":\"https:\\\/\\\/www.looduspere.ee\\\/ru\\\/\"},{\"@type\":\"ListItem\",\"position\":2,\"name\":\"\u0422\u043e\u0432\u0430\u0440\u044b\",\"item\":\"https:\\\/\\\/www.looduspere.ee\\\/ru\\\/%d1%82%d0%be%d0%b2%d0%b0%d1%80%d1%8b\\\/\"},{\"@type\":\"ListItem\",\"position\":3,\"name\":\"\u041a\u0430\u043f\u0441\u0443\u043b\u044b Biolatte Subtilis 60\u0448\u0442\"}]},{\"@type\":\"WebSite\",\"@id\":\"https:\\\/\\\/www.looduspere.ee\\\/#website\",\"url\":\"https:\\\/\\\/www.looduspere.ee\\\/\",\"name\":\"Looduspere \u00f6kopood\",\"description\":\"\u0417\u0434\u043e\u0440\u043e\u0432\u044b\u0435 \u043e\u0440\u0433\u0430\u043d\u0438\u0447\u0435\u0441\u043a\u0438\u0435 \u0438 \u043d\u0430\u0442\u0443\u0440\u0430\u043b\u044c\u043d\u044b\u0435 \u043f\u0440\u043e\u0434\u0443\u043a\u0442\u044b\",\"publisher\":{\"@id\":\"https:\\\/\\\/www.looduspere.ee\\\/#organization\"},\"alternateName\":\"Looduspere\",\"potentialAction\":[{\"@type\":\"SearchAction\",\"target\":{\"@type\":\"EntryPoint\",\"urlTemplate\":\"https:\\\/\\\/www.looduspere.ee\\\/?s={search_term_string}\"},\"query-input\":{\"@type\":\"PropertyValueSpecification\",\"valueRequired\":true,\"valueName\":\"search_term_string\"}}],\"inLanguage\":\"ru-EE\"},{\"@type\":\"Organization\",\"@id\":\"https:\\\/\\\/www.looduspere.ee\\\/#organization\",\"name\":\"Looduspere \u00f6kopood\",\"url\":\"https:\\\/\\\/www.looduspere.ee\\\/\",\"logo\":{\"@type\":\"ImageObject\",\"inLanguage\":\"ru-EE\",\"@id\":\"https:\\\/\\\/www.looduspere.ee\\\/#\\\/schema\\\/logo\\\/image\\\/\",\"url\":\"https:\\\/\\\/www.looduspere.ee\\\/wp-content\\\/uploads\\\/2025\\\/01\\\/340768897_1025251132216623_8613010291235268142_n.jpg\",\"contentUrl\":\"https:\\\/\\\/www.looduspere.ee\\\/wp-content\\\/uploads\\\/2025\\\/01\\\/340768897_1025251132216623_8613010291235268142_n.jpg\",\"width\":1045,\"height\":1045,\"caption\":\"Looduspere \u00f6kopood\"},\"image\":{\"@id\":\"https:\\\/\\\/www.looduspere.ee\\\/#\\\/schema\\\/logo\\\/image\\\/\"},\"sameAs\":[\"https:\\\/\\\/www.facebook.com\\\/loodusperepood\",\"https:\\\/\\\/www.instagram.com\\\/looduspere\\\/\"]}]}<\/script>\n<!-- \/ Yoast SEO plugin. -->","yoast_head_json":{"title":"\u041a\u0430\u043f\u0441\u0443\u043b\u044b Biolatte Subtilis 60\u0448\u0442 - \u041e\u0440\u0433\u0430\u043d\u0438\u0447\u0435\u0441\u043a\u0438\u0439 \u043c\u0430\u0433\u0430\u0437\u0438\u043d Looduspere","robots":{"index":"index","follow":"follow","max-snippet":"max-snippet:-1","max-image-preview":"max-image-preview:large","max-video-preview":"max-video-preview:-1"},"canonical":"https:\/\/www.looduspere.ee\/ru\/\u0441\u0442\u0430\u0442\u044c\u044f\/biolatte-subtilis-kapslid-60sht\/","og_locale":"ru_RU","og_type":"article","og_title":"\u041a\u0430\u043f\u0441\u0443\u043b\u044b Biolatte Subtilis 60\u0448\u0442 - \u041e\u0440\u0433\u0430\u043d\u0438\u0447\u0435\u0441\u043a\u0438\u0439 \u043c\u0430\u0433\u0430\u0437\u0438\u043d Looduspere","og_description":"\u041f\u0438\u0449\u0435\u0432\u0430\u044f \u0434\u043e\u0431\u0430\u0432\u043a\u0430 Biolatte Subtilis &#8211; \u043f\u0440\u043e\u0434\u0443\u043a\u0442, \u043f\u043e\u0432\u044b\u0448\u0430\u044e\u0449\u0438\u0439 \u0441\u043e\u043f\u0440\u043e\u0442\u0438\u0432\u043b\u044f\u0435\u043c\u043e\u0441\u0442\u044c \u043e\u0440\u0433\u0430\u043d\u0438\u0437\u043c\u0430, \u043a\u043e\u0442\u043e\u0440\u044b\u0439 \u0432\u043a\u043b\u044e\u0447\u0430\u0435\u0442 \u0437\u0430\u043f\u0430\u0442\u0435\u043d\u0442\u043e\u0432\u0430\u043d\u043d\u044b\u0439 Bacillus subtilis, \u0440\u043e\u0434 \u043a\u0438\u0448\u0435\u0447\u043d\u044b\u0445 \u0431\u0430\u043a\u0442\u0435\u0440\u0438\u0439 (\u043d\u0435 \u0431\u0430\u043a\u0442\u0435\u0440\u0438\u044f \u043c\u043e\u043b\u043e\u0447\u043d\u043e\u0439 \u043a\u0438\u0441\u043b\u043e\u0442\u044b), \u043a\u043e\u0442\u043e\u0440\u0430\u044f \u043f\u0440\u043e\u0438\u0437\u0432\u043e\u0434\u0438\u0442 \u0435\u0441\u0442\u0435\u0441\u0442\u0432\u0435\u043d\u043d\u044b\u0439 \u0430\u043d\u0442\u0438\u0431\u0438\u043e\u0442\u0438\u043a &#8211; \u0441\u0443\u0431\u0442\u0438\u043b\u0438\u043d. Bacillus subtilis \u0430\u043a\u0442\u0438\u0432\u0438\u0440\u0443\u0435\u0442 \u043f\u0440\u043e\u0434\u0443\u0446\u0438\u0440\u0443\u044e\u0449\u0438\u0435 \u0430\u043d\u0442\u0438\u0442\u0435\u043b\u0430 \u043a\u043b\u0435\u0442\u043a\u0438, \u0442\u0435\u043c \u0441\u0430\u043c\u044b\u043c \u043f\u0440\u0435\u0434\u043e\u0442\u0432\u0440\u0430\u0449\u0430\u044f \u043f\u043e\u044f\u0432\u043b\u0435\u043d\u0438\u0435 \u0432\u0438\u0440\u0443\u0441\u043e\u0432 \u0438 \u043f\u0430\u0442\u043e\u0433\u0435\u043d\u043d\u044b\u0445 \u0431\u0430\u043a\u0442\u0435\u0440\u0438\u0439. \u0426\u0438\u043d\u043a \u043f\u043e\u0434\u0434\u0435\u0440\u0436\u0438\u0432\u0430\u0435\u0442 \u043c\u0435\u0442\u0430\u0431\u043e\u043b\u0438\u0437\u043c \u0436\u0438\u0440\u043d\u044b\u0445 \u043a\u0438\u0441\u043b\u043e\u0442, \u0440\u041d-\u0431\u0430\u043b\u0430\u043d\u0441 \u0438 \u043d\u043e\u0440\u043c\u0430\u043b\u044c\u043d\u043e\u0435 \u0444\u0443\u043d\u043a\u0446\u0438\u043e\u043d\u0438\u0440\u043e\u0432\u0430\u043d\u0438\u0435 \u0438\u043c\u043c\u0443\u043d\u043d\u043e\u0439 \u0441\u0438\u0441\u0442\u0435\u043c\u044b. \u0411\u0435\u0437 \u043b\u0430\u043a\u0442\u043e\u0437\u044b \u0438 \u0433\u043b\u044e\u0442\u0435\u043d\u0430. \u041f\u0440\u0438\u043c\u0435\u043d\u0435\u043d\u0438\u0435: 2 \u043a\u0430\u043f\u0441\u0443\u043b\u044b \u0432&hellip;","og_url":"https:\/\/www.looduspere.ee\/ru\/\u0441\u0442\u0430\u0442\u044c\u044f\/biolatte-subtilis-kapslid-60sht\/","og_site_name":"\u041e\u0440\u0433\u0430\u043d\u0438\u0447\u0435\u0441\u043a\u0438\u0439 \u043c\u0430\u0433\u0430\u0437\u0438\u043d Looduspere","article_publisher":"https:\/\/www.facebook.com\/loodusperepood","article_modified_time":"2023-08-30T17:39:34+00:00","og_image":[{"width":400,"height":342,"url":"https:\/\/www.looduspere.ee\/wp-content\/uploads\/2017\/01\/Biolatte_2020_Subtilis60_VALGE.jpg","type":"image\/jpeg"}],"twitter_card":"summary_large_image","schema":{"@context":"https:\/\/schema.org","@graph":[{"@type":"WebPage","@id":"https:\/\/www.looduspere.ee\/ru\/\u0441\u0442\u0430\u0442\u044c\u044f\/biolatte-subtilis-kapslid-60sht\/","url":"https:\/\/www.looduspere.ee\/ru\/\u0441\u0442\u0430\u0442\u044c\u044f\/biolatte-subtilis-kapslid-60sht\/","name":"\u041a\u0430\u043f\u0441\u0443\u043b\u044b Biolatte Subtilis 60\u0448\u0442 - \u041e\u0440\u0433\u0430\u043d\u0438\u0447\u0435\u0441\u043a\u0438\u0439 \u043c\u0430\u0433\u0430\u0437\u0438\u043d Looduspere","isPartOf":{"@id":"https:\/\/www.looduspere.ee\/#website"},"primaryImageOfPage":{"@id":"https:\/\/www.looduspere.ee\/ru\/\u0441\u0442\u0430\u0442\u044c\u044f\/biolatte-subtilis-kapslid-60sht\/#primaryimage"},"image":{"@id":"https:\/\/www.looduspere.ee\/ru\/\u0441\u0442\u0430\u0442\u044c\u044f\/biolatte-subtilis-kapslid-60sht\/#primaryimage"},"thumbnailUrl":"https:\/\/www.looduspere.ee\/wp-content\/uploads\/2017\/01\/Biolatte_2020_Subtilis60_VALGE.jpg","datePublished":"2017-01-04T11:30:29+00:00","dateModified":"2023-08-30T17:39:34+00:00","breadcrumb":{"@id":"https:\/\/www.looduspere.ee\/ru\/\u0441\u0442\u0430\u0442\u044c\u044f\/biolatte-subtilis-kapslid-60sht\/#breadcrumb"},"inLanguage":"ru-EE","potentialAction":[{"@type":"ReadAction","target":["https:\/\/www.looduspere.ee\/ru\/\u0441\u0442\u0430\u0442\u044c\u044f\/biolatte-subtilis-kapslid-60sht\/"]}]},{"@type":"ImageObject","inLanguage":"ru-EE","@id":"https:\/\/www.looduspere.ee\/ru\/\u0441\u0442\u0430\u0442\u044c\u044f\/biolatte-subtilis-kapslid-60sht\/#primaryimage","url":"https:\/\/www.looduspere.ee\/wp-content\/uploads\/2017\/01\/Biolatte_2020_Subtilis60_VALGE.jpg","contentUrl":"https:\/\/www.looduspere.ee\/wp-content\/uploads\/2017\/01\/Biolatte_2020_Subtilis60_VALGE.jpg","width":400,"height":342},{"@type":"BreadcrumbList","@id":"https:\/\/www.looduspere.ee\/ru\/\u0441\u0442\u0430\u0442\u044c\u044f\/biolatte-subtilis-kapslid-60sht\/#breadcrumb","itemListElement":[{"@type":"ListItem","position":1,"name":"\u0434\u043e\u043c\u0430","item":"https:\/\/www.looduspere.ee\/ru\/"},{"@type":"ListItem","position":2,"name":"\u0422\u043e\u0432\u0430\u0440\u044b","item":"https:\/\/www.looduspere.ee\/ru\/%d1%82%d0%be%d0%b2%d0%b0%d1%80%d1%8b\/"},{"@type":"ListItem","position":3,"name":"\u041a\u0430\u043f\u0441\u0443\u043b\u044b Biolatte Subtilis 60\u0448\u0442"}]},{"@type":"WebSite","@id":"https:\/\/www.looduspere.ee\/#website","url":"https:\/\/www.looduspere.ee\/","name":"Looduspere \u00f6kopood","description":"\u0417\u0434\u043e\u0440\u043e\u0432\u044b\u0435 \u043e\u0440\u0433\u0430\u043d\u0438\u0447\u0435\u0441\u043a\u0438\u0435 \u0438 \u043d\u0430\u0442\u0443\u0440\u0430\u043b\u044c\u043d\u044b\u0435 \u043f\u0440\u043e\u0434\u0443\u043a\u0442\u044b","publisher":{"@id":"https:\/\/www.looduspere.ee\/#organization"},"alternateName":"Looduspere","potentialAction":[{"@type":"SearchAction","target":{"@type":"EntryPoint","urlTemplate":"https:\/\/www.looduspere.ee\/?s={search_term_string}"},"query-input":{"@type":"PropertyValueSpecification","valueRequired":true,"valueName":"search_term_string"}}],"inLanguage":"ru-EE"},{"@type":"Organization","@id":"https:\/\/www.looduspere.ee\/#organization","name":"Looduspere \u00f6kopood","url":"https:\/\/www.looduspere.ee\/","logo":{"@type":"ImageObject","inLanguage":"ru-EE","@id":"https:\/\/www.looduspere.ee\/#\/schema\/logo\/image\/","url":"https:\/\/www.looduspere.ee\/wp-content\/uploads\/2025\/01\/340768897_1025251132216623_8613010291235268142_n.jpg","contentUrl":"https:\/\/www.looduspere.ee\/wp-content\/uploads\/2025\/01\/340768897_1025251132216623_8613010291235268142_n.jpg","width":1045,"height":1045,"caption":"Looduspere \u00f6kopood"},"image":{"@id":"https:\/\/www.looduspere.ee\/#\/schema\/logo\/image\/"},"sameAs":["https:\/\/www.facebook.com\/loodusperepood","https:\/\/www.instagram.com\/looduspere\/"]}]}},"_links":{"self":[{"href":"https:\/\/www.looduspere.ee\/ru\/wp-json\/wp\/v2\/product\/100624","targetHints":{"allow":["GET"]}}],"collection":[{"href":"https:\/\/www.looduspere.ee\/ru\/wp-json\/wp\/v2\/product"}],"about":[{"href":"https:\/\/www.looduspere.ee\/ru\/wp-json\/wp\/v2\/types\/product"}],"replies":[{"embeddable":true,"href":"https:\/\/www.looduspere.ee\/ru\/wp-json\/wp\/v2\/comments?post=100624"}],"wp:featuredmedia":[{"embeddable":true,"href":"https:\/\/www.looduspere.ee\/ru\/wp-json\/wp\/v2\/media\/119903"}],"wp:attachment":[{"href":"https:\/\/www.looduspere.ee\/ru\/wp-json\/wp\/v2\/media?parent=100624"}],"wp:term":[{"taxonomy":"product_cat","embeddable":true,"href":"https:\/\/www.looduspere.ee\/ru\/wp-json\/wp\/v2\/product_cat?post=100624"},{"taxonomy":"product_tag","embeddable":true,"href":"https:\/\/www.looduspere.ee\/ru\/wp-json\/wp\/v2\/product_tag?post=100624"}],"curies":[{"name":"wp","href":"https:\/\/api.w.org\/{rel}","templated":true}]}}