{"id":94507,"date":"2017-10-18T16:11:33","date_gmt":"2017-10-18T13:11:36","guid":{"rendered":"http:\/\/www.looduspere.ee\/?post_type=product&#038;p=94507"},"modified":"2020-01-06T04:39:41","modified_gmt":"2020-01-06T02:39:41","slug":"grunspecht-natural-rubber-teething-ring-fish","status":"publish","type":"product","link":"https:\/\/www.looduspere.ee\/en\/product\/grunspecht-natural-rubber-teething-ring-fish\/","title":{"rendered":"Gr\u00fcnSpecht Natural Rubber Teething Ring Fish"},"content":{"rendered":"<p>Our organic teething ring is the ideal friend for your baby when teething. The organic teething ring from 100 % natural rubber is environmentally friendly and sustainable. Natural rubber is sourced from the Hevea tree, which generally grows in South-East Asia. <\/p>\n<p>The teething rings design is perfect to reach the incisors, canines and molars. It is very flexible and soft. Its light weight and child-friendly shape make the organic teething ring very easy for little hands to hold. <\/p>\n<p>The organic teething ring made from natural rubber is free from toxins, silicone and chemical softeners.<\/p>\n<p><strong>NB!<\/strong><br \/>\nSome children may have an allergic reaction to natural rubber. Should you notice an allergic reaction while using the teething ring, stop using the teething ring at once.<br \/>\nOnly use under the surveillance of an adult!<br \/>\nSpecial care must be taken if your child has already had its first teeth.<br \/>\nCheck the teething ring before and after use for damage.<br \/>\nDispose of the teething ring if it shows any signs of cracks or other damage.<\/p>\n<p>Material: 100 % natural rubber<\/p>\n<p>Care Advice:<\/p>\n<p>Clean the teething ring with warm water before every use and store it in a dry and hygienic place.<br \/>\nDo not boil the teething ring. Not suitable for being heated up in a microwave or for being steam-sterilised.<br \/>\nThe teething ring is not dishwasher-safe. Do not use any abrasive cleaning agents to clean the teething ring.<br \/>\nDo not expose the teething ring to direct sunlight or heat as this may damage the product.<br \/>\nThe teething ring can be disposed of in the household waste and be recycled thermally without any problems.<\/p>\n<p>Manufacture: The organic teething ring is made from 100% natural rubber from the Hevea tree. The rubber tree lives for 25 to 30 years before it is made into things like wooden furniture, and new trees are planted in its place.<\/p>\n<p>Use: The organic teething ring made from natural rubber is an environmentally friendly alternative to synthetic oil-based products.<\/p>\n<p>Shelf life: Protective packaging guarantees that the organic teething ring will arrive at your home in perfect condition. Be careful not to expose your organic teething ring to direct heat or sunlight to ensure that it can be enjoyed for as long as possible. The ring may become darker in time.<\/p>\n<p>Disposal: The organic teething ring can be disposed of in the household waste and be recycled thermally without a problem. Dispose of and recycle the individual parts of the packaging according to their type. Please pay attention to the regional disposal guidelines.<\/p>\n","protected":false},"excerpt":{"rendered":"<p>Our organic teething ring is the ideal friend for your baby when teething. The organic teething ring from 100 % natural rubber is environmentally friendly and sustainable. Natural rubber is sourced from the Hevea tree, which generally grows in South-East Asia. The teething rings design is perfect to reach the incisors, canines and molars. It is very flexible and soft.&hellip;<\/p>\n","protected":false},"featured_media":0,"comment_status":"open","ping_status":"closed","template":"","meta":[],"product_cat":[],"product_tag":[],"class_list":{"0":"post-94507","1":"product","2":"type-product","3":"status-publish","5":"pa_brand-gollnest","7":"first","8":"outofstock","9":"sale","10":"purchasable","11":"product-type-simple","12":"col-xs-6 col-sm-4","13":"col-md-3 col-lg-3","14":"un-4-cols"},"yoast_head":"<!-- This site is optimized with the Yoast SEO plugin v27.4 - https:\/\/yoast.com\/product\/yoast-seo-wordpress\/ -->\n<title>Gr\u00fcnSpecht Natural Rubber Teething Ring Fish - Looduspere Organic Shop<\/title>\n<meta name=\"robots\" content=\"index, follow, max-snippet:-1, max-image-preview:large, max-video-preview:-1\" \/>\n<link rel=\"canonical\" href=\"https:\/\/www.looduspere.ee\/en\/product\/grunspecht-natural-rubber-teething-ring-fish\/\" \/>\n<meta property=\"og:locale\" content=\"en_US\" \/>\n<meta property=\"og:type\" content=\"article\" \/>\n<meta property=\"og:title\" content=\"Gr\u00fcnSpecht Natural Rubber Teething Ring Fish - Looduspere Organic Shop\" \/>\n<meta property=\"og:description\" content=\"Our organic teething ring is the ideal friend for your baby when teething. The organic teething ring from 100 % natural rubber is environmentally friendly and sustainable. Natural rubber is sourced from the Hevea tree, which generally grows in South-East Asia. The teething rings design is perfect to reach the incisors, canines and molars. It is very flexible and soft.&hellip;\" \/>\n<meta property=\"og:url\" content=\"https:\/\/www.looduspere.ee\/en\/product\/grunspecht-natural-rubber-teething-ring-fish\/\" \/>\n<meta property=\"og:site_name\" content=\"Looduspere Organic Shop\" \/>\n<meta property=\"article:publisher\" content=\"https:\/\/www.facebook.com\/loodusperepood\" \/>\n<meta property=\"article:modified_time\" content=\"2020-01-06T02:39:41+00:00\" \/>\n<meta property=\"og:image\" content=\"https:\/\/www.looduspere.ee\/wp-content\/uploads\/2017\/10\/Gr\u00fcnsSpechti-naturaalsest-kummist-n\u00e4rimisr\u00f5ngas-Kala.jpg\" \/>\n\t<meta property=\"og:image:width\" content=\"600\" \/>\n\t<meta property=\"og:image:height\" content=\"600\" \/>\n\t<meta property=\"og:image:type\" content=\"image\/jpeg\" \/>\n<meta name=\"twitter:card\" content=\"summary_large_image\" \/>\n<meta name=\"twitter:label1\" content=\"Est. reading time\" \/>\n\t<meta name=\"twitter:data1\" content=\"2 minutes\" \/>\n<script type=\"application\/ld+json\" class=\"yoast-schema-graph\">{\"@context\":\"https:\\\/\\\/schema.org\",\"@graph\":[{\"@type\":\"WebPage\",\"@id\":\"https:\\\/\\\/www.looduspere.ee\\\/en\\\/product\\\/grunspecht-natural-rubber-teething-ring-fish\\\/\",\"url\":\"https:\\\/\\\/www.looduspere.ee\\\/en\\\/product\\\/grunspecht-natural-rubber-teething-ring-fish\\\/\",\"name\":\"Gr\u00fcnSpecht Natural Rubber Teething Ring Fish - Looduspere Organic Shop\",\"isPartOf\":{\"@id\":\"https:\\\/\\\/www.looduspere.ee\\\/#website\"},\"datePublished\":\"2017-10-18T13:11:36+00:00\",\"dateModified\":\"2020-01-06T02:39:41+00:00\",\"breadcrumb\":{\"@id\":\"https:\\\/\\\/www.looduspere.ee\\\/en\\\/product\\\/grunspecht-natural-rubber-teething-ring-fish\\\/#breadcrumb\"},\"inLanguage\":\"en-US\",\"potentialAction\":[{\"@type\":\"ReadAction\",\"target\":[\"https:\\\/\\\/www.looduspere.ee\\\/en\\\/product\\\/grunspecht-natural-rubber-teething-ring-fish\\\/\"]}]},{\"@type\":\"BreadcrumbList\",\"@id\":\"https:\\\/\\\/www.looduspere.ee\\\/en\\\/product\\\/grunspecht-natural-rubber-teething-ring-fish\\\/#breadcrumb\",\"itemListElement\":[{\"@type\":\"ListItem\",\"position\":1,\"name\":\"Home\",\"item\":\"https:\\\/\\\/www.looduspere.ee\\\/en\\\/\"},{\"@type\":\"ListItem\",\"position\":2,\"name\":\"Shop\",\"item\":\"https:\\\/\\\/www.looduspere.ee\\\/en\\\/shop\\\/\"},{\"@type\":\"ListItem\",\"position\":3,\"name\":\"Gr\u00fcnSpecht Natural Rubber Teething Ring Fish\"}]},{\"@type\":\"WebSite\",\"@id\":\"https:\\\/\\\/www.looduspere.ee\\\/#website\",\"url\":\"https:\\\/\\\/www.looduspere.ee\\\/\",\"name\":\"Looduspere \u00f6kopood\",\"description\":\"Healthy organic and natural products\",\"publisher\":{\"@id\":\"https:\\\/\\\/www.looduspere.ee\\\/#organization\"},\"alternateName\":\"Looduspere\",\"potentialAction\":[{\"@type\":\"SearchAction\",\"target\":{\"@type\":\"EntryPoint\",\"urlTemplate\":\"https:\\\/\\\/www.looduspere.ee\\\/?s={search_term_string}\"},\"query-input\":{\"@type\":\"PropertyValueSpecification\",\"valueRequired\":true,\"valueName\":\"search_term_string\"}}],\"inLanguage\":\"en-US\"},{\"@type\":\"Organization\",\"@id\":\"https:\\\/\\\/www.looduspere.ee\\\/#organization\",\"name\":\"Looduspere \u00f6kopood\",\"url\":\"https:\\\/\\\/www.looduspere.ee\\\/\",\"logo\":{\"@type\":\"ImageObject\",\"inLanguage\":\"en-US\",\"@id\":\"https:\\\/\\\/www.looduspere.ee\\\/#\\\/schema\\\/logo\\\/image\\\/\",\"url\":\"https:\\\/\\\/www.looduspere.ee\\\/wp-content\\\/uploads\\\/2025\\\/01\\\/340768897_1025251132216623_8613010291235268142_n.jpg\",\"contentUrl\":\"https:\\\/\\\/www.looduspere.ee\\\/wp-content\\\/uploads\\\/2025\\\/01\\\/340768897_1025251132216623_8613010291235268142_n.jpg\",\"width\":1045,\"height\":1045,\"caption\":\"Looduspere \u00f6kopood\"},\"image\":{\"@id\":\"https:\\\/\\\/www.looduspere.ee\\\/#\\\/schema\\\/logo\\\/image\\\/\"},\"sameAs\":[\"https:\\\/\\\/www.facebook.com\\\/loodusperepood\",\"https:\\\/\\\/www.instagram.com\\\/looduspere\\\/\"]}]}<\/script>\n<!-- \/ Yoast SEO plugin. -->","yoast_head_json":{"title":"Gr\u00fcnSpecht Natural Rubber Teething Ring Fish - Looduspere Organic Shop","robots":{"index":"index","follow":"follow","max-snippet":"max-snippet:-1","max-image-preview":"max-image-preview:large","max-video-preview":"max-video-preview:-1"},"canonical":"https:\/\/www.looduspere.ee\/en\/product\/grunspecht-natural-rubber-teething-ring-fish\/","og_locale":"en_US","og_type":"article","og_title":"Gr\u00fcnSpecht Natural Rubber Teething Ring Fish - Looduspere Organic Shop","og_description":"Our organic teething ring is the ideal friend for your baby when teething. The organic teething ring from 100 % natural rubber is environmentally friendly and sustainable. Natural rubber is sourced from the Hevea tree, which generally grows in South-East Asia. The teething rings design is perfect to reach the incisors, canines and molars. It is very flexible and soft.&hellip;","og_url":"https:\/\/www.looduspere.ee\/en\/product\/grunspecht-natural-rubber-teething-ring-fish\/","og_site_name":"Looduspere Organic Shop","article_publisher":"https:\/\/www.facebook.com\/loodusperepood","article_modified_time":"2020-01-06T02:39:41+00:00","og_image":[{"width":600,"height":600,"url":"https:\/\/www.looduspere.ee\/wp-content\/uploads\/2017\/10\/Gr\u00fcnsSpechti-naturaalsest-kummist-n\u00e4rimisr\u00f5ngas-Kala.jpg","type":"image\/jpeg"}],"twitter_card":"summary_large_image","twitter_misc":{"Est. reading time":"2 minutes"},"schema":{"@context":"https:\/\/schema.org","@graph":[{"@type":"WebPage","@id":"https:\/\/www.looduspere.ee\/en\/product\/grunspecht-natural-rubber-teething-ring-fish\/","url":"https:\/\/www.looduspere.ee\/en\/product\/grunspecht-natural-rubber-teething-ring-fish\/","name":"Gr\u00fcnSpecht Natural Rubber Teething Ring Fish - Looduspere Organic Shop","isPartOf":{"@id":"https:\/\/www.looduspere.ee\/#website"},"datePublished":"2017-10-18T13:11:36+00:00","dateModified":"2020-01-06T02:39:41+00:00","breadcrumb":{"@id":"https:\/\/www.looduspere.ee\/en\/product\/grunspecht-natural-rubber-teething-ring-fish\/#breadcrumb"},"inLanguage":"en-US","potentialAction":[{"@type":"ReadAction","target":["https:\/\/www.looduspere.ee\/en\/product\/grunspecht-natural-rubber-teething-ring-fish\/"]}]},{"@type":"BreadcrumbList","@id":"https:\/\/www.looduspere.ee\/en\/product\/grunspecht-natural-rubber-teething-ring-fish\/#breadcrumb","itemListElement":[{"@type":"ListItem","position":1,"name":"Home","item":"https:\/\/www.looduspere.ee\/en\/"},{"@type":"ListItem","position":2,"name":"Shop","item":"https:\/\/www.looduspere.ee\/en\/shop\/"},{"@type":"ListItem","position":3,"name":"Gr\u00fcnSpecht Natural Rubber Teething Ring Fish"}]},{"@type":"WebSite","@id":"https:\/\/www.looduspere.ee\/#website","url":"https:\/\/www.looduspere.ee\/","name":"Looduspere \u00f6kopood","description":"Healthy organic and natural products","publisher":{"@id":"https:\/\/www.looduspere.ee\/#organization"},"alternateName":"Looduspere","potentialAction":[{"@type":"SearchAction","target":{"@type":"EntryPoint","urlTemplate":"https:\/\/www.looduspere.ee\/?s={search_term_string}"},"query-input":{"@type":"PropertyValueSpecification","valueRequired":true,"valueName":"search_term_string"}}],"inLanguage":"en-US"},{"@type":"Organization","@id":"https:\/\/www.looduspere.ee\/#organization","name":"Looduspere \u00f6kopood","url":"https:\/\/www.looduspere.ee\/","logo":{"@type":"ImageObject","inLanguage":"en-US","@id":"https:\/\/www.looduspere.ee\/#\/schema\/logo\/image\/","url":"https:\/\/www.looduspere.ee\/wp-content\/uploads\/2025\/01\/340768897_1025251132216623_8613010291235268142_n.jpg","contentUrl":"https:\/\/www.looduspere.ee\/wp-content\/uploads\/2025\/01\/340768897_1025251132216623_8613010291235268142_n.jpg","width":1045,"height":1045,"caption":"Looduspere \u00f6kopood"},"image":{"@id":"https:\/\/www.looduspere.ee\/#\/schema\/logo\/image\/"},"sameAs":["https:\/\/www.facebook.com\/loodusperepood","https:\/\/www.instagram.com\/looduspere\/"]}]}},"_links":{"self":[{"href":"https:\/\/www.looduspere.ee\/en\/wp-json\/wp\/v2\/product\/94507","targetHints":{"allow":["GET"]}}],"collection":[{"href":"https:\/\/www.looduspere.ee\/en\/wp-json\/wp\/v2\/product"}],"about":[{"href":"https:\/\/www.looduspere.ee\/en\/wp-json\/wp\/v2\/types\/product"}],"replies":[{"embeddable":true,"href":"https:\/\/www.looduspere.ee\/en\/wp-json\/wp\/v2\/comments?post=94507"}],"wp:attachment":[{"href":"https:\/\/www.looduspere.ee\/en\/wp-json\/wp\/v2\/media?parent=94507"}],"wp:term":[{"taxonomy":"product_cat","embeddable":true,"href":"https:\/\/www.looduspere.ee\/en\/wp-json\/wp\/v2\/product_cat?post=94507"},{"taxonomy":"product_tag","embeddable":true,"href":"https:\/\/www.looduspere.ee\/en\/wp-json\/wp\/v2\/product_tag?post=94507"}],"curies":[{"name":"wp","href":"https:\/\/api.w.org\/{rel}","templated":true}]}}