{"id":92460,"date":"2017-08-31T15:25:18","date_gmt":"2017-08-31T12:25:20","guid":{"rendered":"http:\/\/www.looduspere.ee\/?post_type=product&#038;p=92460\/"},"modified":"2020-04-02T13:37:01","modified_gmt":"2020-04-02T10:37:01","slug":"sobio-nourishing-shampoo-with-argan-oil-shea-butter-250ml","status":"publish","type":"product","link":"https:\/\/www.looduspere.ee\/en\/product\/sobio-nourishing-shampoo-with-argan-oil-shea-butter-250ml\/","title":{"rendered":"SO\u2019BiO Nourishing Shampoo with Argan Oil &amp; Shea Butter 250ml"},"content":{"rendered":"<p>This nourishing shampoo by SO&#8217;BiO \u00e9tic is the perfect hair cleansing product for hair that is dry to very dry. Its creamy texture and the help of argan ceramides, smooth the hair strands, restructures the hair fibres and provides overall protection. For healthy looking and shiny hair.<\/p>\n<p>Apply to wet hair, massage and rinse. When in contact with eyes, rinse immediately with plenty of clean water.<\/p>\n<p><strong>INCI:<\/strong> Aqua\/Water\/Eau, Cocamidopropyl Betaine, Glycerin, Decyl Glucoside, Ricinus Communis (Castor Seed) Oil*, Sorbitan Caprylate, Sodium Chloride, Benzyl Alcohol, Xanthan Gum, Butyrospermum Parkii (Shea) Oil, Sodium Benzoate, Chondrus Crispus (Carrageenan), Lactic Acid, Parfum (Fragrance), Aloe Barbadensis Leaf Juice Powder*, Argan Oil Aminopropanediol Esters, Caesalpina Spinosa Gum, Linalool, Potassium Sorbate, Sodium Hydroxide, CI77891 (Titanium dioxide). <em>* from organic farming<\/em><\/p>\n<p><em>98% of the total ingredients are of natural origin<br \/>\n11% of the total ingredients come from organically controlled farming<\/em><\/p>\n<p>free from parabens, silicones &amp; nano particles<br \/>\nECOCERT certified organic cosmetics<\/p>\n<p>Unit price: 33.96 EUR\/l<\/p>\n","protected":false},"excerpt":{"rendered":"<p>This nourishing shampoo by SO&#8217;BiO \u00e9tic is the perfect hair cleansing product for hair that is dry to very dry. Its creamy texture and the help of argan ceramides, smooth the hair strands, restructures the hair fibres and provides overall protection. For healthy looking and shiny hair. Apply to wet hair, massage and rinse. When in contact with eyes, rinse&hellip;<\/p>\n","protected":false},"featured_media":0,"comment_status":"open","ping_status":"closed","template":"","meta":[],"product_cat":[],"product_tag":[],"class_list":{"0":"post-92460","1":"product","2":"type-product","3":"status-publish","6":"first","7":"outofstock","8":"sale","9":"shipping-taxable","10":"purchasable","11":"product-type-simple","12":"col-xs-6 col-sm-4","13":"col-md-3 col-lg-3","14":"un-4-cols"},"yoast_head":"<!-- This site is optimized with the Yoast SEO plugin v27.4 - https:\/\/yoast.com\/product\/yoast-seo-wordpress\/ -->\n<title>SO\u2019BiO Nourishing Shampoo with Argan Oil &amp; Shea Butter 250ml - Looduspere Organic Shop<\/title>\n<meta name=\"robots\" content=\"index, follow, max-snippet:-1, max-image-preview:large, max-video-preview:-1\" \/>\n<link rel=\"canonical\" href=\"https:\/\/www.looduspere.ee\/en\/product\/sobio-nourishing-shampoo-with-argan-oil-shea-butter-250ml\/\" \/>\n<meta property=\"og:locale\" content=\"en_US\" \/>\n<meta property=\"og:type\" content=\"article\" \/>\n<meta property=\"og:title\" content=\"SO\u2019BiO Nourishing Shampoo with Argan Oil &amp; Shea Butter 250ml - Looduspere Organic Shop\" \/>\n<meta property=\"og:description\" content=\"This nourishing shampoo by SO&#8217;BiO \u00e9tic is the perfect hair cleansing product for hair that is dry to very dry. Its creamy texture and the help of argan ceramides, smooth the hair strands, restructures the hair fibres and provides overall protection. For healthy looking and shiny hair. Apply to wet hair, massage and rinse. When in contact with eyes, rinse&hellip;\" \/>\n<meta property=\"og:url\" content=\"https:\/\/www.looduspere.ee\/en\/product\/sobio-nourishing-shampoo-with-argan-oil-shea-butter-250ml\/\" \/>\n<meta property=\"og:site_name\" content=\"Looduspere Organic Shop\" \/>\n<meta property=\"article:publisher\" content=\"https:\/\/www.facebook.com\/loodusperepood\" \/>\n<meta property=\"article:modified_time\" content=\"2020-04-02T10:37:01+00:00\" \/>\n<meta property=\"og:image\" content=\"https:\/\/www.looduspere.ee\/wp-content\/uploads\/2017\/08\/SO\u2019BiO-argaania\u00f5li-ja-\u0161eav\u00f5iga-\u0161ampoon-250ml.jpg\" \/>\n\t<meta property=\"og:image:width\" content=\"600\" \/>\n\t<meta property=\"og:image:height\" content=\"600\" \/>\n\t<meta property=\"og:image:type\" content=\"image\/jpeg\" \/>\n<meta name=\"twitter:card\" content=\"summary_large_image\" \/>\n<meta name=\"twitter:label1\" content=\"Est. reading time\" \/>\n\t<meta name=\"twitter:data1\" content=\"1 minute\" \/>\n<script type=\"application\/ld+json\" class=\"yoast-schema-graph\">{\"@context\":\"https:\\\/\\\/schema.org\",\"@graph\":[{\"@type\":\"WebPage\",\"@id\":\"https:\\\/\\\/www.looduspere.ee\\\/en\\\/product\\\/sobio-nourishing-shampoo-with-argan-oil-shea-butter-250ml\\\/\",\"url\":\"https:\\\/\\\/www.looduspere.ee\\\/en\\\/product\\\/sobio-nourishing-shampoo-with-argan-oil-shea-butter-250ml\\\/\",\"name\":\"SO\u2019BiO Nourishing Shampoo with Argan Oil &amp; Shea Butter 250ml - Looduspere Organic Shop\",\"isPartOf\":{\"@id\":\"https:\\\/\\\/www.looduspere.ee\\\/#website\"},\"datePublished\":\"2017-08-31T12:25:20+00:00\",\"dateModified\":\"2020-04-02T10:37:01+00:00\",\"breadcrumb\":{\"@id\":\"https:\\\/\\\/www.looduspere.ee\\\/en\\\/product\\\/sobio-nourishing-shampoo-with-argan-oil-shea-butter-250ml\\\/#breadcrumb\"},\"inLanguage\":\"en-US\",\"potentialAction\":[{\"@type\":\"ReadAction\",\"target\":[\"https:\\\/\\\/www.looduspere.ee\\\/en\\\/product\\\/sobio-nourishing-shampoo-with-argan-oil-shea-butter-250ml\\\/\"]}]},{\"@type\":\"BreadcrumbList\",\"@id\":\"https:\\\/\\\/www.looduspere.ee\\\/en\\\/product\\\/sobio-nourishing-shampoo-with-argan-oil-shea-butter-250ml\\\/#breadcrumb\",\"itemListElement\":[{\"@type\":\"ListItem\",\"position\":1,\"name\":\"Home\",\"item\":\"https:\\\/\\\/www.looduspere.ee\\\/en\\\/\"},{\"@type\":\"ListItem\",\"position\":2,\"name\":\"Shop\",\"item\":\"https:\\\/\\\/www.looduspere.ee\\\/en\\\/shop\\\/\"},{\"@type\":\"ListItem\",\"position\":3,\"name\":\"SO\u2019BiO Nourishing Shampoo with Argan Oil &amp; Shea Butter 250ml\"}]},{\"@type\":\"WebSite\",\"@id\":\"https:\\\/\\\/www.looduspere.ee\\\/#website\",\"url\":\"https:\\\/\\\/www.looduspere.ee\\\/\",\"name\":\"Looduspere \u00f6kopood\",\"description\":\"Healthy organic and natural products\",\"publisher\":{\"@id\":\"https:\\\/\\\/www.looduspere.ee\\\/#organization\"},\"alternateName\":\"Looduspere\",\"potentialAction\":[{\"@type\":\"SearchAction\",\"target\":{\"@type\":\"EntryPoint\",\"urlTemplate\":\"https:\\\/\\\/www.looduspere.ee\\\/?s={search_term_string}\"},\"query-input\":{\"@type\":\"PropertyValueSpecification\",\"valueRequired\":true,\"valueName\":\"search_term_string\"}}],\"inLanguage\":\"en-US\"},{\"@type\":\"Organization\",\"@id\":\"https:\\\/\\\/www.looduspere.ee\\\/#organization\",\"name\":\"Looduspere \u00f6kopood\",\"url\":\"https:\\\/\\\/www.looduspere.ee\\\/\",\"logo\":{\"@type\":\"ImageObject\",\"inLanguage\":\"en-US\",\"@id\":\"https:\\\/\\\/www.looduspere.ee\\\/#\\\/schema\\\/logo\\\/image\\\/\",\"url\":\"https:\\\/\\\/www.looduspere.ee\\\/wp-content\\\/uploads\\\/2025\\\/01\\\/340768897_1025251132216623_8613010291235268142_n.jpg\",\"contentUrl\":\"https:\\\/\\\/www.looduspere.ee\\\/wp-content\\\/uploads\\\/2025\\\/01\\\/340768897_1025251132216623_8613010291235268142_n.jpg\",\"width\":1045,\"height\":1045,\"caption\":\"Looduspere \u00f6kopood\"},\"image\":{\"@id\":\"https:\\\/\\\/www.looduspere.ee\\\/#\\\/schema\\\/logo\\\/image\\\/\"},\"sameAs\":[\"https:\\\/\\\/www.facebook.com\\\/loodusperepood\",\"https:\\\/\\\/www.instagram.com\\\/looduspere\\\/\"]}]}<\/script>\n<!-- \/ Yoast SEO plugin. -->","yoast_head_json":{"title":"SO\u2019BiO Nourishing Shampoo with Argan Oil &amp; Shea Butter 250ml - Looduspere Organic Shop","robots":{"index":"index","follow":"follow","max-snippet":"max-snippet:-1","max-image-preview":"max-image-preview:large","max-video-preview":"max-video-preview:-1"},"canonical":"https:\/\/www.looduspere.ee\/en\/product\/sobio-nourishing-shampoo-with-argan-oil-shea-butter-250ml\/","og_locale":"en_US","og_type":"article","og_title":"SO\u2019BiO Nourishing Shampoo with Argan Oil &amp; Shea Butter 250ml - Looduspere Organic Shop","og_description":"This nourishing shampoo by SO&#8217;BiO \u00e9tic is the perfect hair cleansing product for hair that is dry to very dry. Its creamy texture and the help of argan ceramides, smooth the hair strands, restructures the hair fibres and provides overall protection. For healthy looking and shiny hair. Apply to wet hair, massage and rinse. When in contact with eyes, rinse&hellip;","og_url":"https:\/\/www.looduspere.ee\/en\/product\/sobio-nourishing-shampoo-with-argan-oil-shea-butter-250ml\/","og_site_name":"Looduspere Organic Shop","article_publisher":"https:\/\/www.facebook.com\/loodusperepood","article_modified_time":"2020-04-02T10:37:01+00:00","og_image":[{"width":600,"height":600,"url":"https:\/\/www.looduspere.ee\/wp-content\/uploads\/2017\/08\/SO\u2019BiO-argaania\u00f5li-ja-\u0161eav\u00f5iga-\u0161ampoon-250ml.jpg","type":"image\/jpeg"}],"twitter_card":"summary_large_image","twitter_misc":{"Est. reading time":"1 minute"},"schema":{"@context":"https:\/\/schema.org","@graph":[{"@type":"WebPage","@id":"https:\/\/www.looduspere.ee\/en\/product\/sobio-nourishing-shampoo-with-argan-oil-shea-butter-250ml\/","url":"https:\/\/www.looduspere.ee\/en\/product\/sobio-nourishing-shampoo-with-argan-oil-shea-butter-250ml\/","name":"SO\u2019BiO Nourishing Shampoo with Argan Oil &amp; Shea Butter 250ml - Looduspere Organic Shop","isPartOf":{"@id":"https:\/\/www.looduspere.ee\/#website"},"datePublished":"2017-08-31T12:25:20+00:00","dateModified":"2020-04-02T10:37:01+00:00","breadcrumb":{"@id":"https:\/\/www.looduspere.ee\/en\/product\/sobio-nourishing-shampoo-with-argan-oil-shea-butter-250ml\/#breadcrumb"},"inLanguage":"en-US","potentialAction":[{"@type":"ReadAction","target":["https:\/\/www.looduspere.ee\/en\/product\/sobio-nourishing-shampoo-with-argan-oil-shea-butter-250ml\/"]}]},{"@type":"BreadcrumbList","@id":"https:\/\/www.looduspere.ee\/en\/product\/sobio-nourishing-shampoo-with-argan-oil-shea-butter-250ml\/#breadcrumb","itemListElement":[{"@type":"ListItem","position":1,"name":"Home","item":"https:\/\/www.looduspere.ee\/en\/"},{"@type":"ListItem","position":2,"name":"Shop","item":"https:\/\/www.looduspere.ee\/en\/shop\/"},{"@type":"ListItem","position":3,"name":"SO\u2019BiO Nourishing Shampoo with Argan Oil &amp; Shea Butter 250ml"}]},{"@type":"WebSite","@id":"https:\/\/www.looduspere.ee\/#website","url":"https:\/\/www.looduspere.ee\/","name":"Looduspere \u00f6kopood","description":"Healthy organic and natural products","publisher":{"@id":"https:\/\/www.looduspere.ee\/#organization"},"alternateName":"Looduspere","potentialAction":[{"@type":"SearchAction","target":{"@type":"EntryPoint","urlTemplate":"https:\/\/www.looduspere.ee\/?s={search_term_string}"},"query-input":{"@type":"PropertyValueSpecification","valueRequired":true,"valueName":"search_term_string"}}],"inLanguage":"en-US"},{"@type":"Organization","@id":"https:\/\/www.looduspere.ee\/#organization","name":"Looduspere \u00f6kopood","url":"https:\/\/www.looduspere.ee\/","logo":{"@type":"ImageObject","inLanguage":"en-US","@id":"https:\/\/www.looduspere.ee\/#\/schema\/logo\/image\/","url":"https:\/\/www.looduspere.ee\/wp-content\/uploads\/2025\/01\/340768897_1025251132216623_8613010291235268142_n.jpg","contentUrl":"https:\/\/www.looduspere.ee\/wp-content\/uploads\/2025\/01\/340768897_1025251132216623_8613010291235268142_n.jpg","width":1045,"height":1045,"caption":"Looduspere \u00f6kopood"},"image":{"@id":"https:\/\/www.looduspere.ee\/#\/schema\/logo\/image\/"},"sameAs":["https:\/\/www.facebook.com\/loodusperepood","https:\/\/www.instagram.com\/looduspere\/"]}]}},"_links":{"self":[{"href":"https:\/\/www.looduspere.ee\/en\/wp-json\/wp\/v2\/product\/92460","targetHints":{"allow":["GET"]}}],"collection":[{"href":"https:\/\/www.looduspere.ee\/en\/wp-json\/wp\/v2\/product"}],"about":[{"href":"https:\/\/www.looduspere.ee\/en\/wp-json\/wp\/v2\/types\/product"}],"replies":[{"embeddable":true,"href":"https:\/\/www.looduspere.ee\/en\/wp-json\/wp\/v2\/comments?post=92460"}],"wp:attachment":[{"href":"https:\/\/www.looduspere.ee\/en\/wp-json\/wp\/v2\/media?parent=92460"}],"wp:term":[{"taxonomy":"product_cat","embeddable":true,"href":"https:\/\/www.looduspere.ee\/en\/wp-json\/wp\/v2\/product_cat?post=92460"},{"taxonomy":"product_tag","embeddable":true,"href":"https:\/\/www.looduspere.ee\/en\/wp-json\/wp\/v2\/product_tag?post=92460"}],"curies":[{"name":"wp","href":"https:\/\/api.w.org\/{rel}","templated":true}]}}