{"id":80523,"date":"2015-05-17T14:35:44","date_gmt":"2017-05-17T11:35:46","guid":{"rendered":"http:\/\/www.looduspere.ee\/en\/product\/croll-denecke-nail-brush-koopia\/"},"modified":"2019-11-15T06:11:53","modified_gmt":"2019-11-15T04:11:53","slug":"croll-denecke-starfish-nail-brush-with-pumice-stone","status":"publish","type":"product","link":"https:\/\/www.looduspere.ee\/en\/product\/croll-denecke-starfish-nail-brush-with-pumice-stone\/","title":{"rendered":"Croll &#038; Denecke Starfish Nail Brush with Pumice Stone"},"content":{"rendered":"<p>Double-sided nail brush, one side bristle brush, one side pumice in Starfish shape. It sits perfectly in the hand for scrubbing and stimulating the skin as well as cleaning skin, hands and finger nails.\u00a0Assorted colors.<\/p>\n","protected":false},"excerpt":{"rendered":"<p>Double-sided nail brush, one side bristle brush, one side pumice in Starfish shape. It sits perfectly in the hand for scrubbing and stimulating the skin as well as cleaning skin, hands and finger nails.\u00a0Assorted colors.<\/p>\n","protected":false},"featured_media":80526,"comment_status":"open","ping_status":"closed","template":"","meta":[],"product_cat":[932,2012,911,998,910,889,930],"product_tag":[],"class_list":{"0":"post-80523","1":"product","2":"type-product","3":"status-publish","4":"has-post-thumbnail","6":"product_cat-babycare","7":"product_cat-bath-time","8":"product_cat-body-care","9":"product_cat-cosmetics-for-children","10":"product_cat-hand-and-foot-care","11":"product_cat-natural-cosmetics","12":"product_cat-sponges-combs-and-brushes","13":"product_shipping_class-1-en","15":"first","16":"outofstock","17":"purchasable","18":"product-type-simple","19":"col-xs-6 col-sm-4","20":"col-md-3 col-lg-3","21":"un-4-cols"},"yoast_head":"<!-- This site is optimized with the Yoast SEO plugin v27.4 - https:\/\/yoast.com\/product\/yoast-seo-wordpress\/ -->\n<title>Croll &amp; Denecke Starfish Nail Brush with Pumice Stone - Looduspere Organic Shop<\/title>\n<meta name=\"robots\" content=\"index, follow, max-snippet:-1, max-image-preview:large, max-video-preview:-1\" \/>\n<link rel=\"canonical\" href=\"https:\/\/www.looduspere.ee\/en\/product\/croll-denecke-starfish-nail-brush-with-pumice-stone\/\" \/>\n<meta property=\"og:locale\" content=\"en_US\" \/>\n<meta property=\"og:type\" content=\"article\" \/>\n<meta property=\"og:title\" content=\"Croll &amp; Denecke Starfish Nail Brush with Pumice Stone - Looduspere Organic Shop\" \/>\n<meta property=\"og:description\" content=\"Double-sided nail brush, one side bristle brush, one side pumice in Starfish shape. It sits perfectly in the hand for scrubbing and stimulating the skin as well as cleaning skin, hands and finger nails.\u00a0Assorted colors.\" \/>\n<meta property=\"og:url\" content=\"https:\/\/www.looduspere.ee\/en\/product\/croll-denecke-starfish-nail-brush-with-pumice-stone\/\" \/>\n<meta property=\"og:site_name\" content=\"Looduspere Organic Shop\" \/>\n<meta property=\"article:publisher\" content=\"https:\/\/www.facebook.com\/loodusperepood\" \/>\n<meta property=\"article:modified_time\" content=\"2019-11-15T04:11:53+00:00\" \/>\n<meta property=\"og:image\" content=\"https:\/\/www.looduspere.ee\/wp-content\/uploads\/2017\/05\/Croll-Denecke-pimsskiviga-k\u00fc\u00fcnehari.jpg\" \/>\n\t<meta property=\"og:image:width\" content=\"450\" \/>\n\t<meta property=\"og:image:height\" content=\"450\" \/>\n\t<meta property=\"og:image:type\" content=\"image\/jpeg\" \/>\n<meta name=\"twitter:card\" content=\"summary_large_image\" \/>\n<script type=\"application\/ld+json\" class=\"yoast-schema-graph\">{\"@context\":\"https:\\\/\\\/schema.org\",\"@graph\":[{\"@type\":\"WebPage\",\"@id\":\"https:\\\/\\\/www.looduspere.ee\\\/en\\\/product\\\/croll-denecke-starfish-nail-brush-with-pumice-stone\\\/\",\"url\":\"https:\\\/\\\/www.looduspere.ee\\\/en\\\/product\\\/croll-denecke-starfish-nail-brush-with-pumice-stone\\\/\",\"name\":\"Croll & Denecke Starfish Nail Brush with Pumice Stone - Looduspere Organic Shop\",\"isPartOf\":{\"@id\":\"https:\\\/\\\/www.looduspere.ee\\\/#website\"},\"primaryImageOfPage\":{\"@id\":\"https:\\\/\\\/www.looduspere.ee\\\/en\\\/product\\\/croll-denecke-starfish-nail-brush-with-pumice-stone\\\/#primaryimage\"},\"image\":{\"@id\":\"https:\\\/\\\/www.looduspere.ee\\\/en\\\/product\\\/croll-denecke-starfish-nail-brush-with-pumice-stone\\\/#primaryimage\"},\"thumbnailUrl\":\"https:\\\/\\\/www.looduspere.ee\\\/wp-content\\\/uploads\\\/2017\\\/05\\\/Croll-Denecke-pimsskiviga-k\u00fc\u00fcnehari.jpg\",\"datePublished\":\"2017-05-17T11:35:46+00:00\",\"dateModified\":\"2019-11-15T04:11:53+00:00\",\"breadcrumb\":{\"@id\":\"https:\\\/\\\/www.looduspere.ee\\\/en\\\/product\\\/croll-denecke-starfish-nail-brush-with-pumice-stone\\\/#breadcrumb\"},\"inLanguage\":\"en-US\",\"potentialAction\":[{\"@type\":\"ReadAction\",\"target\":[\"https:\\\/\\\/www.looduspere.ee\\\/en\\\/product\\\/croll-denecke-starfish-nail-brush-with-pumice-stone\\\/\"]}]},{\"@type\":\"ImageObject\",\"inLanguage\":\"en-US\",\"@id\":\"https:\\\/\\\/www.looduspere.ee\\\/en\\\/product\\\/croll-denecke-starfish-nail-brush-with-pumice-stone\\\/#primaryimage\",\"url\":\"https:\\\/\\\/www.looduspere.ee\\\/wp-content\\\/uploads\\\/2017\\\/05\\\/Croll-Denecke-pimsskiviga-k\u00fc\u00fcnehari.jpg\",\"contentUrl\":\"https:\\\/\\\/www.looduspere.ee\\\/wp-content\\\/uploads\\\/2017\\\/05\\\/Croll-Denecke-pimsskiviga-k\u00fc\u00fcnehari.jpg\",\"width\":450,\"height\":450,\"caption\":\"Croll & Denecke pimsskiviga k\u00fc\u00fcnehari\"},{\"@type\":\"BreadcrumbList\",\"@id\":\"https:\\\/\\\/www.looduspere.ee\\\/en\\\/product\\\/croll-denecke-starfish-nail-brush-with-pumice-stone\\\/#breadcrumb\",\"itemListElement\":[{\"@type\":\"ListItem\",\"position\":1,\"name\":\"Home\",\"item\":\"https:\\\/\\\/www.looduspere.ee\\\/en\\\/\"},{\"@type\":\"ListItem\",\"position\":2,\"name\":\"Shop\",\"item\":\"https:\\\/\\\/www.looduspere.ee\\\/en\\\/shop\\\/\"},{\"@type\":\"ListItem\",\"position\":3,\"name\":\"Croll &#038; Denecke Starfish Nail Brush with Pumice Stone\"}]},{\"@type\":\"WebSite\",\"@id\":\"https:\\\/\\\/www.looduspere.ee\\\/#website\",\"url\":\"https:\\\/\\\/www.looduspere.ee\\\/\",\"name\":\"Looduspere \u00f6kopood\",\"description\":\"Healthy organic and natural products\",\"publisher\":{\"@id\":\"https:\\\/\\\/www.looduspere.ee\\\/#organization\"},\"alternateName\":\"Looduspere\",\"potentialAction\":[{\"@type\":\"SearchAction\",\"target\":{\"@type\":\"EntryPoint\",\"urlTemplate\":\"https:\\\/\\\/www.looduspere.ee\\\/?s={search_term_string}\"},\"query-input\":{\"@type\":\"PropertyValueSpecification\",\"valueRequired\":true,\"valueName\":\"search_term_string\"}}],\"inLanguage\":\"en-US\"},{\"@type\":\"Organization\",\"@id\":\"https:\\\/\\\/www.looduspere.ee\\\/#organization\",\"name\":\"Looduspere \u00f6kopood\",\"url\":\"https:\\\/\\\/www.looduspere.ee\\\/\",\"logo\":{\"@type\":\"ImageObject\",\"inLanguage\":\"en-US\",\"@id\":\"https:\\\/\\\/www.looduspere.ee\\\/#\\\/schema\\\/logo\\\/image\\\/\",\"url\":\"https:\\\/\\\/www.looduspere.ee\\\/wp-content\\\/uploads\\\/2025\\\/01\\\/340768897_1025251132216623_8613010291235268142_n.jpg\",\"contentUrl\":\"https:\\\/\\\/www.looduspere.ee\\\/wp-content\\\/uploads\\\/2025\\\/01\\\/340768897_1025251132216623_8613010291235268142_n.jpg\",\"width\":1045,\"height\":1045,\"caption\":\"Looduspere \u00f6kopood\"},\"image\":{\"@id\":\"https:\\\/\\\/www.looduspere.ee\\\/#\\\/schema\\\/logo\\\/image\\\/\"},\"sameAs\":[\"https:\\\/\\\/www.facebook.com\\\/loodusperepood\",\"https:\\\/\\\/www.instagram.com\\\/looduspere\\\/\"]}]}<\/script>\n<!-- \/ Yoast SEO plugin. -->","yoast_head_json":{"title":"Croll & Denecke Starfish Nail Brush with Pumice Stone - Looduspere Organic Shop","robots":{"index":"index","follow":"follow","max-snippet":"max-snippet:-1","max-image-preview":"max-image-preview:large","max-video-preview":"max-video-preview:-1"},"canonical":"https:\/\/www.looduspere.ee\/en\/product\/croll-denecke-starfish-nail-brush-with-pumice-stone\/","og_locale":"en_US","og_type":"article","og_title":"Croll & Denecke Starfish Nail Brush with Pumice Stone - Looduspere Organic Shop","og_description":"Double-sided nail brush, one side bristle brush, one side pumice in Starfish shape. It sits perfectly in the hand for scrubbing and stimulating the skin as well as cleaning skin, hands and finger nails.\u00a0Assorted colors.","og_url":"https:\/\/www.looduspere.ee\/en\/product\/croll-denecke-starfish-nail-brush-with-pumice-stone\/","og_site_name":"Looduspere Organic Shop","article_publisher":"https:\/\/www.facebook.com\/loodusperepood","article_modified_time":"2019-11-15T04:11:53+00:00","og_image":[{"width":450,"height":450,"url":"https:\/\/www.looduspere.ee\/wp-content\/uploads\/2017\/05\/Croll-Denecke-pimsskiviga-k\u00fc\u00fcnehari.jpg","type":"image\/jpeg"}],"twitter_card":"summary_large_image","schema":{"@context":"https:\/\/schema.org","@graph":[{"@type":"WebPage","@id":"https:\/\/www.looduspere.ee\/en\/product\/croll-denecke-starfish-nail-brush-with-pumice-stone\/","url":"https:\/\/www.looduspere.ee\/en\/product\/croll-denecke-starfish-nail-brush-with-pumice-stone\/","name":"Croll & Denecke Starfish Nail Brush with Pumice Stone - Looduspere Organic Shop","isPartOf":{"@id":"https:\/\/www.looduspere.ee\/#website"},"primaryImageOfPage":{"@id":"https:\/\/www.looduspere.ee\/en\/product\/croll-denecke-starfish-nail-brush-with-pumice-stone\/#primaryimage"},"image":{"@id":"https:\/\/www.looduspere.ee\/en\/product\/croll-denecke-starfish-nail-brush-with-pumice-stone\/#primaryimage"},"thumbnailUrl":"https:\/\/www.looduspere.ee\/wp-content\/uploads\/2017\/05\/Croll-Denecke-pimsskiviga-k\u00fc\u00fcnehari.jpg","datePublished":"2017-05-17T11:35:46+00:00","dateModified":"2019-11-15T04:11:53+00:00","breadcrumb":{"@id":"https:\/\/www.looduspere.ee\/en\/product\/croll-denecke-starfish-nail-brush-with-pumice-stone\/#breadcrumb"},"inLanguage":"en-US","potentialAction":[{"@type":"ReadAction","target":["https:\/\/www.looduspere.ee\/en\/product\/croll-denecke-starfish-nail-brush-with-pumice-stone\/"]}]},{"@type":"ImageObject","inLanguage":"en-US","@id":"https:\/\/www.looduspere.ee\/en\/product\/croll-denecke-starfish-nail-brush-with-pumice-stone\/#primaryimage","url":"https:\/\/www.looduspere.ee\/wp-content\/uploads\/2017\/05\/Croll-Denecke-pimsskiviga-k\u00fc\u00fcnehari.jpg","contentUrl":"https:\/\/www.looduspere.ee\/wp-content\/uploads\/2017\/05\/Croll-Denecke-pimsskiviga-k\u00fc\u00fcnehari.jpg","width":450,"height":450,"caption":"Croll & Denecke pimsskiviga k\u00fc\u00fcnehari"},{"@type":"BreadcrumbList","@id":"https:\/\/www.looduspere.ee\/en\/product\/croll-denecke-starfish-nail-brush-with-pumice-stone\/#breadcrumb","itemListElement":[{"@type":"ListItem","position":1,"name":"Home","item":"https:\/\/www.looduspere.ee\/en\/"},{"@type":"ListItem","position":2,"name":"Shop","item":"https:\/\/www.looduspere.ee\/en\/shop\/"},{"@type":"ListItem","position":3,"name":"Croll &#038; Denecke Starfish Nail Brush with Pumice Stone"}]},{"@type":"WebSite","@id":"https:\/\/www.looduspere.ee\/#website","url":"https:\/\/www.looduspere.ee\/","name":"Looduspere \u00f6kopood","description":"Healthy organic and natural products","publisher":{"@id":"https:\/\/www.looduspere.ee\/#organization"},"alternateName":"Looduspere","potentialAction":[{"@type":"SearchAction","target":{"@type":"EntryPoint","urlTemplate":"https:\/\/www.looduspere.ee\/?s={search_term_string}"},"query-input":{"@type":"PropertyValueSpecification","valueRequired":true,"valueName":"search_term_string"}}],"inLanguage":"en-US"},{"@type":"Organization","@id":"https:\/\/www.looduspere.ee\/#organization","name":"Looduspere \u00f6kopood","url":"https:\/\/www.looduspere.ee\/","logo":{"@type":"ImageObject","inLanguage":"en-US","@id":"https:\/\/www.looduspere.ee\/#\/schema\/logo\/image\/","url":"https:\/\/www.looduspere.ee\/wp-content\/uploads\/2025\/01\/340768897_1025251132216623_8613010291235268142_n.jpg","contentUrl":"https:\/\/www.looduspere.ee\/wp-content\/uploads\/2025\/01\/340768897_1025251132216623_8613010291235268142_n.jpg","width":1045,"height":1045,"caption":"Looduspere \u00f6kopood"},"image":{"@id":"https:\/\/www.looduspere.ee\/#\/schema\/logo\/image\/"},"sameAs":["https:\/\/www.facebook.com\/loodusperepood","https:\/\/www.instagram.com\/looduspere\/"]}]}},"_links":{"self":[{"href":"https:\/\/www.looduspere.ee\/en\/wp-json\/wp\/v2\/product\/80523","targetHints":{"allow":["GET"]}}],"collection":[{"href":"https:\/\/www.looduspere.ee\/en\/wp-json\/wp\/v2\/product"}],"about":[{"href":"https:\/\/www.looduspere.ee\/en\/wp-json\/wp\/v2\/types\/product"}],"replies":[{"embeddable":true,"href":"https:\/\/www.looduspere.ee\/en\/wp-json\/wp\/v2\/comments?post=80523"}],"wp:featuredmedia":[{"embeddable":true,"href":"https:\/\/www.looduspere.ee\/en\/wp-json\/wp\/v2\/media\/80526"}],"wp:attachment":[{"href":"https:\/\/www.looduspere.ee\/en\/wp-json\/wp\/v2\/media?parent=80523"}],"wp:term":[{"taxonomy":"product_cat","embeddable":true,"href":"https:\/\/www.looduspere.ee\/en\/wp-json\/wp\/v2\/product_cat?post=80523"},{"taxonomy":"product_tag","embeddable":true,"href":"https:\/\/www.looduspere.ee\/en\/wp-json\/wp\/v2\/product_tag?post=80523"}],"curies":[{"name":"wp","href":"https:\/\/api.w.org\/{rel}","templated":true}]}}