{"id":78608,"date":"2016-04-12T12:05:12","date_gmt":"2017-04-12T09:05:14","guid":{"rendered":"http:\/\/www.looduspere.ee\/en\/product\/heimess-touch-ring-owl-koopia\/"},"modified":"2019-06-12T19:33:47","modified_gmt":"2019-06-12T16:33:47","slug":"heimess-touch-ring-rainbow","status":"publish","type":"product","link":"https:\/\/www.looduspere.ee\/en\/product\/heimess-touch-ring-rainbow\/","title":{"rendered":"Heimess Touch Ring Rainbow"},"content":{"rendered":"<p>Wooden clutching toys are essential for the hands of babies. They trigger the grasp reflex and promote the development process to targeted grabbing. They transmit sensations which help your baby to discover their environment.<\/p>\n<p>HEIMESS soft colours: For the sake of the children and the environment we use only water-based paints for our high- quality toys and dispense with clear varnish containing solvents. This may result in traces of usage due to mechanical friction. The glazing of the beads leaves the fine structure of the wood visible.<\/p>\n<p>\u2205: 9 cm<\/p>\n","protected":false},"excerpt":{"rendered":"<p>Wooden clutching toys are essential for the hands of babies. They trigger the grasp reflex and promote the development process to targeted grabbing. They transmit sensations which help your baby to discover their environment. HEIMESS soft colours: For the sake of the children and the environment we use only water-based paints for our high- quality toys and dispense with clear&hellip;<\/p>\n","protected":false},"featured_media":78610,"comment_status":"open","ping_status":"closed","template":"","meta":[],"product_cat":[],"product_tag":[],"class_list":{"0":"post-78608","1":"product","2":"type-product","3":"status-publish","4":"has-post-thumbnail","7":"first","8":"outofstock","9":"sale","10":"shipping-taxable","11":"purchasable","12":"product-type-simple","13":"col-xs-6 col-sm-4","14":"col-md-3 col-lg-3","15":"un-4-cols"},"yoast_head":"<!-- This site is optimized with the Yoast SEO plugin v27.4 - https:\/\/yoast.com\/product\/yoast-seo-wordpress\/ -->\n<title>Heimess Touch Ring Rainbow - Looduspere Organic Shop<\/title>\n<meta name=\"robots\" content=\"index, follow, max-snippet:-1, max-image-preview:large, max-video-preview:-1\" \/>\n<link rel=\"canonical\" href=\"https:\/\/www.looduspere.ee\/en\/product\/heimess-touch-ring-rainbow\/\" \/>\n<meta property=\"og:locale\" content=\"en_US\" \/>\n<meta property=\"og:type\" content=\"article\" \/>\n<meta property=\"og:title\" content=\"Heimess Touch Ring Rainbow - Looduspere Organic Shop\" \/>\n<meta property=\"og:description\" content=\"Wooden clutching toys are essential for the hands of babies. They trigger the grasp reflex and promote the development process to targeted grabbing. They transmit sensations which help your baby to discover their environment. HEIMESS soft colours: For the sake of the children and the environment we use only water-based paints for our high- quality toys and dispense with clear&hellip;\" \/>\n<meta property=\"og:url\" content=\"https:\/\/www.looduspere.ee\/en\/product\/heimess-touch-ring-rainbow\/\" \/>\n<meta property=\"og:site_name\" content=\"Looduspere Organic Shop\" \/>\n<meta property=\"article:publisher\" content=\"https:\/\/www.facebook.com\/loodusperepood\" \/>\n<meta property=\"article:modified_time\" content=\"2019-06-12T16:33:47+00:00\" \/>\n<meta property=\"og:image\" content=\"https:\/\/www.looduspere.ee\/wp-content\/uploads\/2017\/04\/736810-Heimess-vikerkaarev\u00e4rviline-k\u00f5risti-T\u00e4heke.jpg\" \/>\n\t<meta property=\"og:image:width\" content=\"600\" \/>\n\t<meta property=\"og:image:height\" content=\"600\" \/>\n\t<meta property=\"og:image:type\" content=\"image\/jpeg\" \/>\n<meta name=\"twitter:card\" content=\"summary_large_image\" \/>\n<script type=\"application\/ld+json\" class=\"yoast-schema-graph\">{\"@context\":\"https:\\\/\\\/schema.org\",\"@graph\":[{\"@type\":\"WebPage\",\"@id\":\"https:\\\/\\\/www.looduspere.ee\\\/en\\\/product\\\/heimess-touch-ring-rainbow\\\/\",\"url\":\"https:\\\/\\\/www.looduspere.ee\\\/en\\\/product\\\/heimess-touch-ring-rainbow\\\/\",\"name\":\"Heimess Touch Ring Rainbow - Looduspere Organic Shop\",\"isPartOf\":{\"@id\":\"https:\\\/\\\/www.looduspere.ee\\\/#website\"},\"primaryImageOfPage\":{\"@id\":\"https:\\\/\\\/www.looduspere.ee\\\/en\\\/product\\\/heimess-touch-ring-rainbow\\\/#primaryimage\"},\"image\":{\"@id\":\"https:\\\/\\\/www.looduspere.ee\\\/en\\\/product\\\/heimess-touch-ring-rainbow\\\/#primaryimage\"},\"thumbnailUrl\":\"https:\\\/\\\/www.looduspere.ee\\\/wp-content\\\/uploads\\\/2017\\\/04\\\/736810-Heimess-vikerkaarev\u00e4rviline-k\u00f5risti-T\u00e4heke.jpg\",\"datePublished\":\"2017-04-12T09:05:14+00:00\",\"dateModified\":\"2019-06-12T16:33:47+00:00\",\"breadcrumb\":{\"@id\":\"https:\\\/\\\/www.looduspere.ee\\\/en\\\/product\\\/heimess-touch-ring-rainbow\\\/#breadcrumb\"},\"inLanguage\":\"en-US\",\"potentialAction\":[{\"@type\":\"ReadAction\",\"target\":[\"https:\\\/\\\/www.looduspere.ee\\\/en\\\/product\\\/heimess-touch-ring-rainbow\\\/\"]}]},{\"@type\":\"ImageObject\",\"inLanguage\":\"en-US\",\"@id\":\"https:\\\/\\\/www.looduspere.ee\\\/en\\\/product\\\/heimess-touch-ring-rainbow\\\/#primaryimage\",\"url\":\"https:\\\/\\\/www.looduspere.ee\\\/wp-content\\\/uploads\\\/2017\\\/04\\\/736810-Heimess-vikerkaarev\u00e4rviline-k\u00f5risti-T\u00e4heke.jpg\",\"contentUrl\":\"https:\\\/\\\/www.looduspere.ee\\\/wp-content\\\/uploads\\\/2017\\\/04\\\/736810-Heimess-vikerkaarev\u00e4rviline-k\u00f5risti-T\u00e4heke.jpg\",\"width\":600,\"height\":600,\"caption\":\"Heimess Touch Ring Rainbow\"},{\"@type\":\"BreadcrumbList\",\"@id\":\"https:\\\/\\\/www.looduspere.ee\\\/en\\\/product\\\/heimess-touch-ring-rainbow\\\/#breadcrumb\",\"itemListElement\":[{\"@type\":\"ListItem\",\"position\":1,\"name\":\"Home\",\"item\":\"https:\\\/\\\/www.looduspere.ee\\\/en\\\/\"},{\"@type\":\"ListItem\",\"position\":2,\"name\":\"Shop\",\"item\":\"https:\\\/\\\/www.looduspere.ee\\\/en\\\/shop\\\/\"},{\"@type\":\"ListItem\",\"position\":3,\"name\":\"Heimess Touch Ring Rainbow\"}]},{\"@type\":\"WebSite\",\"@id\":\"https:\\\/\\\/www.looduspere.ee\\\/#website\",\"url\":\"https:\\\/\\\/www.looduspere.ee\\\/\",\"name\":\"Looduspere \u00f6kopood\",\"description\":\"Healthy organic and natural products\",\"publisher\":{\"@id\":\"https:\\\/\\\/www.looduspere.ee\\\/#organization\"},\"alternateName\":\"Looduspere\",\"potentialAction\":[{\"@type\":\"SearchAction\",\"target\":{\"@type\":\"EntryPoint\",\"urlTemplate\":\"https:\\\/\\\/www.looduspere.ee\\\/?s={search_term_string}\"},\"query-input\":{\"@type\":\"PropertyValueSpecification\",\"valueRequired\":true,\"valueName\":\"search_term_string\"}}],\"inLanguage\":\"en-US\"},{\"@type\":\"Organization\",\"@id\":\"https:\\\/\\\/www.looduspere.ee\\\/#organization\",\"name\":\"Looduspere \u00f6kopood\",\"url\":\"https:\\\/\\\/www.looduspere.ee\\\/\",\"logo\":{\"@type\":\"ImageObject\",\"inLanguage\":\"en-US\",\"@id\":\"https:\\\/\\\/www.looduspere.ee\\\/#\\\/schema\\\/logo\\\/image\\\/\",\"url\":\"https:\\\/\\\/www.looduspere.ee\\\/wp-content\\\/uploads\\\/2025\\\/01\\\/340768897_1025251132216623_8613010291235268142_n.jpg\",\"contentUrl\":\"https:\\\/\\\/www.looduspere.ee\\\/wp-content\\\/uploads\\\/2025\\\/01\\\/340768897_1025251132216623_8613010291235268142_n.jpg\",\"width\":1045,\"height\":1045,\"caption\":\"Looduspere \u00f6kopood\"},\"image\":{\"@id\":\"https:\\\/\\\/www.looduspere.ee\\\/#\\\/schema\\\/logo\\\/image\\\/\"},\"sameAs\":[\"https:\\\/\\\/www.facebook.com\\\/loodusperepood\",\"https:\\\/\\\/www.instagram.com\\\/looduspere\\\/\"]}]}<\/script>\n<!-- \/ Yoast SEO plugin. -->","yoast_head_json":{"title":"Heimess Touch Ring Rainbow - Looduspere Organic Shop","robots":{"index":"index","follow":"follow","max-snippet":"max-snippet:-1","max-image-preview":"max-image-preview:large","max-video-preview":"max-video-preview:-1"},"canonical":"https:\/\/www.looduspere.ee\/en\/product\/heimess-touch-ring-rainbow\/","og_locale":"en_US","og_type":"article","og_title":"Heimess Touch Ring Rainbow - Looduspere Organic Shop","og_description":"Wooden clutching toys are essential for the hands of babies. They trigger the grasp reflex and promote the development process to targeted grabbing. They transmit sensations which help your baby to discover their environment. HEIMESS soft colours: For the sake of the children and the environment we use only water-based paints for our high- quality toys and dispense with clear&hellip;","og_url":"https:\/\/www.looduspere.ee\/en\/product\/heimess-touch-ring-rainbow\/","og_site_name":"Looduspere Organic Shop","article_publisher":"https:\/\/www.facebook.com\/loodusperepood","article_modified_time":"2019-06-12T16:33:47+00:00","og_image":[{"width":600,"height":600,"url":"https:\/\/www.looduspere.ee\/wp-content\/uploads\/2017\/04\/736810-Heimess-vikerkaarev\u00e4rviline-k\u00f5risti-T\u00e4heke.jpg","type":"image\/jpeg"}],"twitter_card":"summary_large_image","schema":{"@context":"https:\/\/schema.org","@graph":[{"@type":"WebPage","@id":"https:\/\/www.looduspere.ee\/en\/product\/heimess-touch-ring-rainbow\/","url":"https:\/\/www.looduspere.ee\/en\/product\/heimess-touch-ring-rainbow\/","name":"Heimess Touch Ring Rainbow - Looduspere Organic Shop","isPartOf":{"@id":"https:\/\/www.looduspere.ee\/#website"},"primaryImageOfPage":{"@id":"https:\/\/www.looduspere.ee\/en\/product\/heimess-touch-ring-rainbow\/#primaryimage"},"image":{"@id":"https:\/\/www.looduspere.ee\/en\/product\/heimess-touch-ring-rainbow\/#primaryimage"},"thumbnailUrl":"https:\/\/www.looduspere.ee\/wp-content\/uploads\/2017\/04\/736810-Heimess-vikerkaarev\u00e4rviline-k\u00f5risti-T\u00e4heke.jpg","datePublished":"2017-04-12T09:05:14+00:00","dateModified":"2019-06-12T16:33:47+00:00","breadcrumb":{"@id":"https:\/\/www.looduspere.ee\/en\/product\/heimess-touch-ring-rainbow\/#breadcrumb"},"inLanguage":"en-US","potentialAction":[{"@type":"ReadAction","target":["https:\/\/www.looduspere.ee\/en\/product\/heimess-touch-ring-rainbow\/"]}]},{"@type":"ImageObject","inLanguage":"en-US","@id":"https:\/\/www.looduspere.ee\/en\/product\/heimess-touch-ring-rainbow\/#primaryimage","url":"https:\/\/www.looduspere.ee\/wp-content\/uploads\/2017\/04\/736810-Heimess-vikerkaarev\u00e4rviline-k\u00f5risti-T\u00e4heke.jpg","contentUrl":"https:\/\/www.looduspere.ee\/wp-content\/uploads\/2017\/04\/736810-Heimess-vikerkaarev\u00e4rviline-k\u00f5risti-T\u00e4heke.jpg","width":600,"height":600,"caption":"Heimess Touch Ring Rainbow"},{"@type":"BreadcrumbList","@id":"https:\/\/www.looduspere.ee\/en\/product\/heimess-touch-ring-rainbow\/#breadcrumb","itemListElement":[{"@type":"ListItem","position":1,"name":"Home","item":"https:\/\/www.looduspere.ee\/en\/"},{"@type":"ListItem","position":2,"name":"Shop","item":"https:\/\/www.looduspere.ee\/en\/shop\/"},{"@type":"ListItem","position":3,"name":"Heimess Touch Ring Rainbow"}]},{"@type":"WebSite","@id":"https:\/\/www.looduspere.ee\/#website","url":"https:\/\/www.looduspere.ee\/","name":"Looduspere \u00f6kopood","description":"Healthy organic and natural products","publisher":{"@id":"https:\/\/www.looduspere.ee\/#organization"},"alternateName":"Looduspere","potentialAction":[{"@type":"SearchAction","target":{"@type":"EntryPoint","urlTemplate":"https:\/\/www.looduspere.ee\/?s={search_term_string}"},"query-input":{"@type":"PropertyValueSpecification","valueRequired":true,"valueName":"search_term_string"}}],"inLanguage":"en-US"},{"@type":"Organization","@id":"https:\/\/www.looduspere.ee\/#organization","name":"Looduspere \u00f6kopood","url":"https:\/\/www.looduspere.ee\/","logo":{"@type":"ImageObject","inLanguage":"en-US","@id":"https:\/\/www.looduspere.ee\/#\/schema\/logo\/image\/","url":"https:\/\/www.looduspere.ee\/wp-content\/uploads\/2025\/01\/340768897_1025251132216623_8613010291235268142_n.jpg","contentUrl":"https:\/\/www.looduspere.ee\/wp-content\/uploads\/2025\/01\/340768897_1025251132216623_8613010291235268142_n.jpg","width":1045,"height":1045,"caption":"Looduspere \u00f6kopood"},"image":{"@id":"https:\/\/www.looduspere.ee\/#\/schema\/logo\/image\/"},"sameAs":["https:\/\/www.facebook.com\/loodusperepood","https:\/\/www.instagram.com\/looduspere\/"]}]}},"_links":{"self":[{"href":"https:\/\/www.looduspere.ee\/en\/wp-json\/wp\/v2\/product\/78608","targetHints":{"allow":["GET"]}}],"collection":[{"href":"https:\/\/www.looduspere.ee\/en\/wp-json\/wp\/v2\/product"}],"about":[{"href":"https:\/\/www.looduspere.ee\/en\/wp-json\/wp\/v2\/types\/product"}],"replies":[{"embeddable":true,"href":"https:\/\/www.looduspere.ee\/en\/wp-json\/wp\/v2\/comments?post=78608"}],"wp:featuredmedia":[{"embeddable":true,"href":"https:\/\/www.looduspere.ee\/en\/wp-json\/wp\/v2\/media\/78610"}],"wp:attachment":[{"href":"https:\/\/www.looduspere.ee\/en\/wp-json\/wp\/v2\/media?parent=78608"}],"wp:term":[{"taxonomy":"product_cat","embeddable":true,"href":"https:\/\/www.looduspere.ee\/en\/wp-json\/wp\/v2\/product_cat?post=78608"},{"taxonomy":"product_tag","embeddable":true,"href":"https:\/\/www.looduspere.ee\/en\/wp-json\/wp\/v2\/product_tag?post=78608"}],"curies":[{"name":"wp","href":"https:\/\/api.w.org\/{rel}","templated":true}]}}