{"id":77491,"date":"2022-05-28T12:22:36","date_gmt":"2014-05-28T09:22:36","guid":{"rendered":"http:\/\/www.looduspere.ee\/product\/disana-microfibre-pants-with-velcro-7480\/"},"modified":"2019-07-23T10:33:51","modified_gmt":"2019-07-23T07:33:51","slug":"disana-microfibre-pants-with-velcro-7480","status":"publish","type":"product","link":"https:\/\/www.looduspere.ee\/en\/product\/disana-microfibre-pants-with-velcro-7480\/","title":{"rendered":"Disana Microfibre Pants with Velcro 74\/80"},"content":{"rendered":"<p>Whenever a woollen nappy cannot be used, the disana microfiber wrap comes into play. It is made of pure plastic \u2013 with some noteworthy features.<\/p>\n<p>Standard plastic pants are so impermeable that not only liquids, but also vapour cannot escape, and air cannot reach baby\u2019s skin. A hot, humid atmosphere develops, and fungal rashes and sore skin are inevitable. Our microfiber nappy wraps are different.<\/p>\n<p>To create them, a knitted synthetic fibre fabric is covered with a fine, microporous layer of rubber. The pores in this layer of rubber are so small that liquids cannot pass through, but vapour can escape and air can get into the nappy. Thus, the microfiber nappy wrap stays leakproof and baby\u2019s skin can breathe freely.<\/p>\n","protected":false},"excerpt":{"rendered":"<p>Whenever a woollen nappy cannot be used, the disana microfiber wrap comes into play. It is made of pure plastic \u2013 with some noteworthy features. Standard plastic pants are so impermeable that not only liquids, but also vapour cannot escape, and air cannot reach baby\u2019s skin. A hot, humid atmosphere develops, and fungal rashes and sore skin are inevitable. Our&hellip;<\/p>\n","protected":false},"featured_media":189063,"comment_status":"open","ping_status":"closed","template":"","meta":[],"product_cat":[932,1213],"product_tag":[],"class_list":{"0":"post-77491","1":"product","2":"type-product","3":"status-publish","4":"has-post-thumbnail","6":"product_cat-babycare","7":"product_cat-cloth-nappies","8":"product_shipping_class-1-en","9":"pa_brand-disana","11":"first","12":"instock","13":"sale","14":"purchasable","15":"product-type-simple","16":"col-xs-6 col-sm-4","17":"col-md-3 col-lg-3","18":"un-4-cols"},"yoast_head":"<!-- This site is optimized with the Yoast SEO plugin v27.4 - https:\/\/yoast.com\/product\/yoast-seo-wordpress\/ -->\n<title>Disana Microfibre Pants with Velcro 74\/80 - Looduspere Organic Shop<\/title>\n<meta name=\"robots\" content=\"index, follow, max-snippet:-1, max-image-preview:large, max-video-preview:-1\" \/>\n<link rel=\"canonical\" href=\"https:\/\/www.looduspere.ee\/en\/product\/disana-microfibre-pants-with-velcro-7480\/\" \/>\n<meta property=\"og:locale\" content=\"en_US\" \/>\n<meta property=\"og:type\" content=\"article\" \/>\n<meta property=\"og:title\" content=\"Disana Microfibre Pants with Velcro 74\/80 - Looduspere Organic Shop\" \/>\n<meta property=\"og:description\" content=\"Whenever a woollen nappy cannot be used, the disana microfiber wrap comes into play. It is made of pure plastic \u2013 with some noteworthy features. Standard plastic pants are so impermeable that not only liquids, but also vapour cannot escape, and air cannot reach baby\u2019s skin. A hot, humid atmosphere develops, and fungal rashes and sore skin are inevitable. Our&hellip;\" \/>\n<meta property=\"og:url\" content=\"https:\/\/www.looduspere.ee\/en\/product\/disana-microfibre-pants-with-velcro-7480\/\" \/>\n<meta property=\"og:site_name\" content=\"Looduspere Organic Shop\" \/>\n<meta property=\"article:publisher\" content=\"https:\/\/www.facebook.com\/loodusperepood\" \/>\n<meta property=\"article:modified_time\" content=\"2019-07-23T07:33:51+00:00\" \/>\n<meta property=\"og:image\" content=\"https:\/\/www.looduspere.ee\/wp-content\/uploads\/2014\/05\/Disana-kr\u00f5pskinnitustega-mikrokiust-riidem\u00e4hkmete-pealisp\u00fcksid.jpg\" \/>\n\t<meta property=\"og:image:width\" content=\"400\" \/>\n\t<meta property=\"og:image:height\" content=\"400\" \/>\n\t<meta property=\"og:image:type\" content=\"image\/jpeg\" \/>\n<meta name=\"twitter:card\" content=\"summary_large_image\" \/>\n<meta name=\"twitter:label1\" content=\"Est. reading time\" \/>\n\t<meta name=\"twitter:data1\" content=\"1 minute\" \/>\n<script type=\"application\/ld+json\" class=\"yoast-schema-graph\">{\"@context\":\"https:\\\/\\\/schema.org\",\"@graph\":[{\"@type\":\"WebPage\",\"@id\":\"https:\\\/\\\/www.looduspere.ee\\\/en\\\/product\\\/disana-microfibre-pants-with-velcro-7480\\\/\",\"url\":\"https:\\\/\\\/www.looduspere.ee\\\/en\\\/product\\\/disana-microfibre-pants-with-velcro-7480\\\/\",\"name\":\"Disana Microfibre Pants with Velcro 74\\\/80 - Looduspere Organic Shop\",\"isPartOf\":{\"@id\":\"https:\\\/\\\/www.looduspere.ee\\\/#website\"},\"primaryImageOfPage\":{\"@id\":\"https:\\\/\\\/www.looduspere.ee\\\/en\\\/product\\\/disana-microfibre-pants-with-velcro-7480\\\/#primaryimage\"},\"image\":{\"@id\":\"https:\\\/\\\/www.looduspere.ee\\\/en\\\/product\\\/disana-microfibre-pants-with-velcro-7480\\\/#primaryimage\"},\"thumbnailUrl\":\"https:\\\/\\\/www.looduspere.ee\\\/wp-content\\\/uploads\\\/2022\\\/05\\\/Disana-kropskinnitustega-mikrokiust-riidemahkmete-pealispuksid.jpg\",\"datePublished\":\"2014-05-28T09:22:36+00:00\",\"dateModified\":\"2019-07-23T07:33:51+00:00\",\"breadcrumb\":{\"@id\":\"https:\\\/\\\/www.looduspere.ee\\\/en\\\/product\\\/disana-microfibre-pants-with-velcro-7480\\\/#breadcrumb\"},\"inLanguage\":\"en-US\",\"potentialAction\":[{\"@type\":\"ReadAction\",\"target\":[\"https:\\\/\\\/www.looduspere.ee\\\/en\\\/product\\\/disana-microfibre-pants-with-velcro-7480\\\/\"]}]},{\"@type\":\"ImageObject\",\"inLanguage\":\"en-US\",\"@id\":\"https:\\\/\\\/www.looduspere.ee\\\/en\\\/product\\\/disana-microfibre-pants-with-velcro-7480\\\/#primaryimage\",\"url\":\"https:\\\/\\\/www.looduspere.ee\\\/wp-content\\\/uploads\\\/2022\\\/05\\\/Disana-kropskinnitustega-mikrokiust-riidemahkmete-pealispuksid.jpg\",\"contentUrl\":\"https:\\\/\\\/www.looduspere.ee\\\/wp-content\\\/uploads\\\/2022\\\/05\\\/Disana-kropskinnitustega-mikrokiust-riidemahkmete-pealispuksid.jpg\",\"width\":400,\"height\":400},{\"@type\":\"BreadcrumbList\",\"@id\":\"https:\\\/\\\/www.looduspere.ee\\\/en\\\/product\\\/disana-microfibre-pants-with-velcro-7480\\\/#breadcrumb\",\"itemListElement\":[{\"@type\":\"ListItem\",\"position\":1,\"name\":\"Home\",\"item\":\"https:\\\/\\\/www.looduspere.ee\\\/en\\\/\"},{\"@type\":\"ListItem\",\"position\":2,\"name\":\"Shop\",\"item\":\"https:\\\/\\\/www.looduspere.ee\\\/en\\\/shop\\\/\"},{\"@type\":\"ListItem\",\"position\":3,\"name\":\"Disana Microfibre Pants with Velcro 74\\\/80\"}]},{\"@type\":\"WebSite\",\"@id\":\"https:\\\/\\\/www.looduspere.ee\\\/#website\",\"url\":\"https:\\\/\\\/www.looduspere.ee\\\/\",\"name\":\"Looduspere \u00f6kopood\",\"description\":\"Healthy organic and natural products\",\"publisher\":{\"@id\":\"https:\\\/\\\/www.looduspere.ee\\\/#organization\"},\"alternateName\":\"Looduspere\",\"potentialAction\":[{\"@type\":\"SearchAction\",\"target\":{\"@type\":\"EntryPoint\",\"urlTemplate\":\"https:\\\/\\\/www.looduspere.ee\\\/?s={search_term_string}\"},\"query-input\":{\"@type\":\"PropertyValueSpecification\",\"valueRequired\":true,\"valueName\":\"search_term_string\"}}],\"inLanguage\":\"en-US\"},{\"@type\":\"Organization\",\"@id\":\"https:\\\/\\\/www.looduspere.ee\\\/#organization\",\"name\":\"Looduspere \u00f6kopood\",\"url\":\"https:\\\/\\\/www.looduspere.ee\\\/\",\"logo\":{\"@type\":\"ImageObject\",\"inLanguage\":\"en-US\",\"@id\":\"https:\\\/\\\/www.looduspere.ee\\\/#\\\/schema\\\/logo\\\/image\\\/\",\"url\":\"https:\\\/\\\/www.looduspere.ee\\\/wp-content\\\/uploads\\\/2025\\\/01\\\/340768897_1025251132216623_8613010291235268142_n.jpg\",\"contentUrl\":\"https:\\\/\\\/www.looduspere.ee\\\/wp-content\\\/uploads\\\/2025\\\/01\\\/340768897_1025251132216623_8613010291235268142_n.jpg\",\"width\":1045,\"height\":1045,\"caption\":\"Looduspere \u00f6kopood\"},\"image\":{\"@id\":\"https:\\\/\\\/www.looduspere.ee\\\/#\\\/schema\\\/logo\\\/image\\\/\"},\"sameAs\":[\"https:\\\/\\\/www.facebook.com\\\/loodusperepood\",\"https:\\\/\\\/www.instagram.com\\\/looduspere\\\/\"]}]}<\/script>\n<!-- \/ Yoast SEO plugin. -->","yoast_head_json":{"title":"Disana Microfibre Pants with Velcro 74\/80 - Looduspere Organic Shop","robots":{"index":"index","follow":"follow","max-snippet":"max-snippet:-1","max-image-preview":"max-image-preview:large","max-video-preview":"max-video-preview:-1"},"canonical":"https:\/\/www.looduspere.ee\/en\/product\/disana-microfibre-pants-with-velcro-7480\/","og_locale":"en_US","og_type":"article","og_title":"Disana Microfibre Pants with Velcro 74\/80 - Looduspere Organic Shop","og_description":"Whenever a woollen nappy cannot be used, the disana microfiber wrap comes into play. It is made of pure plastic \u2013 with some noteworthy features. Standard plastic pants are so impermeable that not only liquids, but also vapour cannot escape, and air cannot reach baby\u2019s skin. A hot, humid atmosphere develops, and fungal rashes and sore skin are inevitable. Our&hellip;","og_url":"https:\/\/www.looduspere.ee\/en\/product\/disana-microfibre-pants-with-velcro-7480\/","og_site_name":"Looduspere Organic Shop","article_publisher":"https:\/\/www.facebook.com\/loodusperepood","article_modified_time":"2019-07-23T07:33:51+00:00","og_image":[{"width":400,"height":400,"url":"https:\/\/www.looduspere.ee\/wp-content\/uploads\/2014\/05\/Disana-kr\u00f5pskinnitustega-mikrokiust-riidem\u00e4hkmete-pealisp\u00fcksid.jpg","type":"image\/jpeg"}],"twitter_card":"summary_large_image","twitter_misc":{"Est. reading time":"1 minute"},"schema":{"@context":"https:\/\/schema.org","@graph":[{"@type":"WebPage","@id":"https:\/\/www.looduspere.ee\/en\/product\/disana-microfibre-pants-with-velcro-7480\/","url":"https:\/\/www.looduspere.ee\/en\/product\/disana-microfibre-pants-with-velcro-7480\/","name":"Disana Microfibre Pants with Velcro 74\/80 - Looduspere Organic Shop","isPartOf":{"@id":"https:\/\/www.looduspere.ee\/#website"},"primaryImageOfPage":{"@id":"https:\/\/www.looduspere.ee\/en\/product\/disana-microfibre-pants-with-velcro-7480\/#primaryimage"},"image":{"@id":"https:\/\/www.looduspere.ee\/en\/product\/disana-microfibre-pants-with-velcro-7480\/#primaryimage"},"thumbnailUrl":"https:\/\/www.looduspere.ee\/wp-content\/uploads\/2022\/05\/Disana-kropskinnitustega-mikrokiust-riidemahkmete-pealispuksid.jpg","datePublished":"2014-05-28T09:22:36+00:00","dateModified":"2019-07-23T07:33:51+00:00","breadcrumb":{"@id":"https:\/\/www.looduspere.ee\/en\/product\/disana-microfibre-pants-with-velcro-7480\/#breadcrumb"},"inLanguage":"en-US","potentialAction":[{"@type":"ReadAction","target":["https:\/\/www.looduspere.ee\/en\/product\/disana-microfibre-pants-with-velcro-7480\/"]}]},{"@type":"ImageObject","inLanguage":"en-US","@id":"https:\/\/www.looduspere.ee\/en\/product\/disana-microfibre-pants-with-velcro-7480\/#primaryimage","url":"https:\/\/www.looduspere.ee\/wp-content\/uploads\/2022\/05\/Disana-kropskinnitustega-mikrokiust-riidemahkmete-pealispuksid.jpg","contentUrl":"https:\/\/www.looduspere.ee\/wp-content\/uploads\/2022\/05\/Disana-kropskinnitustega-mikrokiust-riidemahkmete-pealispuksid.jpg","width":400,"height":400},{"@type":"BreadcrumbList","@id":"https:\/\/www.looduspere.ee\/en\/product\/disana-microfibre-pants-with-velcro-7480\/#breadcrumb","itemListElement":[{"@type":"ListItem","position":1,"name":"Home","item":"https:\/\/www.looduspere.ee\/en\/"},{"@type":"ListItem","position":2,"name":"Shop","item":"https:\/\/www.looduspere.ee\/en\/shop\/"},{"@type":"ListItem","position":3,"name":"Disana Microfibre Pants with Velcro 74\/80"}]},{"@type":"WebSite","@id":"https:\/\/www.looduspere.ee\/#website","url":"https:\/\/www.looduspere.ee\/","name":"Looduspere \u00f6kopood","description":"Healthy organic and natural products","publisher":{"@id":"https:\/\/www.looduspere.ee\/#organization"},"alternateName":"Looduspere","potentialAction":[{"@type":"SearchAction","target":{"@type":"EntryPoint","urlTemplate":"https:\/\/www.looduspere.ee\/?s={search_term_string}"},"query-input":{"@type":"PropertyValueSpecification","valueRequired":true,"valueName":"search_term_string"}}],"inLanguage":"en-US"},{"@type":"Organization","@id":"https:\/\/www.looduspere.ee\/#organization","name":"Looduspere \u00f6kopood","url":"https:\/\/www.looduspere.ee\/","logo":{"@type":"ImageObject","inLanguage":"en-US","@id":"https:\/\/www.looduspere.ee\/#\/schema\/logo\/image\/","url":"https:\/\/www.looduspere.ee\/wp-content\/uploads\/2025\/01\/340768897_1025251132216623_8613010291235268142_n.jpg","contentUrl":"https:\/\/www.looduspere.ee\/wp-content\/uploads\/2025\/01\/340768897_1025251132216623_8613010291235268142_n.jpg","width":1045,"height":1045,"caption":"Looduspere \u00f6kopood"},"image":{"@id":"https:\/\/www.looduspere.ee\/#\/schema\/logo\/image\/"},"sameAs":["https:\/\/www.facebook.com\/loodusperepood","https:\/\/www.instagram.com\/looduspere\/"]}]}},"_links":{"self":[{"href":"https:\/\/www.looduspere.ee\/en\/wp-json\/wp\/v2\/product\/77491","targetHints":{"allow":["GET"]}}],"collection":[{"href":"https:\/\/www.looduspere.ee\/en\/wp-json\/wp\/v2\/product"}],"about":[{"href":"https:\/\/www.looduspere.ee\/en\/wp-json\/wp\/v2\/types\/product"}],"replies":[{"embeddable":true,"href":"https:\/\/www.looduspere.ee\/en\/wp-json\/wp\/v2\/comments?post=77491"}],"wp:featuredmedia":[{"embeddable":true,"href":"https:\/\/www.looduspere.ee\/en\/wp-json\/wp\/v2\/media\/189063"}],"wp:attachment":[{"href":"https:\/\/www.looduspere.ee\/en\/wp-json\/wp\/v2\/media?parent=77491"}],"wp:term":[{"taxonomy":"product_cat","embeddable":true,"href":"https:\/\/www.looduspere.ee\/en\/wp-json\/wp\/v2\/product_cat?post=77491"},{"taxonomy":"product_tag","embeddable":true,"href":"https:\/\/www.looduspere.ee\/en\/wp-json\/wp\/v2\/product_tag?post=77491"}],"curies":[{"name":"wp","href":"https:\/\/api.w.org\/{rel}","templated":true}]}}