{"id":74201,"date":"2017-02-09T12:57:06","date_gmt":"2017-02-09T13:57:07","guid":{"rendered":"http:\/\/www.looduspere.ee\/en\/product\/okonorm-modelling-clay-8-colours-500g\/"},"modified":"2024-05-28T17:38:11","modified_gmt":"2024-05-28T14:38:11","slug":"okonorm-modelling-clay-8-colours-500g","status":"publish","type":"product","link":"https:\/\/www.looduspere.ee\/en\/product\/okonorm-modelling-clay-8-colours-500g\/","title":{"rendered":"\u00d6konorm Modelling Clay 8 Colours (500g)"},"content":{"rendered":"<p>Children&#8217;s modelling clay on a kaolin basis. It is so soft that children will never have any problems modelling it. Does not smear or stain. Never dries out or hardens. Easily washable.<\/p>\n<p>Contains: waxes, paraffin oil, purified natural chalk, harmless dyes.<\/p>\n","protected":false},"excerpt":{"rendered":"<p>Children&#8217;s modelling clay on a kaolin basis. It is so soft that children will never have any problems modelling it. Does not smear or stain. Never dries out or hardens. Easily washable. Contains: waxes, paraffin oil, purified natural chalk, harmless dyes.<\/p>\n","protected":false},"featured_media":74203,"comment_status":"open","ping_status":"closed","template":"","meta":[],"product_cat":[1157],"product_tag":[],"class_list":{"0":"post-74201","1":"product","2":"type-product","3":"status-publish","4":"has-post-thumbnail","6":"product_cat-art-and-office-supplies","7":"product_shipping_class-1-en","9":"first","10":"outofstock","11":"purchasable","12":"product-type-simple","13":"col-xs-6 col-sm-4","14":"col-md-3 col-lg-3","15":"un-4-cols"},"yoast_head":"<!-- This site is optimized with the Yoast SEO plugin v27.3 - https:\/\/yoast.com\/product\/yoast-seo-wordpress\/ -->\n<title>\u00d6konorm Modelling Clay 8 Colours (500g) - Looduspere Organic Shop<\/title>\n<meta name=\"robots\" content=\"index, follow, max-snippet:-1, max-image-preview:large, max-video-preview:-1\" \/>\n<link rel=\"canonical\" href=\"https:\/\/www.looduspere.ee\/en\/product\/okonorm-modelling-clay-8-colours-500g\/\" \/>\n<meta property=\"og:locale\" content=\"en_US\" \/>\n<meta property=\"og:type\" content=\"article\" \/>\n<meta property=\"og:title\" content=\"\u00d6konorm Modelling Clay 8 Colours (500g) - Looduspere Organic Shop\" \/>\n<meta property=\"og:description\" content=\"Children&#8217;s modelling clay on a kaolin basis. It is so soft that children will never have any problems modelling it. Does not smear or stain. Never dries out or hardens. Easily washable. Contains: waxes, paraffin oil, purified natural chalk, harmless dyes.\" \/>\n<meta property=\"og:url\" content=\"https:\/\/www.looduspere.ee\/en\/product\/okonorm-modelling-clay-8-colours-500g\/\" \/>\n<meta property=\"og:site_name\" content=\"Looduspere Organic Shop\" \/>\n<meta property=\"article:publisher\" content=\"https:\/\/www.facebook.com\/loodusperepood\" \/>\n<meta property=\"article:modified_time\" content=\"2024-05-28T14:38:11+00:00\" \/>\n<meta property=\"og:image\" content=\"https:\/\/www.looduspere.ee\/wp-content\/uploads\/2017\/02\/\u00d6konorm-plastiliin-8-v\u00e4rvi-500g.jpg\" \/>\n\t<meta property=\"og:image:width\" content=\"451\" \/>\n\t<meta property=\"og:image:height\" content=\"450\" \/>\n\t<meta property=\"og:image:type\" content=\"image\/jpeg\" \/>\n<meta name=\"twitter:card\" content=\"summary_large_image\" \/>\n<script type=\"application\/ld+json\" class=\"yoast-schema-graph\">{\"@context\":\"https:\\\/\\\/schema.org\",\"@graph\":[{\"@type\":\"WebPage\",\"@id\":\"https:\\\/\\\/www.looduspere.ee\\\/en\\\/product\\\/okonorm-modelling-clay-8-colours-500g\\\/\",\"url\":\"https:\\\/\\\/www.looduspere.ee\\\/en\\\/product\\\/okonorm-modelling-clay-8-colours-500g\\\/\",\"name\":\"\u00d6konorm Modelling Clay 8 Colours (500g) - Looduspere Organic Shop\",\"isPartOf\":{\"@id\":\"https:\\\/\\\/www.looduspere.ee\\\/#website\"},\"primaryImageOfPage\":{\"@id\":\"https:\\\/\\\/www.looduspere.ee\\\/en\\\/product\\\/okonorm-modelling-clay-8-colours-500g\\\/#primaryimage\"},\"image\":{\"@id\":\"https:\\\/\\\/www.looduspere.ee\\\/en\\\/product\\\/okonorm-modelling-clay-8-colours-500g\\\/#primaryimage\"},\"thumbnailUrl\":\"https:\\\/\\\/www.looduspere.ee\\\/wp-content\\\/uploads\\\/2017\\\/02\\\/\u00d6konorm-plastiliin-8-v\u00e4rvi-500g.jpg\",\"datePublished\":\"2017-02-09T13:57:07+00:00\",\"dateModified\":\"2024-05-28T14:38:11+00:00\",\"breadcrumb\":{\"@id\":\"https:\\\/\\\/www.looduspere.ee\\\/en\\\/product\\\/okonorm-modelling-clay-8-colours-500g\\\/#breadcrumb\"},\"inLanguage\":\"en-US\",\"potentialAction\":[{\"@type\":\"ReadAction\",\"target\":[\"https:\\\/\\\/www.looduspere.ee\\\/en\\\/product\\\/okonorm-modelling-clay-8-colours-500g\\\/\"]}]},{\"@type\":\"ImageObject\",\"inLanguage\":\"en-US\",\"@id\":\"https:\\\/\\\/www.looduspere.ee\\\/en\\\/product\\\/okonorm-modelling-clay-8-colours-500g\\\/#primaryimage\",\"url\":\"https:\\\/\\\/www.looduspere.ee\\\/wp-content\\\/uploads\\\/2017\\\/02\\\/\u00d6konorm-plastiliin-8-v\u00e4rvi-500g.jpg\",\"contentUrl\":\"https:\\\/\\\/www.looduspere.ee\\\/wp-content\\\/uploads\\\/2017\\\/02\\\/\u00d6konorm-plastiliin-8-v\u00e4rvi-500g.jpg\",\"width\":451,\"height\":450,\"caption\":\"\u00d6konorm Modelling Clay 8 Colours (500g)\"},{\"@type\":\"BreadcrumbList\",\"@id\":\"https:\\\/\\\/www.looduspere.ee\\\/en\\\/product\\\/okonorm-modelling-clay-8-colours-500g\\\/#breadcrumb\",\"itemListElement\":[{\"@type\":\"ListItem\",\"position\":1,\"name\":\"Home\",\"item\":\"https:\\\/\\\/www.looduspere.ee\\\/en\\\/\"},{\"@type\":\"ListItem\",\"position\":2,\"name\":\"Shop\",\"item\":\"https:\\\/\\\/www.looduspere.ee\\\/en\\\/shop\\\/\"},{\"@type\":\"ListItem\",\"position\":3,\"name\":\"\u00d6konorm Modelling Clay 8 Colours (500g)\"}]},{\"@type\":\"WebSite\",\"@id\":\"https:\\\/\\\/www.looduspere.ee\\\/#website\",\"url\":\"https:\\\/\\\/www.looduspere.ee\\\/\",\"name\":\"Looduspere \u00f6kopood\",\"description\":\"Healthy organic and natural products\",\"publisher\":{\"@id\":\"https:\\\/\\\/www.looduspere.ee\\\/#organization\"},\"alternateName\":\"Looduspere\",\"potentialAction\":[{\"@type\":\"SearchAction\",\"target\":{\"@type\":\"EntryPoint\",\"urlTemplate\":\"https:\\\/\\\/www.looduspere.ee\\\/?s={search_term_string}\"},\"query-input\":{\"@type\":\"PropertyValueSpecification\",\"valueRequired\":true,\"valueName\":\"search_term_string\"}}],\"inLanguage\":\"en-US\"},{\"@type\":\"Organization\",\"@id\":\"https:\\\/\\\/www.looduspere.ee\\\/#organization\",\"name\":\"Looduspere \u00f6kopood\",\"url\":\"https:\\\/\\\/www.looduspere.ee\\\/\",\"logo\":{\"@type\":\"ImageObject\",\"inLanguage\":\"en-US\",\"@id\":\"https:\\\/\\\/www.looduspere.ee\\\/#\\\/schema\\\/logo\\\/image\\\/\",\"url\":\"https:\\\/\\\/www.looduspere.ee\\\/wp-content\\\/uploads\\\/2025\\\/01\\\/340768897_1025251132216623_8613010291235268142_n.jpg\",\"contentUrl\":\"https:\\\/\\\/www.looduspere.ee\\\/wp-content\\\/uploads\\\/2025\\\/01\\\/340768897_1025251132216623_8613010291235268142_n.jpg\",\"width\":1045,\"height\":1045,\"caption\":\"Looduspere \u00f6kopood\"},\"image\":{\"@id\":\"https:\\\/\\\/www.looduspere.ee\\\/#\\\/schema\\\/logo\\\/image\\\/\"},\"sameAs\":[\"https:\\\/\\\/www.facebook.com\\\/loodusperepood\",\"https:\\\/\\\/www.instagram.com\\\/looduspere\\\/\"]}]}<\/script>\n<!-- \/ Yoast SEO plugin. -->","yoast_head_json":{"title":"\u00d6konorm Modelling Clay 8 Colours (500g) - Looduspere Organic Shop","robots":{"index":"index","follow":"follow","max-snippet":"max-snippet:-1","max-image-preview":"max-image-preview:large","max-video-preview":"max-video-preview:-1"},"canonical":"https:\/\/www.looduspere.ee\/en\/product\/okonorm-modelling-clay-8-colours-500g\/","og_locale":"en_US","og_type":"article","og_title":"\u00d6konorm Modelling Clay 8 Colours (500g) - Looduspere Organic Shop","og_description":"Children&#8217;s modelling clay on a kaolin basis. It is so soft that children will never have any problems modelling it. Does not smear or stain. Never dries out or hardens. Easily washable. Contains: waxes, paraffin oil, purified natural chalk, harmless dyes.","og_url":"https:\/\/www.looduspere.ee\/en\/product\/okonorm-modelling-clay-8-colours-500g\/","og_site_name":"Looduspere Organic Shop","article_publisher":"https:\/\/www.facebook.com\/loodusperepood","article_modified_time":"2024-05-28T14:38:11+00:00","og_image":[{"width":451,"height":450,"url":"https:\/\/www.looduspere.ee\/wp-content\/uploads\/2017\/02\/\u00d6konorm-plastiliin-8-v\u00e4rvi-500g.jpg","type":"image\/jpeg"}],"twitter_card":"summary_large_image","schema":{"@context":"https:\/\/schema.org","@graph":[{"@type":"WebPage","@id":"https:\/\/www.looduspere.ee\/en\/product\/okonorm-modelling-clay-8-colours-500g\/","url":"https:\/\/www.looduspere.ee\/en\/product\/okonorm-modelling-clay-8-colours-500g\/","name":"\u00d6konorm Modelling Clay 8 Colours (500g) - Looduspere Organic Shop","isPartOf":{"@id":"https:\/\/www.looduspere.ee\/#website"},"primaryImageOfPage":{"@id":"https:\/\/www.looduspere.ee\/en\/product\/okonorm-modelling-clay-8-colours-500g\/#primaryimage"},"image":{"@id":"https:\/\/www.looduspere.ee\/en\/product\/okonorm-modelling-clay-8-colours-500g\/#primaryimage"},"thumbnailUrl":"https:\/\/www.looduspere.ee\/wp-content\/uploads\/2017\/02\/\u00d6konorm-plastiliin-8-v\u00e4rvi-500g.jpg","datePublished":"2017-02-09T13:57:07+00:00","dateModified":"2024-05-28T14:38:11+00:00","breadcrumb":{"@id":"https:\/\/www.looduspere.ee\/en\/product\/okonorm-modelling-clay-8-colours-500g\/#breadcrumb"},"inLanguage":"en-US","potentialAction":[{"@type":"ReadAction","target":["https:\/\/www.looduspere.ee\/en\/product\/okonorm-modelling-clay-8-colours-500g\/"]}]},{"@type":"ImageObject","inLanguage":"en-US","@id":"https:\/\/www.looduspere.ee\/en\/product\/okonorm-modelling-clay-8-colours-500g\/#primaryimage","url":"https:\/\/www.looduspere.ee\/wp-content\/uploads\/2017\/02\/\u00d6konorm-plastiliin-8-v\u00e4rvi-500g.jpg","contentUrl":"https:\/\/www.looduspere.ee\/wp-content\/uploads\/2017\/02\/\u00d6konorm-plastiliin-8-v\u00e4rvi-500g.jpg","width":451,"height":450,"caption":"\u00d6konorm Modelling Clay 8 Colours (500g)"},{"@type":"BreadcrumbList","@id":"https:\/\/www.looduspere.ee\/en\/product\/okonorm-modelling-clay-8-colours-500g\/#breadcrumb","itemListElement":[{"@type":"ListItem","position":1,"name":"Home","item":"https:\/\/www.looduspere.ee\/en\/"},{"@type":"ListItem","position":2,"name":"Shop","item":"https:\/\/www.looduspere.ee\/en\/shop\/"},{"@type":"ListItem","position":3,"name":"\u00d6konorm Modelling Clay 8 Colours (500g)"}]},{"@type":"WebSite","@id":"https:\/\/www.looduspere.ee\/#website","url":"https:\/\/www.looduspere.ee\/","name":"Looduspere \u00f6kopood","description":"Healthy organic and natural products","publisher":{"@id":"https:\/\/www.looduspere.ee\/#organization"},"alternateName":"Looduspere","potentialAction":[{"@type":"SearchAction","target":{"@type":"EntryPoint","urlTemplate":"https:\/\/www.looduspere.ee\/?s={search_term_string}"},"query-input":{"@type":"PropertyValueSpecification","valueRequired":true,"valueName":"search_term_string"}}],"inLanguage":"en-US"},{"@type":"Organization","@id":"https:\/\/www.looduspere.ee\/#organization","name":"Looduspere \u00f6kopood","url":"https:\/\/www.looduspere.ee\/","logo":{"@type":"ImageObject","inLanguage":"en-US","@id":"https:\/\/www.looduspere.ee\/#\/schema\/logo\/image\/","url":"https:\/\/www.looduspere.ee\/wp-content\/uploads\/2025\/01\/340768897_1025251132216623_8613010291235268142_n.jpg","contentUrl":"https:\/\/www.looduspere.ee\/wp-content\/uploads\/2025\/01\/340768897_1025251132216623_8613010291235268142_n.jpg","width":1045,"height":1045,"caption":"Looduspere \u00f6kopood"},"image":{"@id":"https:\/\/www.looduspere.ee\/#\/schema\/logo\/image\/"},"sameAs":["https:\/\/www.facebook.com\/loodusperepood","https:\/\/www.instagram.com\/looduspere\/"]}]}},"_links":{"self":[{"href":"https:\/\/www.looduspere.ee\/en\/wp-json\/wp\/v2\/product\/74201","targetHints":{"allow":["GET"]}}],"collection":[{"href":"https:\/\/www.looduspere.ee\/en\/wp-json\/wp\/v2\/product"}],"about":[{"href":"https:\/\/www.looduspere.ee\/en\/wp-json\/wp\/v2\/types\/product"}],"replies":[{"embeddable":true,"href":"https:\/\/www.looduspere.ee\/en\/wp-json\/wp\/v2\/comments?post=74201"}],"wp:featuredmedia":[{"embeddable":true,"href":"https:\/\/www.looduspere.ee\/en\/wp-json\/wp\/v2\/media\/74203"}],"wp:attachment":[{"href":"https:\/\/www.looduspere.ee\/en\/wp-json\/wp\/v2\/media?parent=74201"}],"wp:term":[{"taxonomy":"product_cat","embeddable":true,"href":"https:\/\/www.looduspere.ee\/en\/wp-json\/wp\/v2\/product_cat?post=74201"},{"taxonomy":"product_tag","embeddable":true,"href":"https:\/\/www.looduspere.ee\/en\/wp-json\/wp\/v2\/product_tag?post=74201"}],"curies":[{"name":"wp","href":"https:\/\/api.w.org\/{rel}","templated":true}]}}