{"id":73432,"date":"2017-01-30T11:32:32","date_gmt":"2017-01-30T10:19:11","guid":{"rendered":"http:\/\/www.looduspere.ee\/?post_type=product&#038;p=73432\/"},"modified":"2019-10-30T15:03:17","modified_gmt":"2019-10-30T13:03:17","slug":"rotbackchen-fruit-juice-for-students-750ml","status":"publish","type":"product","link":"https:\/\/www.looduspere.ee\/en\/product\/rotbackchen-fruit-juice-for-students-750ml\/","title":{"rendered":"Rotb\u00e4ckchen Fruit Juice for Students 750ml"},"content":{"rendered":"<p>Organic multi-fruit juice enriched with iron and eight B vitamins. It is not only a delicious drink but also makes an important contribution to the age-appropriate mental development and concentration of children. Eight selected B vitamins ensure that numerous metabolic processes of the child&#8217;s organism are optimally supported. <\/p>\n<p>Organic direct juice. No added sugar. Vegan, gluten free.<\/p>\n<p><strong>Ingredients:<\/strong> White grape juice*, apple juice*, strawberry puree*, chokeberry*, elderflower*, blueberry juice*, 17 mg iron (II) gluconate \/ 100ml, Vitamin B1, B2, B6, B12, folic acid, niacin, pantothenate, biotin. * &#8211; from controlled organic agriculture.<\/p>\n<p><strong>Nutritional information \u200b\u200bper 100 ml:<\/strong><br \/>\nEnergy: 60 kcal \/ 251 kJ<br \/>\nFat: 0.1 g<br \/>\n&#8211; of which saturated fatty acids: 0.05 g<br \/>\nCarbohydrates: 13.9 g<br \/>\n&#8211; of which sugar: 13.7 g<br \/>\nFiber: 0.1 g<br \/>\nProtein: 0.2 g<br \/>\nSalt: 0.025 g<\/p>\n<p>Shake the bottle before opening. Always close the opened bottle and keep in a refrigerator. Consume within 5 days.<\/p>\n<p>Unit price: 5.99 EUR\/L<\/p>\n","protected":false},"excerpt":{"rendered":"<p>Organic multi-fruit juice enriched with iron and eight B vitamins. It is not only a delicious drink but also makes an important contribution to the age-appropriate mental development and concentration of children. Eight selected B vitamins ensure that numerous metabolic processes of the child&#8217;s organism are optimally supported. Organic direct juice. No added sugar. Vegan, gluten free. Ingredients: White grape&hellip;<\/p>\n","protected":false},"featured_media":73429,"comment_status":"closed","ping_status":"closed","template":"","meta":[],"product_cat":[878,1158,876,1035],"product_tag":[],"class_list":{"0":"post-73432","1":"product","2":"type-product","3":"status-publish","4":"has-post-thumbnail","6":"product_cat-brain-boosters","7":"product_cat-drinks-1","8":"product_cat-healthcare","9":"product_cat-organic-food","11":"first","12":"outofstock","13":"shipping-taxable","14":"purchasable","15":"product-type-simple","16":"col-xs-6 col-sm-4","17":"col-md-3 col-lg-3","18":"un-4-cols"},"yoast_head":"<!-- This site is optimized with the Yoast SEO plugin v27.4 - https:\/\/yoast.com\/product\/yoast-seo-wordpress\/ -->\n<title>Rotb\u00e4ckchen Fruit Juice for Students 750ml - Looduspere Organic Shop<\/title>\n<meta name=\"robots\" content=\"index, follow, max-snippet:-1, max-image-preview:large, max-video-preview:-1\" \/>\n<link rel=\"canonical\" href=\"https:\/\/www.looduspere.ee\/en\/product\/rotbackchen-fruit-juice-for-students-750ml\/\" \/>\n<meta property=\"og:locale\" content=\"en_US\" \/>\n<meta property=\"og:type\" content=\"article\" \/>\n<meta property=\"og:title\" content=\"Rotb\u00e4ckchen Fruit Juice for Students 750ml - Looduspere Organic Shop\" \/>\n<meta property=\"og:description\" content=\"Organic multi-fruit juice enriched with iron and eight B vitamins. It is not only a delicious drink but also makes an important contribution to the age-appropriate mental development and concentration of children. Eight selected B vitamins ensure that numerous metabolic processes of the child&#8217;s organism are optimally supported. Organic direct juice. No added sugar. Vegan, gluten free. Ingredients: White grape&hellip;\" \/>\n<meta property=\"og:url\" content=\"https:\/\/www.looduspere.ee\/en\/product\/rotbackchen-fruit-juice-for-students-750ml\/\" \/>\n<meta property=\"og:site_name\" content=\"Looduspere Organic Shop\" \/>\n<meta property=\"article:publisher\" content=\"https:\/\/www.facebook.com\/loodusperepood\" \/>\n<meta property=\"article:modified_time\" content=\"2019-10-30T13:03:17+00:00\" \/>\n<meta property=\"og:image\" content=\"https:\/\/www.looduspere.ee\/wp-content\/uploads\/2017\/01\/Rotb\u00e4ckchen-puuviljamahl-\u00f5pilastele.png\" \/>\n\t<meta property=\"og:image:width\" content=\"440\" \/>\n\t<meta property=\"og:image:height\" content=\"440\" \/>\n\t<meta property=\"og:image:type\" content=\"image\/png\" \/>\n<meta name=\"twitter:card\" content=\"summary_large_image\" \/>\n<meta name=\"twitter:label1\" content=\"Est. reading time\" \/>\n\t<meta name=\"twitter:data1\" content=\"1 minute\" \/>\n<script type=\"application\/ld+json\" class=\"yoast-schema-graph\">{\"@context\":\"https:\\\/\\\/schema.org\",\"@graph\":[{\"@type\":\"WebPage\",\"@id\":\"https:\\\/\\\/www.looduspere.ee\\\/en\\\/product\\\/rotbackchen-fruit-juice-for-students-750ml\\\/\",\"url\":\"https:\\\/\\\/www.looduspere.ee\\\/en\\\/product\\\/rotbackchen-fruit-juice-for-students-750ml\\\/\",\"name\":\"Rotb\u00e4ckchen Fruit Juice for Students 750ml - Looduspere Organic Shop\",\"isPartOf\":{\"@id\":\"https:\\\/\\\/www.looduspere.ee\\\/#website\"},\"primaryImageOfPage\":{\"@id\":\"https:\\\/\\\/www.looduspere.ee\\\/en\\\/product\\\/rotbackchen-fruit-juice-for-students-750ml\\\/#primaryimage\"},\"image\":{\"@id\":\"https:\\\/\\\/www.looduspere.ee\\\/en\\\/product\\\/rotbackchen-fruit-juice-for-students-750ml\\\/#primaryimage\"},\"thumbnailUrl\":\"https:\\\/\\\/www.looduspere.ee\\\/wp-content\\\/uploads\\\/2017\\\/01\\\/Rotb\u00e4ckchen-puuviljamahl-\u00f5pilastele.png\",\"datePublished\":\"2017-01-30T10:19:11+00:00\",\"dateModified\":\"2019-10-30T13:03:17+00:00\",\"breadcrumb\":{\"@id\":\"https:\\\/\\\/www.looduspere.ee\\\/en\\\/product\\\/rotbackchen-fruit-juice-for-students-750ml\\\/#breadcrumb\"},\"inLanguage\":\"en-US\",\"potentialAction\":[{\"@type\":\"ReadAction\",\"target\":[\"https:\\\/\\\/www.looduspere.ee\\\/en\\\/product\\\/rotbackchen-fruit-juice-for-students-750ml\\\/\"]}]},{\"@type\":\"ImageObject\",\"inLanguage\":\"en-US\",\"@id\":\"https:\\\/\\\/www.looduspere.ee\\\/en\\\/product\\\/rotbackchen-fruit-juice-for-students-750ml\\\/#primaryimage\",\"url\":\"https:\\\/\\\/www.looduspere.ee\\\/wp-content\\\/uploads\\\/2017\\\/01\\\/Rotb\u00e4ckchen-puuviljamahl-\u00f5pilastele.png\",\"contentUrl\":\"https:\\\/\\\/www.looduspere.ee\\\/wp-content\\\/uploads\\\/2017\\\/01\\\/Rotb\u00e4ckchen-puuviljamahl-\u00f5pilastele.png\",\"width\":440,\"height\":440,\"caption\":\"Rotb\u00e4ckchen puuviljamahl \u00f5pilastele\"},{\"@type\":\"BreadcrumbList\",\"@id\":\"https:\\\/\\\/www.looduspere.ee\\\/en\\\/product\\\/rotbackchen-fruit-juice-for-students-750ml\\\/#breadcrumb\",\"itemListElement\":[{\"@type\":\"ListItem\",\"position\":1,\"name\":\"Home\",\"item\":\"https:\\\/\\\/www.looduspere.ee\\\/en\\\/\"},{\"@type\":\"ListItem\",\"position\":2,\"name\":\"Shop\",\"item\":\"https:\\\/\\\/www.looduspere.ee\\\/en\\\/shop\\\/\"},{\"@type\":\"ListItem\",\"position\":3,\"name\":\"Rotb\u00e4ckchen Fruit Juice for Students 750ml\"}]},{\"@type\":\"WebSite\",\"@id\":\"https:\\\/\\\/www.looduspere.ee\\\/#website\",\"url\":\"https:\\\/\\\/www.looduspere.ee\\\/\",\"name\":\"Looduspere \u00f6kopood\",\"description\":\"Healthy organic and natural products\",\"publisher\":{\"@id\":\"https:\\\/\\\/www.looduspere.ee\\\/#organization\"},\"alternateName\":\"Looduspere\",\"potentialAction\":[{\"@type\":\"SearchAction\",\"target\":{\"@type\":\"EntryPoint\",\"urlTemplate\":\"https:\\\/\\\/www.looduspere.ee\\\/?s={search_term_string}\"},\"query-input\":{\"@type\":\"PropertyValueSpecification\",\"valueRequired\":true,\"valueName\":\"search_term_string\"}}],\"inLanguage\":\"en-US\"},{\"@type\":\"Organization\",\"@id\":\"https:\\\/\\\/www.looduspere.ee\\\/#organization\",\"name\":\"Looduspere \u00f6kopood\",\"url\":\"https:\\\/\\\/www.looduspere.ee\\\/\",\"logo\":{\"@type\":\"ImageObject\",\"inLanguage\":\"en-US\",\"@id\":\"https:\\\/\\\/www.looduspere.ee\\\/#\\\/schema\\\/logo\\\/image\\\/\",\"url\":\"https:\\\/\\\/www.looduspere.ee\\\/wp-content\\\/uploads\\\/2025\\\/01\\\/340768897_1025251132216623_8613010291235268142_n.jpg\",\"contentUrl\":\"https:\\\/\\\/www.looduspere.ee\\\/wp-content\\\/uploads\\\/2025\\\/01\\\/340768897_1025251132216623_8613010291235268142_n.jpg\",\"width\":1045,\"height\":1045,\"caption\":\"Looduspere \u00f6kopood\"},\"image\":{\"@id\":\"https:\\\/\\\/www.looduspere.ee\\\/#\\\/schema\\\/logo\\\/image\\\/\"},\"sameAs\":[\"https:\\\/\\\/www.facebook.com\\\/loodusperepood\",\"https:\\\/\\\/www.instagram.com\\\/looduspere\\\/\"]}]}<\/script>\n<!-- \/ Yoast SEO plugin. -->","yoast_head_json":{"title":"Rotb\u00e4ckchen Fruit Juice for Students 750ml - Looduspere Organic Shop","robots":{"index":"index","follow":"follow","max-snippet":"max-snippet:-1","max-image-preview":"max-image-preview:large","max-video-preview":"max-video-preview:-1"},"canonical":"https:\/\/www.looduspere.ee\/en\/product\/rotbackchen-fruit-juice-for-students-750ml\/","og_locale":"en_US","og_type":"article","og_title":"Rotb\u00e4ckchen Fruit Juice for Students 750ml - Looduspere Organic Shop","og_description":"Organic multi-fruit juice enriched with iron and eight B vitamins. It is not only a delicious drink but also makes an important contribution to the age-appropriate mental development and concentration of children. Eight selected B vitamins ensure that numerous metabolic processes of the child&#8217;s organism are optimally supported. Organic direct juice. No added sugar. Vegan, gluten free. Ingredients: White grape&hellip;","og_url":"https:\/\/www.looduspere.ee\/en\/product\/rotbackchen-fruit-juice-for-students-750ml\/","og_site_name":"Looduspere Organic Shop","article_publisher":"https:\/\/www.facebook.com\/loodusperepood","article_modified_time":"2019-10-30T13:03:17+00:00","og_image":[{"width":440,"height":440,"url":"https:\/\/www.looduspere.ee\/wp-content\/uploads\/2017\/01\/Rotb\u00e4ckchen-puuviljamahl-\u00f5pilastele.png","type":"image\/png"}],"twitter_card":"summary_large_image","twitter_misc":{"Est. reading time":"1 minute"},"schema":{"@context":"https:\/\/schema.org","@graph":[{"@type":"WebPage","@id":"https:\/\/www.looduspere.ee\/en\/product\/rotbackchen-fruit-juice-for-students-750ml\/","url":"https:\/\/www.looduspere.ee\/en\/product\/rotbackchen-fruit-juice-for-students-750ml\/","name":"Rotb\u00e4ckchen Fruit Juice for Students 750ml - Looduspere Organic Shop","isPartOf":{"@id":"https:\/\/www.looduspere.ee\/#website"},"primaryImageOfPage":{"@id":"https:\/\/www.looduspere.ee\/en\/product\/rotbackchen-fruit-juice-for-students-750ml\/#primaryimage"},"image":{"@id":"https:\/\/www.looduspere.ee\/en\/product\/rotbackchen-fruit-juice-for-students-750ml\/#primaryimage"},"thumbnailUrl":"https:\/\/www.looduspere.ee\/wp-content\/uploads\/2017\/01\/Rotb\u00e4ckchen-puuviljamahl-\u00f5pilastele.png","datePublished":"2017-01-30T10:19:11+00:00","dateModified":"2019-10-30T13:03:17+00:00","breadcrumb":{"@id":"https:\/\/www.looduspere.ee\/en\/product\/rotbackchen-fruit-juice-for-students-750ml\/#breadcrumb"},"inLanguage":"en-US","potentialAction":[{"@type":"ReadAction","target":["https:\/\/www.looduspere.ee\/en\/product\/rotbackchen-fruit-juice-for-students-750ml\/"]}]},{"@type":"ImageObject","inLanguage":"en-US","@id":"https:\/\/www.looduspere.ee\/en\/product\/rotbackchen-fruit-juice-for-students-750ml\/#primaryimage","url":"https:\/\/www.looduspere.ee\/wp-content\/uploads\/2017\/01\/Rotb\u00e4ckchen-puuviljamahl-\u00f5pilastele.png","contentUrl":"https:\/\/www.looduspere.ee\/wp-content\/uploads\/2017\/01\/Rotb\u00e4ckchen-puuviljamahl-\u00f5pilastele.png","width":440,"height":440,"caption":"Rotb\u00e4ckchen puuviljamahl \u00f5pilastele"},{"@type":"BreadcrumbList","@id":"https:\/\/www.looduspere.ee\/en\/product\/rotbackchen-fruit-juice-for-students-750ml\/#breadcrumb","itemListElement":[{"@type":"ListItem","position":1,"name":"Home","item":"https:\/\/www.looduspere.ee\/en\/"},{"@type":"ListItem","position":2,"name":"Shop","item":"https:\/\/www.looduspere.ee\/en\/shop\/"},{"@type":"ListItem","position":3,"name":"Rotb\u00e4ckchen Fruit Juice for Students 750ml"}]},{"@type":"WebSite","@id":"https:\/\/www.looduspere.ee\/#website","url":"https:\/\/www.looduspere.ee\/","name":"Looduspere \u00f6kopood","description":"Healthy organic and natural products","publisher":{"@id":"https:\/\/www.looduspere.ee\/#organization"},"alternateName":"Looduspere","potentialAction":[{"@type":"SearchAction","target":{"@type":"EntryPoint","urlTemplate":"https:\/\/www.looduspere.ee\/?s={search_term_string}"},"query-input":{"@type":"PropertyValueSpecification","valueRequired":true,"valueName":"search_term_string"}}],"inLanguage":"en-US"},{"@type":"Organization","@id":"https:\/\/www.looduspere.ee\/#organization","name":"Looduspere \u00f6kopood","url":"https:\/\/www.looduspere.ee\/","logo":{"@type":"ImageObject","inLanguage":"en-US","@id":"https:\/\/www.looduspere.ee\/#\/schema\/logo\/image\/","url":"https:\/\/www.looduspere.ee\/wp-content\/uploads\/2025\/01\/340768897_1025251132216623_8613010291235268142_n.jpg","contentUrl":"https:\/\/www.looduspere.ee\/wp-content\/uploads\/2025\/01\/340768897_1025251132216623_8613010291235268142_n.jpg","width":1045,"height":1045,"caption":"Looduspere \u00f6kopood"},"image":{"@id":"https:\/\/www.looduspere.ee\/#\/schema\/logo\/image\/"},"sameAs":["https:\/\/www.facebook.com\/loodusperepood","https:\/\/www.instagram.com\/looduspere\/"]}]}},"_links":{"self":[{"href":"https:\/\/www.looduspere.ee\/en\/wp-json\/wp\/v2\/product\/73432","targetHints":{"allow":["GET"]}}],"collection":[{"href":"https:\/\/www.looduspere.ee\/en\/wp-json\/wp\/v2\/product"}],"about":[{"href":"https:\/\/www.looduspere.ee\/en\/wp-json\/wp\/v2\/types\/product"}],"replies":[{"embeddable":true,"href":"https:\/\/www.looduspere.ee\/en\/wp-json\/wp\/v2\/comments?post=73432"}],"wp:featuredmedia":[{"embeddable":true,"href":"https:\/\/www.looduspere.ee\/en\/wp-json\/wp\/v2\/media\/73429"}],"wp:attachment":[{"href":"https:\/\/www.looduspere.ee\/en\/wp-json\/wp\/v2\/media?parent=73432"}],"wp:term":[{"taxonomy":"product_cat","embeddable":true,"href":"https:\/\/www.looduspere.ee\/en\/wp-json\/wp\/v2\/product_cat?post=73432"},{"taxonomy":"product_tag","embeddable":true,"href":"https:\/\/www.looduspere.ee\/en\/wp-json\/wp\/v2\/product_tag?post=73432"}],"curies":[{"name":"wp","href":"https:\/\/api.w.org\/{rel}","templated":true}]}}