{"id":66134,"date":"2020-05-28T12:43:44","date_gmt":"2016-09-15T12:57:51","guid":{"rendered":"http:\/\/www.looduspere.ee\/en\/?post_type=product&#038;p=66134"},"modified":"2020-03-27T19:38:40","modified_gmt":"2020-03-27T17:38:40","slug":"okonorm-5-egg-colours","status":"publish","type":"product","link":"https:\/\/www.looduspere.ee\/en\/product\/okonorm-5-egg-colours\/","title":{"rendered":"\u00d6konorm 5 Egg Colours"},"content":{"rendered":"<p>5 natural colors: red, yellow, green, orange and pink for boiling and dyeing around 5-7 eggs at a time. The dye mix is \u200b\u200bintended for one dye run only, repeated use will lessen the color intensity.<\/p>\n<p>Natural dyes react differently with every egg, one and the same dye run will therefore result in different shades.<\/p>\n<p>Use: Add 750 ml of cold water tp a small stainless steel saucepan (enamelled pots are stained) &#8211; without vinegar &#8211; fill and stir in the dyes. Add 5-7 eggs carefully in the water. The water should cover the eggs completely and about 1 cm are over it. Bring the water to a boil. During heating, stir the powder paint in the water gently until the color is distributed. Cook the eggs for 7-10 minutes. Deter the eggs with cold water after dyeing.<\/p>\n<p>The natural colors react to each egg differently, meaning that each egg will be of different colour. The colour &#8220;matures&#8221; after cooling. On brown eggs the color is more intense than on white eggs.<\/p>\n","protected":false},"excerpt":{"rendered":"<p>5 natural colors: red, yellow, green, orange and pink for boiling and dyeing around 5-7 eggs at a time. The dye mix is \u200b\u200bintended for one dye run only, repeated use will lessen the color intensity. Natural dyes react differently with every egg, one and the same dye run will therefore result in different shades. Use: Add 750 ml of&hellip;<\/p>\n","protected":false},"featured_media":73904,"comment_status":"open","ping_status":"closed","template":"","meta":[],"product_cat":[1157],"product_tag":[],"class_list":{"0":"post-66134","1":"product","2":"type-product","3":"status-publish","4":"has-post-thumbnail","6":"product_cat-art-and-office-supplies","7":"product_shipping_class-1-en","9":"first","10":"instock","11":"featured","12":"purchasable","13":"product-type-simple","14":"col-xs-6 col-sm-4","15":"col-md-3 col-lg-3","16":"un-4-cols"},"yoast_head":"<!-- This site is optimized with the Yoast SEO plugin v27.4 - https:\/\/yoast.com\/product\/yoast-seo-wordpress\/ -->\n<title>\u00d6konorm 5 Egg Colours - Looduspere Organic Shop<\/title>\n<meta name=\"robots\" content=\"index, follow, max-snippet:-1, max-image-preview:large, max-video-preview:-1\" \/>\n<link rel=\"canonical\" href=\"https:\/\/www.looduspere.ee\/en\/product\/okonorm-5-egg-colours\/\" \/>\n<meta property=\"og:locale\" content=\"en_US\" \/>\n<meta property=\"og:type\" content=\"article\" \/>\n<meta property=\"og:title\" content=\"\u00d6konorm 5 Egg Colours - Looduspere Organic Shop\" \/>\n<meta property=\"og:description\" content=\"5 natural colors: red, yellow, green, orange and pink for boiling and dyeing around 5-7 eggs at a time. The dye mix is \u200b\u200bintended for one dye run only, repeated use will lessen the color intensity. Natural dyes react differently with every egg, one and the same dye run will therefore result in different shades. Use: Add 750 ml of&hellip;\" \/>\n<meta property=\"og:url\" content=\"https:\/\/www.looduspere.ee\/en\/product\/okonorm-5-egg-colours\/\" \/>\n<meta property=\"og:site_name\" content=\"Looduspere Organic Shop\" \/>\n<meta property=\"article:publisher\" content=\"https:\/\/www.facebook.com\/loodusperepood\" \/>\n<meta property=\"article:modified_time\" content=\"2020-03-27T17:38:40+00:00\" \/>\n<meta property=\"og:image\" content=\"https:\/\/www.looduspere.ee\/wp-content\/uploads\/2014\/05\/\u00f6konorm-munav\u00e4rvid-keetmiseks-1.jpg\" \/>\n\t<meta property=\"og:image:width\" content=\"458\" \/>\n\t<meta property=\"og:image:height\" content=\"458\" \/>\n\t<meta property=\"og:image:type\" content=\"image\/jpeg\" \/>\n<meta name=\"twitter:card\" content=\"summary_large_image\" \/>\n<meta name=\"twitter:label1\" content=\"Est. reading time\" \/>\n\t<meta name=\"twitter:data1\" content=\"1 minute\" \/>\n<script type=\"application\/ld+json\" class=\"yoast-schema-graph\">{\"@context\":\"https:\\\/\\\/schema.org\",\"@graph\":[{\"@type\":\"WebPage\",\"@id\":\"https:\\\/\\\/www.looduspere.ee\\\/en\\\/product\\\/okonorm-5-egg-colours\\\/\",\"url\":\"https:\\\/\\\/www.looduspere.ee\\\/en\\\/product\\\/okonorm-5-egg-colours\\\/\",\"name\":\"\u00d6konorm 5 Egg Colours - Looduspere Organic Shop\",\"isPartOf\":{\"@id\":\"https:\\\/\\\/www.looduspere.ee\\\/#website\"},\"primaryImageOfPage\":{\"@id\":\"https:\\\/\\\/www.looduspere.ee\\\/en\\\/product\\\/okonorm-5-egg-colours\\\/#primaryimage\"},\"image\":{\"@id\":\"https:\\\/\\\/www.looduspere.ee\\\/en\\\/product\\\/okonorm-5-egg-colours\\\/#primaryimage\"},\"thumbnailUrl\":\"https:\\\/\\\/www.looduspere.ee\\\/wp-content\\\/uploads\\\/2014\\\/05\\\/\u00f6konorm-munav\u00e4rvid-keetmiseks-1.jpg\",\"datePublished\":\"2016-09-15T12:57:51+00:00\",\"dateModified\":\"2020-03-27T17:38:40+00:00\",\"breadcrumb\":{\"@id\":\"https:\\\/\\\/www.looduspere.ee\\\/en\\\/product\\\/okonorm-5-egg-colours\\\/#breadcrumb\"},\"inLanguage\":\"en-US\",\"potentialAction\":[{\"@type\":\"ReadAction\",\"target\":[\"https:\\\/\\\/www.looduspere.ee\\\/en\\\/product\\\/okonorm-5-egg-colours\\\/\"]}]},{\"@type\":\"ImageObject\",\"inLanguage\":\"en-US\",\"@id\":\"https:\\\/\\\/www.looduspere.ee\\\/en\\\/product\\\/okonorm-5-egg-colours\\\/#primaryimage\",\"url\":\"https:\\\/\\\/www.looduspere.ee\\\/wp-content\\\/uploads\\\/2014\\\/05\\\/\u00f6konorm-munav\u00e4rvid-keetmiseks-1.jpg\",\"contentUrl\":\"https:\\\/\\\/www.looduspere.ee\\\/wp-content\\\/uploads\\\/2014\\\/05\\\/\u00f6konorm-munav\u00e4rvid-keetmiseks-1.jpg\",\"width\":458,\"height\":458,\"caption\":\"\u00d6konorm 5 Egg Colours\"},{\"@type\":\"BreadcrumbList\",\"@id\":\"https:\\\/\\\/www.looduspere.ee\\\/en\\\/product\\\/okonorm-5-egg-colours\\\/#breadcrumb\",\"itemListElement\":[{\"@type\":\"ListItem\",\"position\":1,\"name\":\"Home\",\"item\":\"https:\\\/\\\/www.looduspere.ee\\\/en\\\/\"},{\"@type\":\"ListItem\",\"position\":2,\"name\":\"Shop\",\"item\":\"https:\\\/\\\/www.looduspere.ee\\\/en\\\/shop\\\/\"},{\"@type\":\"ListItem\",\"position\":3,\"name\":\"\u00d6konorm 5 Egg Colours\"}]},{\"@type\":\"WebSite\",\"@id\":\"https:\\\/\\\/www.looduspere.ee\\\/#website\",\"url\":\"https:\\\/\\\/www.looduspere.ee\\\/\",\"name\":\"Looduspere \u00f6kopood\",\"description\":\"Healthy organic and natural products\",\"publisher\":{\"@id\":\"https:\\\/\\\/www.looduspere.ee\\\/#organization\"},\"alternateName\":\"Looduspere\",\"potentialAction\":[{\"@type\":\"SearchAction\",\"target\":{\"@type\":\"EntryPoint\",\"urlTemplate\":\"https:\\\/\\\/www.looduspere.ee\\\/?s={search_term_string}\"},\"query-input\":{\"@type\":\"PropertyValueSpecification\",\"valueRequired\":true,\"valueName\":\"search_term_string\"}}],\"inLanguage\":\"en-US\"},{\"@type\":\"Organization\",\"@id\":\"https:\\\/\\\/www.looduspere.ee\\\/#organization\",\"name\":\"Looduspere \u00f6kopood\",\"url\":\"https:\\\/\\\/www.looduspere.ee\\\/\",\"logo\":{\"@type\":\"ImageObject\",\"inLanguage\":\"en-US\",\"@id\":\"https:\\\/\\\/www.looduspere.ee\\\/#\\\/schema\\\/logo\\\/image\\\/\",\"url\":\"https:\\\/\\\/www.looduspere.ee\\\/wp-content\\\/uploads\\\/2025\\\/01\\\/340768897_1025251132216623_8613010291235268142_n.jpg\",\"contentUrl\":\"https:\\\/\\\/www.looduspere.ee\\\/wp-content\\\/uploads\\\/2025\\\/01\\\/340768897_1025251132216623_8613010291235268142_n.jpg\",\"width\":1045,\"height\":1045,\"caption\":\"Looduspere \u00f6kopood\"},\"image\":{\"@id\":\"https:\\\/\\\/www.looduspere.ee\\\/#\\\/schema\\\/logo\\\/image\\\/\"},\"sameAs\":[\"https:\\\/\\\/www.facebook.com\\\/loodusperepood\",\"https:\\\/\\\/www.instagram.com\\\/looduspere\\\/\"]}]}<\/script>\n<!-- \/ Yoast SEO plugin. -->","yoast_head_json":{"title":"\u00d6konorm 5 Egg Colours - Looduspere Organic Shop","robots":{"index":"index","follow":"follow","max-snippet":"max-snippet:-1","max-image-preview":"max-image-preview:large","max-video-preview":"max-video-preview:-1"},"canonical":"https:\/\/www.looduspere.ee\/en\/product\/okonorm-5-egg-colours\/","og_locale":"en_US","og_type":"article","og_title":"\u00d6konorm 5 Egg Colours - Looduspere Organic Shop","og_description":"5 natural colors: red, yellow, green, orange and pink for boiling and dyeing around 5-7 eggs at a time. The dye mix is \u200b\u200bintended for one dye run only, repeated use will lessen the color intensity. Natural dyes react differently with every egg, one and the same dye run will therefore result in different shades. Use: Add 750 ml of&hellip;","og_url":"https:\/\/www.looduspere.ee\/en\/product\/okonorm-5-egg-colours\/","og_site_name":"Looduspere Organic Shop","article_publisher":"https:\/\/www.facebook.com\/loodusperepood","article_modified_time":"2020-03-27T17:38:40+00:00","og_image":[{"width":458,"height":458,"url":"https:\/\/www.looduspere.ee\/wp-content\/uploads\/2014\/05\/\u00f6konorm-munav\u00e4rvid-keetmiseks-1.jpg","type":"image\/jpeg"}],"twitter_card":"summary_large_image","twitter_misc":{"Est. reading time":"1 minute"},"schema":{"@context":"https:\/\/schema.org","@graph":[{"@type":"WebPage","@id":"https:\/\/www.looduspere.ee\/en\/product\/okonorm-5-egg-colours\/","url":"https:\/\/www.looduspere.ee\/en\/product\/okonorm-5-egg-colours\/","name":"\u00d6konorm 5 Egg Colours - Looduspere Organic Shop","isPartOf":{"@id":"https:\/\/www.looduspere.ee\/#website"},"primaryImageOfPage":{"@id":"https:\/\/www.looduspere.ee\/en\/product\/okonorm-5-egg-colours\/#primaryimage"},"image":{"@id":"https:\/\/www.looduspere.ee\/en\/product\/okonorm-5-egg-colours\/#primaryimage"},"thumbnailUrl":"https:\/\/www.looduspere.ee\/wp-content\/uploads\/2014\/05\/\u00f6konorm-munav\u00e4rvid-keetmiseks-1.jpg","datePublished":"2016-09-15T12:57:51+00:00","dateModified":"2020-03-27T17:38:40+00:00","breadcrumb":{"@id":"https:\/\/www.looduspere.ee\/en\/product\/okonorm-5-egg-colours\/#breadcrumb"},"inLanguage":"en-US","potentialAction":[{"@type":"ReadAction","target":["https:\/\/www.looduspere.ee\/en\/product\/okonorm-5-egg-colours\/"]}]},{"@type":"ImageObject","inLanguage":"en-US","@id":"https:\/\/www.looduspere.ee\/en\/product\/okonorm-5-egg-colours\/#primaryimage","url":"https:\/\/www.looduspere.ee\/wp-content\/uploads\/2014\/05\/\u00f6konorm-munav\u00e4rvid-keetmiseks-1.jpg","contentUrl":"https:\/\/www.looduspere.ee\/wp-content\/uploads\/2014\/05\/\u00f6konorm-munav\u00e4rvid-keetmiseks-1.jpg","width":458,"height":458,"caption":"\u00d6konorm 5 Egg Colours"},{"@type":"BreadcrumbList","@id":"https:\/\/www.looduspere.ee\/en\/product\/okonorm-5-egg-colours\/#breadcrumb","itemListElement":[{"@type":"ListItem","position":1,"name":"Home","item":"https:\/\/www.looduspere.ee\/en\/"},{"@type":"ListItem","position":2,"name":"Shop","item":"https:\/\/www.looduspere.ee\/en\/shop\/"},{"@type":"ListItem","position":3,"name":"\u00d6konorm 5 Egg Colours"}]},{"@type":"WebSite","@id":"https:\/\/www.looduspere.ee\/#website","url":"https:\/\/www.looduspere.ee\/","name":"Looduspere \u00f6kopood","description":"Healthy organic and natural products","publisher":{"@id":"https:\/\/www.looduspere.ee\/#organization"},"alternateName":"Looduspere","potentialAction":[{"@type":"SearchAction","target":{"@type":"EntryPoint","urlTemplate":"https:\/\/www.looduspere.ee\/?s={search_term_string}"},"query-input":{"@type":"PropertyValueSpecification","valueRequired":true,"valueName":"search_term_string"}}],"inLanguage":"en-US"},{"@type":"Organization","@id":"https:\/\/www.looduspere.ee\/#organization","name":"Looduspere \u00f6kopood","url":"https:\/\/www.looduspere.ee\/","logo":{"@type":"ImageObject","inLanguage":"en-US","@id":"https:\/\/www.looduspere.ee\/#\/schema\/logo\/image\/","url":"https:\/\/www.looduspere.ee\/wp-content\/uploads\/2025\/01\/340768897_1025251132216623_8613010291235268142_n.jpg","contentUrl":"https:\/\/www.looduspere.ee\/wp-content\/uploads\/2025\/01\/340768897_1025251132216623_8613010291235268142_n.jpg","width":1045,"height":1045,"caption":"Looduspere \u00f6kopood"},"image":{"@id":"https:\/\/www.looduspere.ee\/#\/schema\/logo\/image\/"},"sameAs":["https:\/\/www.facebook.com\/loodusperepood","https:\/\/www.instagram.com\/looduspere\/"]}]}},"_links":{"self":[{"href":"https:\/\/www.looduspere.ee\/en\/wp-json\/wp\/v2\/product\/66134","targetHints":{"allow":["GET"]}}],"collection":[{"href":"https:\/\/www.looduspere.ee\/en\/wp-json\/wp\/v2\/product"}],"about":[{"href":"https:\/\/www.looduspere.ee\/en\/wp-json\/wp\/v2\/types\/product"}],"replies":[{"embeddable":true,"href":"https:\/\/www.looduspere.ee\/en\/wp-json\/wp\/v2\/comments?post=66134"}],"wp:featuredmedia":[{"embeddable":true,"href":"https:\/\/www.looduspere.ee\/en\/wp-json\/wp\/v2\/media\/73904"}],"wp:attachment":[{"href":"https:\/\/www.looduspere.ee\/en\/wp-json\/wp\/v2\/media?parent=66134"}],"wp:term":[{"taxonomy":"product_cat","embeddable":true,"href":"https:\/\/www.looduspere.ee\/en\/wp-json\/wp\/v2\/product_cat?post=66134"},{"taxonomy":"product_tag","embeddable":true,"href":"https:\/\/www.looduspere.ee\/en\/wp-json\/wp\/v2\/product_tag?post=66134"}],"curies":[{"name":"wp","href":"https:\/\/api.w.org\/{rel}","templated":true}]}}