{"id":65931,"date":"2014-05-28T12:47:44","date_gmt":"2016-09-13T07:53:39","guid":{"rendered":"http:\/\/www.looduspere.ee\/en\/?post_type=product&#038;p=65931"},"modified":"2020-01-30T22:01:57","modified_gmt":"2020-01-30T20:01:57","slug":"okonorm-wax-crayons-gnomes-6-colours","status":"publish","type":"product","link":"https:\/\/www.looduspere.ee\/en\/product\/okonorm-wax-crayons-gnomes-6-colours\/","title":{"rendered":"\u00d6konorm Wax Crayons Gnomes 6 colours"},"content":{"rendered":"<p>The short and stubby shape of these wax crayons is perfect for toddlers and for children who are learning to write. The child-appropriate, easy to grasp shape is perfect for pre-writing exercises and allows the creative painting of strong lines and large blocks of colour. The various colours of the natural wax crayons stimulate the imagination and are well-matched. <\/p>\n<p>Diameter approx. 14mm, length approx. 60mm.<\/p>\n<p>Our nawaro Wax Crayons are manufactured using only natural ingredients; they are absolutely non-toxic and contain no petrochemical waxes! The stearin we use is derived from palm oil harvested by selected local smallholders who cultivate their palm trees organically and sustainably. This conserves the habitat of endangered species. <\/p>\n<p>This new generation of wax crayons made from renewable raw materials meets all expectations regarding high opacity and rubbing proberties. Only the best natural raw materials are used to manufacture these exclusive wax crayons. A slight white sheen on the wax crayons is nothing to worry about, it is simply proof of their quality as it indicates a high beeswax content.<\/p>\n<p>Ingredients: Plant-derived stearins, more than 25 % pure beeswax, plant-derived waxes, purified champagne chalk, lanolin, silica, high food colouring content, earth and mineral pigments, stabilised with selected organic pigments of the type also used for cosmetic products.<\/p>\n<p><strong>Warning!<\/strong> Children under the age of 3 should be supervised by adults.<\/p>\n","protected":false},"excerpt":{"rendered":"<p>The short and stubby shape of these wax crayons is perfect for toddlers and for children who are learning to write. The child-appropriate, easy to grasp shape is perfect for pre-writing exercises and allows the creative painting of strong lines and large blocks of colour. The various colours of the natural wax crayons stimulate the imagination and are well-matched. Diameter&hellip;<\/p>\n","protected":false},"featured_media":65928,"comment_status":"open","ping_status":"closed","template":"","meta":[],"product_cat":[1157],"product_tag":[],"class_list":{"0":"post-65931","1":"product","2":"type-product","3":"status-publish","4":"has-post-thumbnail","6":"product_cat-art-and-office-supplies","7":"product_shipping_class-1-en","9":"first","10":"outofstock","11":"purchasable","12":"product-type-simple","13":"col-xs-6 col-sm-4","14":"col-md-3 col-lg-3","15":"un-4-cols"},"yoast_head":"<!-- This site is optimized with the Yoast SEO plugin v27.3 - https:\/\/yoast.com\/product\/yoast-seo-wordpress\/ -->\n<title>\u00d6konorm Wax Crayons Gnomes 6 colours - Looduspere Organic Shop<\/title>\n<meta name=\"robots\" content=\"index, follow, max-snippet:-1, max-image-preview:large, max-video-preview:-1\" \/>\n<link rel=\"canonical\" href=\"https:\/\/www.looduspere.ee\/en\/product\/okonorm-wax-crayons-gnomes-6-colours\/\" \/>\n<meta property=\"og:locale\" content=\"en_US\" \/>\n<meta property=\"og:type\" content=\"article\" \/>\n<meta property=\"og:title\" content=\"\u00d6konorm Wax Crayons Gnomes 6 colours - Looduspere Organic Shop\" \/>\n<meta property=\"og:description\" content=\"The short and stubby shape of these wax crayons is perfect for toddlers and for children who are learning to write. The child-appropriate, easy to grasp shape is perfect for pre-writing exercises and allows the creative painting of strong lines and large blocks of colour. The various colours of the natural wax crayons stimulate the imagination and are well-matched. Diameter&hellip;\" \/>\n<meta property=\"og:url\" content=\"https:\/\/www.looduspere.ee\/en\/product\/okonorm-wax-crayons-gnomes-6-colours\/\" \/>\n<meta property=\"og:site_name\" content=\"Looduspere Organic Shop\" \/>\n<meta property=\"article:publisher\" content=\"https:\/\/www.facebook.com\/loodusperepood\" \/>\n<meta property=\"article:modified_time\" content=\"2020-01-30T20:01:57+00:00\" \/>\n<meta property=\"og:image\" content=\"https:\/\/www.looduspere.ee\/wp-content\/uploads\/2014\/05\/\u00f6konorm-p\u00e4rkapiku-vahakriidid-73021.jpg\" \/>\n\t<meta property=\"og:image:width\" content=\"600\" \/>\n\t<meta property=\"og:image:height\" content=\"600\" \/>\n\t<meta property=\"og:image:type\" content=\"image\/jpeg\" \/>\n<meta name=\"twitter:card\" content=\"summary_large_image\" \/>\n<meta name=\"twitter:label1\" content=\"Est. reading time\" \/>\n\t<meta name=\"twitter:data1\" content=\"1 minute\" \/>\n<script type=\"application\/ld+json\" class=\"yoast-schema-graph\">{\"@context\":\"https:\\\/\\\/schema.org\",\"@graph\":[{\"@type\":\"WebPage\",\"@id\":\"https:\\\/\\\/www.looduspere.ee\\\/en\\\/product\\\/okonorm-wax-crayons-gnomes-6-colours\\\/\",\"url\":\"https:\\\/\\\/www.looduspere.ee\\\/en\\\/product\\\/okonorm-wax-crayons-gnomes-6-colours\\\/\",\"name\":\"\u00d6konorm Wax Crayons Gnomes 6 colours - Looduspere Organic Shop\",\"isPartOf\":{\"@id\":\"https:\\\/\\\/www.looduspere.ee\\\/#website\"},\"primaryImageOfPage\":{\"@id\":\"https:\\\/\\\/www.looduspere.ee\\\/en\\\/product\\\/okonorm-wax-crayons-gnomes-6-colours\\\/#primaryimage\"},\"image\":{\"@id\":\"https:\\\/\\\/www.looduspere.ee\\\/en\\\/product\\\/okonorm-wax-crayons-gnomes-6-colours\\\/#primaryimage\"},\"thumbnailUrl\":\"https:\\\/\\\/www.looduspere.ee\\\/wp-content\\\/uploads\\\/2014\\\/05\\\/\u00f6konorm-p\u00e4rkapiku-vahakriidid-73021.jpg\",\"datePublished\":\"2016-09-13T07:53:39+00:00\",\"dateModified\":\"2020-01-30T20:01:57+00:00\",\"breadcrumb\":{\"@id\":\"https:\\\/\\\/www.looduspere.ee\\\/en\\\/product\\\/okonorm-wax-crayons-gnomes-6-colours\\\/#breadcrumb\"},\"inLanguage\":\"en-US\",\"potentialAction\":[{\"@type\":\"ReadAction\",\"target\":[\"https:\\\/\\\/www.looduspere.ee\\\/en\\\/product\\\/okonorm-wax-crayons-gnomes-6-colours\\\/\"]}]},{\"@type\":\"ImageObject\",\"inLanguage\":\"en-US\",\"@id\":\"https:\\\/\\\/www.looduspere.ee\\\/en\\\/product\\\/okonorm-wax-crayons-gnomes-6-colours\\\/#primaryimage\",\"url\":\"https:\\\/\\\/www.looduspere.ee\\\/wp-content\\\/uploads\\\/2014\\\/05\\\/\u00f6konorm-p\u00e4rkapiku-vahakriidid-73021.jpg\",\"contentUrl\":\"https:\\\/\\\/www.looduspere.ee\\\/wp-content\\\/uploads\\\/2014\\\/05\\\/\u00f6konorm-p\u00e4rkapiku-vahakriidid-73021.jpg\",\"width\":600,\"height\":600,\"caption\":\"\u00d6konorm Wax Crayons Gnomes 6 colours\"},{\"@type\":\"BreadcrumbList\",\"@id\":\"https:\\\/\\\/www.looduspere.ee\\\/en\\\/product\\\/okonorm-wax-crayons-gnomes-6-colours\\\/#breadcrumb\",\"itemListElement\":[{\"@type\":\"ListItem\",\"position\":1,\"name\":\"Home\",\"item\":\"https:\\\/\\\/www.looduspere.ee\\\/en\\\/\"},{\"@type\":\"ListItem\",\"position\":2,\"name\":\"Shop\",\"item\":\"https:\\\/\\\/www.looduspere.ee\\\/en\\\/shop\\\/\"},{\"@type\":\"ListItem\",\"position\":3,\"name\":\"\u00d6konorm Wax Crayons Gnomes 6 colours\"}]},{\"@type\":\"WebSite\",\"@id\":\"https:\\\/\\\/www.looduspere.ee\\\/#website\",\"url\":\"https:\\\/\\\/www.looduspere.ee\\\/\",\"name\":\"Looduspere \u00f6kopood\",\"description\":\"Healthy organic and natural products\",\"publisher\":{\"@id\":\"https:\\\/\\\/www.looduspere.ee\\\/#organization\"},\"alternateName\":\"Looduspere\",\"potentialAction\":[{\"@type\":\"SearchAction\",\"target\":{\"@type\":\"EntryPoint\",\"urlTemplate\":\"https:\\\/\\\/www.looduspere.ee\\\/?s={search_term_string}\"},\"query-input\":{\"@type\":\"PropertyValueSpecification\",\"valueRequired\":true,\"valueName\":\"search_term_string\"}}],\"inLanguage\":\"en-US\"},{\"@type\":\"Organization\",\"@id\":\"https:\\\/\\\/www.looduspere.ee\\\/#organization\",\"name\":\"Looduspere \u00f6kopood\",\"url\":\"https:\\\/\\\/www.looduspere.ee\\\/\",\"logo\":{\"@type\":\"ImageObject\",\"inLanguage\":\"en-US\",\"@id\":\"https:\\\/\\\/www.looduspere.ee\\\/#\\\/schema\\\/logo\\\/image\\\/\",\"url\":\"https:\\\/\\\/www.looduspere.ee\\\/wp-content\\\/uploads\\\/2025\\\/01\\\/340768897_1025251132216623_8613010291235268142_n.jpg\",\"contentUrl\":\"https:\\\/\\\/www.looduspere.ee\\\/wp-content\\\/uploads\\\/2025\\\/01\\\/340768897_1025251132216623_8613010291235268142_n.jpg\",\"width\":1045,\"height\":1045,\"caption\":\"Looduspere \u00f6kopood\"},\"image\":{\"@id\":\"https:\\\/\\\/www.looduspere.ee\\\/#\\\/schema\\\/logo\\\/image\\\/\"},\"sameAs\":[\"https:\\\/\\\/www.facebook.com\\\/loodusperepood\",\"https:\\\/\\\/www.instagram.com\\\/looduspere\\\/\"]}]}<\/script>\n<!-- \/ Yoast SEO plugin. -->","yoast_head_json":{"title":"\u00d6konorm Wax Crayons Gnomes 6 colours - Looduspere Organic Shop","robots":{"index":"index","follow":"follow","max-snippet":"max-snippet:-1","max-image-preview":"max-image-preview:large","max-video-preview":"max-video-preview:-1"},"canonical":"https:\/\/www.looduspere.ee\/en\/product\/okonorm-wax-crayons-gnomes-6-colours\/","og_locale":"en_US","og_type":"article","og_title":"\u00d6konorm Wax Crayons Gnomes 6 colours - Looduspere Organic Shop","og_description":"The short and stubby shape of these wax crayons is perfect for toddlers and for children who are learning to write. The child-appropriate, easy to grasp shape is perfect for pre-writing exercises and allows the creative painting of strong lines and large blocks of colour. The various colours of the natural wax crayons stimulate the imagination and are well-matched. Diameter&hellip;","og_url":"https:\/\/www.looduspere.ee\/en\/product\/okonorm-wax-crayons-gnomes-6-colours\/","og_site_name":"Looduspere Organic Shop","article_publisher":"https:\/\/www.facebook.com\/loodusperepood","article_modified_time":"2020-01-30T20:01:57+00:00","og_image":[{"width":600,"height":600,"url":"https:\/\/www.looduspere.ee\/wp-content\/uploads\/2014\/05\/\u00f6konorm-p\u00e4rkapiku-vahakriidid-73021.jpg","type":"image\/jpeg"}],"twitter_card":"summary_large_image","twitter_misc":{"Est. reading time":"1 minute"},"schema":{"@context":"https:\/\/schema.org","@graph":[{"@type":"WebPage","@id":"https:\/\/www.looduspere.ee\/en\/product\/okonorm-wax-crayons-gnomes-6-colours\/","url":"https:\/\/www.looduspere.ee\/en\/product\/okonorm-wax-crayons-gnomes-6-colours\/","name":"\u00d6konorm Wax Crayons Gnomes 6 colours - Looduspere Organic Shop","isPartOf":{"@id":"https:\/\/www.looduspere.ee\/#website"},"primaryImageOfPage":{"@id":"https:\/\/www.looduspere.ee\/en\/product\/okonorm-wax-crayons-gnomes-6-colours\/#primaryimage"},"image":{"@id":"https:\/\/www.looduspere.ee\/en\/product\/okonorm-wax-crayons-gnomes-6-colours\/#primaryimage"},"thumbnailUrl":"https:\/\/www.looduspere.ee\/wp-content\/uploads\/2014\/05\/\u00f6konorm-p\u00e4rkapiku-vahakriidid-73021.jpg","datePublished":"2016-09-13T07:53:39+00:00","dateModified":"2020-01-30T20:01:57+00:00","breadcrumb":{"@id":"https:\/\/www.looduspere.ee\/en\/product\/okonorm-wax-crayons-gnomes-6-colours\/#breadcrumb"},"inLanguage":"en-US","potentialAction":[{"@type":"ReadAction","target":["https:\/\/www.looduspere.ee\/en\/product\/okonorm-wax-crayons-gnomes-6-colours\/"]}]},{"@type":"ImageObject","inLanguage":"en-US","@id":"https:\/\/www.looduspere.ee\/en\/product\/okonorm-wax-crayons-gnomes-6-colours\/#primaryimage","url":"https:\/\/www.looduspere.ee\/wp-content\/uploads\/2014\/05\/\u00f6konorm-p\u00e4rkapiku-vahakriidid-73021.jpg","contentUrl":"https:\/\/www.looduspere.ee\/wp-content\/uploads\/2014\/05\/\u00f6konorm-p\u00e4rkapiku-vahakriidid-73021.jpg","width":600,"height":600,"caption":"\u00d6konorm Wax Crayons Gnomes 6 colours"},{"@type":"BreadcrumbList","@id":"https:\/\/www.looduspere.ee\/en\/product\/okonorm-wax-crayons-gnomes-6-colours\/#breadcrumb","itemListElement":[{"@type":"ListItem","position":1,"name":"Home","item":"https:\/\/www.looduspere.ee\/en\/"},{"@type":"ListItem","position":2,"name":"Shop","item":"https:\/\/www.looduspere.ee\/en\/shop\/"},{"@type":"ListItem","position":3,"name":"\u00d6konorm Wax Crayons Gnomes 6 colours"}]},{"@type":"WebSite","@id":"https:\/\/www.looduspere.ee\/#website","url":"https:\/\/www.looduspere.ee\/","name":"Looduspere \u00f6kopood","description":"Healthy organic and natural products","publisher":{"@id":"https:\/\/www.looduspere.ee\/#organization"},"alternateName":"Looduspere","potentialAction":[{"@type":"SearchAction","target":{"@type":"EntryPoint","urlTemplate":"https:\/\/www.looduspere.ee\/?s={search_term_string}"},"query-input":{"@type":"PropertyValueSpecification","valueRequired":true,"valueName":"search_term_string"}}],"inLanguage":"en-US"},{"@type":"Organization","@id":"https:\/\/www.looduspere.ee\/#organization","name":"Looduspere \u00f6kopood","url":"https:\/\/www.looduspere.ee\/","logo":{"@type":"ImageObject","inLanguage":"en-US","@id":"https:\/\/www.looduspere.ee\/#\/schema\/logo\/image\/","url":"https:\/\/www.looduspere.ee\/wp-content\/uploads\/2025\/01\/340768897_1025251132216623_8613010291235268142_n.jpg","contentUrl":"https:\/\/www.looduspere.ee\/wp-content\/uploads\/2025\/01\/340768897_1025251132216623_8613010291235268142_n.jpg","width":1045,"height":1045,"caption":"Looduspere \u00f6kopood"},"image":{"@id":"https:\/\/www.looduspere.ee\/#\/schema\/logo\/image\/"},"sameAs":["https:\/\/www.facebook.com\/loodusperepood","https:\/\/www.instagram.com\/looduspere\/"]}]}},"_links":{"self":[{"href":"https:\/\/www.looduspere.ee\/en\/wp-json\/wp\/v2\/product\/65931","targetHints":{"allow":["GET"]}}],"collection":[{"href":"https:\/\/www.looduspere.ee\/en\/wp-json\/wp\/v2\/product"}],"about":[{"href":"https:\/\/www.looduspere.ee\/en\/wp-json\/wp\/v2\/types\/product"}],"replies":[{"embeddable":true,"href":"https:\/\/www.looduspere.ee\/en\/wp-json\/wp\/v2\/comments?post=65931"}],"wp:featuredmedia":[{"embeddable":true,"href":"https:\/\/www.looduspere.ee\/en\/wp-json\/wp\/v2\/media\/65928"}],"wp:attachment":[{"href":"https:\/\/www.looduspere.ee\/en\/wp-json\/wp\/v2\/media?parent=65931"}],"wp:term":[{"taxonomy":"product_cat","embeddable":true,"href":"https:\/\/www.looduspere.ee\/en\/wp-json\/wp\/v2\/product_cat?post=65931"},{"taxonomy":"product_tag","embeddable":true,"href":"https:\/\/www.looduspere.ee\/en\/wp-json\/wp\/v2\/product_tag?post=65931"}],"curies":[{"name":"wp","href":"https:\/\/api.w.org\/{rel}","templated":true}]}}