{"id":65894,"date":"2014-05-28T12:44:24","date_gmt":"2016-09-12T11:23:39","guid":{"rendered":"http:\/\/www.looduspere.ee\/en\/?post_type=product&#038;p=65894"},"modified":"2020-01-24T14:07:05","modified_gmt":"2020-01-24T12:07:05","slug":"okonorm-blue-finger-paint-150ml","status":"publish","type":"product","link":"https:\/\/www.looduspere.ee\/en\/product\/okonorm-blue-finger-paint-150ml\/","title":{"rendered":"\u00d6konorm Blue Finger Paint 150ml"},"content":{"rendered":"<p>These finger paints are creamy, non-drip, have a high opacity and brilliancy. Natural, bright paint colours made from renewable raw materials.<\/p>\n<p>These natural paints contain natural food colouring and are ideal for all techniques especially popular with children: painting, dabbing, stencilling, stamping, scraping, cork and leaf printing and much more. The water-soluble, dilutable paints can be mixed with each other and are suitable for painting on paper, glass, wood and many other surfaces, with fingers or with a paintbrush. These tried and tested natural paints for children, artists and crafters promote the inborn creativity of children and encourage them to experiment. Once dry, it is possible to rub the paints off surfaces; they can also be rubbed or brushed off fabrics. The finger paints are water-soluble and washable.<\/p>\n<p>The finger paints contain natural foods and food additives such as food colouring, natural colour pigments, purified chalk. Preserving agent: Phenoxyethanol. Bittering agent: Denatonium benzoate.<\/p>\n<p>Suitable for home use and use in kindergartens, schools and in treatment settings.<br \/>\nWARNING: Children under the age of 3 should be supervised by adults.<\/p>\n<p>Unit price: 27.73 EUR\/l<\/p>\n","protected":false},"excerpt":{"rendered":"<p>Easily washable<\/p>\n","protected":false},"featured_media":65888,"comment_status":"open","ping_status":"closed","template":"","meta":[],"product_cat":[1157],"product_tag":[],"class_list":{"0":"post-65894","1":"product","2":"type-product","3":"status-publish","4":"has-post-thumbnail","6":"product_cat-art-and-office-supplies","7":"product_shipping_class-1-en","9":"first","10":"outofstock","11":"purchasable","12":"product-type-simple","13":"col-xs-6 col-sm-4","14":"col-md-3 col-lg-3","15":"un-4-cols"},"yoast_head":"<!-- This site is optimized with the Yoast SEO plugin v27.3 - https:\/\/yoast.com\/product\/yoast-seo-wordpress\/ -->\n<title>\u00d6konorm Blue Finger Paint 150ml - Looduspere Organic Shop<\/title>\n<meta name=\"robots\" content=\"index, follow, max-snippet:-1, max-image-preview:large, max-video-preview:-1\" \/>\n<link rel=\"canonical\" href=\"https:\/\/www.looduspere.ee\/en\/product\/okonorm-blue-finger-paint-150ml\/\" \/>\n<meta property=\"og:locale\" content=\"en_US\" \/>\n<meta property=\"og:type\" content=\"article\" \/>\n<meta property=\"og:title\" content=\"\u00d6konorm Blue Finger Paint 150ml - Looduspere Organic Shop\" \/>\n<meta property=\"og:description\" content=\"Easily washable\" \/>\n<meta property=\"og:url\" content=\"https:\/\/www.looduspere.ee\/en\/product\/okonorm-blue-finger-paint-150ml\/\" \/>\n<meta property=\"og:site_name\" content=\"Looduspere Organic Shop\" \/>\n<meta property=\"article:publisher\" content=\"https:\/\/www.facebook.com\/loodusperepood\" \/>\n<meta property=\"article:modified_time\" content=\"2020-01-24T12:07:05+00:00\" \/>\n<meta property=\"og:image\" content=\"https:\/\/www.looduspere.ee\/wp-content\/uploads\/2014\/05\/\u00f6konorm-sinine-n\u00e4puv\u00e4rv-\u00d6KO79632.jpg\" \/>\n\t<meta property=\"og:image:width\" content=\"600\" \/>\n\t<meta property=\"og:image:height\" content=\"600\" \/>\n\t<meta property=\"og:image:type\" content=\"image\/jpeg\" \/>\n<meta name=\"twitter:card\" content=\"summary_large_image\" \/>\n<meta name=\"twitter:label1\" content=\"Est. reading time\" \/>\n\t<meta name=\"twitter:data1\" content=\"1 minute\" \/>\n<script type=\"application\/ld+json\" class=\"yoast-schema-graph\">{\"@context\":\"https:\\\/\\\/schema.org\",\"@graph\":[{\"@type\":\"WebPage\",\"@id\":\"https:\\\/\\\/www.looduspere.ee\\\/en\\\/product\\\/okonorm-blue-finger-paint-150ml\\\/\",\"url\":\"https:\\\/\\\/www.looduspere.ee\\\/en\\\/product\\\/okonorm-blue-finger-paint-150ml\\\/\",\"name\":\"\u00d6konorm Blue Finger Paint 150ml - Looduspere Organic Shop\",\"isPartOf\":{\"@id\":\"https:\\\/\\\/www.looduspere.ee\\\/#website\"},\"primaryImageOfPage\":{\"@id\":\"https:\\\/\\\/www.looduspere.ee\\\/en\\\/product\\\/okonorm-blue-finger-paint-150ml\\\/#primaryimage\"},\"image\":{\"@id\":\"https:\\\/\\\/www.looduspere.ee\\\/en\\\/product\\\/okonorm-blue-finger-paint-150ml\\\/#primaryimage\"},\"thumbnailUrl\":\"https:\\\/\\\/www.looduspere.ee\\\/wp-content\\\/uploads\\\/2014\\\/05\\\/\u00f6konorm-sinine-n\u00e4puv\u00e4rv-\u00d6KO79632.jpg\",\"datePublished\":\"2016-09-12T11:23:39+00:00\",\"dateModified\":\"2020-01-24T12:07:05+00:00\",\"breadcrumb\":{\"@id\":\"https:\\\/\\\/www.looduspere.ee\\\/en\\\/product\\\/okonorm-blue-finger-paint-150ml\\\/#breadcrumb\"},\"inLanguage\":\"en-US\",\"potentialAction\":[{\"@type\":\"ReadAction\",\"target\":[\"https:\\\/\\\/www.looduspere.ee\\\/en\\\/product\\\/okonorm-blue-finger-paint-150ml\\\/\"]}]},{\"@type\":\"ImageObject\",\"inLanguage\":\"en-US\",\"@id\":\"https:\\\/\\\/www.looduspere.ee\\\/en\\\/product\\\/okonorm-blue-finger-paint-150ml\\\/#primaryimage\",\"url\":\"https:\\\/\\\/www.looduspere.ee\\\/wp-content\\\/uploads\\\/2014\\\/05\\\/\u00f6konorm-sinine-n\u00e4puv\u00e4rv-\u00d6KO79632.jpg\",\"contentUrl\":\"https:\\\/\\\/www.looduspere.ee\\\/wp-content\\\/uploads\\\/2014\\\/05\\\/\u00f6konorm-sinine-n\u00e4puv\u00e4rv-\u00d6KO79632.jpg\",\"width\":600,\"height\":600},{\"@type\":\"BreadcrumbList\",\"@id\":\"https:\\\/\\\/www.looduspere.ee\\\/en\\\/product\\\/okonorm-blue-finger-paint-150ml\\\/#breadcrumb\",\"itemListElement\":[{\"@type\":\"ListItem\",\"position\":1,\"name\":\"Home\",\"item\":\"https:\\\/\\\/www.looduspere.ee\\\/en\\\/\"},{\"@type\":\"ListItem\",\"position\":2,\"name\":\"Shop\",\"item\":\"https:\\\/\\\/www.looduspere.ee\\\/en\\\/shop\\\/\"},{\"@type\":\"ListItem\",\"position\":3,\"name\":\"\u00d6konorm Blue Finger Paint 150ml\"}]},{\"@type\":\"WebSite\",\"@id\":\"https:\\\/\\\/www.looduspere.ee\\\/#website\",\"url\":\"https:\\\/\\\/www.looduspere.ee\\\/\",\"name\":\"Looduspere \u00f6kopood\",\"description\":\"Healthy organic and natural products\",\"publisher\":{\"@id\":\"https:\\\/\\\/www.looduspere.ee\\\/#organization\"},\"alternateName\":\"Looduspere\",\"potentialAction\":[{\"@type\":\"SearchAction\",\"target\":{\"@type\":\"EntryPoint\",\"urlTemplate\":\"https:\\\/\\\/www.looduspere.ee\\\/?s={search_term_string}\"},\"query-input\":{\"@type\":\"PropertyValueSpecification\",\"valueRequired\":true,\"valueName\":\"search_term_string\"}}],\"inLanguage\":\"en-US\"},{\"@type\":\"Organization\",\"@id\":\"https:\\\/\\\/www.looduspere.ee\\\/#organization\",\"name\":\"Looduspere \u00f6kopood\",\"url\":\"https:\\\/\\\/www.looduspere.ee\\\/\",\"logo\":{\"@type\":\"ImageObject\",\"inLanguage\":\"en-US\",\"@id\":\"https:\\\/\\\/www.looduspere.ee\\\/#\\\/schema\\\/logo\\\/image\\\/\",\"url\":\"https:\\\/\\\/www.looduspere.ee\\\/wp-content\\\/uploads\\\/2025\\\/01\\\/340768897_1025251132216623_8613010291235268142_n.jpg\",\"contentUrl\":\"https:\\\/\\\/www.looduspere.ee\\\/wp-content\\\/uploads\\\/2025\\\/01\\\/340768897_1025251132216623_8613010291235268142_n.jpg\",\"width\":1045,\"height\":1045,\"caption\":\"Looduspere \u00f6kopood\"},\"image\":{\"@id\":\"https:\\\/\\\/www.looduspere.ee\\\/#\\\/schema\\\/logo\\\/image\\\/\"},\"sameAs\":[\"https:\\\/\\\/www.facebook.com\\\/loodusperepood\",\"https:\\\/\\\/www.instagram.com\\\/looduspere\\\/\"]}]}<\/script>\n<!-- \/ Yoast SEO plugin. -->","yoast_head_json":{"title":"\u00d6konorm Blue Finger Paint 150ml - Looduspere Organic Shop","robots":{"index":"index","follow":"follow","max-snippet":"max-snippet:-1","max-image-preview":"max-image-preview:large","max-video-preview":"max-video-preview:-1"},"canonical":"https:\/\/www.looduspere.ee\/en\/product\/okonorm-blue-finger-paint-150ml\/","og_locale":"en_US","og_type":"article","og_title":"\u00d6konorm Blue Finger Paint 150ml - Looduspere Organic Shop","og_description":"Easily washable","og_url":"https:\/\/www.looduspere.ee\/en\/product\/okonorm-blue-finger-paint-150ml\/","og_site_name":"Looduspere Organic Shop","article_publisher":"https:\/\/www.facebook.com\/loodusperepood","article_modified_time":"2020-01-24T12:07:05+00:00","og_image":[{"width":600,"height":600,"url":"https:\/\/www.looduspere.ee\/wp-content\/uploads\/2014\/05\/\u00f6konorm-sinine-n\u00e4puv\u00e4rv-\u00d6KO79632.jpg","type":"image\/jpeg"}],"twitter_card":"summary_large_image","twitter_misc":{"Est. reading time":"1 minute"},"schema":{"@context":"https:\/\/schema.org","@graph":[{"@type":"WebPage","@id":"https:\/\/www.looduspere.ee\/en\/product\/okonorm-blue-finger-paint-150ml\/","url":"https:\/\/www.looduspere.ee\/en\/product\/okonorm-blue-finger-paint-150ml\/","name":"\u00d6konorm Blue Finger Paint 150ml - Looduspere Organic Shop","isPartOf":{"@id":"https:\/\/www.looduspere.ee\/#website"},"primaryImageOfPage":{"@id":"https:\/\/www.looduspere.ee\/en\/product\/okonorm-blue-finger-paint-150ml\/#primaryimage"},"image":{"@id":"https:\/\/www.looduspere.ee\/en\/product\/okonorm-blue-finger-paint-150ml\/#primaryimage"},"thumbnailUrl":"https:\/\/www.looduspere.ee\/wp-content\/uploads\/2014\/05\/\u00f6konorm-sinine-n\u00e4puv\u00e4rv-\u00d6KO79632.jpg","datePublished":"2016-09-12T11:23:39+00:00","dateModified":"2020-01-24T12:07:05+00:00","breadcrumb":{"@id":"https:\/\/www.looduspere.ee\/en\/product\/okonorm-blue-finger-paint-150ml\/#breadcrumb"},"inLanguage":"en-US","potentialAction":[{"@type":"ReadAction","target":["https:\/\/www.looduspere.ee\/en\/product\/okonorm-blue-finger-paint-150ml\/"]}]},{"@type":"ImageObject","inLanguage":"en-US","@id":"https:\/\/www.looduspere.ee\/en\/product\/okonorm-blue-finger-paint-150ml\/#primaryimage","url":"https:\/\/www.looduspere.ee\/wp-content\/uploads\/2014\/05\/\u00f6konorm-sinine-n\u00e4puv\u00e4rv-\u00d6KO79632.jpg","contentUrl":"https:\/\/www.looduspere.ee\/wp-content\/uploads\/2014\/05\/\u00f6konorm-sinine-n\u00e4puv\u00e4rv-\u00d6KO79632.jpg","width":600,"height":600},{"@type":"BreadcrumbList","@id":"https:\/\/www.looduspere.ee\/en\/product\/okonorm-blue-finger-paint-150ml\/#breadcrumb","itemListElement":[{"@type":"ListItem","position":1,"name":"Home","item":"https:\/\/www.looduspere.ee\/en\/"},{"@type":"ListItem","position":2,"name":"Shop","item":"https:\/\/www.looduspere.ee\/en\/shop\/"},{"@type":"ListItem","position":3,"name":"\u00d6konorm Blue Finger Paint 150ml"}]},{"@type":"WebSite","@id":"https:\/\/www.looduspere.ee\/#website","url":"https:\/\/www.looduspere.ee\/","name":"Looduspere \u00f6kopood","description":"Healthy organic and natural products","publisher":{"@id":"https:\/\/www.looduspere.ee\/#organization"},"alternateName":"Looduspere","potentialAction":[{"@type":"SearchAction","target":{"@type":"EntryPoint","urlTemplate":"https:\/\/www.looduspere.ee\/?s={search_term_string}"},"query-input":{"@type":"PropertyValueSpecification","valueRequired":true,"valueName":"search_term_string"}}],"inLanguage":"en-US"},{"@type":"Organization","@id":"https:\/\/www.looduspere.ee\/#organization","name":"Looduspere \u00f6kopood","url":"https:\/\/www.looduspere.ee\/","logo":{"@type":"ImageObject","inLanguage":"en-US","@id":"https:\/\/www.looduspere.ee\/#\/schema\/logo\/image\/","url":"https:\/\/www.looduspere.ee\/wp-content\/uploads\/2025\/01\/340768897_1025251132216623_8613010291235268142_n.jpg","contentUrl":"https:\/\/www.looduspere.ee\/wp-content\/uploads\/2025\/01\/340768897_1025251132216623_8613010291235268142_n.jpg","width":1045,"height":1045,"caption":"Looduspere \u00f6kopood"},"image":{"@id":"https:\/\/www.looduspere.ee\/#\/schema\/logo\/image\/"},"sameAs":["https:\/\/www.facebook.com\/loodusperepood","https:\/\/www.instagram.com\/looduspere\/"]}]}},"_links":{"self":[{"href":"https:\/\/www.looduspere.ee\/en\/wp-json\/wp\/v2\/product\/65894","targetHints":{"allow":["GET"]}}],"collection":[{"href":"https:\/\/www.looduspere.ee\/en\/wp-json\/wp\/v2\/product"}],"about":[{"href":"https:\/\/www.looduspere.ee\/en\/wp-json\/wp\/v2\/types\/product"}],"replies":[{"embeddable":true,"href":"https:\/\/www.looduspere.ee\/en\/wp-json\/wp\/v2\/comments?post=65894"}],"wp:featuredmedia":[{"embeddable":true,"href":"https:\/\/www.looduspere.ee\/en\/wp-json\/wp\/v2\/media\/65888"}],"wp:attachment":[{"href":"https:\/\/www.looduspere.ee\/en\/wp-json\/wp\/v2\/media?parent=65894"}],"wp:term":[{"taxonomy":"product_cat","embeddable":true,"href":"https:\/\/www.looduspere.ee\/en\/wp-json\/wp\/v2\/product_cat?post=65894"},{"taxonomy":"product_tag","embeddable":true,"href":"https:\/\/www.looduspere.ee\/en\/wp-json\/wp\/v2\/product_tag?post=65894"}],"curies":[{"name":"wp","href":"https:\/\/api.w.org\/{rel}","templated":true}]}}