{"id":65869,"date":"2014-05-28T12:56:12","date_gmt":"2016-09-12T09:43:39","guid":{"rendered":"http:\/\/www.looduspere.ee\/en\/?post_type=product&#038;p=65869"},"modified":"2019-11-29T10:16:25","modified_gmt":"2019-11-29T08:16:25","slug":"okonorm-91-set-of-magic-pens","status":"publish","type":"product","link":"https:\/\/www.looduspere.ee\/en\/product\/okonorm-91-set-of-magic-pens\/","title":{"rendered":"\u00d6konorm 9+1 Set of Magic Pens"},"content":{"rendered":"<p>9 colours + 1 colour changing pen. 6 mm pens, non-toxic colours.<\/p>\n<p>The Magic Pens come in bright colours, the barrels show the colour of the ink, and can be used on many different surfaces, such as paper, cardboard, wood etc. Going over the lines or areas drawn or filled with the magic pens with the white coloured changing pen change the colours &#8211; as if by magic &#8211; to the colour shown on the cap of the pens. The colour changing pen can also be used like invisible ink; anything written or drawn with it becomes visible only if it is painted over with a magic pen.<\/p>\n<p>The ink is water-based and completely non-toxic. It is very low odour, formaldehyde free, and does not contain any substances of toxicological concern (pH around 6). The levels are far below those defined as acceptable in EURO NORM EN 71, Part 9.<\/p>\n<p>The drying out rate of these pens lies by around 5% a month. They can be revived by applying 2 drops of lemon juice or vinegar to the felt; open end cap at the top of the pen.<\/p>\n<p>The special construction of the felt tip ensures that it cannot be pushed down into the barrel even if heavy pressure is applied.<\/p>\n","protected":false},"excerpt":{"rendered":"<p>9 colours + 1 colour changing pen. 6 mm pens, non-toxic colours. The Magic Pens come in bright colours, the barrels show the colour of the ink, and can be used on many different surfaces, such as paper, cardboard, wood etc. Going over the lines or areas drawn or filled with the magic pens with the white coloured changing pen&hellip;<\/p>\n","protected":false},"featured_media":65862,"comment_status":"open","ping_status":"closed","template":"","meta":[],"product_cat":[1157],"product_tag":[],"class_list":{"0":"post-65869","1":"product","2":"type-product","3":"status-publish","4":"has-post-thumbnail","6":"product_cat-art-and-office-supplies","7":"product_shipping_class-1-en","9":"first","10":"outofstock","11":"purchasable","12":"product-type-simple","13":"col-xs-6 col-sm-4","14":"col-md-3 col-lg-3","15":"un-4-cols"},"yoast_head":"<!-- This site is optimized with the Yoast SEO plugin v27.3 - https:\/\/yoast.com\/product\/yoast-seo-wordpress\/ -->\n<title>\u00d6konorm 9+1 Set of Magic Pens - Looduspere Organic Shop<\/title>\n<meta name=\"robots\" content=\"index, follow, max-snippet:-1, max-image-preview:large, max-video-preview:-1\" \/>\n<link rel=\"canonical\" href=\"https:\/\/www.looduspere.ee\/en\/product\/okonorm-91-set-of-magic-pens\/\" \/>\n<meta property=\"og:locale\" content=\"en_US\" \/>\n<meta property=\"og:type\" content=\"article\" \/>\n<meta property=\"og:title\" content=\"\u00d6konorm 9+1 Set of Magic Pens - Looduspere Organic Shop\" \/>\n<meta property=\"og:description\" content=\"9 colours + 1 colour changing pen. 6 mm pens, non-toxic colours. The Magic Pens come in bright colours, the barrels show the colour of the ink, and can be used on many different surfaces, such as paper, cardboard, wood etc. Going over the lines or areas drawn or filled with the magic pens with the white coloured changing pen&hellip;\" \/>\n<meta property=\"og:url\" content=\"https:\/\/www.looduspere.ee\/en\/product\/okonorm-91-set-of-magic-pens\/\" \/>\n<meta property=\"og:site_name\" content=\"Looduspere Organic Shop\" \/>\n<meta property=\"article:publisher\" content=\"https:\/\/www.facebook.com\/loodusperepood\" \/>\n<meta property=\"article:modified_time\" content=\"2019-11-29T08:16:25+00:00\" \/>\n<meta property=\"og:image\" content=\"https:\/\/www.looduspere.ee\/wp-content\/uploads\/2014\/05\/\u00f6konorm-v\u00e4rvimuutjaga-v\u00f5luvildikad-\u00d6KO72001.jpg\" \/>\n\t<meta property=\"og:image:width\" content=\"458\" \/>\n\t<meta property=\"og:image:height\" content=\"458\" \/>\n\t<meta property=\"og:image:type\" content=\"image\/jpeg\" \/>\n<meta name=\"twitter:card\" content=\"summary_large_image\" \/>\n<meta name=\"twitter:label1\" content=\"Est. reading time\" \/>\n\t<meta name=\"twitter:data1\" content=\"1 minute\" \/>\n<script type=\"application\/ld+json\" class=\"yoast-schema-graph\">{\"@context\":\"https:\\\/\\\/schema.org\",\"@graph\":[{\"@type\":\"WebPage\",\"@id\":\"https:\\\/\\\/www.looduspere.ee\\\/en\\\/product\\\/okonorm-91-set-of-magic-pens\\\/\",\"url\":\"https:\\\/\\\/www.looduspere.ee\\\/en\\\/product\\\/okonorm-91-set-of-magic-pens\\\/\",\"name\":\"\u00d6konorm 9+1 Set of Magic Pens - Looduspere Organic Shop\",\"isPartOf\":{\"@id\":\"https:\\\/\\\/www.looduspere.ee\\\/#website\"},\"primaryImageOfPage\":{\"@id\":\"https:\\\/\\\/www.looduspere.ee\\\/en\\\/product\\\/okonorm-91-set-of-magic-pens\\\/#primaryimage\"},\"image\":{\"@id\":\"https:\\\/\\\/www.looduspere.ee\\\/en\\\/product\\\/okonorm-91-set-of-magic-pens\\\/#primaryimage\"},\"thumbnailUrl\":\"https:\\\/\\\/www.looduspere.ee\\\/wp-content\\\/uploads\\\/2014\\\/05\\\/\u00f6konorm-v\u00e4rvimuutjaga-v\u00f5luvildikad-\u00d6KO72001.jpg\",\"datePublished\":\"2016-09-12T09:43:39+00:00\",\"dateModified\":\"2019-11-29T08:16:25+00:00\",\"breadcrumb\":{\"@id\":\"https:\\\/\\\/www.looduspere.ee\\\/en\\\/product\\\/okonorm-91-set-of-magic-pens\\\/#breadcrumb\"},\"inLanguage\":\"en-US\",\"potentialAction\":[{\"@type\":\"ReadAction\",\"target\":[\"https:\\\/\\\/www.looduspere.ee\\\/en\\\/product\\\/okonorm-91-set-of-magic-pens\\\/\"]}]},{\"@type\":\"ImageObject\",\"inLanguage\":\"en-US\",\"@id\":\"https:\\\/\\\/www.looduspere.ee\\\/en\\\/product\\\/okonorm-91-set-of-magic-pens\\\/#primaryimage\",\"url\":\"https:\\\/\\\/www.looduspere.ee\\\/wp-content\\\/uploads\\\/2014\\\/05\\\/\u00f6konorm-v\u00e4rvimuutjaga-v\u00f5luvildikad-\u00d6KO72001.jpg\",\"contentUrl\":\"https:\\\/\\\/www.looduspere.ee\\\/wp-content\\\/uploads\\\/2014\\\/05\\\/\u00f6konorm-v\u00e4rvimuutjaga-v\u00f5luvildikad-\u00d6KO72001.jpg\",\"width\":458,\"height\":458,\"caption\":\"\u00d6konorm v\u00e4rvimuutjaga v\u00f5luvildikad\"},{\"@type\":\"BreadcrumbList\",\"@id\":\"https:\\\/\\\/www.looduspere.ee\\\/en\\\/product\\\/okonorm-91-set-of-magic-pens\\\/#breadcrumb\",\"itemListElement\":[{\"@type\":\"ListItem\",\"position\":1,\"name\":\"Home\",\"item\":\"https:\\\/\\\/www.looduspere.ee\\\/en\\\/\"},{\"@type\":\"ListItem\",\"position\":2,\"name\":\"Shop\",\"item\":\"https:\\\/\\\/www.looduspere.ee\\\/en\\\/shop\\\/\"},{\"@type\":\"ListItem\",\"position\":3,\"name\":\"\u00d6konorm 9+1 Set of Magic Pens\"}]},{\"@type\":\"WebSite\",\"@id\":\"https:\\\/\\\/www.looduspere.ee\\\/#website\",\"url\":\"https:\\\/\\\/www.looduspere.ee\\\/\",\"name\":\"Looduspere \u00f6kopood\",\"description\":\"Healthy organic and natural products\",\"publisher\":{\"@id\":\"https:\\\/\\\/www.looduspere.ee\\\/#organization\"},\"alternateName\":\"Looduspere\",\"potentialAction\":[{\"@type\":\"SearchAction\",\"target\":{\"@type\":\"EntryPoint\",\"urlTemplate\":\"https:\\\/\\\/www.looduspere.ee\\\/?s={search_term_string}\"},\"query-input\":{\"@type\":\"PropertyValueSpecification\",\"valueRequired\":true,\"valueName\":\"search_term_string\"}}],\"inLanguage\":\"en-US\"},{\"@type\":\"Organization\",\"@id\":\"https:\\\/\\\/www.looduspere.ee\\\/#organization\",\"name\":\"Looduspere \u00f6kopood\",\"url\":\"https:\\\/\\\/www.looduspere.ee\\\/\",\"logo\":{\"@type\":\"ImageObject\",\"inLanguage\":\"en-US\",\"@id\":\"https:\\\/\\\/www.looduspere.ee\\\/#\\\/schema\\\/logo\\\/image\\\/\",\"url\":\"https:\\\/\\\/www.looduspere.ee\\\/wp-content\\\/uploads\\\/2025\\\/01\\\/340768897_1025251132216623_8613010291235268142_n.jpg\",\"contentUrl\":\"https:\\\/\\\/www.looduspere.ee\\\/wp-content\\\/uploads\\\/2025\\\/01\\\/340768897_1025251132216623_8613010291235268142_n.jpg\",\"width\":1045,\"height\":1045,\"caption\":\"Looduspere \u00f6kopood\"},\"image\":{\"@id\":\"https:\\\/\\\/www.looduspere.ee\\\/#\\\/schema\\\/logo\\\/image\\\/\"},\"sameAs\":[\"https:\\\/\\\/www.facebook.com\\\/loodusperepood\",\"https:\\\/\\\/www.instagram.com\\\/looduspere\\\/\"]}]}<\/script>\n<!-- \/ Yoast SEO plugin. -->","yoast_head_json":{"title":"\u00d6konorm 9+1 Set of Magic Pens - Looduspere Organic Shop","robots":{"index":"index","follow":"follow","max-snippet":"max-snippet:-1","max-image-preview":"max-image-preview:large","max-video-preview":"max-video-preview:-1"},"canonical":"https:\/\/www.looduspere.ee\/en\/product\/okonorm-91-set-of-magic-pens\/","og_locale":"en_US","og_type":"article","og_title":"\u00d6konorm 9+1 Set of Magic Pens - Looduspere Organic Shop","og_description":"9 colours + 1 colour changing pen. 6 mm pens, non-toxic colours. The Magic Pens come in bright colours, the barrels show the colour of the ink, and can be used on many different surfaces, such as paper, cardboard, wood etc. Going over the lines or areas drawn or filled with the magic pens with the white coloured changing pen&hellip;","og_url":"https:\/\/www.looduspere.ee\/en\/product\/okonorm-91-set-of-magic-pens\/","og_site_name":"Looduspere Organic Shop","article_publisher":"https:\/\/www.facebook.com\/loodusperepood","article_modified_time":"2019-11-29T08:16:25+00:00","og_image":[{"width":458,"height":458,"url":"https:\/\/www.looduspere.ee\/wp-content\/uploads\/2014\/05\/\u00f6konorm-v\u00e4rvimuutjaga-v\u00f5luvildikad-\u00d6KO72001.jpg","type":"image\/jpeg"}],"twitter_card":"summary_large_image","twitter_misc":{"Est. reading time":"1 minute"},"schema":{"@context":"https:\/\/schema.org","@graph":[{"@type":"WebPage","@id":"https:\/\/www.looduspere.ee\/en\/product\/okonorm-91-set-of-magic-pens\/","url":"https:\/\/www.looduspere.ee\/en\/product\/okonorm-91-set-of-magic-pens\/","name":"\u00d6konorm 9+1 Set of Magic Pens - Looduspere Organic Shop","isPartOf":{"@id":"https:\/\/www.looduspere.ee\/#website"},"primaryImageOfPage":{"@id":"https:\/\/www.looduspere.ee\/en\/product\/okonorm-91-set-of-magic-pens\/#primaryimage"},"image":{"@id":"https:\/\/www.looduspere.ee\/en\/product\/okonorm-91-set-of-magic-pens\/#primaryimage"},"thumbnailUrl":"https:\/\/www.looduspere.ee\/wp-content\/uploads\/2014\/05\/\u00f6konorm-v\u00e4rvimuutjaga-v\u00f5luvildikad-\u00d6KO72001.jpg","datePublished":"2016-09-12T09:43:39+00:00","dateModified":"2019-11-29T08:16:25+00:00","breadcrumb":{"@id":"https:\/\/www.looduspere.ee\/en\/product\/okonorm-91-set-of-magic-pens\/#breadcrumb"},"inLanguage":"en-US","potentialAction":[{"@type":"ReadAction","target":["https:\/\/www.looduspere.ee\/en\/product\/okonorm-91-set-of-magic-pens\/"]}]},{"@type":"ImageObject","inLanguage":"en-US","@id":"https:\/\/www.looduspere.ee\/en\/product\/okonorm-91-set-of-magic-pens\/#primaryimage","url":"https:\/\/www.looduspere.ee\/wp-content\/uploads\/2014\/05\/\u00f6konorm-v\u00e4rvimuutjaga-v\u00f5luvildikad-\u00d6KO72001.jpg","contentUrl":"https:\/\/www.looduspere.ee\/wp-content\/uploads\/2014\/05\/\u00f6konorm-v\u00e4rvimuutjaga-v\u00f5luvildikad-\u00d6KO72001.jpg","width":458,"height":458,"caption":"\u00d6konorm v\u00e4rvimuutjaga v\u00f5luvildikad"},{"@type":"BreadcrumbList","@id":"https:\/\/www.looduspere.ee\/en\/product\/okonorm-91-set-of-magic-pens\/#breadcrumb","itemListElement":[{"@type":"ListItem","position":1,"name":"Home","item":"https:\/\/www.looduspere.ee\/en\/"},{"@type":"ListItem","position":2,"name":"Shop","item":"https:\/\/www.looduspere.ee\/en\/shop\/"},{"@type":"ListItem","position":3,"name":"\u00d6konorm 9+1 Set of Magic Pens"}]},{"@type":"WebSite","@id":"https:\/\/www.looduspere.ee\/#website","url":"https:\/\/www.looduspere.ee\/","name":"Looduspere \u00f6kopood","description":"Healthy organic and natural products","publisher":{"@id":"https:\/\/www.looduspere.ee\/#organization"},"alternateName":"Looduspere","potentialAction":[{"@type":"SearchAction","target":{"@type":"EntryPoint","urlTemplate":"https:\/\/www.looduspere.ee\/?s={search_term_string}"},"query-input":{"@type":"PropertyValueSpecification","valueRequired":true,"valueName":"search_term_string"}}],"inLanguage":"en-US"},{"@type":"Organization","@id":"https:\/\/www.looduspere.ee\/#organization","name":"Looduspere \u00f6kopood","url":"https:\/\/www.looduspere.ee\/","logo":{"@type":"ImageObject","inLanguage":"en-US","@id":"https:\/\/www.looduspere.ee\/#\/schema\/logo\/image\/","url":"https:\/\/www.looduspere.ee\/wp-content\/uploads\/2025\/01\/340768897_1025251132216623_8613010291235268142_n.jpg","contentUrl":"https:\/\/www.looduspere.ee\/wp-content\/uploads\/2025\/01\/340768897_1025251132216623_8613010291235268142_n.jpg","width":1045,"height":1045,"caption":"Looduspere \u00f6kopood"},"image":{"@id":"https:\/\/www.looduspere.ee\/#\/schema\/logo\/image\/"},"sameAs":["https:\/\/www.facebook.com\/loodusperepood","https:\/\/www.instagram.com\/looduspere\/"]}]}},"_links":{"self":[{"href":"https:\/\/www.looduspere.ee\/en\/wp-json\/wp\/v2\/product\/65869","targetHints":{"allow":["GET"]}}],"collection":[{"href":"https:\/\/www.looduspere.ee\/en\/wp-json\/wp\/v2\/product"}],"about":[{"href":"https:\/\/www.looduspere.ee\/en\/wp-json\/wp\/v2\/types\/product"}],"replies":[{"embeddable":true,"href":"https:\/\/www.looduspere.ee\/en\/wp-json\/wp\/v2\/comments?post=65869"}],"wp:featuredmedia":[{"embeddable":true,"href":"https:\/\/www.looduspere.ee\/en\/wp-json\/wp\/v2\/media\/65862"}],"wp:attachment":[{"href":"https:\/\/www.looduspere.ee\/en\/wp-json\/wp\/v2\/media?parent=65869"}],"wp:term":[{"taxonomy":"product_cat","embeddable":true,"href":"https:\/\/www.looduspere.ee\/en\/wp-json\/wp\/v2\/product_cat?post=65869"},{"taxonomy":"product_tag","embeddable":true,"href":"https:\/\/www.looduspere.ee\/en\/wp-json\/wp\/v2\/product_tag?post=65869"}],"curies":[{"name":"wp","href":"https:\/\/api.w.org\/{rel}","templated":true}]}}