{"id":64534,"date":"2015-05-07T14:26:14","date_gmt":"2016-08-23T13:54:30","guid":{"rendered":"http:\/\/www.looduspere.ee\/en\/?post_type=product&#038;p=64534"},"modified":"2021-09-15T12:40:02","modified_gmt":"2021-09-15T09:40:02","slug":"pural-confetti-mix-chocolate-drops-100g","status":"publish","type":"product","link":"https:\/\/www.looduspere.ee\/en\/product\/pural-confetti-mix-chocolate-drops-100g\/","title":{"rendered":"Pural Confetti Mix Chocolate Drops 100g"},"content":{"rendered":"<p>Fair Trade organic chocolatete candies without artificial colourings.<\/p>\n<p><strong>Ingredients:<\/strong> Milk Chocolate (60%) (raw cane sugar*, <strong>whole milk<\/strong> powder* (11.88)%, cocoa butter* (11.1%), cocoa mass* (7.32%), whey* (2.94%), emulsifier sunflower lecithin); Cover: (cane sugar* (unrefined), rice starch*, corn syrup*, coloring fruit and plant extracts (safflower, apple*, algae), vegetable juice concentrates of black carrot* and beetroot*, thickener, glazing agent (carnauba and beeswax)). * &#8211; from organic farming.<\/p>\n<p><em>Contains <strong>milk<\/strong> and <strong>lactose<\/strong>.<br \/>\nMay contain <strong>traces of soy<\/strong> and <strong>various nuts<\/strong>.<\/em><\/p>\n<p><strong>Nutritional information per 100 g:<\/strong><br \/>\nEnergy: 2036 kJ \/ 485 kcal<br \/>\nFat: 19 g<br \/>\n&#8211; of which saturated fatty acids: 11 g<br \/>\nCarbohydrates: 73 g<br \/>\n&#8211; of which sugars: 71 g<br \/>\nProtein: 4.5 g<br \/>\nSalt: 0.05 g<\/p>\n<p>Unit price: 40.60 EUR\/kg<\/p>\n","protected":false},"excerpt":{"rendered":"<p>Fair Trade organic chocolatete candies without artificial colourings. Ingredients: Milk Chocolate (60%) (raw cane sugar*, whole milk powder* (11.88)%, cocoa butter* (11.1%), cocoa mass* (7.32%), whey* (2.94%), emulsifier sunflower lecithin); Cover: (cane sugar* (unrefined), rice starch*, corn syrup*, coloring fruit and plant extracts (safflower, apple*, algae), vegetable juice concentrates of black carrot* and beetroot*, thickener, glazing agent (carnauba and beeswax)).&hellip;<\/p>\n","protected":false},"featured_media":64531,"comment_status":"open","ping_status":"closed","template":"","meta":[],"product_cat":[1081,1663,1035,2106,1138],"product_tag":[],"class_list":{"0":"post-64534","1":"product","2":"type-product","3":"status-publish","4":"has-post-thumbnail","6":"product_cat-chocolate","7":"product_cat-fairtrade-en","8":"product_cat-organic-food","9":"product_cat-sweets-en","10":"product_cat-sweets","11":"product_shipping_class-1-en","12":"pa_brand-biona","14":"first","15":"outofstock","16":"purchasable","17":"product-type-simple","18":"col-xs-6 col-sm-4","19":"col-md-3 col-lg-3","20":"un-4-cols"},"yoast_head":"<!-- This site is optimized with the Yoast SEO plugin v27.3 - https:\/\/yoast.com\/product\/yoast-seo-wordpress\/ -->\n<title>Pural Confetti Mix Chocolate Drops 100g - Looduspere Organic Shop<\/title>\n<meta name=\"robots\" content=\"index, follow, max-snippet:-1, max-image-preview:large, max-video-preview:-1\" \/>\n<link rel=\"canonical\" href=\"https:\/\/www.looduspere.ee\/en\/product\/pural-confetti-mix-chocolate-drops-100g\/\" \/>\n<meta property=\"og:locale\" content=\"en_US\" \/>\n<meta property=\"og:type\" content=\"article\" \/>\n<meta property=\"og:title\" content=\"Pural Confetti Mix Chocolate Drops 100g - Looduspere Organic Shop\" \/>\n<meta property=\"og:description\" content=\"Fair Trade organic chocolatete candies without artificial colourings. Ingredients: Milk Chocolate (60%) (raw cane sugar*, whole milk powder* (11.88)%, cocoa butter* (11.1%), cocoa mass* (7.32%), whey* (2.94%), emulsifier sunflower lecithin); Cover: (cane sugar* (unrefined), rice starch*, corn syrup*, coloring fruit and plant extracts (safflower, apple*, algae), vegetable juice concentrates of black carrot* and beetroot*, thickener, glazing agent (carnauba and beeswax)).&hellip;\" \/>\n<meta property=\"og:url\" content=\"https:\/\/www.looduspere.ee\/en\/product\/pural-confetti-mix-chocolate-drops-100g\/\" \/>\n<meta property=\"og:site_name\" content=\"Looduspere Organic Shop\" \/>\n<meta property=\"article:publisher\" content=\"https:\/\/www.facebook.com\/loodusperepood\" \/>\n<meta property=\"article:modified_time\" content=\"2021-09-15T09:40:02+00:00\" \/>\n<meta property=\"og:image\" content=\"https:\/\/www.looduspere.ee\/wp-content\/uploads\/2015\/05\/pural-\u0161okolaadin\u00f6\u00f6bid.jpg\" \/>\n\t<meta property=\"og:image:width\" content=\"555\" \/>\n\t<meta property=\"og:image:height\" content=\"555\" \/>\n\t<meta property=\"og:image:type\" content=\"image\/jpeg\" \/>\n<meta name=\"twitter:card\" content=\"summary_large_image\" \/>\n<meta name=\"twitter:label1\" content=\"Est. reading time\" \/>\n\t<meta name=\"twitter:data1\" content=\"1 minute\" \/>\n<script type=\"application\/ld+json\" class=\"yoast-schema-graph\">{\"@context\":\"https:\\\/\\\/schema.org\",\"@graph\":[{\"@type\":\"WebPage\",\"@id\":\"https:\\\/\\\/www.looduspere.ee\\\/en\\\/product\\\/pural-confetti-mix-chocolate-drops-100g\\\/\",\"url\":\"https:\\\/\\\/www.looduspere.ee\\\/en\\\/product\\\/pural-confetti-mix-chocolate-drops-100g\\\/\",\"name\":\"Pural Confetti Mix Chocolate Drops 100g - Looduspere Organic Shop\",\"isPartOf\":{\"@id\":\"https:\\\/\\\/www.looduspere.ee\\\/#website\"},\"primaryImageOfPage\":{\"@id\":\"https:\\\/\\\/www.looduspere.ee\\\/en\\\/product\\\/pural-confetti-mix-chocolate-drops-100g\\\/#primaryimage\"},\"image\":{\"@id\":\"https:\\\/\\\/www.looduspere.ee\\\/en\\\/product\\\/pural-confetti-mix-chocolate-drops-100g\\\/#primaryimage\"},\"thumbnailUrl\":\"https:\\\/\\\/www.looduspere.ee\\\/wp-content\\\/uploads\\\/2015\\\/05\\\/pural-\u0161okolaadin\u00f6\u00f6bid.jpg\",\"datePublished\":\"2016-08-23T13:54:30+00:00\",\"dateModified\":\"2021-09-15T09:40:02+00:00\",\"breadcrumb\":{\"@id\":\"https:\\\/\\\/www.looduspere.ee\\\/en\\\/product\\\/pural-confetti-mix-chocolate-drops-100g\\\/#breadcrumb\"},\"inLanguage\":\"en-US\",\"potentialAction\":[{\"@type\":\"ReadAction\",\"target\":[\"https:\\\/\\\/www.looduspere.ee\\\/en\\\/product\\\/pural-confetti-mix-chocolate-drops-100g\\\/\"]}]},{\"@type\":\"ImageObject\",\"inLanguage\":\"en-US\",\"@id\":\"https:\\\/\\\/www.looduspere.ee\\\/en\\\/product\\\/pural-confetti-mix-chocolate-drops-100g\\\/#primaryimage\",\"url\":\"https:\\\/\\\/www.looduspere.ee\\\/wp-content\\\/uploads\\\/2015\\\/05\\\/pural-\u0161okolaadin\u00f6\u00f6bid.jpg\",\"contentUrl\":\"https:\\\/\\\/www.looduspere.ee\\\/wp-content\\\/uploads\\\/2015\\\/05\\\/pural-\u0161okolaadin\u00f6\u00f6bid.jpg\",\"width\":555,\"height\":555,\"caption\":\"Pural Confetti Mix Chocolate Drops 100g\"},{\"@type\":\"BreadcrumbList\",\"@id\":\"https:\\\/\\\/www.looduspere.ee\\\/en\\\/product\\\/pural-confetti-mix-chocolate-drops-100g\\\/#breadcrumb\",\"itemListElement\":[{\"@type\":\"ListItem\",\"position\":1,\"name\":\"Home\",\"item\":\"https:\\\/\\\/www.looduspere.ee\\\/en\\\/\"},{\"@type\":\"ListItem\",\"position\":2,\"name\":\"Shop\",\"item\":\"https:\\\/\\\/www.looduspere.ee\\\/en\\\/shop\\\/\"},{\"@type\":\"ListItem\",\"position\":3,\"name\":\"Pural Confetti Mix Chocolate Drops 100g\"}]},{\"@type\":\"WebSite\",\"@id\":\"https:\\\/\\\/www.looduspere.ee\\\/#website\",\"url\":\"https:\\\/\\\/www.looduspere.ee\\\/\",\"name\":\"Looduspere \u00f6kopood\",\"description\":\"Healthy organic and natural products\",\"publisher\":{\"@id\":\"https:\\\/\\\/www.looduspere.ee\\\/#organization\"},\"alternateName\":\"Looduspere\",\"potentialAction\":[{\"@type\":\"SearchAction\",\"target\":{\"@type\":\"EntryPoint\",\"urlTemplate\":\"https:\\\/\\\/www.looduspere.ee\\\/?s={search_term_string}\"},\"query-input\":{\"@type\":\"PropertyValueSpecification\",\"valueRequired\":true,\"valueName\":\"search_term_string\"}}],\"inLanguage\":\"en-US\"},{\"@type\":\"Organization\",\"@id\":\"https:\\\/\\\/www.looduspere.ee\\\/#organization\",\"name\":\"Looduspere \u00f6kopood\",\"url\":\"https:\\\/\\\/www.looduspere.ee\\\/\",\"logo\":{\"@type\":\"ImageObject\",\"inLanguage\":\"en-US\",\"@id\":\"https:\\\/\\\/www.looduspere.ee\\\/#\\\/schema\\\/logo\\\/image\\\/\",\"url\":\"https:\\\/\\\/www.looduspere.ee\\\/wp-content\\\/uploads\\\/2025\\\/01\\\/340768897_1025251132216623_8613010291235268142_n.jpg\",\"contentUrl\":\"https:\\\/\\\/www.looduspere.ee\\\/wp-content\\\/uploads\\\/2025\\\/01\\\/340768897_1025251132216623_8613010291235268142_n.jpg\",\"width\":1045,\"height\":1045,\"caption\":\"Looduspere \u00f6kopood\"},\"image\":{\"@id\":\"https:\\\/\\\/www.looduspere.ee\\\/#\\\/schema\\\/logo\\\/image\\\/\"},\"sameAs\":[\"https:\\\/\\\/www.facebook.com\\\/loodusperepood\",\"https:\\\/\\\/www.instagram.com\\\/looduspere\\\/\"]}]}<\/script>\n<!-- \/ Yoast SEO plugin. -->","yoast_head_json":{"title":"Pural Confetti Mix Chocolate Drops 100g - Looduspere Organic Shop","robots":{"index":"index","follow":"follow","max-snippet":"max-snippet:-1","max-image-preview":"max-image-preview:large","max-video-preview":"max-video-preview:-1"},"canonical":"https:\/\/www.looduspere.ee\/en\/product\/pural-confetti-mix-chocolate-drops-100g\/","og_locale":"en_US","og_type":"article","og_title":"Pural Confetti Mix Chocolate Drops 100g - Looduspere Organic Shop","og_description":"Fair Trade organic chocolatete candies without artificial colourings. Ingredients: Milk Chocolate (60%) (raw cane sugar*, whole milk powder* (11.88)%, cocoa butter* (11.1%), cocoa mass* (7.32%), whey* (2.94%), emulsifier sunflower lecithin); Cover: (cane sugar* (unrefined), rice starch*, corn syrup*, coloring fruit and plant extracts (safflower, apple*, algae), vegetable juice concentrates of black carrot* and beetroot*, thickener, glazing agent (carnauba and beeswax)).&hellip;","og_url":"https:\/\/www.looduspere.ee\/en\/product\/pural-confetti-mix-chocolate-drops-100g\/","og_site_name":"Looduspere Organic Shop","article_publisher":"https:\/\/www.facebook.com\/loodusperepood","article_modified_time":"2021-09-15T09:40:02+00:00","og_image":[{"width":555,"height":555,"url":"https:\/\/www.looduspere.ee\/wp-content\/uploads\/2015\/05\/pural-\u0161okolaadin\u00f6\u00f6bid.jpg","type":"image\/jpeg"}],"twitter_card":"summary_large_image","twitter_misc":{"Est. reading time":"1 minute"},"schema":{"@context":"https:\/\/schema.org","@graph":[{"@type":"WebPage","@id":"https:\/\/www.looduspere.ee\/en\/product\/pural-confetti-mix-chocolate-drops-100g\/","url":"https:\/\/www.looduspere.ee\/en\/product\/pural-confetti-mix-chocolate-drops-100g\/","name":"Pural Confetti Mix Chocolate Drops 100g - Looduspere Organic Shop","isPartOf":{"@id":"https:\/\/www.looduspere.ee\/#website"},"primaryImageOfPage":{"@id":"https:\/\/www.looduspere.ee\/en\/product\/pural-confetti-mix-chocolate-drops-100g\/#primaryimage"},"image":{"@id":"https:\/\/www.looduspere.ee\/en\/product\/pural-confetti-mix-chocolate-drops-100g\/#primaryimage"},"thumbnailUrl":"https:\/\/www.looduspere.ee\/wp-content\/uploads\/2015\/05\/pural-\u0161okolaadin\u00f6\u00f6bid.jpg","datePublished":"2016-08-23T13:54:30+00:00","dateModified":"2021-09-15T09:40:02+00:00","breadcrumb":{"@id":"https:\/\/www.looduspere.ee\/en\/product\/pural-confetti-mix-chocolate-drops-100g\/#breadcrumb"},"inLanguage":"en-US","potentialAction":[{"@type":"ReadAction","target":["https:\/\/www.looduspere.ee\/en\/product\/pural-confetti-mix-chocolate-drops-100g\/"]}]},{"@type":"ImageObject","inLanguage":"en-US","@id":"https:\/\/www.looduspere.ee\/en\/product\/pural-confetti-mix-chocolate-drops-100g\/#primaryimage","url":"https:\/\/www.looduspere.ee\/wp-content\/uploads\/2015\/05\/pural-\u0161okolaadin\u00f6\u00f6bid.jpg","contentUrl":"https:\/\/www.looduspere.ee\/wp-content\/uploads\/2015\/05\/pural-\u0161okolaadin\u00f6\u00f6bid.jpg","width":555,"height":555,"caption":"Pural Confetti Mix Chocolate Drops 100g"},{"@type":"BreadcrumbList","@id":"https:\/\/www.looduspere.ee\/en\/product\/pural-confetti-mix-chocolate-drops-100g\/#breadcrumb","itemListElement":[{"@type":"ListItem","position":1,"name":"Home","item":"https:\/\/www.looduspere.ee\/en\/"},{"@type":"ListItem","position":2,"name":"Shop","item":"https:\/\/www.looduspere.ee\/en\/shop\/"},{"@type":"ListItem","position":3,"name":"Pural Confetti Mix Chocolate Drops 100g"}]},{"@type":"WebSite","@id":"https:\/\/www.looduspere.ee\/#website","url":"https:\/\/www.looduspere.ee\/","name":"Looduspere \u00f6kopood","description":"Healthy organic and natural products","publisher":{"@id":"https:\/\/www.looduspere.ee\/#organization"},"alternateName":"Looduspere","potentialAction":[{"@type":"SearchAction","target":{"@type":"EntryPoint","urlTemplate":"https:\/\/www.looduspere.ee\/?s={search_term_string}"},"query-input":{"@type":"PropertyValueSpecification","valueRequired":true,"valueName":"search_term_string"}}],"inLanguage":"en-US"},{"@type":"Organization","@id":"https:\/\/www.looduspere.ee\/#organization","name":"Looduspere \u00f6kopood","url":"https:\/\/www.looduspere.ee\/","logo":{"@type":"ImageObject","inLanguage":"en-US","@id":"https:\/\/www.looduspere.ee\/#\/schema\/logo\/image\/","url":"https:\/\/www.looduspere.ee\/wp-content\/uploads\/2025\/01\/340768897_1025251132216623_8613010291235268142_n.jpg","contentUrl":"https:\/\/www.looduspere.ee\/wp-content\/uploads\/2025\/01\/340768897_1025251132216623_8613010291235268142_n.jpg","width":1045,"height":1045,"caption":"Looduspere \u00f6kopood"},"image":{"@id":"https:\/\/www.looduspere.ee\/#\/schema\/logo\/image\/"},"sameAs":["https:\/\/www.facebook.com\/loodusperepood","https:\/\/www.instagram.com\/looduspere\/"]}]}},"_links":{"self":[{"href":"https:\/\/www.looduspere.ee\/en\/wp-json\/wp\/v2\/product\/64534","targetHints":{"allow":["GET"]}}],"collection":[{"href":"https:\/\/www.looduspere.ee\/en\/wp-json\/wp\/v2\/product"}],"about":[{"href":"https:\/\/www.looduspere.ee\/en\/wp-json\/wp\/v2\/types\/product"}],"replies":[{"embeddable":true,"href":"https:\/\/www.looduspere.ee\/en\/wp-json\/wp\/v2\/comments?post=64534"}],"wp:featuredmedia":[{"embeddable":true,"href":"https:\/\/www.looduspere.ee\/en\/wp-json\/wp\/v2\/media\/64531"}],"wp:attachment":[{"href":"https:\/\/www.looduspere.ee\/en\/wp-json\/wp\/v2\/media?parent=64534"}],"wp:term":[{"taxonomy":"product_cat","embeddable":true,"href":"https:\/\/www.looduspere.ee\/en\/wp-json\/wp\/v2\/product_cat?post=64534"},{"taxonomy":"product_tag","embeddable":true,"href":"https:\/\/www.looduspere.ee\/en\/wp-json\/wp\/v2\/product_tag?post=64534"}],"curies":[{"name":"wp","href":"https:\/\/api.w.org\/{rel}","templated":true}]}}