{"id":64195,"date":"2015-03-06T15:22:21","date_gmt":"2016-08-16T12:21:26","guid":{"rendered":"http:\/\/www.looduspere.ee\/en\/?post_type=product&#038;p=64195"},"modified":"2019-06-13T04:48:17","modified_gmt":"2019-06-13T01:48:17","slug":"bohlsener-muhle-chocolate-biscuits-250g","status":"publish","type":"product","link":"https:\/\/www.looduspere.ee\/en\/product\/bohlsener-muhle-chocolate-biscuits-250g\/","title":{"rendered":"Bohlsener M\u00fchle Chocolate Biscuits 250g"},"content":{"rendered":"<p>Delicious organic heart shaped chocolate biscuits with chocolate chips.<\/p>\n<p><strong>Ingredients:<\/strong> <strong>Wheat<\/strong> flour type 1050*, raw cane sugar*, non-hydrogenated palm oil*, dark chocolate chips* 14% (cocoa mass*, raw cane sugar*, cocoa butter*, emulsifier: <strong>soy<\/strong> lecithin *), cocoa* 3%, rice syrup*, bourbon vanilla*, raising agents: sodium bicarbonate, sea salt. * \u2013 organic agriculture<br \/>\nAllergenic ingredients: <strong>gluten, soybeans<\/strong>.<br \/>\nMay contain <strong>traces of almonds, nuts, sesame, eggs, milk, celery<\/strong>.<\/p>\n<p><strong>Nutritional values per 100 g<\/strong><br \/>\nEnergy \u2013 1803 kJ \/ 431 kcal<br \/>\nFat \u2013 20,1 g<br \/>\nof which saturates \u2013 9,7 g<br \/>\nCarbohydrates \u2013 54,7 g<br \/>\nof which sugars \u2013 26 g<br \/>\nFibre \u2013 4 g<br \/>\nProtein \u2013 5,7 g<br \/>\nSalt \u2013 0,24 g<\/p>\n<p>Keep in a cool dry place.<\/p>\n<p>Unit price: 13.16 EUR\/kg<\/p>\n","protected":false},"excerpt":{"rendered":"<p>Delicious organic heart shaped chocolate biscuits with chocolate chips. Ingredients: Wheat flour type 1050*, raw cane sugar*, non-hydrogenated palm oil*, dark chocolate chips* 14% (cocoa mass*, raw cane sugar*, cocoa butter*, emulsifier: soy lecithin *), cocoa* 3%, rice syrup*, bourbon vanilla*, raising agents: sodium bicarbonate, sea salt. * \u2013 organic agriculture Allergenic ingredients: gluten, soybeans. May contain traces of almonds,&hellip;<\/p>\n","protected":false},"featured_media":64193,"comment_status":"open","ping_status":"closed","template":"","meta":[],"product_cat":[1071,1134,1035,1072],"product_tag":[],"class_list":{"0":"post-64195","1":"product","2":"type-product","3":"status-publish","4":"has-post-thumbnail","6":"product_cat-biscuits","7":"product_cat-biscuits-and-snacks-1","8":"product_cat-organic-food","9":"product_cat-sweet-snacks","11":"first","12":"outofstock","13":"shipping-taxable","14":"purchasable","15":"product-type-simple","16":"col-xs-6 col-sm-4","17":"col-md-3 col-lg-3","18":"un-4-cols"},"yoast_head":"<!-- This site is optimized with the Yoast SEO plugin v27.4 - https:\/\/yoast.com\/product\/yoast-seo-wordpress\/ -->\n<title>Bohlsener M\u00fchle Chocolate Biscuits 250g - Looduspere Organic Shop<\/title>\n<meta name=\"robots\" content=\"index, follow, max-snippet:-1, max-image-preview:large, max-video-preview:-1\" \/>\n<link rel=\"canonical\" href=\"https:\/\/www.looduspere.ee\/en\/product\/bohlsener-muhle-chocolate-biscuits-250g\/\" \/>\n<meta property=\"og:locale\" content=\"en_US\" \/>\n<meta property=\"og:type\" content=\"article\" \/>\n<meta property=\"og:title\" content=\"Bohlsener M\u00fchle Chocolate Biscuits 250g - Looduspere Organic Shop\" \/>\n<meta property=\"og:description\" content=\"Delicious organic heart shaped chocolate biscuits with chocolate chips. Ingredients: Wheat flour type 1050*, raw cane sugar*, non-hydrogenated palm oil*, dark chocolate chips* 14% (cocoa mass*, raw cane sugar*, cocoa butter*, emulsifier: soy lecithin *), cocoa* 3%, rice syrup*, bourbon vanilla*, raising agents: sodium bicarbonate, sea salt. * \u2013 organic agriculture Allergenic ingredients: gluten, soybeans. May contain traces of almonds,&hellip;\" \/>\n<meta property=\"og:url\" content=\"https:\/\/www.looduspere.ee\/en\/product\/bohlsener-muhle-chocolate-biscuits-250g\/\" \/>\n<meta property=\"og:site_name\" content=\"Looduspere Organic Shop\" \/>\n<meta property=\"article:publisher\" content=\"https:\/\/www.facebook.com\/loodusperepood\" \/>\n<meta property=\"article:modified_time\" content=\"2019-06-13T01:48:17+00:00\" \/>\n<meta property=\"og:image\" content=\"https:\/\/www.looduspere.ee\/wp-content\/uploads\/2015\/03\/Bohlsener-Muehle-\u0161okolaadik\u00fcpsised.jpg\" \/>\n\t<meta property=\"og:image:width\" content=\"800\" \/>\n\t<meta property=\"og:image:height\" content=\"800\" \/>\n\t<meta property=\"og:image:type\" content=\"image\/jpeg\" \/>\n<meta name=\"twitter:card\" content=\"summary_large_image\" \/>\n<script type=\"application\/ld+json\" class=\"yoast-schema-graph\">{\"@context\":\"https:\\\/\\\/schema.org\",\"@graph\":[{\"@type\":\"WebPage\",\"@id\":\"https:\\\/\\\/www.looduspere.ee\\\/en\\\/product\\\/bohlsener-muhle-chocolate-biscuits-250g\\\/\",\"url\":\"https:\\\/\\\/www.looduspere.ee\\\/en\\\/product\\\/bohlsener-muhle-chocolate-biscuits-250g\\\/\",\"name\":\"Bohlsener M\u00fchle Chocolate Biscuits 250g - Looduspere Organic Shop\",\"isPartOf\":{\"@id\":\"https:\\\/\\\/www.looduspere.ee\\\/#website\"},\"primaryImageOfPage\":{\"@id\":\"https:\\\/\\\/www.looduspere.ee\\\/en\\\/product\\\/bohlsener-muhle-chocolate-biscuits-250g\\\/#primaryimage\"},\"image\":{\"@id\":\"https:\\\/\\\/www.looduspere.ee\\\/en\\\/product\\\/bohlsener-muhle-chocolate-biscuits-250g\\\/#primaryimage\"},\"thumbnailUrl\":\"https:\\\/\\\/www.looduspere.ee\\\/wp-content\\\/uploads\\\/2015\\\/03\\\/Bohlsener-Muehle-\u0161okolaadik\u00fcpsised.jpg\",\"datePublished\":\"2016-08-16T12:21:26+00:00\",\"dateModified\":\"2019-06-13T01:48:17+00:00\",\"breadcrumb\":{\"@id\":\"https:\\\/\\\/www.looduspere.ee\\\/en\\\/product\\\/bohlsener-muhle-chocolate-biscuits-250g\\\/#breadcrumb\"},\"inLanguage\":\"en-US\",\"potentialAction\":[{\"@type\":\"ReadAction\",\"target\":[\"https:\\\/\\\/www.looduspere.ee\\\/en\\\/product\\\/bohlsener-muhle-chocolate-biscuits-250g\\\/\"]}]},{\"@type\":\"ImageObject\",\"inLanguage\":\"en-US\",\"@id\":\"https:\\\/\\\/www.looduspere.ee\\\/en\\\/product\\\/bohlsener-muhle-chocolate-biscuits-250g\\\/#primaryimage\",\"url\":\"https:\\\/\\\/www.looduspere.ee\\\/wp-content\\\/uploads\\\/2015\\\/03\\\/Bohlsener-Muehle-\u0161okolaadik\u00fcpsised.jpg\",\"contentUrl\":\"https:\\\/\\\/www.looduspere.ee\\\/wp-content\\\/uploads\\\/2015\\\/03\\\/Bohlsener-Muehle-\u0161okolaadik\u00fcpsised.jpg\",\"width\":800,\"height\":800,\"caption\":\"Bohlsener M\u00fchle Chocolate Biscuits 250g\"},{\"@type\":\"BreadcrumbList\",\"@id\":\"https:\\\/\\\/www.looduspere.ee\\\/en\\\/product\\\/bohlsener-muhle-chocolate-biscuits-250g\\\/#breadcrumb\",\"itemListElement\":[{\"@type\":\"ListItem\",\"position\":1,\"name\":\"Home\",\"item\":\"https:\\\/\\\/www.looduspere.ee\\\/en\\\/\"},{\"@type\":\"ListItem\",\"position\":2,\"name\":\"Shop\",\"item\":\"https:\\\/\\\/www.looduspere.ee\\\/en\\\/shop\\\/\"},{\"@type\":\"ListItem\",\"position\":3,\"name\":\"Bohlsener M\u00fchle Chocolate Biscuits 250g\"}]},{\"@type\":\"WebSite\",\"@id\":\"https:\\\/\\\/www.looduspere.ee\\\/#website\",\"url\":\"https:\\\/\\\/www.looduspere.ee\\\/\",\"name\":\"Looduspere \u00f6kopood\",\"description\":\"Healthy organic and natural products\",\"publisher\":{\"@id\":\"https:\\\/\\\/www.looduspere.ee\\\/#organization\"},\"alternateName\":\"Looduspere\",\"potentialAction\":[{\"@type\":\"SearchAction\",\"target\":{\"@type\":\"EntryPoint\",\"urlTemplate\":\"https:\\\/\\\/www.looduspere.ee\\\/?s={search_term_string}\"},\"query-input\":{\"@type\":\"PropertyValueSpecification\",\"valueRequired\":true,\"valueName\":\"search_term_string\"}}],\"inLanguage\":\"en-US\"},{\"@type\":\"Organization\",\"@id\":\"https:\\\/\\\/www.looduspere.ee\\\/#organization\",\"name\":\"Looduspere \u00f6kopood\",\"url\":\"https:\\\/\\\/www.looduspere.ee\\\/\",\"logo\":{\"@type\":\"ImageObject\",\"inLanguage\":\"en-US\",\"@id\":\"https:\\\/\\\/www.looduspere.ee\\\/#\\\/schema\\\/logo\\\/image\\\/\",\"url\":\"https:\\\/\\\/www.looduspere.ee\\\/wp-content\\\/uploads\\\/2025\\\/01\\\/340768897_1025251132216623_8613010291235268142_n.jpg\",\"contentUrl\":\"https:\\\/\\\/www.looduspere.ee\\\/wp-content\\\/uploads\\\/2025\\\/01\\\/340768897_1025251132216623_8613010291235268142_n.jpg\",\"width\":1045,\"height\":1045,\"caption\":\"Looduspere \u00f6kopood\"},\"image\":{\"@id\":\"https:\\\/\\\/www.looduspere.ee\\\/#\\\/schema\\\/logo\\\/image\\\/\"},\"sameAs\":[\"https:\\\/\\\/www.facebook.com\\\/loodusperepood\",\"https:\\\/\\\/www.instagram.com\\\/looduspere\\\/\"]}]}<\/script>\n<!-- \/ Yoast SEO plugin. -->","yoast_head_json":{"title":"Bohlsener M\u00fchle Chocolate Biscuits 250g - Looduspere Organic Shop","robots":{"index":"index","follow":"follow","max-snippet":"max-snippet:-1","max-image-preview":"max-image-preview:large","max-video-preview":"max-video-preview:-1"},"canonical":"https:\/\/www.looduspere.ee\/en\/product\/bohlsener-muhle-chocolate-biscuits-250g\/","og_locale":"en_US","og_type":"article","og_title":"Bohlsener M\u00fchle Chocolate Biscuits 250g - Looduspere Organic Shop","og_description":"Delicious organic heart shaped chocolate biscuits with chocolate chips. Ingredients: Wheat flour type 1050*, raw cane sugar*, non-hydrogenated palm oil*, dark chocolate chips* 14% (cocoa mass*, raw cane sugar*, cocoa butter*, emulsifier: soy lecithin *), cocoa* 3%, rice syrup*, bourbon vanilla*, raising agents: sodium bicarbonate, sea salt. * \u2013 organic agriculture Allergenic ingredients: gluten, soybeans. May contain traces of almonds,&hellip;","og_url":"https:\/\/www.looduspere.ee\/en\/product\/bohlsener-muhle-chocolate-biscuits-250g\/","og_site_name":"Looduspere Organic Shop","article_publisher":"https:\/\/www.facebook.com\/loodusperepood","article_modified_time":"2019-06-13T01:48:17+00:00","og_image":[{"width":800,"height":800,"url":"https:\/\/www.looduspere.ee\/wp-content\/uploads\/2015\/03\/Bohlsener-Muehle-\u0161okolaadik\u00fcpsised.jpg","type":"image\/jpeg"}],"twitter_card":"summary_large_image","schema":{"@context":"https:\/\/schema.org","@graph":[{"@type":"WebPage","@id":"https:\/\/www.looduspere.ee\/en\/product\/bohlsener-muhle-chocolate-biscuits-250g\/","url":"https:\/\/www.looduspere.ee\/en\/product\/bohlsener-muhle-chocolate-biscuits-250g\/","name":"Bohlsener M\u00fchle Chocolate Biscuits 250g - Looduspere Organic Shop","isPartOf":{"@id":"https:\/\/www.looduspere.ee\/#website"},"primaryImageOfPage":{"@id":"https:\/\/www.looduspere.ee\/en\/product\/bohlsener-muhle-chocolate-biscuits-250g\/#primaryimage"},"image":{"@id":"https:\/\/www.looduspere.ee\/en\/product\/bohlsener-muhle-chocolate-biscuits-250g\/#primaryimage"},"thumbnailUrl":"https:\/\/www.looduspere.ee\/wp-content\/uploads\/2015\/03\/Bohlsener-Muehle-\u0161okolaadik\u00fcpsised.jpg","datePublished":"2016-08-16T12:21:26+00:00","dateModified":"2019-06-13T01:48:17+00:00","breadcrumb":{"@id":"https:\/\/www.looduspere.ee\/en\/product\/bohlsener-muhle-chocolate-biscuits-250g\/#breadcrumb"},"inLanguage":"en-US","potentialAction":[{"@type":"ReadAction","target":["https:\/\/www.looduspere.ee\/en\/product\/bohlsener-muhle-chocolate-biscuits-250g\/"]}]},{"@type":"ImageObject","inLanguage":"en-US","@id":"https:\/\/www.looduspere.ee\/en\/product\/bohlsener-muhle-chocolate-biscuits-250g\/#primaryimage","url":"https:\/\/www.looduspere.ee\/wp-content\/uploads\/2015\/03\/Bohlsener-Muehle-\u0161okolaadik\u00fcpsised.jpg","contentUrl":"https:\/\/www.looduspere.ee\/wp-content\/uploads\/2015\/03\/Bohlsener-Muehle-\u0161okolaadik\u00fcpsised.jpg","width":800,"height":800,"caption":"Bohlsener M\u00fchle Chocolate Biscuits 250g"},{"@type":"BreadcrumbList","@id":"https:\/\/www.looduspere.ee\/en\/product\/bohlsener-muhle-chocolate-biscuits-250g\/#breadcrumb","itemListElement":[{"@type":"ListItem","position":1,"name":"Home","item":"https:\/\/www.looduspere.ee\/en\/"},{"@type":"ListItem","position":2,"name":"Shop","item":"https:\/\/www.looduspere.ee\/en\/shop\/"},{"@type":"ListItem","position":3,"name":"Bohlsener M\u00fchle Chocolate Biscuits 250g"}]},{"@type":"WebSite","@id":"https:\/\/www.looduspere.ee\/#website","url":"https:\/\/www.looduspere.ee\/","name":"Looduspere \u00f6kopood","description":"Healthy organic and natural products","publisher":{"@id":"https:\/\/www.looduspere.ee\/#organization"},"alternateName":"Looduspere","potentialAction":[{"@type":"SearchAction","target":{"@type":"EntryPoint","urlTemplate":"https:\/\/www.looduspere.ee\/?s={search_term_string}"},"query-input":{"@type":"PropertyValueSpecification","valueRequired":true,"valueName":"search_term_string"}}],"inLanguage":"en-US"},{"@type":"Organization","@id":"https:\/\/www.looduspere.ee\/#organization","name":"Looduspere \u00f6kopood","url":"https:\/\/www.looduspere.ee\/","logo":{"@type":"ImageObject","inLanguage":"en-US","@id":"https:\/\/www.looduspere.ee\/#\/schema\/logo\/image\/","url":"https:\/\/www.looduspere.ee\/wp-content\/uploads\/2025\/01\/340768897_1025251132216623_8613010291235268142_n.jpg","contentUrl":"https:\/\/www.looduspere.ee\/wp-content\/uploads\/2025\/01\/340768897_1025251132216623_8613010291235268142_n.jpg","width":1045,"height":1045,"caption":"Looduspere \u00f6kopood"},"image":{"@id":"https:\/\/www.looduspere.ee\/#\/schema\/logo\/image\/"},"sameAs":["https:\/\/www.facebook.com\/loodusperepood","https:\/\/www.instagram.com\/looduspere\/"]}]}},"_links":{"self":[{"href":"https:\/\/www.looduspere.ee\/en\/wp-json\/wp\/v2\/product\/64195","targetHints":{"allow":["GET"]}}],"collection":[{"href":"https:\/\/www.looduspere.ee\/en\/wp-json\/wp\/v2\/product"}],"about":[{"href":"https:\/\/www.looduspere.ee\/en\/wp-json\/wp\/v2\/types\/product"}],"replies":[{"embeddable":true,"href":"https:\/\/www.looduspere.ee\/en\/wp-json\/wp\/v2\/comments?post=64195"}],"wp:featuredmedia":[{"embeddable":true,"href":"https:\/\/www.looduspere.ee\/en\/wp-json\/wp\/v2\/media\/64193"}],"wp:attachment":[{"href":"https:\/\/www.looduspere.ee\/en\/wp-json\/wp\/v2\/media?parent=64195"}],"wp:term":[{"taxonomy":"product_cat","embeddable":true,"href":"https:\/\/www.looduspere.ee\/en\/wp-json\/wp\/v2\/product_cat?post=64195"},{"taxonomy":"product_tag","embeddable":true,"href":"https:\/\/www.looduspere.ee\/en\/wp-json\/wp\/v2\/product_tag?post=64195"}],"curies":[{"name":"wp","href":"https:\/\/api.w.org\/{rel}","templated":true}]}}