{"id":62718,"date":"2014-05-28T12:52:15","date_gmt":"2014-05-28T09:52:15","guid":{"rendered":"http:\/\/www.looduspere.ee\/en\/?post_type=product&#038;p=62718"},"modified":"2019-12-07T21:24:46","modified_gmt":"2019-12-07T19:24:46","slug":"savon-du-midi-shea-butter-soap-with-linden-100g","status":"publish","type":"product","link":"https:\/\/www.looduspere.ee\/en\/product\/savon-du-midi-shea-butter-soap-with-linden-100g\/","title":{"rendered":"Savon Du Midi Shea Butter Soap with Linden 100g"},"content":{"rendered":"<p>Mild, nourishing soap with organic shea butter. The soap is manufactured in Provence, France, and is made only with organically certifed essential oils.<\/p>\n<p>After saponification and in the final stage of the process, organic shea butter, as well as honey, essential oils or perfume are added, depending on the type of soap being produced. Its unique quality is created by the fine blending of these oils. None of the soaps contain animal fat. <\/p>\n<p>These soaps are made in small factories with the knowledge handed down from generation to generation, maintaining the tradition of soap production in Marseille. This craft is reflected in the quality of this mild and moisturising soap.<\/p>\n<p><strong>Ingredients (INCI):<\/strong> Sodium palmate, sodium cocoate, aqua, sodium olivate, glycerin, parfum, butyrosperum parkii, sodium chloride, rosmarinus officinalis, glycine soja, CI 77288 + 77492 + 77499 + 77891.<\/p>\n<p>Unit price: 30.50 EUR\/kg<\/p>\n","protected":false},"excerpt":{"rendered":"<p>Mild, nourishing soap with organic shea butter. The soap is manufactured in Provence, France, and is made only with organically certifed essential oils. After saponification and in the final stage of the process, organic shea butter, as well as honey, essential oils or perfume are added, depending on the type of soap being produced. Its unique quality is created by&hellip;<\/p>\n","protected":false},"featured_media":62726,"comment_status":"open","ping_status":"closed","template":"","meta":[],"product_cat":[942,889,934],"product_tag":[],"class_list":{"0":"post-62718","1":"product","2":"type-product","3":"status-publish","4":"has-post-thumbnail","6":"product_cat-herbal-soaps-with-shea-butter","7":"product_cat-natural-cosmetics","8":"product_cat-soaps","9":"product_shipping_class-1-en","10":"pa_brand-savon-du-midi-en-2","12":"first","13":"instock","14":"purchasable","15":"product-type-simple","16":"col-xs-6 col-sm-4","17":"col-md-3 col-lg-3","18":"un-4-cols"},"yoast_head":"<!-- This site is optimized with the Yoast SEO plugin v27.4 - https:\/\/yoast.com\/product\/yoast-seo-wordpress\/ -->\n<title>Savon Du Midi Shea Butter Soap with Linden 100g - Looduspere Organic Shop<\/title>\n<meta name=\"robots\" content=\"index, follow, max-snippet:-1, max-image-preview:large, max-video-preview:-1\" \/>\n<link rel=\"canonical\" href=\"https:\/\/www.looduspere.ee\/en\/product\/savon-du-midi-shea-butter-soap-with-linden-100g\/\" \/>\n<meta property=\"og:locale\" content=\"en_US\" \/>\n<meta property=\"og:type\" content=\"article\" \/>\n<meta property=\"og:title\" content=\"Savon Du Midi Shea Butter Soap with Linden 100g - Looduspere Organic Shop\" \/>\n<meta property=\"og:description\" content=\"Mild, nourishing soap with organic shea butter. The soap is manufactured in Provence, France, and is made only with organically certifed essential oils. After saponification and in the final stage of the process, organic shea butter, as well as honey, essential oils or perfume are added, depending on the type of soap being produced. Its unique quality is created by&hellip;\" \/>\n<meta property=\"og:url\" content=\"https:\/\/www.looduspere.ee\/en\/product\/savon-du-midi-shea-butter-soap-with-linden-100g\/\" \/>\n<meta property=\"og:site_name\" content=\"Looduspere Organic Shop\" \/>\n<meta property=\"article:publisher\" content=\"https:\/\/www.facebook.com\/loodusperepood\" \/>\n<meta property=\"article:modified_time\" content=\"2019-12-07T19:24:46+00:00\" \/>\n<meta property=\"og:image\" content=\"https:\/\/www.looduspere.ee\/wp-content\/uploads\/2014\/05\/Savon-du-Midi-p\u00e4rna\u00f5ieseep-\u0161eav\u00f5iga.jpg\" \/>\n\t<meta property=\"og:image:width\" content=\"250\" \/>\n\t<meta property=\"og:image:height\" content=\"250\" \/>\n\t<meta property=\"og:image:type\" content=\"image\/jpeg\" \/>\n<meta name=\"twitter:card\" content=\"summary_large_image\" \/>\n<meta name=\"twitter:label1\" content=\"Est. reading time\" \/>\n\t<meta name=\"twitter:data1\" content=\"1 minute\" \/>\n<script type=\"application\/ld+json\" class=\"yoast-schema-graph\">{\"@context\":\"https:\\\/\\\/schema.org\",\"@graph\":[{\"@type\":\"WebPage\",\"@id\":\"https:\\\/\\\/www.looduspere.ee\\\/en\\\/product\\\/savon-du-midi-shea-butter-soap-with-linden-100g\\\/\",\"url\":\"https:\\\/\\\/www.looduspere.ee\\\/en\\\/product\\\/savon-du-midi-shea-butter-soap-with-linden-100g\\\/\",\"name\":\"Savon Du Midi Shea Butter Soap with Linden 100g - Looduspere Organic Shop\",\"isPartOf\":{\"@id\":\"https:\\\/\\\/www.looduspere.ee\\\/#website\"},\"primaryImageOfPage\":{\"@id\":\"https:\\\/\\\/www.looduspere.ee\\\/en\\\/product\\\/savon-du-midi-shea-butter-soap-with-linden-100g\\\/#primaryimage\"},\"image\":{\"@id\":\"https:\\\/\\\/www.looduspere.ee\\\/en\\\/product\\\/savon-du-midi-shea-butter-soap-with-linden-100g\\\/#primaryimage\"},\"thumbnailUrl\":\"https:\\\/\\\/www.looduspere.ee\\\/wp-content\\\/uploads\\\/2014\\\/05\\\/Savon-du-Midi-p\u00e4rna\u00f5ieseep-\u0161eav\u00f5iga.jpg\",\"datePublished\":\"2014-05-28T09:52:15+00:00\",\"dateModified\":\"2019-12-07T19:24:46+00:00\",\"breadcrumb\":{\"@id\":\"https:\\\/\\\/www.looduspere.ee\\\/en\\\/product\\\/savon-du-midi-shea-butter-soap-with-linden-100g\\\/#breadcrumb\"},\"inLanguage\":\"en-US\",\"potentialAction\":[{\"@type\":\"ReadAction\",\"target\":[\"https:\\\/\\\/www.looduspere.ee\\\/en\\\/product\\\/savon-du-midi-shea-butter-soap-with-linden-100g\\\/\"]}]},{\"@type\":\"ImageObject\",\"inLanguage\":\"en-US\",\"@id\":\"https:\\\/\\\/www.looduspere.ee\\\/en\\\/product\\\/savon-du-midi-shea-butter-soap-with-linden-100g\\\/#primaryimage\",\"url\":\"https:\\\/\\\/www.looduspere.ee\\\/wp-content\\\/uploads\\\/2014\\\/05\\\/Savon-du-Midi-p\u00e4rna\u00f5ieseep-\u0161eav\u00f5iga.jpg\",\"contentUrl\":\"https:\\\/\\\/www.looduspere.ee\\\/wp-content\\\/uploads\\\/2014\\\/05\\\/Savon-du-Midi-p\u00e4rna\u00f5ieseep-\u0161eav\u00f5iga.jpg\",\"width\":250,\"height\":250,\"caption\":\"Savon Du Midi Shea Butter Soap with Linden\"},{\"@type\":\"BreadcrumbList\",\"@id\":\"https:\\\/\\\/www.looduspere.ee\\\/en\\\/product\\\/savon-du-midi-shea-butter-soap-with-linden-100g\\\/#breadcrumb\",\"itemListElement\":[{\"@type\":\"ListItem\",\"position\":1,\"name\":\"Home\",\"item\":\"https:\\\/\\\/www.looduspere.ee\\\/en\\\/\"},{\"@type\":\"ListItem\",\"position\":2,\"name\":\"Shop\",\"item\":\"https:\\\/\\\/www.looduspere.ee\\\/en\\\/shop\\\/\"},{\"@type\":\"ListItem\",\"position\":3,\"name\":\"Savon Du Midi Shea Butter Soap with Linden 100g\"}]},{\"@type\":\"WebSite\",\"@id\":\"https:\\\/\\\/www.looduspere.ee\\\/#website\",\"url\":\"https:\\\/\\\/www.looduspere.ee\\\/\",\"name\":\"Looduspere \u00f6kopood\",\"description\":\"Healthy organic and natural products\",\"publisher\":{\"@id\":\"https:\\\/\\\/www.looduspere.ee\\\/#organization\"},\"alternateName\":\"Looduspere\",\"potentialAction\":[{\"@type\":\"SearchAction\",\"target\":{\"@type\":\"EntryPoint\",\"urlTemplate\":\"https:\\\/\\\/www.looduspere.ee\\\/?s={search_term_string}\"},\"query-input\":{\"@type\":\"PropertyValueSpecification\",\"valueRequired\":true,\"valueName\":\"search_term_string\"}}],\"inLanguage\":\"en-US\"},{\"@type\":\"Organization\",\"@id\":\"https:\\\/\\\/www.looduspere.ee\\\/#organization\",\"name\":\"Looduspere \u00f6kopood\",\"url\":\"https:\\\/\\\/www.looduspere.ee\\\/\",\"logo\":{\"@type\":\"ImageObject\",\"inLanguage\":\"en-US\",\"@id\":\"https:\\\/\\\/www.looduspere.ee\\\/#\\\/schema\\\/logo\\\/image\\\/\",\"url\":\"https:\\\/\\\/www.looduspere.ee\\\/wp-content\\\/uploads\\\/2025\\\/01\\\/340768897_1025251132216623_8613010291235268142_n.jpg\",\"contentUrl\":\"https:\\\/\\\/www.looduspere.ee\\\/wp-content\\\/uploads\\\/2025\\\/01\\\/340768897_1025251132216623_8613010291235268142_n.jpg\",\"width\":1045,\"height\":1045,\"caption\":\"Looduspere \u00f6kopood\"},\"image\":{\"@id\":\"https:\\\/\\\/www.looduspere.ee\\\/#\\\/schema\\\/logo\\\/image\\\/\"},\"sameAs\":[\"https:\\\/\\\/www.facebook.com\\\/loodusperepood\",\"https:\\\/\\\/www.instagram.com\\\/looduspere\\\/\"]}]}<\/script>\n<!-- \/ Yoast SEO plugin. -->","yoast_head_json":{"title":"Savon Du Midi Shea Butter Soap with Linden 100g - Looduspere Organic Shop","robots":{"index":"index","follow":"follow","max-snippet":"max-snippet:-1","max-image-preview":"max-image-preview:large","max-video-preview":"max-video-preview:-1"},"canonical":"https:\/\/www.looduspere.ee\/en\/product\/savon-du-midi-shea-butter-soap-with-linden-100g\/","og_locale":"en_US","og_type":"article","og_title":"Savon Du Midi Shea Butter Soap with Linden 100g - Looduspere Organic Shop","og_description":"Mild, nourishing soap with organic shea butter. The soap is manufactured in Provence, France, and is made only with organically certifed essential oils. After saponification and in the final stage of the process, organic shea butter, as well as honey, essential oils or perfume are added, depending on the type of soap being produced. Its unique quality is created by&hellip;","og_url":"https:\/\/www.looduspere.ee\/en\/product\/savon-du-midi-shea-butter-soap-with-linden-100g\/","og_site_name":"Looduspere Organic Shop","article_publisher":"https:\/\/www.facebook.com\/loodusperepood","article_modified_time":"2019-12-07T19:24:46+00:00","og_image":[{"width":250,"height":250,"url":"https:\/\/www.looduspere.ee\/wp-content\/uploads\/2014\/05\/Savon-du-Midi-p\u00e4rna\u00f5ieseep-\u0161eav\u00f5iga.jpg","type":"image\/jpeg"}],"twitter_card":"summary_large_image","twitter_misc":{"Est. reading time":"1 minute"},"schema":{"@context":"https:\/\/schema.org","@graph":[{"@type":"WebPage","@id":"https:\/\/www.looduspere.ee\/en\/product\/savon-du-midi-shea-butter-soap-with-linden-100g\/","url":"https:\/\/www.looduspere.ee\/en\/product\/savon-du-midi-shea-butter-soap-with-linden-100g\/","name":"Savon Du Midi Shea Butter Soap with Linden 100g - Looduspere Organic Shop","isPartOf":{"@id":"https:\/\/www.looduspere.ee\/#website"},"primaryImageOfPage":{"@id":"https:\/\/www.looduspere.ee\/en\/product\/savon-du-midi-shea-butter-soap-with-linden-100g\/#primaryimage"},"image":{"@id":"https:\/\/www.looduspere.ee\/en\/product\/savon-du-midi-shea-butter-soap-with-linden-100g\/#primaryimage"},"thumbnailUrl":"https:\/\/www.looduspere.ee\/wp-content\/uploads\/2014\/05\/Savon-du-Midi-p\u00e4rna\u00f5ieseep-\u0161eav\u00f5iga.jpg","datePublished":"2014-05-28T09:52:15+00:00","dateModified":"2019-12-07T19:24:46+00:00","breadcrumb":{"@id":"https:\/\/www.looduspere.ee\/en\/product\/savon-du-midi-shea-butter-soap-with-linden-100g\/#breadcrumb"},"inLanguage":"en-US","potentialAction":[{"@type":"ReadAction","target":["https:\/\/www.looduspere.ee\/en\/product\/savon-du-midi-shea-butter-soap-with-linden-100g\/"]}]},{"@type":"ImageObject","inLanguage":"en-US","@id":"https:\/\/www.looduspere.ee\/en\/product\/savon-du-midi-shea-butter-soap-with-linden-100g\/#primaryimage","url":"https:\/\/www.looduspere.ee\/wp-content\/uploads\/2014\/05\/Savon-du-Midi-p\u00e4rna\u00f5ieseep-\u0161eav\u00f5iga.jpg","contentUrl":"https:\/\/www.looduspere.ee\/wp-content\/uploads\/2014\/05\/Savon-du-Midi-p\u00e4rna\u00f5ieseep-\u0161eav\u00f5iga.jpg","width":250,"height":250,"caption":"Savon Du Midi Shea Butter Soap with Linden"},{"@type":"BreadcrumbList","@id":"https:\/\/www.looduspere.ee\/en\/product\/savon-du-midi-shea-butter-soap-with-linden-100g\/#breadcrumb","itemListElement":[{"@type":"ListItem","position":1,"name":"Home","item":"https:\/\/www.looduspere.ee\/en\/"},{"@type":"ListItem","position":2,"name":"Shop","item":"https:\/\/www.looduspere.ee\/en\/shop\/"},{"@type":"ListItem","position":3,"name":"Savon Du Midi Shea Butter Soap with Linden 100g"}]},{"@type":"WebSite","@id":"https:\/\/www.looduspere.ee\/#website","url":"https:\/\/www.looduspere.ee\/","name":"Looduspere \u00f6kopood","description":"Healthy organic and natural products","publisher":{"@id":"https:\/\/www.looduspere.ee\/#organization"},"alternateName":"Looduspere","potentialAction":[{"@type":"SearchAction","target":{"@type":"EntryPoint","urlTemplate":"https:\/\/www.looduspere.ee\/?s={search_term_string}"},"query-input":{"@type":"PropertyValueSpecification","valueRequired":true,"valueName":"search_term_string"}}],"inLanguage":"en-US"},{"@type":"Organization","@id":"https:\/\/www.looduspere.ee\/#organization","name":"Looduspere \u00f6kopood","url":"https:\/\/www.looduspere.ee\/","logo":{"@type":"ImageObject","inLanguage":"en-US","@id":"https:\/\/www.looduspere.ee\/#\/schema\/logo\/image\/","url":"https:\/\/www.looduspere.ee\/wp-content\/uploads\/2025\/01\/340768897_1025251132216623_8613010291235268142_n.jpg","contentUrl":"https:\/\/www.looduspere.ee\/wp-content\/uploads\/2025\/01\/340768897_1025251132216623_8613010291235268142_n.jpg","width":1045,"height":1045,"caption":"Looduspere \u00f6kopood"},"image":{"@id":"https:\/\/www.looduspere.ee\/#\/schema\/logo\/image\/"},"sameAs":["https:\/\/www.facebook.com\/loodusperepood","https:\/\/www.instagram.com\/looduspere\/"]}]}},"_links":{"self":[{"href":"https:\/\/www.looduspere.ee\/en\/wp-json\/wp\/v2\/product\/62718","targetHints":{"allow":["GET"]}}],"collection":[{"href":"https:\/\/www.looduspere.ee\/en\/wp-json\/wp\/v2\/product"}],"about":[{"href":"https:\/\/www.looduspere.ee\/en\/wp-json\/wp\/v2\/types\/product"}],"replies":[{"embeddable":true,"href":"https:\/\/www.looduspere.ee\/en\/wp-json\/wp\/v2\/comments?post=62718"}],"wp:featuredmedia":[{"embeddable":true,"href":"https:\/\/www.looduspere.ee\/en\/wp-json\/wp\/v2\/media\/62726"}],"wp:attachment":[{"href":"https:\/\/www.looduspere.ee\/en\/wp-json\/wp\/v2\/media?parent=62718"}],"wp:term":[{"taxonomy":"product_cat","embeddable":true,"href":"https:\/\/www.looduspere.ee\/en\/wp-json\/wp\/v2\/product_cat?post=62718"},{"taxonomy":"product_tag","embeddable":true,"href":"https:\/\/www.looduspere.ee\/en\/wp-json\/wp\/v2\/product_tag?post=62718"}],"curies":[{"name":"wp","href":"https:\/\/api.w.org\/{rel}","templated":true}]}}