{"id":61075,"date":"2014-06-28T12:55:13","date_gmt":"2016-05-27T07:40:25","guid":{"rendered":"http:\/\/www.looduspere.ee\/en\/?post_type=product&#038;p=61075"},"modified":"2019-10-24T14:42:58","modified_gmt":"2019-10-24T11:42:58","slug":"3-chenes-anxiety-reliever-spray-vagaline-25ml","status":"publish","type":"product","link":"https:\/\/www.looduspere.ee\/en\/product\/3-chenes-anxiety-reliever-spray-vagaline-25ml\/","title":{"rendered":"3 CH\u00caNES Anxiety Reliever Spray Vagaline\u00ae 25ml"},"content":{"rendered":"<p>Vagaline\u00ae is an innovative, fast-acting oral spray with Bach blossom, peppermint essence oil and plant extracts.<\/p>\n<p>Directions for use:<br \/>\nIn Sickness: 5 puffs at the beginning of the complaints, if necessary repeat.<br \/>\nWhen traveling: 5 puffs half an hour before departure, and while in motion. Repeat if necessary.<\/p>\n<p>Ingredients: water, ginger extract (36,513%); Glycerol; Sage extract (4.244%); Lemon balm extract (4.244%), liquid ginger extract (3.000%), dry ginger extract (0.800%), preservative: potassium sorbate and sodium benzoate; Bach Flower Aspen (Populus tremula) (0.100%), Walnut Bach Flower (Juglans regia) (0.100%), Bach Flower Elm (Ulmus procera) (0.100%), peppermint essence oil (0.100%); Sweetener stevia extract titrated to 97% rebaudioside.<\/p>\n<p>Allergens: Egg-free, Fish-free, Gluten-free, Yeast-free, Lactose-free, Nut-free, Soy free, Wheat-free<br \/>\nProduct Features: Vegan, Vegetarian, Suitable for children<\/p>\n<p>&nbsp;<\/p>\n<p>Unit price: 399.20 EUR\/kg<\/p>\n<p>&nbsp;<\/p>\n","protected":false},"excerpt":{"rendered":"<p>Vagaline\u00ae is an innovative, fast-acting oral spray with Bach blossom, peppermint essence oil and plant extracts. Directions for use: In Sickness: 5 puffs at the beginning of the complaints, if necessary repeat. When traveling: 5 puffs half an hour before departure, and while in motion. Repeat if necessary. Ingredients: water, ginger extract (36,513%); Glycerol; Sage extract (4.244%); Lemon balm extract&hellip;<\/p>\n","protected":false},"featured_media":75809,"comment_status":"open","ping_status":"closed","template":"","meta":[],"product_cat":[876,892],"product_tag":[],"class_list":{"0":"post-61075","1":"product","2":"type-product","3":"status-publish","4":"has-post-thumbnail","6":"product_cat-healthcare","7":"product_cat-stress-and-anxiety","8":"product_shipping_class-1-en","10":"first","11":"instock","12":"purchasable","13":"product-type-simple","14":"col-xs-6 col-sm-4","15":"col-md-3 col-lg-3","16":"un-4-cols"},"yoast_head":"<!-- This site is optimized with the Yoast SEO plugin v27.5 - https:\/\/yoast.com\/product\/yoast-seo-wordpress\/ -->\n<title>3 CH\u00caNES Anxiety Reliever Spray Vagaline\u00ae 25ml - Looduspere Organic Shop<\/title>\n<meta name=\"robots\" content=\"index, follow, max-snippet:-1, max-image-preview:large, max-video-preview:-1\" \/>\n<link rel=\"canonical\" href=\"https:\/\/www.looduspere.ee\/en\/product\/3-chenes-anxiety-reliever-spray-vagaline-25ml\/\" \/>\n<meta property=\"og:locale\" content=\"en_US\" \/>\n<meta property=\"og:type\" content=\"article\" \/>\n<meta property=\"og:title\" content=\"3 CH\u00caNES Anxiety Reliever Spray Vagaline\u00ae 25ml - Looduspere Organic Shop\" \/>\n<meta property=\"og:description\" content=\"Vagaline\u00ae is an innovative, fast-acting oral spray with Bach blossom, peppermint essence oil and plant extracts. Directions for use: In Sickness: 5 puffs at the beginning of the complaints, if necessary repeat. When traveling: 5 puffs half an hour before departure, and while in motion. Repeat if necessary. Ingredients: water, ginger extract (36,513%); Glycerol; Sage extract (4.244%); Lemon balm extract&hellip;\" \/>\n<meta property=\"og:url\" content=\"https:\/\/www.looduspere.ee\/en\/product\/3-chenes-anxiety-reliever-spray-vagaline-25ml\/\" \/>\n<meta property=\"og:site_name\" content=\"Looduspere Organic Shop\" \/>\n<meta property=\"article:publisher\" content=\"https:\/\/www.facebook.com\/loodusperepood\" \/>\n<meta property=\"article:modified_time\" content=\"2019-10-24T11:42:58+00:00\" \/>\n<meta property=\"og:image\" content=\"https:\/\/www.looduspere.ee\/wp-content\/uploads\/2014\/06\/3-CH\u00caNES-stressi-ja-\u00e4revuse-leevendaja-Vagaline.jpg\" \/>\n\t<meta property=\"og:image:width\" content=\"450\" \/>\n\t<meta property=\"og:image:height\" content=\"450\" \/>\n\t<meta property=\"og:image:type\" content=\"image\/jpeg\" \/>\n<meta name=\"twitter:card\" content=\"summary_large_image\" \/>\n<meta name=\"twitter:label1\" content=\"Est. reading time\" \/>\n\t<meta name=\"twitter:data1\" content=\"1 minute\" \/>\n<script type=\"application\/ld+json\" class=\"yoast-schema-graph\">{\"@context\":\"https:\\\/\\\/schema.org\",\"@graph\":[{\"@type\":\"WebPage\",\"@id\":\"https:\\\/\\\/www.looduspere.ee\\\/en\\\/product\\\/3-chenes-anxiety-reliever-spray-vagaline-25ml\\\/\",\"url\":\"https:\\\/\\\/www.looduspere.ee\\\/en\\\/product\\\/3-chenes-anxiety-reliever-spray-vagaline-25ml\\\/\",\"name\":\"3 CH\u00caNES Anxiety Reliever Spray Vagaline\u00ae 25ml - Looduspere Organic Shop\",\"isPartOf\":{\"@id\":\"https:\\\/\\\/www.looduspere.ee\\\/#website\"},\"primaryImageOfPage\":{\"@id\":\"https:\\\/\\\/www.looduspere.ee\\\/en\\\/product\\\/3-chenes-anxiety-reliever-spray-vagaline-25ml\\\/#primaryimage\"},\"image\":{\"@id\":\"https:\\\/\\\/www.looduspere.ee\\\/en\\\/product\\\/3-chenes-anxiety-reliever-spray-vagaline-25ml\\\/#primaryimage\"},\"thumbnailUrl\":\"https:\\\/\\\/www.looduspere.ee\\\/wp-content\\\/uploads\\\/2014\\\/06\\\/3-CH\u00caNES-stressi-ja-\u00e4revuse-leevendaja-Vagaline.jpg\",\"datePublished\":\"2016-05-27T07:40:25+00:00\",\"dateModified\":\"2019-10-24T11:42:58+00:00\",\"breadcrumb\":{\"@id\":\"https:\\\/\\\/www.looduspere.ee\\\/en\\\/product\\\/3-chenes-anxiety-reliever-spray-vagaline-25ml\\\/#breadcrumb\"},\"inLanguage\":\"en-US\",\"potentialAction\":[{\"@type\":\"ReadAction\",\"target\":[\"https:\\\/\\\/www.looduspere.ee\\\/en\\\/product\\\/3-chenes-anxiety-reliever-spray-vagaline-25ml\\\/\"]}]},{\"@type\":\"ImageObject\",\"inLanguage\":\"en-US\",\"@id\":\"https:\\\/\\\/www.looduspere.ee\\\/en\\\/product\\\/3-chenes-anxiety-reliever-spray-vagaline-25ml\\\/#primaryimage\",\"url\":\"https:\\\/\\\/www.looduspere.ee\\\/wp-content\\\/uploads\\\/2014\\\/06\\\/3-CH\u00caNES-stressi-ja-\u00e4revuse-leevendaja-Vagaline.jpg\",\"contentUrl\":\"https:\\\/\\\/www.looduspere.ee\\\/wp-content\\\/uploads\\\/2014\\\/06\\\/3-CH\u00caNES-stressi-ja-\u00e4revuse-leevendaja-Vagaline.jpg\",\"width\":450,\"height\":450,\"caption\":\"3 CH\u00caNES Anxiety Reliever Spray Vagaline\u00ae 25ml\"},{\"@type\":\"BreadcrumbList\",\"@id\":\"https:\\\/\\\/www.looduspere.ee\\\/en\\\/product\\\/3-chenes-anxiety-reliever-spray-vagaline-25ml\\\/#breadcrumb\",\"itemListElement\":[{\"@type\":\"ListItem\",\"position\":1,\"name\":\"Home\",\"item\":\"https:\\\/\\\/www.looduspere.ee\\\/en\\\/\"},{\"@type\":\"ListItem\",\"position\":2,\"name\":\"Shop\",\"item\":\"https:\\\/\\\/www.looduspere.ee\\\/en\\\/shop\\\/\"},{\"@type\":\"ListItem\",\"position\":3,\"name\":\"3 CH\u00caNES Anxiety Reliever Spray Vagaline\u00ae 25ml\"}]},{\"@type\":\"WebSite\",\"@id\":\"https:\\\/\\\/www.looduspere.ee\\\/#website\",\"url\":\"https:\\\/\\\/www.looduspere.ee\\\/\",\"name\":\"Looduspere \u00f6kopood\",\"description\":\"Healthy organic and natural products\",\"publisher\":{\"@id\":\"https:\\\/\\\/www.looduspere.ee\\\/#organization\"},\"alternateName\":\"Looduspere\",\"potentialAction\":[{\"@type\":\"SearchAction\",\"target\":{\"@type\":\"EntryPoint\",\"urlTemplate\":\"https:\\\/\\\/www.looduspere.ee\\\/?s={search_term_string}\"},\"query-input\":{\"@type\":\"PropertyValueSpecification\",\"valueRequired\":true,\"valueName\":\"search_term_string\"}}],\"inLanguage\":\"en-US\"},{\"@type\":\"Organization\",\"@id\":\"https:\\\/\\\/www.looduspere.ee\\\/#organization\",\"name\":\"Looduspere \u00f6kopood\",\"url\":\"https:\\\/\\\/www.looduspere.ee\\\/\",\"logo\":{\"@type\":\"ImageObject\",\"inLanguage\":\"en-US\",\"@id\":\"https:\\\/\\\/www.looduspere.ee\\\/#\\\/schema\\\/logo\\\/image\\\/\",\"url\":\"https:\\\/\\\/www.looduspere.ee\\\/wp-content\\\/uploads\\\/2025\\\/01\\\/340768897_1025251132216623_8613010291235268142_n.jpg\",\"contentUrl\":\"https:\\\/\\\/www.looduspere.ee\\\/wp-content\\\/uploads\\\/2025\\\/01\\\/340768897_1025251132216623_8613010291235268142_n.jpg\",\"width\":1045,\"height\":1045,\"caption\":\"Looduspere \u00f6kopood\"},\"image\":{\"@id\":\"https:\\\/\\\/www.looduspere.ee\\\/#\\\/schema\\\/logo\\\/image\\\/\"},\"sameAs\":[\"https:\\\/\\\/www.facebook.com\\\/loodusperepood\",\"https:\\\/\\\/www.instagram.com\\\/looduspere\\\/\"]}]}<\/script>\n<!-- \/ Yoast SEO plugin. -->","yoast_head_json":{"title":"3 CH\u00caNES Anxiety Reliever Spray Vagaline\u00ae 25ml - Looduspere Organic Shop","robots":{"index":"index","follow":"follow","max-snippet":"max-snippet:-1","max-image-preview":"max-image-preview:large","max-video-preview":"max-video-preview:-1"},"canonical":"https:\/\/www.looduspere.ee\/en\/product\/3-chenes-anxiety-reliever-spray-vagaline-25ml\/","og_locale":"en_US","og_type":"article","og_title":"3 CH\u00caNES Anxiety Reliever Spray Vagaline\u00ae 25ml - Looduspere Organic Shop","og_description":"Vagaline\u00ae is an innovative, fast-acting oral spray with Bach blossom, peppermint essence oil and plant extracts. Directions for use: In Sickness: 5 puffs at the beginning of the complaints, if necessary repeat. When traveling: 5 puffs half an hour before departure, and while in motion. Repeat if necessary. Ingredients: water, ginger extract (36,513%); Glycerol; Sage extract (4.244%); Lemon balm extract&hellip;","og_url":"https:\/\/www.looduspere.ee\/en\/product\/3-chenes-anxiety-reliever-spray-vagaline-25ml\/","og_site_name":"Looduspere Organic Shop","article_publisher":"https:\/\/www.facebook.com\/loodusperepood","article_modified_time":"2019-10-24T11:42:58+00:00","og_image":[{"width":450,"height":450,"url":"https:\/\/www.looduspere.ee\/wp-content\/uploads\/2014\/06\/3-CH\u00caNES-stressi-ja-\u00e4revuse-leevendaja-Vagaline.jpg","type":"image\/jpeg"}],"twitter_card":"summary_large_image","twitter_misc":{"Est. reading time":"1 minute"},"schema":{"@context":"https:\/\/schema.org","@graph":[{"@type":"WebPage","@id":"https:\/\/www.looduspere.ee\/en\/product\/3-chenes-anxiety-reliever-spray-vagaline-25ml\/","url":"https:\/\/www.looduspere.ee\/en\/product\/3-chenes-anxiety-reliever-spray-vagaline-25ml\/","name":"3 CH\u00caNES Anxiety Reliever Spray Vagaline\u00ae 25ml - Looduspere Organic Shop","isPartOf":{"@id":"https:\/\/www.looduspere.ee\/#website"},"primaryImageOfPage":{"@id":"https:\/\/www.looduspere.ee\/en\/product\/3-chenes-anxiety-reliever-spray-vagaline-25ml\/#primaryimage"},"image":{"@id":"https:\/\/www.looduspere.ee\/en\/product\/3-chenes-anxiety-reliever-spray-vagaline-25ml\/#primaryimage"},"thumbnailUrl":"https:\/\/www.looduspere.ee\/wp-content\/uploads\/2014\/06\/3-CH\u00caNES-stressi-ja-\u00e4revuse-leevendaja-Vagaline.jpg","datePublished":"2016-05-27T07:40:25+00:00","dateModified":"2019-10-24T11:42:58+00:00","breadcrumb":{"@id":"https:\/\/www.looduspere.ee\/en\/product\/3-chenes-anxiety-reliever-spray-vagaline-25ml\/#breadcrumb"},"inLanguage":"en-US","potentialAction":[{"@type":"ReadAction","target":["https:\/\/www.looduspere.ee\/en\/product\/3-chenes-anxiety-reliever-spray-vagaline-25ml\/"]}]},{"@type":"ImageObject","inLanguage":"en-US","@id":"https:\/\/www.looduspere.ee\/en\/product\/3-chenes-anxiety-reliever-spray-vagaline-25ml\/#primaryimage","url":"https:\/\/www.looduspere.ee\/wp-content\/uploads\/2014\/06\/3-CH\u00caNES-stressi-ja-\u00e4revuse-leevendaja-Vagaline.jpg","contentUrl":"https:\/\/www.looduspere.ee\/wp-content\/uploads\/2014\/06\/3-CH\u00caNES-stressi-ja-\u00e4revuse-leevendaja-Vagaline.jpg","width":450,"height":450,"caption":"3 CH\u00caNES Anxiety Reliever Spray Vagaline\u00ae 25ml"},{"@type":"BreadcrumbList","@id":"https:\/\/www.looduspere.ee\/en\/product\/3-chenes-anxiety-reliever-spray-vagaline-25ml\/#breadcrumb","itemListElement":[{"@type":"ListItem","position":1,"name":"Home","item":"https:\/\/www.looduspere.ee\/en\/"},{"@type":"ListItem","position":2,"name":"Shop","item":"https:\/\/www.looduspere.ee\/en\/shop\/"},{"@type":"ListItem","position":3,"name":"3 CH\u00caNES Anxiety Reliever Spray Vagaline\u00ae 25ml"}]},{"@type":"WebSite","@id":"https:\/\/www.looduspere.ee\/#website","url":"https:\/\/www.looduspere.ee\/","name":"Looduspere \u00f6kopood","description":"Healthy organic and natural products","publisher":{"@id":"https:\/\/www.looduspere.ee\/#organization"},"alternateName":"Looduspere","potentialAction":[{"@type":"SearchAction","target":{"@type":"EntryPoint","urlTemplate":"https:\/\/www.looduspere.ee\/?s={search_term_string}"},"query-input":{"@type":"PropertyValueSpecification","valueRequired":true,"valueName":"search_term_string"}}],"inLanguage":"en-US"},{"@type":"Organization","@id":"https:\/\/www.looduspere.ee\/#organization","name":"Looduspere \u00f6kopood","url":"https:\/\/www.looduspere.ee\/","logo":{"@type":"ImageObject","inLanguage":"en-US","@id":"https:\/\/www.looduspere.ee\/#\/schema\/logo\/image\/","url":"https:\/\/www.looduspere.ee\/wp-content\/uploads\/2025\/01\/340768897_1025251132216623_8613010291235268142_n.jpg","contentUrl":"https:\/\/www.looduspere.ee\/wp-content\/uploads\/2025\/01\/340768897_1025251132216623_8613010291235268142_n.jpg","width":1045,"height":1045,"caption":"Looduspere \u00f6kopood"},"image":{"@id":"https:\/\/www.looduspere.ee\/#\/schema\/logo\/image\/"},"sameAs":["https:\/\/www.facebook.com\/loodusperepood","https:\/\/www.instagram.com\/looduspere\/"]}]}},"_links":{"self":[{"href":"https:\/\/www.looduspere.ee\/en\/wp-json\/wp\/v2\/product\/61075","targetHints":{"allow":["GET"]}}],"collection":[{"href":"https:\/\/www.looduspere.ee\/en\/wp-json\/wp\/v2\/product"}],"about":[{"href":"https:\/\/www.looduspere.ee\/en\/wp-json\/wp\/v2\/types\/product"}],"replies":[{"embeddable":true,"href":"https:\/\/www.looduspere.ee\/en\/wp-json\/wp\/v2\/comments?post=61075"}],"wp:featuredmedia":[{"embeddable":true,"href":"https:\/\/www.looduspere.ee\/en\/wp-json\/wp\/v2\/media\/75809"}],"wp:attachment":[{"href":"https:\/\/www.looduspere.ee\/en\/wp-json\/wp\/v2\/media?parent=61075"}],"wp:term":[{"taxonomy":"product_cat","embeddable":true,"href":"https:\/\/www.looduspere.ee\/en\/wp-json\/wp\/v2\/product_cat?post=61075"},{"taxonomy":"product_tag","embeddable":true,"href":"https:\/\/www.looduspere.ee\/en\/wp-json\/wp\/v2\/product_tag?post=61075"}],"curies":[{"name":"wp","href":"https:\/\/api.w.org\/{rel}","templated":true}]}}