{"id":60569,"date":"2014-05-28T12:20:04","date_gmt":"2016-05-19T13:05:37","guid":{"rendered":"http:\/\/www.looduspere.ee\/en\/?post_type=product&#038;p=60569"},"modified":"2026-05-06T05:53:18","modified_gmt":"2026-05-06T02:53:18","slug":"byodo-cider-vinegar-500ml","status":"publish","type":"product","link":"https:\/\/www.looduspere.ee\/en\/product\/byodo-cider-vinegar-500ml\/","title":{"rendered":"Byodo Apple Cider Vinegar 500ml"},"content":{"rendered":"<p>A shot of Organic Apple Cider Vinegar\u00a0instantly turns a glass of water into a tasty and healthy beverage. Only home-grown apple types are used for producing our\u00a0naturally-clouded cider vinegar. It tastes deliciously fruity with all salads, in Chutneys and for the preservation of different sorts of meat and vegetables.<\/p>\n<p>Straight after production the Apple Cider Vinegar\u00a0is not filtered, but immediately filled in bottles. Cloudiness or deposits on the bottom of the bottle do not indicate a loss of quality but reflect the natural production procedure.<\/p>\n<p><strong>Ingredients:<\/strong> unfiltered apple vinegar*. * = organically grown<\/p>\n<p><strong>Information on production<\/strong><br \/>\nByodo organic vinegars are basically made from alcohol. For this purpose the alcohol is filled into big fermentation tanks, where it is slowly fermented to alcohol by means of vinegar bacteria and oxygenation. This procedure takes place at pleasant temperatures around 25 \u00b0C. Experts call this a continuous process. Byodo vinegars are not heated in order to retain valuable enzymes and flavouring agents. The raw materials are 100 % organically grown.<\/p>\n<p>Unit price: 10.98 EUR\/l<\/p>\n","protected":false},"excerpt":{"rendered":"<p>A shot of Organic Apple Cider Vinegar\u00a0instantly turns a glass of water into a tasty and healthy beverage. Only home-grown apple types are used for producing our\u00a0naturally-clouded cider vinegar. It tastes deliciously fruity with all salads, in Chutneys and for the preservation of different sorts of meat and vegetables. Straight after production the Apple Cider Vinegar\u00a0is not filtered, but immediately&hellip;<\/p>\n","protected":false},"featured_media":60567,"comment_status":"open","ping_status":"closed","template":"","meta":[],"product_cat":[903,902,889,1083,1035],"product_tag":[],"class_list":{"0":"post-60569","1":"product","2":"type-product","3":"status-publish","4":"has-post-thumbnail","6":"product_cat-anti-dandruff-products","7":"product_cat-hair-care","8":"product_cat-natural-cosmetics","9":"product_cat-oils-vinegars","10":"product_cat-organic-food","11":"product_shipping_class-1-en","13":"first","14":"instock","15":"purchasable","16":"product-type-simple","17":"col-xs-6 col-sm-4","18":"col-md-3 col-lg-3","19":"un-4-cols"},"yoast_head":"<!-- This site is optimized with the Yoast SEO plugin v27.5 - https:\/\/yoast.com\/product\/yoast-seo-wordpress\/ -->\n<title>Byodo Apple Cider Vinegar 500ml - Looduspere Organic Shop<\/title>\n<meta name=\"robots\" content=\"index, follow, max-snippet:-1, max-image-preview:large, max-video-preview:-1\" \/>\n<link rel=\"canonical\" href=\"https:\/\/www.looduspere.ee\/en\/product\/byodo-cider-vinegar-500ml\/\" \/>\n<meta property=\"og:locale\" content=\"en_US\" \/>\n<meta property=\"og:type\" content=\"article\" \/>\n<meta property=\"og:title\" content=\"Byodo Apple Cider Vinegar 500ml - Looduspere Organic Shop\" \/>\n<meta property=\"og:description\" content=\"A shot of Organic Apple Cider Vinegar\u00a0instantly turns a glass of water into a tasty and healthy beverage. Only home-grown apple types are used for producing our\u00a0naturally-clouded cider vinegar. It tastes deliciously fruity with all salads, in Chutneys and for the preservation of different sorts of meat and vegetables. Straight after production the Apple Cider Vinegar\u00a0is not filtered, but immediately&hellip;\" \/>\n<meta property=\"og:url\" content=\"https:\/\/www.looduspere.ee\/en\/product\/byodo-cider-vinegar-500ml\/\" \/>\n<meta property=\"og:site_name\" content=\"Looduspere Organic Shop\" \/>\n<meta property=\"article:publisher\" content=\"https:\/\/www.facebook.com\/loodusperepood\" \/>\n<meta property=\"article:modified_time\" content=\"2026-05-06T02:53:18+00:00\" \/>\n<meta property=\"og:image\" content=\"https:\/\/www.looduspere.ee\/wp-content\/uploads\/2014\/05\/byodo-\u00f5una\u00e4\u00e4dikas.jpg\" \/>\n\t<meta property=\"og:image:width\" content=\"262\" \/>\n\t<meta property=\"og:image:height\" content=\"276\" \/>\n\t<meta property=\"og:image:type\" content=\"image\/jpeg\" \/>\n<meta name=\"twitter:card\" content=\"summary_large_image\" \/>\n<meta name=\"twitter:label1\" content=\"Est. reading time\" \/>\n\t<meta name=\"twitter:data1\" content=\"1 minute\" \/>\n<script type=\"application\/ld+json\" class=\"yoast-schema-graph\">{\"@context\":\"https:\\\/\\\/schema.org\",\"@graph\":[{\"@type\":\"WebPage\",\"@id\":\"https:\\\/\\\/www.looduspere.ee\\\/en\\\/product\\\/byodo-cider-vinegar-500ml\\\/\",\"url\":\"https:\\\/\\\/www.looduspere.ee\\\/en\\\/product\\\/byodo-cider-vinegar-500ml\\\/\",\"name\":\"Byodo Apple Cider Vinegar 500ml - Looduspere Organic Shop\",\"isPartOf\":{\"@id\":\"https:\\\/\\\/www.looduspere.ee\\\/#website\"},\"primaryImageOfPage\":{\"@id\":\"https:\\\/\\\/www.looduspere.ee\\\/en\\\/product\\\/byodo-cider-vinegar-500ml\\\/#primaryimage\"},\"image\":{\"@id\":\"https:\\\/\\\/www.looduspere.ee\\\/en\\\/product\\\/byodo-cider-vinegar-500ml\\\/#primaryimage\"},\"thumbnailUrl\":\"https:\\\/\\\/www.looduspere.ee\\\/wp-content\\\/uploads\\\/2014\\\/05\\\/byodo-\u00f5una\u00e4\u00e4dikas.jpg\",\"datePublished\":\"2016-05-19T13:05:37+00:00\",\"dateModified\":\"2026-05-06T02:53:18+00:00\",\"breadcrumb\":{\"@id\":\"https:\\\/\\\/www.looduspere.ee\\\/en\\\/product\\\/byodo-cider-vinegar-500ml\\\/#breadcrumb\"},\"inLanguage\":\"en-US\",\"potentialAction\":[{\"@type\":\"ReadAction\",\"target\":[\"https:\\\/\\\/www.looduspere.ee\\\/en\\\/product\\\/byodo-cider-vinegar-500ml\\\/\"]}]},{\"@type\":\"ImageObject\",\"inLanguage\":\"en-US\",\"@id\":\"https:\\\/\\\/www.looduspere.ee\\\/en\\\/product\\\/byodo-cider-vinegar-500ml\\\/#primaryimage\",\"url\":\"https:\\\/\\\/www.looduspere.ee\\\/wp-content\\\/uploads\\\/2014\\\/05\\\/byodo-\u00f5una\u00e4\u00e4dikas.jpg\",\"contentUrl\":\"https:\\\/\\\/www.looduspere.ee\\\/wp-content\\\/uploads\\\/2014\\\/05\\\/byodo-\u00f5una\u00e4\u00e4dikas.jpg\",\"width\":262,\"height\":276,\"caption\":\"Byodo \u00f5una\u00e4\u00e4dikas 500ml\"},{\"@type\":\"BreadcrumbList\",\"@id\":\"https:\\\/\\\/www.looduspere.ee\\\/en\\\/product\\\/byodo-cider-vinegar-500ml\\\/#breadcrumb\",\"itemListElement\":[{\"@type\":\"ListItem\",\"position\":1,\"name\":\"Home\",\"item\":\"https:\\\/\\\/www.looduspere.ee\\\/en\\\/\"},{\"@type\":\"ListItem\",\"position\":2,\"name\":\"Shop\",\"item\":\"https:\\\/\\\/www.looduspere.ee\\\/en\\\/shop\\\/\"},{\"@type\":\"ListItem\",\"position\":3,\"name\":\"Byodo Apple Cider Vinegar 500ml\"}]},{\"@type\":\"WebSite\",\"@id\":\"https:\\\/\\\/www.looduspere.ee\\\/#website\",\"url\":\"https:\\\/\\\/www.looduspere.ee\\\/\",\"name\":\"Looduspere \u00f6kopood\",\"description\":\"Healthy organic and natural products\",\"publisher\":{\"@id\":\"https:\\\/\\\/www.looduspere.ee\\\/#organization\"},\"alternateName\":\"Looduspere\",\"potentialAction\":[{\"@type\":\"SearchAction\",\"target\":{\"@type\":\"EntryPoint\",\"urlTemplate\":\"https:\\\/\\\/www.looduspere.ee\\\/?s={search_term_string}\"},\"query-input\":{\"@type\":\"PropertyValueSpecification\",\"valueRequired\":true,\"valueName\":\"search_term_string\"}}],\"inLanguage\":\"en-US\"},{\"@type\":\"Organization\",\"@id\":\"https:\\\/\\\/www.looduspere.ee\\\/#organization\",\"name\":\"Looduspere \u00f6kopood\",\"url\":\"https:\\\/\\\/www.looduspere.ee\\\/\",\"logo\":{\"@type\":\"ImageObject\",\"inLanguage\":\"en-US\",\"@id\":\"https:\\\/\\\/www.looduspere.ee\\\/#\\\/schema\\\/logo\\\/image\\\/\",\"url\":\"https:\\\/\\\/www.looduspere.ee\\\/wp-content\\\/uploads\\\/2025\\\/01\\\/340768897_1025251132216623_8613010291235268142_n.jpg\",\"contentUrl\":\"https:\\\/\\\/www.looduspere.ee\\\/wp-content\\\/uploads\\\/2025\\\/01\\\/340768897_1025251132216623_8613010291235268142_n.jpg\",\"width\":1045,\"height\":1045,\"caption\":\"Looduspere \u00f6kopood\"},\"image\":{\"@id\":\"https:\\\/\\\/www.looduspere.ee\\\/#\\\/schema\\\/logo\\\/image\\\/\"},\"sameAs\":[\"https:\\\/\\\/www.facebook.com\\\/loodusperepood\",\"https:\\\/\\\/www.instagram.com\\\/looduspere\\\/\"]}]}<\/script>\n<!-- \/ Yoast SEO plugin. -->","yoast_head_json":{"title":"Byodo Apple Cider Vinegar 500ml - Looduspere Organic Shop","robots":{"index":"index","follow":"follow","max-snippet":"max-snippet:-1","max-image-preview":"max-image-preview:large","max-video-preview":"max-video-preview:-1"},"canonical":"https:\/\/www.looduspere.ee\/en\/product\/byodo-cider-vinegar-500ml\/","og_locale":"en_US","og_type":"article","og_title":"Byodo Apple Cider Vinegar 500ml - Looduspere Organic Shop","og_description":"A shot of Organic Apple Cider Vinegar\u00a0instantly turns a glass of water into a tasty and healthy beverage. Only home-grown apple types are used for producing our\u00a0naturally-clouded cider vinegar. It tastes deliciously fruity with all salads, in Chutneys and for the preservation of different sorts of meat and vegetables. Straight after production the Apple Cider Vinegar\u00a0is not filtered, but immediately&hellip;","og_url":"https:\/\/www.looduspere.ee\/en\/product\/byodo-cider-vinegar-500ml\/","og_site_name":"Looduspere Organic Shop","article_publisher":"https:\/\/www.facebook.com\/loodusperepood","article_modified_time":"2026-05-06T02:53:18+00:00","og_image":[{"width":262,"height":276,"url":"https:\/\/www.looduspere.ee\/wp-content\/uploads\/2014\/05\/byodo-\u00f5una\u00e4\u00e4dikas.jpg","type":"image\/jpeg"}],"twitter_card":"summary_large_image","twitter_misc":{"Est. reading time":"1 minute"},"schema":{"@context":"https:\/\/schema.org","@graph":[{"@type":"WebPage","@id":"https:\/\/www.looduspere.ee\/en\/product\/byodo-cider-vinegar-500ml\/","url":"https:\/\/www.looduspere.ee\/en\/product\/byodo-cider-vinegar-500ml\/","name":"Byodo Apple Cider Vinegar 500ml - Looduspere Organic Shop","isPartOf":{"@id":"https:\/\/www.looduspere.ee\/#website"},"primaryImageOfPage":{"@id":"https:\/\/www.looduspere.ee\/en\/product\/byodo-cider-vinegar-500ml\/#primaryimage"},"image":{"@id":"https:\/\/www.looduspere.ee\/en\/product\/byodo-cider-vinegar-500ml\/#primaryimage"},"thumbnailUrl":"https:\/\/www.looduspere.ee\/wp-content\/uploads\/2014\/05\/byodo-\u00f5una\u00e4\u00e4dikas.jpg","datePublished":"2016-05-19T13:05:37+00:00","dateModified":"2026-05-06T02:53:18+00:00","breadcrumb":{"@id":"https:\/\/www.looduspere.ee\/en\/product\/byodo-cider-vinegar-500ml\/#breadcrumb"},"inLanguage":"en-US","potentialAction":[{"@type":"ReadAction","target":["https:\/\/www.looduspere.ee\/en\/product\/byodo-cider-vinegar-500ml\/"]}]},{"@type":"ImageObject","inLanguage":"en-US","@id":"https:\/\/www.looduspere.ee\/en\/product\/byodo-cider-vinegar-500ml\/#primaryimage","url":"https:\/\/www.looduspere.ee\/wp-content\/uploads\/2014\/05\/byodo-\u00f5una\u00e4\u00e4dikas.jpg","contentUrl":"https:\/\/www.looduspere.ee\/wp-content\/uploads\/2014\/05\/byodo-\u00f5una\u00e4\u00e4dikas.jpg","width":262,"height":276,"caption":"Byodo \u00f5una\u00e4\u00e4dikas 500ml"},{"@type":"BreadcrumbList","@id":"https:\/\/www.looduspere.ee\/en\/product\/byodo-cider-vinegar-500ml\/#breadcrumb","itemListElement":[{"@type":"ListItem","position":1,"name":"Home","item":"https:\/\/www.looduspere.ee\/en\/"},{"@type":"ListItem","position":2,"name":"Shop","item":"https:\/\/www.looduspere.ee\/en\/shop\/"},{"@type":"ListItem","position":3,"name":"Byodo Apple Cider Vinegar 500ml"}]},{"@type":"WebSite","@id":"https:\/\/www.looduspere.ee\/#website","url":"https:\/\/www.looduspere.ee\/","name":"Looduspere \u00f6kopood","description":"Healthy organic and natural products","publisher":{"@id":"https:\/\/www.looduspere.ee\/#organization"},"alternateName":"Looduspere","potentialAction":[{"@type":"SearchAction","target":{"@type":"EntryPoint","urlTemplate":"https:\/\/www.looduspere.ee\/?s={search_term_string}"},"query-input":{"@type":"PropertyValueSpecification","valueRequired":true,"valueName":"search_term_string"}}],"inLanguage":"en-US"},{"@type":"Organization","@id":"https:\/\/www.looduspere.ee\/#organization","name":"Looduspere \u00f6kopood","url":"https:\/\/www.looduspere.ee\/","logo":{"@type":"ImageObject","inLanguage":"en-US","@id":"https:\/\/www.looduspere.ee\/#\/schema\/logo\/image\/","url":"https:\/\/www.looduspere.ee\/wp-content\/uploads\/2025\/01\/340768897_1025251132216623_8613010291235268142_n.jpg","contentUrl":"https:\/\/www.looduspere.ee\/wp-content\/uploads\/2025\/01\/340768897_1025251132216623_8613010291235268142_n.jpg","width":1045,"height":1045,"caption":"Looduspere \u00f6kopood"},"image":{"@id":"https:\/\/www.looduspere.ee\/#\/schema\/logo\/image\/"},"sameAs":["https:\/\/www.facebook.com\/loodusperepood","https:\/\/www.instagram.com\/looduspere\/"]}]}},"_links":{"self":[{"href":"https:\/\/www.looduspere.ee\/en\/wp-json\/wp\/v2\/product\/60569","targetHints":{"allow":["GET"]}}],"collection":[{"href":"https:\/\/www.looduspere.ee\/en\/wp-json\/wp\/v2\/product"}],"about":[{"href":"https:\/\/www.looduspere.ee\/en\/wp-json\/wp\/v2\/types\/product"}],"replies":[{"embeddable":true,"href":"https:\/\/www.looduspere.ee\/en\/wp-json\/wp\/v2\/comments?post=60569"}],"wp:featuredmedia":[{"embeddable":true,"href":"https:\/\/www.looduspere.ee\/en\/wp-json\/wp\/v2\/media\/60567"}],"wp:attachment":[{"href":"https:\/\/www.looduspere.ee\/en\/wp-json\/wp\/v2\/media?parent=60569"}],"wp:term":[{"taxonomy":"product_cat","embeddable":true,"href":"https:\/\/www.looduspere.ee\/en\/wp-json\/wp\/v2\/product_cat?post=60569"},{"taxonomy":"product_tag","embeddable":true,"href":"https:\/\/www.looduspere.ee\/en\/wp-json\/wp\/v2\/product_tag?post=60569"}],"curies":[{"name":"wp","href":"https:\/\/api.w.org\/{rel}","templated":true}]}}