{"id":27902,"date":"2014-05-28T12:56:37","date_gmt":"2014-05-28T09:56:37","guid":{"rendered":"http:\/\/www.looduspere.ee\/pood\/maaratlemata\/weleda-saialille-ihuoli-200ml-2\/"},"modified":"2024-01-12T09:33:00","modified_gmt":"2024-01-12T07:33:00","slug":"weleda-saialille-ihuoli-200ml","status":"publish","type":"product","link":"https:\/\/www.looduspere.ee\/en\/product\/weleda-saialille-ihuoli-200ml\/","title":{"rendered":"Weleda saialille ihu\u00f5li 200ml"},"content":{"rendered":"<p>Saialille\u00f5li puhastab ja kaitseb nahka alates esimesest elup\u00e4evast. \u00d5li imendub h\u00e4sti ning ergutab naha loomulikke funktsioone. Nahale j\u00e4\u00e4v \u00f5rn kaitsekiht tekitab meeldiva soojustunde.<\/p>\n<p>Nahale j\u00e4\u00e4v \u00f5rn kaitsekiht, tekitab meeldiva soojatunde. \u00f5li on soovitav kasutada korrap\u00e4raselt, igap\u00e4evaseks hoolduseks. Peale lapse pesemist ja vannitamist, p\u00f6\u00f6rake erilist t\u00e4helepanu m\u00e4hkmete piirkonnale, seel\u00e4bi v\u00e4ldite p\u00f5letike ja haavandite teket. \u00f5li on avatult piiratud s\u00e4ilivusajaga.<br \/>\nKoostis: seesami\u00f5liga t\u00f5mmised saialille- ja kummeli\u00f5itest.<br \/>\nEi sisalda s\u00fcnteetilisi l\u00f5hna-, v\u00e4rvi- ja s\u00e4ilitusaineid.<\/p>\n<p>\u00fchikuhind\u00a083.1 \u20ac\/1L<\/p>\n","protected":false},"excerpt":{"rendered":"<p>Saialille\u00f5li puhastab ja kaitseb nahka alates esimesest elup\u00e4evast. \u00d5li imendub h\u00e4sti ning ergutab naha loomulikke funktsioone. Nahale j\u00e4\u00e4v \u00f5rn kaitsekiht tekitab meeldiva soojustunde. Nahale j\u00e4\u00e4v \u00f5rn kaitsekiht, tekitab meeldiva soojatunde. \u00f5li on soovitav kasutada korrap\u00e4raselt, igap\u00e4evaseks hoolduseks. Peale lapse pesemist ja vannitamist, p\u00f6\u00f6rake erilist t\u00e4helepanu m\u00e4hkmete piirkonnale, seel\u00e4bi v\u00e4ldite p\u00f5letike ja haavandite teket. \u00f5li on avatult piiratud s\u00e4ilivusajaga. Koostis: seesami\u00f5liga&hellip;<\/p>\n","protected":false},"featured_media":183537,"comment_status":"open","ping_status":"closed","template":"","meta":[],"product_cat":[932,945,911,912,998,889],"product_tag":[],"class_list":{"0":"post-27902","1":"product","2":"type-product","3":"status-publish","4":"has-post-thumbnail","6":"product_cat-babycare","7":"product_cat-bath-and-body-oils","8":"product_cat-body-care","9":"product_cat-body-lotions","10":"product_cat-cosmetics-for-children","11":"product_cat-natural-cosmetics","12":"product_shipping_class-1-en","13":"pa_brand-weleda","15":"first","16":"outofstock","17":"purchasable","18":"product-type-simple","19":"col-xs-6 col-sm-4","20":"col-md-3 col-lg-3","21":"un-4-cols"},"yoast_head":"<!-- This site is optimized with the Yoast SEO plugin v27.4 - https:\/\/yoast.com\/product\/yoast-seo-wordpress\/ -->\n<title>Weleda saialille ihu\u00f5li 200ml - Looduspere Organic Shop<\/title>\n<meta name=\"robots\" content=\"index, follow, max-snippet:-1, max-image-preview:large, max-video-preview:-1\" \/>\n<link rel=\"canonical\" href=\"https:\/\/www.looduspere.ee\/en\/product\/weleda-saialille-ihuoli-200ml\/\" \/>\n<meta property=\"og:locale\" content=\"en_US\" \/>\n<meta property=\"og:type\" content=\"article\" \/>\n<meta property=\"og:title\" content=\"Weleda saialille ihu\u00f5li 200ml - Looduspere Organic Shop\" \/>\n<meta property=\"og:description\" content=\"Saialille\u00f5li puhastab ja kaitseb nahka alates esimesest elup\u00e4evast. \u00d5li imendub h\u00e4sti ning ergutab naha loomulikke funktsioone. Nahale j\u00e4\u00e4v \u00f5rn kaitsekiht tekitab meeldiva soojustunde. Nahale j\u00e4\u00e4v \u00f5rn kaitsekiht, tekitab meeldiva soojatunde. \u00f5li on soovitav kasutada korrap\u00e4raselt, igap\u00e4evaseks hoolduseks. Peale lapse pesemist ja vannitamist, p\u00f6\u00f6rake erilist t\u00e4helepanu m\u00e4hkmete piirkonnale, seel\u00e4bi v\u00e4ldite p\u00f5letike ja haavandite teket. \u00f5li on avatult piiratud s\u00e4ilivusajaga. Koostis: seesami\u00f5liga&hellip;\" \/>\n<meta property=\"og:url\" content=\"https:\/\/www.looduspere.ee\/en\/product\/weleda-saialille-ihuoli-200ml\/\" \/>\n<meta property=\"og:site_name\" content=\"Looduspere Organic Shop\" \/>\n<meta property=\"article:publisher\" content=\"https:\/\/www.facebook.com\/loodusperepood\" \/>\n<meta property=\"article:modified_time\" content=\"2024-01-12T07:33:00+00:00\" \/>\n<meta property=\"og:image\" content=\"https:\/\/www.looduspere.ee\/wp-content\/uploads\/2014\/05\/weledahippo_saialilleoli.jpg\" \/>\n\t<meta property=\"og:image:width\" content=\"384\" \/>\n\t<meta property=\"og:image:height\" content=\"672\" \/>\n\t<meta property=\"og:image:type\" content=\"image\/jpeg\" \/>\n<meta name=\"twitter:card\" content=\"summary_large_image\" \/>\n<script type=\"application\/ld+json\" class=\"yoast-schema-graph\">{\"@context\":\"https:\\\/\\\/schema.org\",\"@graph\":[{\"@type\":\"WebPage\",\"@id\":\"https:\\\/\\\/www.looduspere.ee\\\/en\\\/product\\\/weleda-saialille-ihuoli-200ml\\\/\",\"url\":\"https:\\\/\\\/www.looduspere.ee\\\/en\\\/product\\\/weleda-saialille-ihuoli-200ml\\\/\",\"name\":\"Weleda saialille ihu\u00f5li 200ml - Looduspere Organic Shop\",\"isPartOf\":{\"@id\":\"https:\\\/\\\/www.looduspere.ee\\\/#website\"},\"primaryImageOfPage\":{\"@id\":\"https:\\\/\\\/www.looduspere.ee\\\/en\\\/product\\\/weleda-saialille-ihuoli-200ml\\\/#primaryimage\"},\"image\":{\"@id\":\"https:\\\/\\\/www.looduspere.ee\\\/en\\\/product\\\/weleda-saialille-ihuoli-200ml\\\/#primaryimage\"},\"thumbnailUrl\":\"https:\\\/\\\/www.looduspere.ee\\\/wp-content\\\/uploads\\\/2014\\\/05\\\/weledahippo_saialilleoli.jpg\",\"datePublished\":\"2014-05-28T09:56:37+00:00\",\"dateModified\":\"2024-01-12T07:33:00+00:00\",\"breadcrumb\":{\"@id\":\"https:\\\/\\\/www.looduspere.ee\\\/en\\\/product\\\/weleda-saialille-ihuoli-200ml\\\/#breadcrumb\"},\"inLanguage\":\"en-US\",\"potentialAction\":[{\"@type\":\"ReadAction\",\"target\":[\"https:\\\/\\\/www.looduspere.ee\\\/en\\\/product\\\/weleda-saialille-ihuoli-200ml\\\/\"]}]},{\"@type\":\"ImageObject\",\"inLanguage\":\"en-US\",\"@id\":\"https:\\\/\\\/www.looduspere.ee\\\/en\\\/product\\\/weleda-saialille-ihuoli-200ml\\\/#primaryimage\",\"url\":\"https:\\\/\\\/www.looduspere.ee\\\/wp-content\\\/uploads\\\/2014\\\/05\\\/weledahippo_saialilleoli.jpg\",\"contentUrl\":\"https:\\\/\\\/www.looduspere.ee\\\/wp-content\\\/uploads\\\/2014\\\/05\\\/weledahippo_saialilleoli.jpg\",\"width\":384,\"height\":672},{\"@type\":\"BreadcrumbList\",\"@id\":\"https:\\\/\\\/www.looduspere.ee\\\/en\\\/product\\\/weleda-saialille-ihuoli-200ml\\\/#breadcrumb\",\"itemListElement\":[{\"@type\":\"ListItem\",\"position\":1,\"name\":\"Home\",\"item\":\"https:\\\/\\\/www.looduspere.ee\\\/en\\\/\"},{\"@type\":\"ListItem\",\"position\":2,\"name\":\"Shop\",\"item\":\"https:\\\/\\\/www.looduspere.ee\\\/en\\\/shop\\\/\"},{\"@type\":\"ListItem\",\"position\":3,\"name\":\"Weleda saialille ihu\u00f5li 200ml\"}]},{\"@type\":\"WebSite\",\"@id\":\"https:\\\/\\\/www.looduspere.ee\\\/#website\",\"url\":\"https:\\\/\\\/www.looduspere.ee\\\/\",\"name\":\"Looduspere \u00f6kopood\",\"description\":\"Healthy organic and natural products\",\"publisher\":{\"@id\":\"https:\\\/\\\/www.looduspere.ee\\\/#organization\"},\"alternateName\":\"Looduspere\",\"potentialAction\":[{\"@type\":\"SearchAction\",\"target\":{\"@type\":\"EntryPoint\",\"urlTemplate\":\"https:\\\/\\\/www.looduspere.ee\\\/?s={search_term_string}\"},\"query-input\":{\"@type\":\"PropertyValueSpecification\",\"valueRequired\":true,\"valueName\":\"search_term_string\"}}],\"inLanguage\":\"en-US\"},{\"@type\":\"Organization\",\"@id\":\"https:\\\/\\\/www.looduspere.ee\\\/#organization\",\"name\":\"Looduspere \u00f6kopood\",\"url\":\"https:\\\/\\\/www.looduspere.ee\\\/\",\"logo\":{\"@type\":\"ImageObject\",\"inLanguage\":\"en-US\",\"@id\":\"https:\\\/\\\/www.looduspere.ee\\\/#\\\/schema\\\/logo\\\/image\\\/\",\"url\":\"https:\\\/\\\/www.looduspere.ee\\\/wp-content\\\/uploads\\\/2025\\\/01\\\/340768897_1025251132216623_8613010291235268142_n.jpg\",\"contentUrl\":\"https:\\\/\\\/www.looduspere.ee\\\/wp-content\\\/uploads\\\/2025\\\/01\\\/340768897_1025251132216623_8613010291235268142_n.jpg\",\"width\":1045,\"height\":1045,\"caption\":\"Looduspere \u00f6kopood\"},\"image\":{\"@id\":\"https:\\\/\\\/www.looduspere.ee\\\/#\\\/schema\\\/logo\\\/image\\\/\"},\"sameAs\":[\"https:\\\/\\\/www.facebook.com\\\/loodusperepood\",\"https:\\\/\\\/www.instagram.com\\\/looduspere\\\/\"]}]}<\/script>\n<!-- \/ Yoast SEO plugin. -->","yoast_head_json":{"title":"Weleda saialille ihu\u00f5li 200ml - Looduspere Organic Shop","robots":{"index":"index","follow":"follow","max-snippet":"max-snippet:-1","max-image-preview":"max-image-preview:large","max-video-preview":"max-video-preview:-1"},"canonical":"https:\/\/www.looduspere.ee\/en\/product\/weleda-saialille-ihuoli-200ml\/","og_locale":"en_US","og_type":"article","og_title":"Weleda saialille ihu\u00f5li 200ml - Looduspere Organic Shop","og_description":"Saialille\u00f5li puhastab ja kaitseb nahka alates esimesest elup\u00e4evast. \u00d5li imendub h\u00e4sti ning ergutab naha loomulikke funktsioone. Nahale j\u00e4\u00e4v \u00f5rn kaitsekiht tekitab meeldiva soojustunde. Nahale j\u00e4\u00e4v \u00f5rn kaitsekiht, tekitab meeldiva soojatunde. \u00f5li on soovitav kasutada korrap\u00e4raselt, igap\u00e4evaseks hoolduseks. Peale lapse pesemist ja vannitamist, p\u00f6\u00f6rake erilist t\u00e4helepanu m\u00e4hkmete piirkonnale, seel\u00e4bi v\u00e4ldite p\u00f5letike ja haavandite teket. \u00f5li on avatult piiratud s\u00e4ilivusajaga. Koostis: seesami\u00f5liga&hellip;","og_url":"https:\/\/www.looduspere.ee\/en\/product\/weleda-saialille-ihuoli-200ml\/","og_site_name":"Looduspere Organic Shop","article_publisher":"https:\/\/www.facebook.com\/loodusperepood","article_modified_time":"2024-01-12T07:33:00+00:00","og_image":[{"width":384,"height":672,"url":"https:\/\/www.looduspere.ee\/wp-content\/uploads\/2014\/05\/weledahippo_saialilleoli.jpg","type":"image\/jpeg"}],"twitter_card":"summary_large_image","schema":{"@context":"https:\/\/schema.org","@graph":[{"@type":"WebPage","@id":"https:\/\/www.looduspere.ee\/en\/product\/weleda-saialille-ihuoli-200ml\/","url":"https:\/\/www.looduspere.ee\/en\/product\/weleda-saialille-ihuoli-200ml\/","name":"Weleda saialille ihu\u00f5li 200ml - Looduspere Organic Shop","isPartOf":{"@id":"https:\/\/www.looduspere.ee\/#website"},"primaryImageOfPage":{"@id":"https:\/\/www.looduspere.ee\/en\/product\/weleda-saialille-ihuoli-200ml\/#primaryimage"},"image":{"@id":"https:\/\/www.looduspere.ee\/en\/product\/weleda-saialille-ihuoli-200ml\/#primaryimage"},"thumbnailUrl":"https:\/\/www.looduspere.ee\/wp-content\/uploads\/2014\/05\/weledahippo_saialilleoli.jpg","datePublished":"2014-05-28T09:56:37+00:00","dateModified":"2024-01-12T07:33:00+00:00","breadcrumb":{"@id":"https:\/\/www.looduspere.ee\/en\/product\/weleda-saialille-ihuoli-200ml\/#breadcrumb"},"inLanguage":"en-US","potentialAction":[{"@type":"ReadAction","target":["https:\/\/www.looduspere.ee\/en\/product\/weleda-saialille-ihuoli-200ml\/"]}]},{"@type":"ImageObject","inLanguage":"en-US","@id":"https:\/\/www.looduspere.ee\/en\/product\/weleda-saialille-ihuoli-200ml\/#primaryimage","url":"https:\/\/www.looduspere.ee\/wp-content\/uploads\/2014\/05\/weledahippo_saialilleoli.jpg","contentUrl":"https:\/\/www.looduspere.ee\/wp-content\/uploads\/2014\/05\/weledahippo_saialilleoli.jpg","width":384,"height":672},{"@type":"BreadcrumbList","@id":"https:\/\/www.looduspere.ee\/en\/product\/weleda-saialille-ihuoli-200ml\/#breadcrumb","itemListElement":[{"@type":"ListItem","position":1,"name":"Home","item":"https:\/\/www.looduspere.ee\/en\/"},{"@type":"ListItem","position":2,"name":"Shop","item":"https:\/\/www.looduspere.ee\/en\/shop\/"},{"@type":"ListItem","position":3,"name":"Weleda saialille ihu\u00f5li 200ml"}]},{"@type":"WebSite","@id":"https:\/\/www.looduspere.ee\/#website","url":"https:\/\/www.looduspere.ee\/","name":"Looduspere \u00f6kopood","description":"Healthy organic and natural products","publisher":{"@id":"https:\/\/www.looduspere.ee\/#organization"},"alternateName":"Looduspere","potentialAction":[{"@type":"SearchAction","target":{"@type":"EntryPoint","urlTemplate":"https:\/\/www.looduspere.ee\/?s={search_term_string}"},"query-input":{"@type":"PropertyValueSpecification","valueRequired":true,"valueName":"search_term_string"}}],"inLanguage":"en-US"},{"@type":"Organization","@id":"https:\/\/www.looduspere.ee\/#organization","name":"Looduspere \u00f6kopood","url":"https:\/\/www.looduspere.ee\/","logo":{"@type":"ImageObject","inLanguage":"en-US","@id":"https:\/\/www.looduspere.ee\/#\/schema\/logo\/image\/","url":"https:\/\/www.looduspere.ee\/wp-content\/uploads\/2025\/01\/340768897_1025251132216623_8613010291235268142_n.jpg","contentUrl":"https:\/\/www.looduspere.ee\/wp-content\/uploads\/2025\/01\/340768897_1025251132216623_8613010291235268142_n.jpg","width":1045,"height":1045,"caption":"Looduspere \u00f6kopood"},"image":{"@id":"https:\/\/www.looduspere.ee\/#\/schema\/logo\/image\/"},"sameAs":["https:\/\/www.facebook.com\/loodusperepood","https:\/\/www.instagram.com\/looduspere\/"]}]}},"_links":{"self":[{"href":"https:\/\/www.looduspere.ee\/en\/wp-json\/wp\/v2\/product\/27902","targetHints":{"allow":["GET"]}}],"collection":[{"href":"https:\/\/www.looduspere.ee\/en\/wp-json\/wp\/v2\/product"}],"about":[{"href":"https:\/\/www.looduspere.ee\/en\/wp-json\/wp\/v2\/types\/product"}],"replies":[{"embeddable":true,"href":"https:\/\/www.looduspere.ee\/en\/wp-json\/wp\/v2\/comments?post=27902"}],"wp:featuredmedia":[{"embeddable":true,"href":"https:\/\/www.looduspere.ee\/en\/wp-json\/wp\/v2\/media\/183537"}],"wp:attachment":[{"href":"https:\/\/www.looduspere.ee\/en\/wp-json\/wp\/v2\/media?parent=27902"}],"wp:term":[{"taxonomy":"product_cat","embeddable":true,"href":"https:\/\/www.looduspere.ee\/en\/wp-json\/wp\/v2\/product_cat?post=27902"},{"taxonomy":"product_tag","embeddable":true,"href":"https:\/\/www.looduspere.ee\/en\/wp-json\/wp\/v2\/product_tag?post=27902"}],"curies":[{"name":"wp","href":"https:\/\/api.w.org\/{rel}","templated":true}]}}