{"id":26930,"date":"2019-05-28T12:44:03","date_gmt":"2019-05-28T09:44:03","guid":{"rendered":"http:\/\/www.looduspere.ee\/pood\/maaratlemata\/mungoad-bohlsener-muhle-500g-2\/"},"modified":"2025-05-21T22:27:36","modified_gmt":"2025-05-21T19:27:36","slug":"rapunzel-mung-beans-500g-organic","status":"publish","type":"product","link":"https:\/\/www.looduspere.ee\/en\/product\/rapunzel-mung-beans-500g-organic\/","title":{"rendered":"Rapunzel mung beans 500g organic"},"content":{"rendered":"<pre id=\"tw-target-text\" class=\"tw-data-text tw-text-large tw-ta\" dir=\"ltr\" data-placeholder=\"T\u00f5lge\"><span class=\"Y2IQFc\" lang=\"en\">From organic farming. Suitable for sprouting or cooking.\r\n100g contains energy 1194 KJ \/ 285 kcal protein 23.8 g carbohydrates 43.6 g fat 1.3 g\r\n\r\nSprouted seeds, sprouts and sprouts contain all the nutrients that a living organism needs, in an easily absorbed form and without any preservatives. The growing sprouts are pleasing to the eye with their lively appearance, they symbolize vitality and even in the middle of winter add faith in the spring that will come someday. On top of all that, the sprouts are also quite tasty, and most first-timers become convinced sprout eaters.\r\n\r\nEating the sprouts of various plants makes it possible to ensure the necessary substances for the body regardless of the season. Sprouts are a natural concentrate of vitamins, ferments, minerals and easily absorbed proteins and carbohydrates. The sprouted grain stimulates the body's self-cleansing and regeneration capacity, which has already been proven.<\/span><\/pre>\n<p>\u00fchikuhind 10,40 \u20ac\/1KG<\/p>\n","protected":false},"excerpt":{"rendered":"<p>From organic farming. Suitable for sprouting or cooking. 100g contains energy 1194 KJ \/ 285 kcal protein 23.8 g carbohydrates 43.6 g fat 1.3 g Sprouted seeds, sprouts and sprouts contain all the nutrients that a living organism needs, in an easily absorbed form and without any preservatives. The growing sprouts are pleasing to the eye with their lively appearance,&hellip;<\/p>\n","protected":false},"featured_media":129489,"comment_status":"open","ping_status":"closed","template":"","meta":[],"product_cat":[1044,1035,879,1146],"product_tag":[],"class_list":{"0":"post-26930","1":"product","2":"type-product","3":"status-publish","4":"has-post-thumbnail","6":"product_cat-dry-ingredients-1","7":"product_cat-organic-food","8":"product_cat-sprouting","9":"product_cat-sprouting-1","10":"product_shipping_class-1-en","11":"pa_brand-bohlsener-muhle","13":"first","14":"instock","15":"purchasable","16":"product-type-simple","17":"col-xs-6 col-sm-4","18":"col-md-3 col-lg-3","19":"un-4-cols"},"yoast_head":"<!-- This site is optimized with the Yoast SEO plugin v27.5 - https:\/\/yoast.com\/product\/yoast-seo-wordpress\/ -->\n<title>Rapunzel mung beans 500g organic - Looduspere Organic Shop<\/title>\n<meta name=\"description\" content=\"Idanenud seemnetes, idudes ja v\u00f5rsetes on olemas k\u00f5ik toitained, mida elusorganism vajab, kusjuures kergesti omastataval kujul ning ilma \u00fchegi konservandita.\" \/>\n<meta name=\"robots\" content=\"index, follow, max-snippet:-1, max-image-preview:large, max-video-preview:-1\" \/>\n<link rel=\"canonical\" href=\"https:\/\/www.looduspere.ee\/product\/mungoad-bohlsener-muhle-500g\/\" \/>\n<meta property=\"og:locale\" content=\"en_US\" \/>\n<meta property=\"og:type\" content=\"article\" \/>\n<meta property=\"og:title\" content=\"Rapunzel mung beans 500g organic - Looduspere Organic Shop\" \/>\n<meta property=\"og:description\" content=\"Idanenud seemnetes, idudes ja v\u00f5rsetes on olemas k\u00f5ik toitained, mida elusorganism vajab, kusjuures kergesti omastataval kujul ning ilma \u00fchegi konservandita.\" \/>\n<meta property=\"og:url\" content=\"https:\/\/www.looduspere.ee\/product\/mungoad-bohlsener-muhle-500g\/\" \/>\n<meta property=\"og:site_name\" content=\"Looduspere Organic Shop\" \/>\n<meta property=\"article:publisher\" content=\"https:\/\/www.facebook.com\/loodusperepood\" \/>\n<meta property=\"article:modified_time\" content=\"2025-05-21T19:27:36+00:00\" \/>\n<meta property=\"og:image\" content=\"https:\/\/www.looduspere.ee\/wp-content\/uploads\/2019\/05\/mungbohnen-bio-500-g-e1613544688881.jpg\" \/>\n\t<meta property=\"og:image:width\" content=\"1500\" \/>\n\t<meta property=\"og:image:height\" content=\"1500\" \/>\n\t<meta property=\"og:image:type\" content=\"image\/jpeg\" \/>\n<meta name=\"twitter:card\" content=\"summary_large_image\" \/>\n<meta name=\"twitter:label1\" content=\"Est. reading time\" \/>\n\t<meta name=\"twitter:data1\" content=\"1 minute\" \/>\n<script type=\"application\/ld+json\" class=\"yoast-schema-graph\">{\"@context\":\"https:\\\/\\\/schema.org\",\"@graph\":[{\"@type\":\"WebPage\",\"@id\":\"https:\\\/\\\/www.looduspere.ee\\\/product\\\/mungoad-bohlsener-muhle-500g\\\/\",\"url\":\"https:\\\/\\\/www.looduspere.ee\\\/product\\\/mungoad-bohlsener-muhle-500g\\\/\",\"name\":\"Rapunzel mung beans 500g organic - Looduspere Organic Shop\",\"isPartOf\":{\"@id\":\"https:\\\/\\\/www.looduspere.ee\\\/#website\"},\"primaryImageOfPage\":{\"@id\":\"https:\\\/\\\/www.looduspere.ee\\\/product\\\/mungoad-bohlsener-muhle-500g\\\/#primaryimage\"},\"image\":{\"@id\":\"https:\\\/\\\/www.looduspere.ee\\\/product\\\/mungoad-bohlsener-muhle-500g\\\/#primaryimage\"},\"thumbnailUrl\":\"https:\\\/\\\/www.looduspere.ee\\\/wp-content\\\/uploads\\\/2019\\\/05\\\/mungbohnen-bio-500-g-e1613544688881.jpg\",\"datePublished\":\"2019-05-28T09:44:03+00:00\",\"dateModified\":\"2025-05-21T19:27:36+00:00\",\"description\":\"Idanenud seemnetes, idudes ja v\u00f5rsetes on olemas k\u00f5ik toitained, mida elusorganism vajab, kusjuures kergesti omastataval kujul ning ilma \u00fchegi konservandita.\",\"breadcrumb\":{\"@id\":\"https:\\\/\\\/www.looduspere.ee\\\/product\\\/mungoad-bohlsener-muhle-500g\\\/#breadcrumb\"},\"inLanguage\":\"en-US\",\"potentialAction\":[{\"@type\":\"ReadAction\",\"target\":[\"https:\\\/\\\/www.looduspere.ee\\\/product\\\/mungoad-bohlsener-muhle-500g\\\/\"]}]},{\"@type\":\"ImageObject\",\"inLanguage\":\"en-US\",\"@id\":\"https:\\\/\\\/www.looduspere.ee\\\/product\\\/mungoad-bohlsener-muhle-500g\\\/#primaryimage\",\"url\":\"https:\\\/\\\/www.looduspere.ee\\\/wp-content\\\/uploads\\\/2019\\\/05\\\/mungbohnen-bio-500-g-e1613544688881.jpg\",\"contentUrl\":\"https:\\\/\\\/www.looduspere.ee\\\/wp-content\\\/uploads\\\/2019\\\/05\\\/mungbohnen-bio-500-g-e1613544688881.jpg\",\"width\":1500,\"height\":1500},{\"@type\":\"BreadcrumbList\",\"@id\":\"https:\\\/\\\/www.looduspere.ee\\\/product\\\/mungoad-bohlsener-muhle-500g\\\/#breadcrumb\",\"itemListElement\":[{\"@type\":\"ListItem\",\"position\":1,\"name\":\"Home\",\"item\":\"https:\\\/\\\/www.looduspere.ee\\\/en\\\/\"},{\"@type\":\"ListItem\",\"position\":2,\"name\":\"Shop\",\"item\":\"https:\\\/\\\/www.looduspere.ee\\\/en\\\/shop\\\/\"},{\"@type\":\"ListItem\",\"position\":3,\"name\":\"Rapunzel mung beans 500g organic\"}]},{\"@type\":\"WebSite\",\"@id\":\"https:\\\/\\\/www.looduspere.ee\\\/#website\",\"url\":\"https:\\\/\\\/www.looduspere.ee\\\/\",\"name\":\"Looduspere \u00f6kopood\",\"description\":\"Healthy organic and natural products\",\"publisher\":{\"@id\":\"https:\\\/\\\/www.looduspere.ee\\\/#organization\"},\"alternateName\":\"Looduspere\",\"potentialAction\":[{\"@type\":\"SearchAction\",\"target\":{\"@type\":\"EntryPoint\",\"urlTemplate\":\"https:\\\/\\\/www.looduspere.ee\\\/?s={search_term_string}\"},\"query-input\":{\"@type\":\"PropertyValueSpecification\",\"valueRequired\":true,\"valueName\":\"search_term_string\"}}],\"inLanguage\":\"en-US\"},{\"@type\":\"Organization\",\"@id\":\"https:\\\/\\\/www.looduspere.ee\\\/#organization\",\"name\":\"Looduspere \u00f6kopood\",\"url\":\"https:\\\/\\\/www.looduspere.ee\\\/\",\"logo\":{\"@type\":\"ImageObject\",\"inLanguage\":\"en-US\",\"@id\":\"https:\\\/\\\/www.looduspere.ee\\\/#\\\/schema\\\/logo\\\/image\\\/\",\"url\":\"https:\\\/\\\/www.looduspere.ee\\\/wp-content\\\/uploads\\\/2025\\\/01\\\/340768897_1025251132216623_8613010291235268142_n.jpg\",\"contentUrl\":\"https:\\\/\\\/www.looduspere.ee\\\/wp-content\\\/uploads\\\/2025\\\/01\\\/340768897_1025251132216623_8613010291235268142_n.jpg\",\"width\":1045,\"height\":1045,\"caption\":\"Looduspere \u00f6kopood\"},\"image\":{\"@id\":\"https:\\\/\\\/www.looduspere.ee\\\/#\\\/schema\\\/logo\\\/image\\\/\"},\"sameAs\":[\"https:\\\/\\\/www.facebook.com\\\/loodusperepood\",\"https:\\\/\\\/www.instagram.com\\\/looduspere\\\/\"]}]}<\/script>\n<!-- \/ Yoast SEO plugin. -->","yoast_head_json":{"title":"Rapunzel mung beans 500g organic - Looduspere Organic Shop","description":"Idanenud seemnetes, idudes ja v\u00f5rsetes on olemas k\u00f5ik toitained, mida elusorganism vajab, kusjuures kergesti omastataval kujul ning ilma \u00fchegi konservandita.","robots":{"index":"index","follow":"follow","max-snippet":"max-snippet:-1","max-image-preview":"max-image-preview:large","max-video-preview":"max-video-preview:-1"},"canonical":"https:\/\/www.looduspere.ee\/product\/mungoad-bohlsener-muhle-500g\/","og_locale":"en_US","og_type":"article","og_title":"Rapunzel mung beans 500g organic - Looduspere Organic Shop","og_description":"Idanenud seemnetes, idudes ja v\u00f5rsetes on olemas k\u00f5ik toitained, mida elusorganism vajab, kusjuures kergesti omastataval kujul ning ilma \u00fchegi konservandita.","og_url":"https:\/\/www.looduspere.ee\/product\/mungoad-bohlsener-muhle-500g\/","og_site_name":"Looduspere Organic Shop","article_publisher":"https:\/\/www.facebook.com\/loodusperepood","article_modified_time":"2025-05-21T19:27:36+00:00","og_image":[{"width":1500,"height":1500,"url":"https:\/\/www.looduspere.ee\/wp-content\/uploads\/2019\/05\/mungbohnen-bio-500-g-e1613544688881.jpg","type":"image\/jpeg"}],"twitter_card":"summary_large_image","twitter_misc":{"Est. reading time":"1 minute"},"schema":{"@context":"https:\/\/schema.org","@graph":[{"@type":"WebPage","@id":"https:\/\/www.looduspere.ee\/product\/mungoad-bohlsener-muhle-500g\/","url":"https:\/\/www.looduspere.ee\/product\/mungoad-bohlsener-muhle-500g\/","name":"Rapunzel mung beans 500g organic - Looduspere Organic Shop","isPartOf":{"@id":"https:\/\/www.looduspere.ee\/#website"},"primaryImageOfPage":{"@id":"https:\/\/www.looduspere.ee\/product\/mungoad-bohlsener-muhle-500g\/#primaryimage"},"image":{"@id":"https:\/\/www.looduspere.ee\/product\/mungoad-bohlsener-muhle-500g\/#primaryimage"},"thumbnailUrl":"https:\/\/www.looduspere.ee\/wp-content\/uploads\/2019\/05\/mungbohnen-bio-500-g-e1613544688881.jpg","datePublished":"2019-05-28T09:44:03+00:00","dateModified":"2025-05-21T19:27:36+00:00","description":"Idanenud seemnetes, idudes ja v\u00f5rsetes on olemas k\u00f5ik toitained, mida elusorganism vajab, kusjuures kergesti omastataval kujul ning ilma \u00fchegi konservandita.","breadcrumb":{"@id":"https:\/\/www.looduspere.ee\/product\/mungoad-bohlsener-muhle-500g\/#breadcrumb"},"inLanguage":"en-US","potentialAction":[{"@type":"ReadAction","target":["https:\/\/www.looduspere.ee\/product\/mungoad-bohlsener-muhle-500g\/"]}]},{"@type":"ImageObject","inLanguage":"en-US","@id":"https:\/\/www.looduspere.ee\/product\/mungoad-bohlsener-muhle-500g\/#primaryimage","url":"https:\/\/www.looduspere.ee\/wp-content\/uploads\/2019\/05\/mungbohnen-bio-500-g-e1613544688881.jpg","contentUrl":"https:\/\/www.looduspere.ee\/wp-content\/uploads\/2019\/05\/mungbohnen-bio-500-g-e1613544688881.jpg","width":1500,"height":1500},{"@type":"BreadcrumbList","@id":"https:\/\/www.looduspere.ee\/product\/mungoad-bohlsener-muhle-500g\/#breadcrumb","itemListElement":[{"@type":"ListItem","position":1,"name":"Home","item":"https:\/\/www.looduspere.ee\/en\/"},{"@type":"ListItem","position":2,"name":"Shop","item":"https:\/\/www.looduspere.ee\/en\/shop\/"},{"@type":"ListItem","position":3,"name":"Rapunzel mung beans 500g organic"}]},{"@type":"WebSite","@id":"https:\/\/www.looduspere.ee\/#website","url":"https:\/\/www.looduspere.ee\/","name":"Looduspere \u00f6kopood","description":"Healthy organic and natural products","publisher":{"@id":"https:\/\/www.looduspere.ee\/#organization"},"alternateName":"Looduspere","potentialAction":[{"@type":"SearchAction","target":{"@type":"EntryPoint","urlTemplate":"https:\/\/www.looduspere.ee\/?s={search_term_string}"},"query-input":{"@type":"PropertyValueSpecification","valueRequired":true,"valueName":"search_term_string"}}],"inLanguage":"en-US"},{"@type":"Organization","@id":"https:\/\/www.looduspere.ee\/#organization","name":"Looduspere \u00f6kopood","url":"https:\/\/www.looduspere.ee\/","logo":{"@type":"ImageObject","inLanguage":"en-US","@id":"https:\/\/www.looduspere.ee\/#\/schema\/logo\/image\/","url":"https:\/\/www.looduspere.ee\/wp-content\/uploads\/2025\/01\/340768897_1025251132216623_8613010291235268142_n.jpg","contentUrl":"https:\/\/www.looduspere.ee\/wp-content\/uploads\/2025\/01\/340768897_1025251132216623_8613010291235268142_n.jpg","width":1045,"height":1045,"caption":"Looduspere \u00f6kopood"},"image":{"@id":"https:\/\/www.looduspere.ee\/#\/schema\/logo\/image\/"},"sameAs":["https:\/\/www.facebook.com\/loodusperepood","https:\/\/www.instagram.com\/looduspere\/"]}]}},"_links":{"self":[{"href":"https:\/\/www.looduspere.ee\/en\/wp-json\/wp\/v2\/product\/26930","targetHints":{"allow":["GET"]}}],"collection":[{"href":"https:\/\/www.looduspere.ee\/en\/wp-json\/wp\/v2\/product"}],"about":[{"href":"https:\/\/www.looduspere.ee\/en\/wp-json\/wp\/v2\/types\/product"}],"replies":[{"embeddable":true,"href":"https:\/\/www.looduspere.ee\/en\/wp-json\/wp\/v2\/comments?post=26930"}],"wp:featuredmedia":[{"embeddable":true,"href":"https:\/\/www.looduspere.ee\/en\/wp-json\/wp\/v2\/media\/129489"}],"wp:attachment":[{"href":"https:\/\/www.looduspere.ee\/en\/wp-json\/wp\/v2\/media?parent=26930"}],"wp:term":[{"taxonomy":"product_cat","embeddable":true,"href":"https:\/\/www.looduspere.ee\/en\/wp-json\/wp\/v2\/product_cat?post=26930"},{"taxonomy":"product_tag","embeddable":true,"href":"https:\/\/www.looduspere.ee\/en\/wp-json\/wp\/v2\/product_tag?post=26930"}],"curies":[{"name":"wp","href":"https:\/\/api.w.org\/{rel}","templated":true}]}}