{"id":187346,"date":"2023-09-04T14:38:50","date_gmt":"2023-09-04T11:38:50","guid":{"rendered":"https:\/\/www.looduspere.ee\/?post_type=product&#038;p=187346"},"modified":"2024-09-05T17:08:24","modified_gmt":"2024-09-05T14:08:24","slug":"weleda-weleda-lavendli-kehaoli-100ml","status":"publish","type":"product","link":"https:\/\/www.looduspere.ee\/en\/product\/weleda-weleda-lavendli-kehaoli-100ml\/","title":{"rendered":"Weleda Lavendli keha\u00f5li 100ml"},"content":{"rendered":"<div class=\"description\">Weleda Lavendli keha\u00f5li on lihaspingeid l\u00f5\u00f5gastava ja meeli rahustava toimega, muudab naha elastseks ja pehmeks. Loodusliku eeterliku lavendli\u00f5li l\u00f5hn maandab sisemised pinged ning tasakaalustatud segu mandli\u00f5list ja seesami\u00f5list hoiab naha pehme ja niisutatuna. P\u00e4rast pingelist p\u00e4eva m\u00f5jub kerge lavendli\u00f5li massaa\u017e l\u00f5dvestavalt, tasakaalustavalt ja rahustavalt. Lavendli rahustav aroom aitab pikast p\u00e4evast tingitud stressi selja taha j\u00e4tta ning soodustab uinumist. Lavendli keha\u00f5li kosutab nii keha kui ka hinge. Dermatoloogilselt testitud. Vegan ja julmusevaba toode. 100% mahe ja looduskosmeetika. Sertifitseeritud vastavalt NaTrue looduskosmeetika ja UEBT \u00f5iglasekaubanduse standarditele. Kunstlike l\u00f5hna-, v\u00e4rvi- ja s\u00e4ilitusaineteta.<\/div>\n<div class=\"product-info js-product-info\">\n<div class=\"product-summary\">\n<h4 class=\"desktop-title\">Kasutamine<\/h4>\n<div class=\"slider-item\">\n<div class=\"slider-content fullsize\">\n<p class=\"wl-c1\">Enne uinumist, p\u00e4rast veeprotseduuri, masseerida \u00f5liga kergelt niisket nahka kergete siluvate s\u00fcdamesuunas tehtavate liigutustega.<\/p>\n<\/div>\n<\/div>\n<p>INCI: Prunus Amygdalus Dulcis (Sweet Almond) Oil, Sesamum Indicum (Sesame) Seed Oil ,Lavandula Angustifolia (Lavender) Oil, *Fragrance (Parfum), *Limonene, *Linalool, *Geraniol, *Coumarin *from natural essential oils<\/p>\n<\/div>\n<\/div>\n","protected":false},"excerpt":{"rendered":"<p>Toode tellimisel, saabub 1-5 t\u00f6\u00f6p\u00e4eva jooksul<\/p>\n","protected":false},"featured_media":187349,"comment_status":"open","ping_status":"closed","template":"","meta":[],"product_cat":[1136,945,911,912,889],"product_tag":[],"class_list":{"0":"post-187346","1":"product","2":"type-product","3":"status-publish","4":"has-post-thumbnail","6":"product_cat-athletes-and-active-people","7":"product_cat-bath-and-body-oils","8":"product_cat-body-care","9":"product_cat-body-lotions","10":"product_cat-natural-cosmetics","11":"product_shipping_class-1-en","13":"first","14":"onbackorder","15":"sale","16":"purchasable","17":"product-type-simple","18":"col-xs-6 col-sm-4","19":"col-md-3 col-lg-3","20":"un-4-cols"},"yoast_head":"<!-- This site is optimized with the Yoast SEO plugin v27.5 - https:\/\/yoast.com\/product\/yoast-seo-wordpress\/ -->\n<title>Weleda Lavendli keha\u00f5li 100ml - Looduspere Organic Shop<\/title>\n<meta name=\"description\" content=\"Soojendav lihasmassaa\u017e l\u00f5dvestava arnikaekstraktiga Keha\u00f5li, mida sobib kasutada nii enne kui p\u00e4rast kehalist tegevust v\u00f5i treeningut.\" \/>\n<meta name=\"robots\" content=\"index, follow, max-snippet:-1, max-image-preview:large, max-video-preview:-1\" \/>\n<link rel=\"canonical\" href=\"https:\/\/www.looduspere.ee\/en\/product\/weleda-weleda-lavendli-kehaoli-100ml\/\" \/>\n<meta property=\"og:locale\" content=\"en_US\" \/>\n<meta property=\"og:type\" content=\"article\" \/>\n<meta property=\"og:title\" content=\"Weleda Lavendli keha\u00f5li 100ml - Looduspere Organic Shop\" \/>\n<meta property=\"og:description\" content=\"Soojendav lihasmassaa\u017e l\u00f5dvestava arnikaekstraktiga Keha\u00f5li, mida sobib kasutada nii enne kui p\u00e4rast kehalist tegevust v\u00f5i treeningut.\" \/>\n<meta property=\"og:url\" content=\"https:\/\/www.looduspere.ee\/en\/product\/weleda-weleda-lavendli-kehaoli-100ml\/\" \/>\n<meta property=\"og:site_name\" content=\"Looduspere Organic Shop\" \/>\n<meta property=\"article:publisher\" content=\"https:\/\/www.facebook.com\/loodusperepood\" \/>\n<meta property=\"article:modified_time\" content=\"2024-09-05T14:08:24+00:00\" \/>\n<meta property=\"og:image\" content=\"https:\/\/www.looduspere.ee\/wp-content\/uploads\/2024\/09\/weleda_lavendel_relaxing_body_oil_100ml.webp\" \/>\n\t<meta property=\"og:image:width\" content=\"694\" \/>\n\t<meta property=\"og:image:height\" content=\"694\" \/>\n\t<meta property=\"og:image:type\" content=\"image\/webp\" \/>\n<meta name=\"twitter:card\" content=\"summary_large_image\" \/>\n<meta name=\"twitter:label1\" content=\"Est. reading time\" \/>\n\t<meta name=\"twitter:data1\" content=\"2 minutes\" \/>\n<script type=\"application\/ld+json\" class=\"yoast-schema-graph\">{\"@context\":\"https:\\\/\\\/schema.org\",\"@graph\":[{\"@type\":\"WebPage\",\"@id\":\"https:\\\/\\\/www.looduspere.ee\\\/en\\\/product\\\/weleda-weleda-lavendli-kehaoli-100ml\\\/\",\"url\":\"https:\\\/\\\/www.looduspere.ee\\\/en\\\/product\\\/weleda-weleda-lavendli-kehaoli-100ml\\\/\",\"name\":\"Weleda Lavendli keha\u00f5li 100ml - Looduspere Organic Shop\",\"isPartOf\":{\"@id\":\"https:\\\/\\\/www.looduspere.ee\\\/#website\"},\"primaryImageOfPage\":{\"@id\":\"https:\\\/\\\/www.looduspere.ee\\\/en\\\/product\\\/weleda-weleda-lavendli-kehaoli-100ml\\\/#primaryimage\"},\"image\":{\"@id\":\"https:\\\/\\\/www.looduspere.ee\\\/en\\\/product\\\/weleda-weleda-lavendli-kehaoli-100ml\\\/#primaryimage\"},\"thumbnailUrl\":\"https:\\\/\\\/www.looduspere.ee\\\/wp-content\\\/uploads\\\/2024\\\/09\\\/weleda_lavendel_relaxing_body_oil_100ml.webp\",\"datePublished\":\"2023-09-04T11:38:50+00:00\",\"dateModified\":\"2024-09-05T14:08:24+00:00\",\"description\":\"Soojendav lihasmassaa\u017e l\u00f5dvestava arnikaekstraktiga Keha\u00f5li, mida sobib kasutada nii enne kui p\u00e4rast kehalist tegevust v\u00f5i treeningut.\",\"breadcrumb\":{\"@id\":\"https:\\\/\\\/www.looduspere.ee\\\/en\\\/product\\\/weleda-weleda-lavendli-kehaoli-100ml\\\/#breadcrumb\"},\"inLanguage\":\"en-US\",\"potentialAction\":[{\"@type\":\"ReadAction\",\"target\":[\"https:\\\/\\\/www.looduspere.ee\\\/en\\\/product\\\/weleda-weleda-lavendli-kehaoli-100ml\\\/\"]}]},{\"@type\":\"ImageObject\",\"inLanguage\":\"en-US\",\"@id\":\"https:\\\/\\\/www.looduspere.ee\\\/en\\\/product\\\/weleda-weleda-lavendli-kehaoli-100ml\\\/#primaryimage\",\"url\":\"https:\\\/\\\/www.looduspere.ee\\\/wp-content\\\/uploads\\\/2024\\\/09\\\/weleda_lavendel_relaxing_body_oil_100ml.webp\",\"contentUrl\":\"https:\\\/\\\/www.looduspere.ee\\\/wp-content\\\/uploads\\\/2024\\\/09\\\/weleda_lavendel_relaxing_body_oil_100ml.webp\",\"width\":694,\"height\":694},{\"@type\":\"BreadcrumbList\",\"@id\":\"https:\\\/\\\/www.looduspere.ee\\\/en\\\/product\\\/weleda-weleda-lavendli-kehaoli-100ml\\\/#breadcrumb\",\"itemListElement\":[{\"@type\":\"ListItem\",\"position\":1,\"name\":\"Home\",\"item\":\"https:\\\/\\\/www.looduspere.ee\\\/en\\\/\"},{\"@type\":\"ListItem\",\"position\":2,\"name\":\"Shop\",\"item\":\"https:\\\/\\\/www.looduspere.ee\\\/en\\\/shop\\\/\"},{\"@type\":\"ListItem\",\"position\":3,\"name\":\"Weleda Lavendli keha\u00f5li 100ml\"}]},{\"@type\":\"WebSite\",\"@id\":\"https:\\\/\\\/www.looduspere.ee\\\/#website\",\"url\":\"https:\\\/\\\/www.looduspere.ee\\\/\",\"name\":\"Looduspere \u00f6kopood\",\"description\":\"Healthy organic and natural products\",\"publisher\":{\"@id\":\"https:\\\/\\\/www.looduspere.ee\\\/#organization\"},\"alternateName\":\"Looduspere\",\"potentialAction\":[{\"@type\":\"SearchAction\",\"target\":{\"@type\":\"EntryPoint\",\"urlTemplate\":\"https:\\\/\\\/www.looduspere.ee\\\/?s={search_term_string}\"},\"query-input\":{\"@type\":\"PropertyValueSpecification\",\"valueRequired\":true,\"valueName\":\"search_term_string\"}}],\"inLanguage\":\"en-US\"},{\"@type\":\"Organization\",\"@id\":\"https:\\\/\\\/www.looduspere.ee\\\/#organization\",\"name\":\"Looduspere \u00f6kopood\",\"url\":\"https:\\\/\\\/www.looduspere.ee\\\/\",\"logo\":{\"@type\":\"ImageObject\",\"inLanguage\":\"en-US\",\"@id\":\"https:\\\/\\\/www.looduspere.ee\\\/#\\\/schema\\\/logo\\\/image\\\/\",\"url\":\"https:\\\/\\\/www.looduspere.ee\\\/wp-content\\\/uploads\\\/2025\\\/01\\\/340768897_1025251132216623_8613010291235268142_n.jpg\",\"contentUrl\":\"https:\\\/\\\/www.looduspere.ee\\\/wp-content\\\/uploads\\\/2025\\\/01\\\/340768897_1025251132216623_8613010291235268142_n.jpg\",\"width\":1045,\"height\":1045,\"caption\":\"Looduspere \u00f6kopood\"},\"image\":{\"@id\":\"https:\\\/\\\/www.looduspere.ee\\\/#\\\/schema\\\/logo\\\/image\\\/\"},\"sameAs\":[\"https:\\\/\\\/www.facebook.com\\\/loodusperepood\",\"https:\\\/\\\/www.instagram.com\\\/looduspere\\\/\"]}]}<\/script>\n<!-- \/ Yoast SEO plugin. -->","yoast_head_json":{"title":"Weleda Lavendli keha\u00f5li 100ml - Looduspere Organic Shop","description":"Soojendav lihasmassaa\u017e l\u00f5dvestava arnikaekstraktiga Keha\u00f5li, mida sobib kasutada nii enne kui p\u00e4rast kehalist tegevust v\u00f5i treeningut.","robots":{"index":"index","follow":"follow","max-snippet":"max-snippet:-1","max-image-preview":"max-image-preview:large","max-video-preview":"max-video-preview:-1"},"canonical":"https:\/\/www.looduspere.ee\/en\/product\/weleda-weleda-lavendli-kehaoli-100ml\/","og_locale":"en_US","og_type":"article","og_title":"Weleda Lavendli keha\u00f5li 100ml - Looduspere Organic Shop","og_description":"Soojendav lihasmassaa\u017e l\u00f5dvestava arnikaekstraktiga Keha\u00f5li, mida sobib kasutada nii enne kui p\u00e4rast kehalist tegevust v\u00f5i treeningut.","og_url":"https:\/\/www.looduspere.ee\/en\/product\/weleda-weleda-lavendli-kehaoli-100ml\/","og_site_name":"Looduspere Organic Shop","article_publisher":"https:\/\/www.facebook.com\/loodusperepood","article_modified_time":"2024-09-05T14:08:24+00:00","og_image":[{"width":694,"height":694,"url":"https:\/\/www.looduspere.ee\/wp-content\/uploads\/2024\/09\/weleda_lavendel_relaxing_body_oil_100ml.webp","type":"image\/webp"}],"twitter_card":"summary_large_image","twitter_misc":{"Est. reading time":"2 minutes"},"schema":{"@context":"https:\/\/schema.org","@graph":[{"@type":"WebPage","@id":"https:\/\/www.looduspere.ee\/en\/product\/weleda-weleda-lavendli-kehaoli-100ml\/","url":"https:\/\/www.looduspere.ee\/en\/product\/weleda-weleda-lavendli-kehaoli-100ml\/","name":"Weleda Lavendli keha\u00f5li 100ml - Looduspere Organic Shop","isPartOf":{"@id":"https:\/\/www.looduspere.ee\/#website"},"primaryImageOfPage":{"@id":"https:\/\/www.looduspere.ee\/en\/product\/weleda-weleda-lavendli-kehaoli-100ml\/#primaryimage"},"image":{"@id":"https:\/\/www.looduspere.ee\/en\/product\/weleda-weleda-lavendli-kehaoli-100ml\/#primaryimage"},"thumbnailUrl":"https:\/\/www.looduspere.ee\/wp-content\/uploads\/2024\/09\/weleda_lavendel_relaxing_body_oil_100ml.webp","datePublished":"2023-09-04T11:38:50+00:00","dateModified":"2024-09-05T14:08:24+00:00","description":"Soojendav lihasmassaa\u017e l\u00f5dvestava arnikaekstraktiga Keha\u00f5li, mida sobib kasutada nii enne kui p\u00e4rast kehalist tegevust v\u00f5i treeningut.","breadcrumb":{"@id":"https:\/\/www.looduspere.ee\/en\/product\/weleda-weleda-lavendli-kehaoli-100ml\/#breadcrumb"},"inLanguage":"en-US","potentialAction":[{"@type":"ReadAction","target":["https:\/\/www.looduspere.ee\/en\/product\/weleda-weleda-lavendli-kehaoli-100ml\/"]}]},{"@type":"ImageObject","inLanguage":"en-US","@id":"https:\/\/www.looduspere.ee\/en\/product\/weleda-weleda-lavendli-kehaoli-100ml\/#primaryimage","url":"https:\/\/www.looduspere.ee\/wp-content\/uploads\/2024\/09\/weleda_lavendel_relaxing_body_oil_100ml.webp","contentUrl":"https:\/\/www.looduspere.ee\/wp-content\/uploads\/2024\/09\/weleda_lavendel_relaxing_body_oil_100ml.webp","width":694,"height":694},{"@type":"BreadcrumbList","@id":"https:\/\/www.looduspere.ee\/en\/product\/weleda-weleda-lavendli-kehaoli-100ml\/#breadcrumb","itemListElement":[{"@type":"ListItem","position":1,"name":"Home","item":"https:\/\/www.looduspere.ee\/en\/"},{"@type":"ListItem","position":2,"name":"Shop","item":"https:\/\/www.looduspere.ee\/en\/shop\/"},{"@type":"ListItem","position":3,"name":"Weleda Lavendli keha\u00f5li 100ml"}]},{"@type":"WebSite","@id":"https:\/\/www.looduspere.ee\/#website","url":"https:\/\/www.looduspere.ee\/","name":"Looduspere \u00f6kopood","description":"Healthy organic and natural products","publisher":{"@id":"https:\/\/www.looduspere.ee\/#organization"},"alternateName":"Looduspere","potentialAction":[{"@type":"SearchAction","target":{"@type":"EntryPoint","urlTemplate":"https:\/\/www.looduspere.ee\/?s={search_term_string}"},"query-input":{"@type":"PropertyValueSpecification","valueRequired":true,"valueName":"search_term_string"}}],"inLanguage":"en-US"},{"@type":"Organization","@id":"https:\/\/www.looduspere.ee\/#organization","name":"Looduspere \u00f6kopood","url":"https:\/\/www.looduspere.ee\/","logo":{"@type":"ImageObject","inLanguage":"en-US","@id":"https:\/\/www.looduspere.ee\/#\/schema\/logo\/image\/","url":"https:\/\/www.looduspere.ee\/wp-content\/uploads\/2025\/01\/340768897_1025251132216623_8613010291235268142_n.jpg","contentUrl":"https:\/\/www.looduspere.ee\/wp-content\/uploads\/2025\/01\/340768897_1025251132216623_8613010291235268142_n.jpg","width":1045,"height":1045,"caption":"Looduspere \u00f6kopood"},"image":{"@id":"https:\/\/www.looduspere.ee\/#\/schema\/logo\/image\/"},"sameAs":["https:\/\/www.facebook.com\/loodusperepood","https:\/\/www.instagram.com\/looduspere\/"]}]}},"_links":{"self":[{"href":"https:\/\/www.looduspere.ee\/en\/wp-json\/wp\/v2\/product\/187346","targetHints":{"allow":["GET"]}}],"collection":[{"href":"https:\/\/www.looduspere.ee\/en\/wp-json\/wp\/v2\/product"}],"about":[{"href":"https:\/\/www.looduspere.ee\/en\/wp-json\/wp\/v2\/types\/product"}],"replies":[{"embeddable":true,"href":"https:\/\/www.looduspere.ee\/en\/wp-json\/wp\/v2\/comments?post=187346"}],"wp:featuredmedia":[{"embeddable":true,"href":"https:\/\/www.looduspere.ee\/en\/wp-json\/wp\/v2\/media\/187349"}],"wp:attachment":[{"href":"https:\/\/www.looduspere.ee\/en\/wp-json\/wp\/v2\/media?parent=187346"}],"wp:term":[{"taxonomy":"product_cat","embeddable":true,"href":"https:\/\/www.looduspere.ee\/en\/wp-json\/wp\/v2\/product_cat?post=187346"},{"taxonomy":"product_tag","embeddable":true,"href":"https:\/\/www.looduspere.ee\/en\/wp-json\/wp\/v2\/product_tag?post=187346"}],"curies":[{"name":"wp","href":"https:\/\/api.w.org\/{rel}","templated":true}]}}