{"id":177779,"date":"2023-01-22T07:55:36","date_gmt":"2023-01-22T05:55:36","guid":{"rendered":"https:\/\/www.looduspere.ee\/?post_type=product&#038;p=177779"},"modified":"2023-06-15T11:35:18","modified_gmt":"2023-06-15T08:35:18","slug":"sonnentor-rukolaseemned-idandamiseks-120g","status":"publish","type":"product","link":"https:\/\/www.looduspere.ee\/en\/product\/sonnentor-rukolaseemned-idandamiseks-120g\/","title":{"rendered":"Sonnentor Rukolaseemned idandamiseks 120g"},"content":{"rendered":"<h5>P\u00e4rit mahep\u00f5llundusest. Sobivad idandamiseks.<\/h5>\n<p>V\u00fcrtsikad rukolaseemned sobivad h\u00e4sti salatitesse, dipikastmetesse, m\u00e4\u00e4retesse, v\u00f5ileivale. Rukola v\u00f5rsed on tugevamaitselised, sobivad h\u00e4sti liha- ja k\u00f6\u00f6giviljatoitude k\u00f5rvale, samuti suppidele ja salatitele krehvtise n\u00fcansi lisamiseks. Seemnete leotamine pole vajalik. Idandamisaeg 4-6 p\u00e4eva. Ideaalne temperatuur 18-20\u00b0C. Loputada 2 korda p\u00e4evas.<\/p>\n<p>Idanenud seemnetes, idudes ja v\u00f5rsetes on olemas k\u00f5ik toitained, mida elusorganism vajab, kusjuures kergesti omastataval kujul ning ilma \u00fchegi konservandita. Kasvavad idandid pakuvad silmar\u00f5\u00f5mu oma reipa v\u00e4limusega, nad s\u00fcmboliseerivad eluj\u00f5udu ning lisavad ka s\u00fcdatalvel usku kunagi ikka saabuvasse kevadesse. K\u00f5igele lisaks on idandid ka \u00fcsna maitsvad ning enamikust esmaproovijatest saavad veendunud idus\u00f6\u00f6jad.<\/p>\n<p>Erinevate taimede idude toiduks tarvitamine v\u00f5imaldab tagada organismile vajalikud ained s\u00f5ltumatult aastaajast. Idud kujutavad endast looduslikku kontsentraati vitamiinidest, fermentidest, mineraalainetest ja kergesti omastavatest valkudest ning s\u00fcsivesinikest. Idanenud tera stimuleerib organismi isepuhastumis- ja taastumisv\u00f5imet, mis on leidnud juba t\u00f5estamist.<\/p>\n<h5>IDANDITE RAVIOMADUSED<\/h5>\n<p>Idude tarvitamine toiduks aitab ravida ka mitmesuguseid haigusi. Siin pole mingit saladust \u2013 idude elus energia stimuleerib organismi sisemisi j\u00f5ude. Peale selle, idud ei ole toksilised ja harva on neil ka k\u00f5rvalm\u00f5jusid, erinevalt ravimpreparaatidest. Kasutades k\u00f5iki kolme oma \u201eliikumapanevat j\u00f5udu\u201d (koostist, energiat ja informatsiooniv\u00e4lja), on idud v\u00f5imelised saavutama haiguste \u00fcle v\u00f5itu. Elus toit annab inimesele palju suurema energiavoo kui lihtsalt teravili. See on sellep\u00e4rast, et idanemise protsessis terades olev eluenergia on palju aktiivsem.<\/p>\n<p>Tarvitades toiduks idandeid, v\u00f5imaldab see stimuleerida organismi immuuns\u00fcsteemi. Idandid \u2013 see on toit, mis on salvestanud endasse p\u00e4ikeseenergiat, see on \u201ep\u00e4ikese vitamiinide\u201d akumulaator, see on inimesele ideaalne \u201ek\u00fctus\u201d, k\u00fctus, mis p\u00f5letab k\u00f5ik organismis oleva liigse, haige ja kasutu. Idandid ravivad kogu organismi tervikuna, kuna nende s\u00fcstemaatilisel tarvitamisel toimuvad organismis uuenemisprotsessid, kulunud rakkude asendamine.<br \/>\nMitte v\u00e4hem kasulikult m\u00f5jub inimesele\u00a0 idandite informatsiooniv\u00e4li. Organism saab idandite tarvitamisel toiduks noort, tervet, mutatsioonidest kahjustamata materjali. Idandid, mida ei ole t\u00f6\u00f6deldud ei keemiliselt ega termiliselt, kannavad endas tervet informatsiooni, mis saadud emakeselt-looduselt. See informatsioonilaeng m\u00f5jutab inimese informatsiooniv\u00e4lja, toetades ja tugevdades teda heas, r\u00f5\u00f5msas ja elujaatavas h\u00e4\u00e4lestuses.<\/p>\n<p>Idandeid endid, kui on vaja pidurdada nende kasvu, v\u00f5ib hoida ajutiselt k\u00fclmikus kuni teistkordse leotamiseni ja kasutamiseni.<\/p>\n<h5>Toored idandid:<\/h5>\n<p>\u2022 t\u00f5stavad immuunsust<br \/>\n\u2022 reguleerivad ja taastavad organismi eluliselt t\u00e4htsaid funktsioone<br \/>\n\u2022 stabiliseerivad ja noorendavad k\u00f5iki organismi s\u00fcsteeme: n\u00e4rvi-, endokrinoloogilisi-, verevarustus-, l\u00fcmfi-, seede-, hingamis- , eritus- , termoregulatsiooni- , tugi-ja liikumis- , paljunemis- jne.<br \/>\n\u2022 kergelt, ilma organismi j\u00f5utagavarade pingutusteta puhastavad nad meid mitte ainult kudede, vaid ka rakkude j\u00e4\u00e4kidest ja isegi patogeensetest ja organismile mitteomastest moodustistest.<br \/>\n\u2022 rikastavad hapnikuga verd<br \/>\n\u2022 viivad organismist v\u00e4lja rakkude j\u00e4\u00e4kprodukte, m\u00fcrke, liigset kolesterooli, mitteorgaanilisi ja teisi kahjulikke aineid, teevad kahjutuks mutageene, mis on organismi sattunud<br \/>\n\u2022 aitavad ravida paha- ja healoomulisi kasvajaid (eriti nisu idandid).<\/p>\n<p>Loe <a href=\"https:\/\/www.looduspere.ee\/blogi\/idandamine\/\" target=\"_blank\" rel=\"noopener\">idandamise<\/a> kohta meie blogist<\/p>\n<p>\u00fchikuhind 10,40 \u20ac\/1KG<\/p>\n","protected":false},"excerpt":{"rendered":"<p>P\u00e4rit mahep\u00f5llundusest. Sobivad idandamiseks. V\u00fcrtsikad rukolaseemned sobivad h\u00e4sti salatitesse, dipikastmetesse, m\u00e4\u00e4retesse, v\u00f5ileivale. Rukola v\u00f5rsed on tugevamaitselised, sobivad h\u00e4sti liha- ja k\u00f6\u00f6giviljatoitude k\u00f5rvale, samuti suppidele ja salatitele krehvtise n\u00fcansi lisamiseks. Seemnete leotamine pole vajalik. Idandamisaeg 4-6 p\u00e4eva. Ideaalne temperatuur 18-20\u00b0C. Loputada 2 korda p\u00e4evas. Idanenud seemnetes, idudes ja v\u00f5rsetes on olemas k\u00f5ik toitained, mida elusorganism vajab, kusjuures kergesti omastataval kujul ning&hellip;<\/p>\n","protected":false},"featured_media":177782,"comment_status":"open","ping_status":"closed","template":"","meta":[],"product_cat":[],"product_tag":[],"class_list":{"0":"post-177779","1":"product","2":"type-product","3":"status-publish","4":"has-post-thumbnail","7":"first","8":"instock","9":"purchasable","10":"product-type-simple","11":"col-xs-6 col-sm-4","12":"col-md-3 col-lg-3","13":"un-4-cols"},"yoast_head":"<!-- This site is optimized with the Yoast SEO plugin v27.4 - https:\/\/yoast.com\/product\/yoast-seo-wordpress\/ -->\n<title>Sonnentor Rukolaseemned idandamiseks 120g - Looduspere Organic Shop<\/title>\n<meta name=\"description\" content=\"Idanenud seemnetes, idudes ja v\u00f5rsetes on olemas k\u00f5ik toitained, mida elusorganism vajab, kusjuures kergesti omastataval kujul ning ilma \u00fchegi konservandita.\" \/>\n<meta name=\"robots\" content=\"index, follow, max-snippet:-1, max-image-preview:large, max-video-preview:-1\" \/>\n<link rel=\"canonical\" href=\"https:\/\/www.looduspere.ee\/en\/product\/sonnentor-rukolaseemned-idandamiseks-120g\/\" \/>\n<meta property=\"og:locale\" content=\"en_US\" \/>\n<meta property=\"og:type\" content=\"article\" \/>\n<meta property=\"og:title\" content=\"Sonnentor Rukolaseemned idandamiseks 120g - Looduspere Organic Shop\" \/>\n<meta property=\"og:description\" content=\"Idanenud seemnetes, idudes ja v\u00f5rsetes on olemas k\u00f5ik toitained, mida elusorganism vajab, kusjuures kergesti omastataval kujul ning ilma \u00fchegi konservandita.\" \/>\n<meta property=\"og:url\" content=\"https:\/\/www.looduspere.ee\/en\/product\/sonnentor-rukolaseemned-idandamiseks-120g\/\" \/>\n<meta property=\"og:site_name\" content=\"Looduspere Organic Shop\" \/>\n<meta property=\"article:publisher\" content=\"https:\/\/www.facebook.com\/loodusperepood\" \/>\n<meta property=\"article:modified_time\" content=\"2023-06-15T08:35:18+00:00\" \/>\n<meta property=\"og:image\" content=\"https:\/\/www.looduspere.ee\/wp-content\/uploads\/2023\/03\/Sonnentor-rukola-600x600-1.jpg\" \/>\n\t<meta property=\"og:image:width\" content=\"600\" \/>\n\t<meta property=\"og:image:height\" content=\"600\" \/>\n\t<meta property=\"og:image:type\" content=\"image\/jpeg\" \/>\n<meta name=\"twitter:card\" content=\"summary_large_image\" \/>\n<meta name=\"twitter:label1\" content=\"Est. reading time\" \/>\n\t<meta name=\"twitter:data1\" content=\"2 minutes\" \/>\n<script type=\"application\/ld+json\" class=\"yoast-schema-graph\">{\"@context\":\"https:\\\/\\\/schema.org\",\"@graph\":[{\"@type\":\"WebPage\",\"@id\":\"https:\\\/\\\/www.looduspere.ee\\\/en\\\/product\\\/sonnentor-rukolaseemned-idandamiseks-120g\\\/\",\"url\":\"https:\\\/\\\/www.looduspere.ee\\\/en\\\/product\\\/sonnentor-rukolaseemned-idandamiseks-120g\\\/\",\"name\":\"Sonnentor Rukolaseemned idandamiseks 120g - Looduspere Organic Shop\",\"isPartOf\":{\"@id\":\"https:\\\/\\\/www.looduspere.ee\\\/#website\"},\"primaryImageOfPage\":{\"@id\":\"https:\\\/\\\/www.looduspere.ee\\\/en\\\/product\\\/sonnentor-rukolaseemned-idandamiseks-120g\\\/#primaryimage\"},\"image\":{\"@id\":\"https:\\\/\\\/www.looduspere.ee\\\/en\\\/product\\\/sonnentor-rukolaseemned-idandamiseks-120g\\\/#primaryimage\"},\"thumbnailUrl\":\"https:\\\/\\\/www.looduspere.ee\\\/wp-content\\\/uploads\\\/2023\\\/03\\\/Sonnentor-rukola-600x600-1.jpg\",\"datePublished\":\"2023-01-22T05:55:36+00:00\",\"dateModified\":\"2023-06-15T08:35:18+00:00\",\"description\":\"Idanenud seemnetes, idudes ja v\u00f5rsetes on olemas k\u00f5ik toitained, mida elusorganism vajab, kusjuures kergesti omastataval kujul ning ilma \u00fchegi konservandita.\",\"breadcrumb\":{\"@id\":\"https:\\\/\\\/www.looduspere.ee\\\/en\\\/product\\\/sonnentor-rukolaseemned-idandamiseks-120g\\\/#breadcrumb\"},\"inLanguage\":\"en-US\",\"potentialAction\":[{\"@type\":\"ReadAction\",\"target\":[\"https:\\\/\\\/www.looduspere.ee\\\/en\\\/product\\\/sonnentor-rukolaseemned-idandamiseks-120g\\\/\"]}]},{\"@type\":\"ImageObject\",\"inLanguage\":\"en-US\",\"@id\":\"https:\\\/\\\/www.looduspere.ee\\\/en\\\/product\\\/sonnentor-rukolaseemned-idandamiseks-120g\\\/#primaryimage\",\"url\":\"https:\\\/\\\/www.looduspere.ee\\\/wp-content\\\/uploads\\\/2023\\\/03\\\/Sonnentor-rukola-600x600-1.jpg\",\"contentUrl\":\"https:\\\/\\\/www.looduspere.ee\\\/wp-content\\\/uploads\\\/2023\\\/03\\\/Sonnentor-rukola-600x600-1.jpg\",\"width\":600,\"height\":600},{\"@type\":\"BreadcrumbList\",\"@id\":\"https:\\\/\\\/www.looduspere.ee\\\/en\\\/product\\\/sonnentor-rukolaseemned-idandamiseks-120g\\\/#breadcrumb\",\"itemListElement\":[{\"@type\":\"ListItem\",\"position\":1,\"name\":\"Home\",\"item\":\"https:\\\/\\\/www.looduspere.ee\\\/en\\\/\"},{\"@type\":\"ListItem\",\"position\":2,\"name\":\"Shop\",\"item\":\"https:\\\/\\\/www.looduspere.ee\\\/en\\\/shop\\\/\"},{\"@type\":\"ListItem\",\"position\":3,\"name\":\"Sonnentor Rukolaseemned idandamiseks 120g\"}]},{\"@type\":\"WebSite\",\"@id\":\"https:\\\/\\\/www.looduspere.ee\\\/#website\",\"url\":\"https:\\\/\\\/www.looduspere.ee\\\/\",\"name\":\"Looduspere \u00f6kopood\",\"description\":\"Healthy organic and natural products\",\"publisher\":{\"@id\":\"https:\\\/\\\/www.looduspere.ee\\\/#organization\"},\"alternateName\":\"Looduspere\",\"potentialAction\":[{\"@type\":\"SearchAction\",\"target\":{\"@type\":\"EntryPoint\",\"urlTemplate\":\"https:\\\/\\\/www.looduspere.ee\\\/?s={search_term_string}\"},\"query-input\":{\"@type\":\"PropertyValueSpecification\",\"valueRequired\":true,\"valueName\":\"search_term_string\"}}],\"inLanguage\":\"en-US\"},{\"@type\":\"Organization\",\"@id\":\"https:\\\/\\\/www.looduspere.ee\\\/#organization\",\"name\":\"Looduspere \u00f6kopood\",\"url\":\"https:\\\/\\\/www.looduspere.ee\\\/\",\"logo\":{\"@type\":\"ImageObject\",\"inLanguage\":\"en-US\",\"@id\":\"https:\\\/\\\/www.looduspere.ee\\\/#\\\/schema\\\/logo\\\/image\\\/\",\"url\":\"https:\\\/\\\/www.looduspere.ee\\\/wp-content\\\/uploads\\\/2025\\\/01\\\/340768897_1025251132216623_8613010291235268142_n.jpg\",\"contentUrl\":\"https:\\\/\\\/www.looduspere.ee\\\/wp-content\\\/uploads\\\/2025\\\/01\\\/340768897_1025251132216623_8613010291235268142_n.jpg\",\"width\":1045,\"height\":1045,\"caption\":\"Looduspere \u00f6kopood\"},\"image\":{\"@id\":\"https:\\\/\\\/www.looduspere.ee\\\/#\\\/schema\\\/logo\\\/image\\\/\"},\"sameAs\":[\"https:\\\/\\\/www.facebook.com\\\/loodusperepood\",\"https:\\\/\\\/www.instagram.com\\\/looduspere\\\/\"]}]}<\/script>\n<!-- \/ Yoast SEO plugin. -->","yoast_head_json":{"title":"Sonnentor Rukolaseemned idandamiseks 120g - Looduspere Organic Shop","description":"Idanenud seemnetes, idudes ja v\u00f5rsetes on olemas k\u00f5ik toitained, mida elusorganism vajab, kusjuures kergesti omastataval kujul ning ilma \u00fchegi konservandita.","robots":{"index":"index","follow":"follow","max-snippet":"max-snippet:-1","max-image-preview":"max-image-preview:large","max-video-preview":"max-video-preview:-1"},"canonical":"https:\/\/www.looduspere.ee\/en\/product\/sonnentor-rukolaseemned-idandamiseks-120g\/","og_locale":"en_US","og_type":"article","og_title":"Sonnentor Rukolaseemned idandamiseks 120g - Looduspere Organic Shop","og_description":"Idanenud seemnetes, idudes ja v\u00f5rsetes on olemas k\u00f5ik toitained, mida elusorganism vajab, kusjuures kergesti omastataval kujul ning ilma \u00fchegi konservandita.","og_url":"https:\/\/www.looduspere.ee\/en\/product\/sonnentor-rukolaseemned-idandamiseks-120g\/","og_site_name":"Looduspere Organic Shop","article_publisher":"https:\/\/www.facebook.com\/loodusperepood","article_modified_time":"2023-06-15T08:35:18+00:00","og_image":[{"width":600,"height":600,"url":"https:\/\/www.looduspere.ee\/wp-content\/uploads\/2023\/03\/Sonnentor-rukola-600x600-1.jpg","type":"image\/jpeg"}],"twitter_card":"summary_large_image","twitter_misc":{"Est. reading time":"2 minutes"},"schema":{"@context":"https:\/\/schema.org","@graph":[{"@type":"WebPage","@id":"https:\/\/www.looduspere.ee\/en\/product\/sonnentor-rukolaseemned-idandamiseks-120g\/","url":"https:\/\/www.looduspere.ee\/en\/product\/sonnentor-rukolaseemned-idandamiseks-120g\/","name":"Sonnentor Rukolaseemned idandamiseks 120g - Looduspere Organic Shop","isPartOf":{"@id":"https:\/\/www.looduspere.ee\/#website"},"primaryImageOfPage":{"@id":"https:\/\/www.looduspere.ee\/en\/product\/sonnentor-rukolaseemned-idandamiseks-120g\/#primaryimage"},"image":{"@id":"https:\/\/www.looduspere.ee\/en\/product\/sonnentor-rukolaseemned-idandamiseks-120g\/#primaryimage"},"thumbnailUrl":"https:\/\/www.looduspere.ee\/wp-content\/uploads\/2023\/03\/Sonnentor-rukola-600x600-1.jpg","datePublished":"2023-01-22T05:55:36+00:00","dateModified":"2023-06-15T08:35:18+00:00","description":"Idanenud seemnetes, idudes ja v\u00f5rsetes on olemas k\u00f5ik toitained, mida elusorganism vajab, kusjuures kergesti omastataval kujul ning ilma \u00fchegi konservandita.","breadcrumb":{"@id":"https:\/\/www.looduspere.ee\/en\/product\/sonnentor-rukolaseemned-idandamiseks-120g\/#breadcrumb"},"inLanguage":"en-US","potentialAction":[{"@type":"ReadAction","target":["https:\/\/www.looduspere.ee\/en\/product\/sonnentor-rukolaseemned-idandamiseks-120g\/"]}]},{"@type":"ImageObject","inLanguage":"en-US","@id":"https:\/\/www.looduspere.ee\/en\/product\/sonnentor-rukolaseemned-idandamiseks-120g\/#primaryimage","url":"https:\/\/www.looduspere.ee\/wp-content\/uploads\/2023\/03\/Sonnentor-rukola-600x600-1.jpg","contentUrl":"https:\/\/www.looduspere.ee\/wp-content\/uploads\/2023\/03\/Sonnentor-rukola-600x600-1.jpg","width":600,"height":600},{"@type":"BreadcrumbList","@id":"https:\/\/www.looduspere.ee\/en\/product\/sonnentor-rukolaseemned-idandamiseks-120g\/#breadcrumb","itemListElement":[{"@type":"ListItem","position":1,"name":"Home","item":"https:\/\/www.looduspere.ee\/en\/"},{"@type":"ListItem","position":2,"name":"Shop","item":"https:\/\/www.looduspere.ee\/en\/shop\/"},{"@type":"ListItem","position":3,"name":"Sonnentor Rukolaseemned idandamiseks 120g"}]},{"@type":"WebSite","@id":"https:\/\/www.looduspere.ee\/#website","url":"https:\/\/www.looduspere.ee\/","name":"Looduspere \u00f6kopood","description":"Healthy organic and natural products","publisher":{"@id":"https:\/\/www.looduspere.ee\/#organization"},"alternateName":"Looduspere","potentialAction":[{"@type":"SearchAction","target":{"@type":"EntryPoint","urlTemplate":"https:\/\/www.looduspere.ee\/?s={search_term_string}"},"query-input":{"@type":"PropertyValueSpecification","valueRequired":true,"valueName":"search_term_string"}}],"inLanguage":"en-US"},{"@type":"Organization","@id":"https:\/\/www.looduspere.ee\/#organization","name":"Looduspere \u00f6kopood","url":"https:\/\/www.looduspere.ee\/","logo":{"@type":"ImageObject","inLanguage":"en-US","@id":"https:\/\/www.looduspere.ee\/#\/schema\/logo\/image\/","url":"https:\/\/www.looduspere.ee\/wp-content\/uploads\/2025\/01\/340768897_1025251132216623_8613010291235268142_n.jpg","contentUrl":"https:\/\/www.looduspere.ee\/wp-content\/uploads\/2025\/01\/340768897_1025251132216623_8613010291235268142_n.jpg","width":1045,"height":1045,"caption":"Looduspere \u00f6kopood"},"image":{"@id":"https:\/\/www.looduspere.ee\/#\/schema\/logo\/image\/"},"sameAs":["https:\/\/www.facebook.com\/loodusperepood","https:\/\/www.instagram.com\/looduspere\/"]}]}},"_links":{"self":[{"href":"https:\/\/www.looduspere.ee\/en\/wp-json\/wp\/v2\/product\/177779","targetHints":{"allow":["GET"]}}],"collection":[{"href":"https:\/\/www.looduspere.ee\/en\/wp-json\/wp\/v2\/product"}],"about":[{"href":"https:\/\/www.looduspere.ee\/en\/wp-json\/wp\/v2\/types\/product"}],"replies":[{"embeddable":true,"href":"https:\/\/www.looduspere.ee\/en\/wp-json\/wp\/v2\/comments?post=177779"}],"wp:featuredmedia":[{"embeddable":true,"href":"https:\/\/www.looduspere.ee\/en\/wp-json\/wp\/v2\/media\/177782"}],"wp:attachment":[{"href":"https:\/\/www.looduspere.ee\/en\/wp-json\/wp\/v2\/media?parent=177779"}],"wp:term":[{"taxonomy":"product_cat","embeddable":true,"href":"https:\/\/www.looduspere.ee\/en\/wp-json\/wp\/v2\/product_cat?post=177779"},{"taxonomy":"product_tag","embeddable":true,"href":"https:\/\/www.looduspere.ee\/en\/wp-json\/wp\/v2\/product_tag?post=177779"}],"curies":[{"name":"wp","href":"https:\/\/api.w.org\/{rel}","templated":true}]}}