{"id":30105,"date":"2014-08-07T10:11:38","date_gmt":"2014-08-07T07:11:38","guid":{"rendered":"http:\/\/www.looduspere.ee\/?page_id=30105"},"modified":"2014-08-07T10:12:16","modified_gmt":"2014-08-07T07:12:16","slug":"discount-cards","status":"publish","type":"page","link":"https:\/\/www.looduspere.ee\/en\/contact\/discount-cards\/","title":{"rendered":"Discount cards"},"content":{"rendered":"<p style=\"color: #000000;\"><strong>Swedbank Seeniorkaart<\/strong><\/p>\n<ul>\n<li>\u00a0 \u00a0 Seeniorkaardiga maksmisel\u00a0Looduspere poodides t\u00e4iskasvanute soe pesu -10% ja k\u00f5ik \u00fclej\u00e4\u00e4nud kaubad -5%.<\/li>\n<li>\u00a0 \u00a0 Seeniorkaardisoodustusele ei lisandu Looduspere s\u00f5brakaardisoodustused.<\/li>\n<li>\u00a0 \u00a0 Kui kliendil on nii Looduspere s\u00f5brakaart kui ka Seeniorkaart, siis on tal v\u00f5imalik valida, kumba sooduskaarti kasutada. Korraga saab kasutada vaid \u00fchte sooduskaarti.<\/li>\n<\/ul>\n<p style=\"color: #000000;\">Teadmiseks, et Swedbanki Seeniorkaart on maksekaart, mida pank pakub 60-aastastele ja eakamatele inimestele. Swedbanki seeniorpakkumine sisaldab lisaks koost\u00f6\u00f6partnerite juures soodustusi pakkuvale seeniori pangakaardile soodushinnaga pangateenuseid ning n\u00f5ustamisteenust. Seeniorpakkumine on osa\u00a0Swedbanki pikaajalisest eesm\u00e4rgist p\u00f6\u00f6rata senisest enam t\u00e4helepanu eakatele inimestele ja nende v\u00f5imaluste laiendamisele.<\/p>\n<p style=\"color: #000000;\"><a href=\"https:\/\/www.looduspere.ee\/wp-content\/uploads\/2014\/07\/banner430x180_est.jpg\"><img decoding=\"async\" class=\"alignnone size-full wp-image-28728\" src=\"https:\/\/www.looduspere.ee\/wp-content\/uploads\/2014\/07\/banner430x180_est.jpg\" alt=\"banner430x180_est\" width=\"300\" height=\"126\" \/><\/a><\/p>\n<p><strong>Kodukaart<\/strong><\/p>\n<ul>\n<li>\u00a0 \u00a0 Kodukaardi etten\u00e4itamisel Looduspere kauplustes kodupuhastusvahenditele soodustus -10%, muud kaubad -5%.<\/li>\n<li>\u00a0 \u00a0 Kodukaardisoodustusele ei lisandu Looduspere s\u00f5brakaardisoodustused.<\/li>\n<li>\u00a0 \u00a0 Kui kliendil on nii Looduspere S\u00f5brakaart kui ka Kodukaart, siis on tal v\u00f5imalik valida, kumba sooduskaarti kasutada. Korraga saab kasutada vaid \u00fchte sooduskaarti.<\/li>\n<\/ul>\n<p><a href=\"https:\/\/www.looduspere.ee\/wp-content\/uploads\/2014\/07\/kodukaart.jpg\"><img decoding=\"async\" class=\"alignnone size-full wp-image-28729\" src=\"https:\/\/www.looduspere.ee\/wp-content\/uploads\/2014\/07\/kodukaart.jpg\" alt=\"kodukaart\" width=\"154\" height=\"109\" \/><\/a><\/p>\n<p style=\"color: #000000;\"><strong>SWEDBANKI NOORTE- V\u00d5I TUDENGIKAART<\/strong><\/p>\n<ul>\n<li>\u00a0 \u00a0 Sooduskaardiga\u00a0maksmisel Looduspere kauplustes Lavera ja Natracare tooted -10%, \u00fclej\u00e4\u00e4nud kaubad -5%.<\/li>\n<li>\u00a0 \u00a0 Kampaania pakkumised<\/li>\n<\/ul>\n<p><a href=\"https:\/\/www.looduspere.ee\/wp-content\/uploads\/2014\/07\/tudengi_mc.jpg\"><img decoding=\"async\" class=\"alignnone size-full wp-image-28730\" src=\"https:\/\/www.looduspere.ee\/wp-content\/uploads\/2014\/07\/tudengi_mc.jpg\" alt=\"tudengi_mc\" width=\"172\" height=\"103\" \/><\/a> <a href=\"https:\/\/www.looduspere.ee\/wp-content\/uploads\/2014\/07\/Noortekaart-Maestro-DK-uus.jpg\"><img decoding=\"async\" class=\"alignnone size-medium wp-image-28731\" src=\"https:\/\/www.looduspere.ee\/wp-content\/uploads\/2014\/07\/Noortekaart-Maestro-DK-uus.jpg\" alt=\"Noortekaart Maestro DK (uus)\" width=\"140\" height=\"220\" \/><\/a><\/p>\n<p style=\"color: #000000;\"><strong>Looduspere S\u00f5brakaart<\/strong><\/p>\n<p style=\"color: #000000;\">\u00a0\u00a0\u00a0 *\u00a0Nimetu ja t\u00e4htajatu Looduspere kliendikaart, mis kehtib Looduspere poodides selle etten\u00e4itamisel.<br \/>\n*\u00a0Annab \u00f5iguse Looduspere poodides k\u00f5igilt tavahinnaga m\u00fc\u00fcgil olevatelt kaupadelt saada 5% allahindlust ja s\u00f5brapakkumises olevaid kaupu s\u00f5brahinnaga. S\u00f5brapakkumistest informeerime kliente igakuiselt e-uudiskirjaga (v\u00f5imalik liituda avalehel).<br \/>\n*\u00a0Hakkab kehtima koheselt.<br \/>\n* M\u00fc\u00fcgil k\u00f5igis meie poodides ja maksab\u00a03,19 eurot.<\/p>\n<p style=\"color: #000000;\">*K\u00fcsi ka meie templikaarti, nii saab iga 5. ostu puhul 10% allahindlust!<\/p>\n<p style=\"color: #000000;\">NB! S\u00f5brapakkumistele ja l\u00f5pum\u00fc\u00fcgis olevatele kaupadele s\u00f5brakaardi tavasoodustus 5% ei lisandu.<br \/>\nNB! Kaardi kadumisel pakume Teile v\u00f5imalust osta uus kaart.<\/p>\n<p style=\"color: #000000;\"><a href=\"https:\/\/www.looduspere.ee\/wp-content\/uploads\/2014\/07\/kaart050809-1.jpg\"><img decoding=\"async\" class=\"alignnone size-full wp-image-28733\" src=\"https:\/\/www.looduspere.ee\/wp-content\/uploads\/2014\/07\/kaart050809-1.jpg\" alt=\"kaart050809-1\" width=\"150\" height=\"220\" \/><\/a><\/p>\n<p style=\"color: #000000;\"><strong>ISIC, ITIC kaardid<\/strong><\/p>\n<p style=\"color: #000000;\"><a href=\"https:\/\/www.looduspere.ee\/wp-content\/uploads\/2014\/07\/ITIC.jpg\"><img decoding=\"async\" class=\"alignnone size-medium wp-image-28735\" src=\"https:\/\/www.looduspere.ee\/wp-content\/uploads\/2014\/07\/ISIC.jpg\" alt=\"ISIC\" width=\"200\" height=\"132\" \/><img decoding=\"async\" class=\"alignnone size-full wp-image-28734\" src=\"https:\/\/www.looduspere.ee\/wp-content\/uploads\/2014\/07\/ITIC.jpg\" alt=\"ITIC\" width=\"200\" height=\"126\" \/><\/a><\/p>\n<ul>\n<li>Kaardi etten\u00e4itamisel Looduspere kauplustes ALVA kosmeetika sarja tooted ja k\u00f5ik juuksev\u00e4rvid -10%, muud kaubad -5%.<\/li>\n<li>Kaardisoodustusele ei lisandu Looduspere s\u00f5brakaardisoodustused.<\/li>\n<\/ul>\n","protected":false},"excerpt":{"rendered":"<p>Swedbank Seeniorkaart \u00a0 \u00a0 Seeniorkaardiga maksmisel\u00a0Looduspere poodides t\u00e4iskasvanute soe pesu -10% ja k\u00f5ik \u00fclej\u00e4\u00e4nud kaubad -5%. \u00a0 \u00a0 Seeniorkaardisoodustusele ei lisandu Looduspere s\u00f5brakaardisoodustused. \u00a0 \u00a0 Kui kliendil on nii Looduspere s\u00f5brakaart kui ka Seeniorkaart, siis on tal v\u00f5imalik valida, kumba sooduskaarti kasutada. Korraga saab kasutada vaid \u00fchte sooduskaarti. Teadmiseks, et Swedbanki Seeniorkaart on maksekaart, mida pank pakub 60-aastastele ja eakamatele&hellip;<\/p>\n","protected":false},"author":11,"featured_media":0,"parent":30103,"menu_order":20,"comment_status":"closed","ping_status":"closed","template":"","meta":{"footnotes":""},"class_list":["post-30105","page","type-page","status-publish","hentry"],"yoast_head":"<!-- This site is optimized with the Yoast SEO plugin v27.5 - https:\/\/yoast.com\/product\/yoast-seo-wordpress\/ -->\n<title>Discount cards - Looduspere Organic Shop<\/title>\n<meta name=\"robots\" content=\"index, follow, max-snippet:-1, max-image-preview:large, max-video-preview:-1\" \/>\n<link rel=\"canonical\" href=\"https:\/\/www.looduspere.ee\/en\/contact\/discount-cards\/\" \/>\n<meta property=\"og:locale\" content=\"en_US\" \/>\n<meta property=\"og:type\" content=\"article\" \/>\n<meta property=\"og:title\" content=\"Discount cards - Looduspere Organic Shop\" \/>\n<meta property=\"og:description\" content=\"Swedbank Seeniorkaart \u00a0 \u00a0 Seeniorkaardiga maksmisel\u00a0Looduspere poodides t\u00e4iskasvanute soe pesu -10% ja k\u00f5ik \u00fclej\u00e4\u00e4nud kaubad -5%. \u00a0 \u00a0 Seeniorkaardisoodustusele ei lisandu Looduspere s\u00f5brakaardisoodustused. \u00a0 \u00a0 Kui kliendil on nii Looduspere s\u00f5brakaart kui ka Seeniorkaart, siis on tal v\u00f5imalik valida, kumba sooduskaarti kasutada. Korraga saab kasutada vaid \u00fchte sooduskaarti. Teadmiseks, et Swedbanki Seeniorkaart on maksekaart, mida pank pakub 60-aastastele ja eakamatele&hellip;\" \/>\n<meta property=\"og:url\" content=\"https:\/\/www.looduspere.ee\/en\/contact\/discount-cards\/\" \/>\n<meta property=\"og:site_name\" content=\"Looduspere Organic Shop\" \/>\n<meta property=\"article:publisher\" content=\"https:\/\/www.facebook.com\/loodusperepood\" \/>\n<meta property=\"article:modified_time\" content=\"2014-08-07T07:12:16+00:00\" \/>\n<meta property=\"og:image\" content=\"https:\/\/www.looduspere.ee\/wp-content\/uploads\/2014\/07\/banner430x180_est.jpg\" \/>\n<meta name=\"twitter:card\" content=\"summary_large_image\" \/>\n<meta name=\"twitter:label1\" content=\"Est. reading time\" \/>\n\t<meta name=\"twitter:data1\" content=\"1 minute\" \/>\n<script type=\"application\/ld+json\" class=\"yoast-schema-graph\">{\"@context\":\"https:\\\/\\\/schema.org\",\"@graph\":[{\"@type\":\"WebPage\",\"@id\":\"https:\\\/\\\/www.looduspere.ee\\\/en\\\/contact\\\/discount-cards\\\/\",\"url\":\"https:\\\/\\\/www.looduspere.ee\\\/en\\\/contact\\\/discount-cards\\\/\",\"name\":\"Discount cards - Looduspere Organic Shop\",\"isPartOf\":{\"@id\":\"https:\\\/\\\/www.looduspere.ee\\\/#website\"},\"primaryImageOfPage\":{\"@id\":\"https:\\\/\\\/www.looduspere.ee\\\/en\\\/contact\\\/discount-cards\\\/#primaryimage\"},\"image\":{\"@id\":\"https:\\\/\\\/www.looduspere.ee\\\/en\\\/contact\\\/discount-cards\\\/#primaryimage\"},\"thumbnailUrl\":\"https:\\\/\\\/www.looduspere.ee\\\/wp-content\\\/uploads\\\/2014\\\/07\\\/banner430x180_est.jpg\",\"datePublished\":\"2014-08-07T07:11:38+00:00\",\"dateModified\":\"2014-08-07T07:12:16+00:00\",\"breadcrumb\":{\"@id\":\"https:\\\/\\\/www.looduspere.ee\\\/en\\\/contact\\\/discount-cards\\\/#breadcrumb\"},\"inLanguage\":\"en-US\",\"potentialAction\":[{\"@type\":\"ReadAction\",\"target\":[\"https:\\\/\\\/www.looduspere.ee\\\/en\\\/contact\\\/discount-cards\\\/\"]}]},{\"@type\":\"ImageObject\",\"inLanguage\":\"en-US\",\"@id\":\"https:\\\/\\\/www.looduspere.ee\\\/en\\\/contact\\\/discount-cards\\\/#primaryimage\",\"url\":\"https:\\\/\\\/www.looduspere.ee\\\/wp-content\\\/uploads\\\/2014\\\/07\\\/banner430x180_est.jpg\",\"contentUrl\":\"https:\\\/\\\/www.looduspere.ee\\\/wp-content\\\/uploads\\\/2014\\\/07\\\/banner430x180_est.jpg\"},{\"@type\":\"BreadcrumbList\",\"@id\":\"https:\\\/\\\/www.looduspere.ee\\\/en\\\/contact\\\/discount-cards\\\/#breadcrumb\",\"itemListElement\":[{\"@type\":\"ListItem\",\"position\":1,\"name\":\"Home\",\"item\":\"https:\\\/\\\/www.looduspere.ee\\\/en\\\/\"},{\"@type\":\"ListItem\",\"position\":2,\"name\":\"Contact\",\"item\":\"https:\\\/\\\/www.looduspere.ee\\\/en\\\/contact\\\/\"},{\"@type\":\"ListItem\",\"position\":3,\"name\":\"Discount cards\"}]},{\"@type\":\"WebSite\",\"@id\":\"https:\\\/\\\/www.looduspere.ee\\\/#website\",\"url\":\"https:\\\/\\\/www.looduspere.ee\\\/\",\"name\":\"Looduspere \u00f6kopood\",\"description\":\"Healthy organic and natural products\",\"publisher\":{\"@id\":\"https:\\\/\\\/www.looduspere.ee\\\/#organization\"},\"alternateName\":\"Looduspere\",\"potentialAction\":[{\"@type\":\"SearchAction\",\"target\":{\"@type\":\"EntryPoint\",\"urlTemplate\":\"https:\\\/\\\/www.looduspere.ee\\\/?s={search_term_string}\"},\"query-input\":{\"@type\":\"PropertyValueSpecification\",\"valueRequired\":true,\"valueName\":\"search_term_string\"}}],\"inLanguage\":\"en-US\"},{\"@type\":\"Organization\",\"@id\":\"https:\\\/\\\/www.looduspere.ee\\\/#organization\",\"name\":\"Looduspere \u00f6kopood\",\"url\":\"https:\\\/\\\/www.looduspere.ee\\\/\",\"logo\":{\"@type\":\"ImageObject\",\"inLanguage\":\"en-US\",\"@id\":\"https:\\\/\\\/www.looduspere.ee\\\/#\\\/schema\\\/logo\\\/image\\\/\",\"url\":\"https:\\\/\\\/www.looduspere.ee\\\/wp-content\\\/uploads\\\/2025\\\/01\\\/340768897_1025251132216623_8613010291235268142_n.jpg\",\"contentUrl\":\"https:\\\/\\\/www.looduspere.ee\\\/wp-content\\\/uploads\\\/2025\\\/01\\\/340768897_1025251132216623_8613010291235268142_n.jpg\",\"width\":1045,\"height\":1045,\"caption\":\"Looduspere \u00f6kopood\"},\"image\":{\"@id\":\"https:\\\/\\\/www.looduspere.ee\\\/#\\\/schema\\\/logo\\\/image\\\/\"},\"sameAs\":[\"https:\\\/\\\/www.facebook.com\\\/loodusperepood\",\"https:\\\/\\\/www.instagram.com\\\/looduspere\\\/\"]}]}<\/script>\n<!-- \/ Yoast SEO plugin. -->","yoast_head_json":{"title":"Discount cards - Looduspere Organic Shop","robots":{"index":"index","follow":"follow","max-snippet":"max-snippet:-1","max-image-preview":"max-image-preview:large","max-video-preview":"max-video-preview:-1"},"canonical":"https:\/\/www.looduspere.ee\/en\/contact\/discount-cards\/","og_locale":"en_US","og_type":"article","og_title":"Discount cards - Looduspere Organic Shop","og_description":"Swedbank Seeniorkaart \u00a0 \u00a0 Seeniorkaardiga maksmisel\u00a0Looduspere poodides t\u00e4iskasvanute soe pesu -10% ja k\u00f5ik \u00fclej\u00e4\u00e4nud kaubad -5%. \u00a0 \u00a0 Seeniorkaardisoodustusele ei lisandu Looduspere s\u00f5brakaardisoodustused. \u00a0 \u00a0 Kui kliendil on nii Looduspere s\u00f5brakaart kui ka Seeniorkaart, siis on tal v\u00f5imalik valida, kumba sooduskaarti kasutada. Korraga saab kasutada vaid \u00fchte sooduskaarti. Teadmiseks, et Swedbanki Seeniorkaart on maksekaart, mida pank pakub 60-aastastele ja eakamatele&hellip;","og_url":"https:\/\/www.looduspere.ee\/en\/contact\/discount-cards\/","og_site_name":"Looduspere Organic Shop","article_publisher":"https:\/\/www.facebook.com\/loodusperepood","article_modified_time":"2014-08-07T07:12:16+00:00","og_image":[{"url":"https:\/\/www.looduspere.ee\/wp-content\/uploads\/2014\/07\/banner430x180_est.jpg","type":"","width":"","height":""}],"twitter_card":"summary_large_image","twitter_misc":{"Est. reading time":"1 minute"},"schema":{"@context":"https:\/\/schema.org","@graph":[{"@type":"WebPage","@id":"https:\/\/www.looduspere.ee\/en\/contact\/discount-cards\/","url":"https:\/\/www.looduspere.ee\/en\/contact\/discount-cards\/","name":"Discount cards - Looduspere Organic Shop","isPartOf":{"@id":"https:\/\/www.looduspere.ee\/#website"},"primaryImageOfPage":{"@id":"https:\/\/www.looduspere.ee\/en\/contact\/discount-cards\/#primaryimage"},"image":{"@id":"https:\/\/www.looduspere.ee\/en\/contact\/discount-cards\/#primaryimage"},"thumbnailUrl":"https:\/\/www.looduspere.ee\/wp-content\/uploads\/2014\/07\/banner430x180_est.jpg","datePublished":"2014-08-07T07:11:38+00:00","dateModified":"2014-08-07T07:12:16+00:00","breadcrumb":{"@id":"https:\/\/www.looduspere.ee\/en\/contact\/discount-cards\/#breadcrumb"},"inLanguage":"en-US","potentialAction":[{"@type":"ReadAction","target":["https:\/\/www.looduspere.ee\/en\/contact\/discount-cards\/"]}]},{"@type":"ImageObject","inLanguage":"en-US","@id":"https:\/\/www.looduspere.ee\/en\/contact\/discount-cards\/#primaryimage","url":"https:\/\/www.looduspere.ee\/wp-content\/uploads\/2014\/07\/banner430x180_est.jpg","contentUrl":"https:\/\/www.looduspere.ee\/wp-content\/uploads\/2014\/07\/banner430x180_est.jpg"},{"@type":"BreadcrumbList","@id":"https:\/\/www.looduspere.ee\/en\/contact\/discount-cards\/#breadcrumb","itemListElement":[{"@type":"ListItem","position":1,"name":"Home","item":"https:\/\/www.looduspere.ee\/en\/"},{"@type":"ListItem","position":2,"name":"Contact","item":"https:\/\/www.looduspere.ee\/en\/contact\/"},{"@type":"ListItem","position":3,"name":"Discount cards"}]},{"@type":"WebSite","@id":"https:\/\/www.looduspere.ee\/#website","url":"https:\/\/www.looduspere.ee\/","name":"Looduspere \u00f6kopood","description":"Healthy organic and natural products","publisher":{"@id":"https:\/\/www.looduspere.ee\/#organization"},"alternateName":"Looduspere","potentialAction":[{"@type":"SearchAction","target":{"@type":"EntryPoint","urlTemplate":"https:\/\/www.looduspere.ee\/?s={search_term_string}"},"query-input":{"@type":"PropertyValueSpecification","valueRequired":true,"valueName":"search_term_string"}}],"inLanguage":"en-US"},{"@type":"Organization","@id":"https:\/\/www.looduspere.ee\/#organization","name":"Looduspere \u00f6kopood","url":"https:\/\/www.looduspere.ee\/","logo":{"@type":"ImageObject","inLanguage":"en-US","@id":"https:\/\/www.looduspere.ee\/#\/schema\/logo\/image\/","url":"https:\/\/www.looduspere.ee\/wp-content\/uploads\/2025\/01\/340768897_1025251132216623_8613010291235268142_n.jpg","contentUrl":"https:\/\/www.looduspere.ee\/wp-content\/uploads\/2025\/01\/340768897_1025251132216623_8613010291235268142_n.jpg","width":1045,"height":1045,"caption":"Looduspere \u00f6kopood"},"image":{"@id":"https:\/\/www.looduspere.ee\/#\/schema\/logo\/image\/"},"sameAs":["https:\/\/www.facebook.com\/loodusperepood","https:\/\/www.instagram.com\/looduspere\/"]}]}},"_links":{"self":[{"href":"https:\/\/www.looduspere.ee\/en\/wp-json\/wp\/v2\/pages\/30105","targetHints":{"allow":["GET"]}}],"collection":[{"href":"https:\/\/www.looduspere.ee\/en\/wp-json\/wp\/v2\/pages"}],"about":[{"href":"https:\/\/www.looduspere.ee\/en\/wp-json\/wp\/v2\/types\/page"}],"author":[{"embeddable":true,"href":"https:\/\/www.looduspere.ee\/en\/wp-json\/wp\/v2\/users\/11"}],"replies":[{"embeddable":true,"href":"https:\/\/www.looduspere.ee\/en\/wp-json\/wp\/v2\/comments?post=30105"}],"version-history":[{"count":0,"href":"https:\/\/www.looduspere.ee\/en\/wp-json\/wp\/v2\/pages\/30105\/revisions"}],"up":[{"embeddable":true,"href":"https:\/\/www.looduspere.ee\/en\/wp-json\/wp\/v2\/pages\/30103"}],"wp:attachment":[{"href":"https:\/\/www.looduspere.ee\/en\/wp-json\/wp\/v2\/media?parent=30105"}],"curies":[{"name":"wp","href":"https:\/\/api.w.org\/{rel}","templated":true}]}}